{"id":5385,"date":"2024-12-10T12:35:27","date_gmt":"2024-12-10T10:35:27","guid":{"rendered":"https:\/\/xocosave.com\/producte\/caixa-de-fruites-del-bosc\/"},"modified":"2024-12-31T10:59:44","modified_gmt":"2024-12-31T08:59:44","slug":"caja-de-frutas-del-bosque","status":"publish","type":"product","link":"https:\/\/xocosave.com\/es\/producte\/caja-de-frutas-del-bosque\/","title":{"rendered":"Caja de frutas del bosque"},"content":{"rendered":"<span class=\"collapseomatic \" id=\"id69e6914362b29\"  tabindex=\"0\" title=\"\"    ><\/span><div id=\"target-id69e6914362b29\" class=\"collapseomatic_content \">\n<p>&nbsp;<\/p>\n<p>En\u00a0Xocosave\u00a0hemos creado una combinaci\u00f3n \u00fanica que har\u00e1 las delicias de los amantes del chocolate y la fruta: nuestra caja de frutas del bosque. Este delicioso surtido combina la intensidad y cremosidad del chocolate de m\u00e1xima calidad con el gusto fresco y ligeramente \u00e1cido de los frutos del bosque, creando un equilibrio perfecto que sorprende a cada bocado.<\/p>\n<p>Elaborada con cuidado y con ingredientes seleccionados, esta caja es ideal para cualquier ocasi\u00f3n especial, desde un regalo elegante hasta un capricho para compartir en momentos importantes. Adem\u00e1s, los frutos del bosque, como por ejemplo frambuesas, ar\u00e1ndanos y moras, aportan un toque natural que combina perfectamente con la dulzura del chocolate.<\/p>\n<p>Ya sea como detalle para sorprender alguien especial o como protagonista de una velada, nuestra caja de frutas del bosque es la manera perfecta de disfrutar de sabores aut\u00e9nticos y exclusivos.<\/p>\n<p>Con su presentaci\u00f3n cuidada y sofisticada, esta caja no solo es un placer para el paladar, sino tambi\u00e9n un regalo que enamora a primera vista.<\/p>\n<p><strong>Ven a <a href=\"https:\/\/xocosave.com\/es\/postres-navidad\/\">Xocosave<\/a><\/strong> y descubre por qu\u00e9 este dulce es una opci\u00f3n deliciosa y original. Lleva la armon\u00eda de sabores dulces y frescos a tus celebraciones con este producto que combina tradici\u00f3n, innovaci\u00f3n y calidad.<\/p>\n<\/div>\n","protected":false},"excerpt":{"rendered":"<p>Descubre nuestra caja de frutas del bosque, una delicia que combina la cremosidad del mejor chocolate con el gusto fresco y ligeramente \u00e1cido de los frutos del bosque como frambuesas, ar\u00e1ndanos y moras.<\/p>\n<p>Perfecta para regalar o para compartir en momentos especiales, esta caja es el equilibrio ideal entre dulzura y frescura. Con una presentaci\u00f3n elegante e ingredientes de m\u00e1xima calidad, es el detalle perfecto para sorprender.<\/p>\n<p><strong>\u00a1Ven a\u00a0Xocosave\u00a0y hazla tuya hoy mismo!<\/strong><\/p>\n","protected":false},"featured_media":5384,"template":"","meta":{"_et_pb_use_builder":"","_et_pb_old_content":"","_et_gb_content_width":""},"product_brand":[],"product_cat":[401],"product_tag":[],"class_list":{"0":"post-5385","1":"product","2":"type-product","3":"status-publish","4":"has-post-thumbnail","6":"product_cat-postres-navidad","8":"first","9":"instock","10":"taxable","11":"shipping-taxable","12":"purchasable","13":"product-type-simple"},"yoast_head":"<!-- This site is optimized with the Yoast SEO plugin v25.9 - https:\/\/yoast.com\/wordpress\/plugins\/seo\/ -->\n<title>Caja de frutas del bosque - Xocosave | Xocolaters Pastissers des de 1880<\/title>\n<meta name=\"description\" content=\"En Xocosave hemos creado una combinaci\u00f3n \u00fanica que har\u00e1 las delicias de los amantes del chocolate y la fruta: nuestra caja de frutas del bosque.\" \/>\n<meta name=\"robots\" content=\"index, follow, max-snippet:-1, max-image-preview:large, max-video-preview:-1\" \/>\n<link rel=\"canonical\" href=\"https:\/\/xocosave.com\/es\/producte\/caja-de-frutas-del-bosque\/\" \/>\n<meta property=\"og:locale\" content=\"es_ES\" \/>\n<meta property=\"og:type\" content=\"article\" \/>\n<meta property=\"og:title\" content=\"Caja de frutas del bosque - Xocosave | Xocolaters Pastissers des de 1880\" \/>\n<meta property=\"og:description\" content=\"En Xocosave hemos creado una combinaci\u00f3n \u00fanica que har\u00e1 las delicias de los amantes del chocolate y la fruta: nuestra caja de frutas del bosque.\" \/>\n<meta property=\"og:url\" content=\"https:\/\/xocosave.com\/es\/producte\/caja-de-frutas-del-bosque\/\" \/>\n<meta property=\"og:site_name\" content=\"Xocosave | Xocolaters Pastissers des de 1880\" \/>\n<meta property=\"article:publisher\" content=\"https:\/\/www.facebook.com\/Xocosave\/\" \/>\n<meta property=\"article:modified_time\" content=\"2024-12-31T08:59:44+00:00\" \/>\n<meta property=\"og:image\" content=\"https:\/\/xocosave.com\/wp-content\/uploads\/2024\/12\/IMG_9688.jpg\" \/>\n\t<meta property=\"og:image:width\" content=\"1500\" \/>\n\t<meta property=\"og:image:height\" content=\"1500\" \/>\n\t<meta property=\"og:image:type\" content=\"image\/jpeg\" \/>\n<meta name=\"twitter:card\" content=\"summary_large_image\" \/>\n<meta name=\"twitter:label1\" content=\"Tiempo de lectura\" \/>\n\t<meta name=\"twitter:data1\" content=\"2 minutos\" \/>\n<script type=\"application\/ld+json\" class=\"yoast-schema-graph\">{\"@context\":\"https:\/\/schema.org\",\"@graph\":[{\"@type\":\"WebPage\",\"@id\":\"https:\/\/xocosave.com\/es\/producte\/caja-de-frutas-del-bosque\/\",\"url\":\"https:\/\/xocosave.com\/es\/producte\/caja-de-frutas-del-bosque\/\",\"name\":\"Caja de frutas del bosque - Xocosave | Xocolaters Pastissers des de 1880\",\"isPartOf\":{\"@id\":\"https:\/\/xocosave.com\/#website\"},\"primaryImageOfPage\":{\"@id\":\"https:\/\/xocosave.com\/es\/producte\/caja-de-frutas-del-bosque\/#primaryimage\"},\"image\":{\"@id\":\"https:\/\/xocosave.com\/es\/producte\/caja-de-frutas-del-bosque\/#primaryimage\"},\"thumbnailUrl\":\"https:\/\/xocosave.com\/wp-content\/uploads\/2024\/12\/IMG_9688.jpg\",\"datePublished\":\"2024-12-10T10:35:27+00:00\",\"dateModified\":\"2024-12-31T08:59:44+00:00\",\"description\":\"En Xocosave hemos creado una combinaci\u00f3n \u00fanica que har\u00e1 las delicias de los amantes del chocolate y la fruta: nuestra caja de frutas del bosque.\",\"breadcrumb\":{\"@id\":\"https:\/\/xocosave.com\/es\/producte\/caja-de-frutas-del-bosque\/#breadcrumb\"},\"inLanguage\":\"es\",\"potentialAction\":[{\"@type\":\"ReadAction\",\"target\":[\"https:\/\/xocosave.com\/es\/producte\/caja-de-frutas-del-bosque\/\"]}]},{\"@type\":\"ImageObject\",\"inLanguage\":\"es\",\"@id\":\"https:\/\/xocosave.com\/es\/producte\/caja-de-frutas-del-bosque\/#primaryimage\",\"url\":\"https:\/\/xocosave.com\/wp-content\/uploads\/2024\/12\/IMG_9688.jpg\",\"contentUrl\":\"https:\/\/xocosave.com\/wp-content\/uploads\/2024\/12\/IMG_9688.jpg\",\"width\":1500,\"height\":1500,\"caption\":\"Caja de frutos del bosque\"},{\"@type\":\"BreadcrumbList\",\"@id\":\"https:\/\/xocosave.com\/es\/producte\/caja-de-frutas-del-bosque\/#breadcrumb\",\"itemListElement\":[{\"@type\":\"ListItem\",\"position\":1,\"name\":\"Productes\",\"item\":\"https:\/\/xocosave.com\/shop\/\"},{\"@type\":\"ListItem\",\"position\":2,\"name\":\"Caja de frutas del bosque\"}]},{\"@type\":\"WebSite\",\"@id\":\"https:\/\/xocosave.com\/#website\",\"url\":\"https:\/\/xocosave.com\/\",\"name\":\"Xocosave | Xocolaters Pastissers des de 1880\",\"description\":\"Millor Panettone artesanal d&#039;Espanya 2020 | Escultors de xocolata | porta al teu paladar la m\u00e9s alta qualitat dol\u00e7os i salats.\",\"publisher\":{\"@id\":\"https:\/\/xocosave.com\/#organization\"},\"alternateName\":\"Xocosave\",\"potentialAction\":[{\"@type\":\"SearchAction\",\"target\":{\"@type\":\"EntryPoint\",\"urlTemplate\":\"https:\/\/xocosave.com\/?s={search_term_string}\"},\"query-input\":{\"@type\":\"PropertyValueSpecification\",\"valueRequired\":true,\"valueName\":\"search_term_string\"}}],\"inLanguage\":\"es\"},{\"@type\":\"Organization\",\"@id\":\"https:\/\/xocosave.com\/#organization\",\"name\":\"Xocosave | Xocolaters Pastissers des de 1880\",\"url\":\"https:\/\/xocosave.com\/\",\"logo\":{\"@type\":\"ImageObject\",\"inLanguage\":\"es\",\"@id\":\"https:\/\/xocosave.com\/#\/schema\/logo\/image\/\",\"url\":\"https:\/\/xocosave.com\/wp-content\/uploads\/2024\/05\/cropped-Recurso-5.png\",\"contentUrl\":\"https:\/\/xocosave.com\/wp-content\/uploads\/2024\/05\/cropped-Recurso-5.png\",\"width\":512,\"height\":512,\"caption\":\"Xocosave | Xocolaters Pastissers des de 1880\"},\"image\":{\"@id\":\"https:\/\/xocosave.com\/#\/schema\/logo\/image\/\"},\"sameAs\":[\"https:\/\/www.facebook.com\/Xocosave\/\",\"https:\/\/www.instagram.com\/xocosave\"]}]}<\/script>\n<!-- \/ Yoast SEO plugin. -->","yoast_head_json":{"title":"Caja de frutas del bosque - Xocosave | Xocolaters Pastissers des de 1880","description":"En Xocosave hemos creado una combinaci\u00f3n \u00fanica que har\u00e1 las delicias de los amantes del chocolate y la fruta: nuestra caja de frutas del bosque.","robots":{"index":"index","follow":"follow","max-snippet":"max-snippet:-1","max-image-preview":"max-image-preview:large","max-video-preview":"max-video-preview:-1"},"canonical":"https:\/\/xocosave.com\/es\/producte\/caja-de-frutas-del-bosque\/","og_locale":"es_ES","og_type":"article","og_title":"Caja de frutas del bosque - Xocosave | Xocolaters Pastissers des de 1880","og_description":"En Xocosave hemos creado una combinaci\u00f3n \u00fanica que har\u00e1 las delicias de los amantes del chocolate y la fruta: nuestra caja de frutas del bosque.","og_url":"https:\/\/xocosave.com\/es\/producte\/caja-de-frutas-del-bosque\/","og_site_name":"Xocosave | Xocolaters Pastissers des de 1880","article_publisher":"https:\/\/www.facebook.com\/Xocosave\/","article_modified_time":"2024-12-31T08:59:44+00:00","og_image":[{"width":1500,"height":1500,"url":"https:\/\/xocosave.com\/wp-content\/uploads\/2024\/12\/IMG_9688.jpg","type":"image\/jpeg"}],"twitter_card":"summary_large_image","twitter_misc":{"Tiempo de lectura":"2 minutos"},"schema":{"@context":"https:\/\/schema.org","@graph":[{"@type":"WebPage","@id":"https:\/\/xocosave.com\/es\/producte\/caja-de-frutas-del-bosque\/","url":"https:\/\/xocosave.com\/es\/producte\/caja-de-frutas-del-bosque\/","name":"Caja de frutas del bosque - Xocosave | Xocolaters Pastissers des de 1880","isPartOf":{"@id":"https:\/\/xocosave.com\/#website"},"primaryImageOfPage":{"@id":"https:\/\/xocosave.com\/es\/producte\/caja-de-frutas-del-bosque\/#primaryimage"},"image":{"@id":"https:\/\/xocosave.com\/es\/producte\/caja-de-frutas-del-bosque\/#primaryimage"},"thumbnailUrl":"https:\/\/xocosave.com\/wp-content\/uploads\/2024\/12\/IMG_9688.jpg","datePublished":"2024-12-10T10:35:27+00:00","dateModified":"2024-12-31T08:59:44+00:00","description":"En Xocosave hemos creado una combinaci\u00f3n \u00fanica que har\u00e1 las delicias de los amantes del chocolate y la fruta: nuestra caja de frutas del bosque.","breadcrumb":{"@id":"https:\/\/xocosave.com\/es\/producte\/caja-de-frutas-del-bosque\/#breadcrumb"},"inLanguage":"es","potentialAction":[{"@type":"ReadAction","target":["https:\/\/xocosave.com\/es\/producte\/caja-de-frutas-del-bosque\/"]}]},{"@type":"ImageObject","inLanguage":"es","@id":"https:\/\/xocosave.com\/es\/producte\/caja-de-frutas-del-bosque\/#primaryimage","url":"https:\/\/xocosave.com\/wp-content\/uploads\/2024\/12\/IMG_9688.jpg","contentUrl":"https:\/\/xocosave.com\/wp-content\/uploads\/2024\/12\/IMG_9688.jpg","width":1500,"height":1500,"caption":"Caja de frutos del bosque"},{"@type":"BreadcrumbList","@id":"https:\/\/xocosave.com\/es\/producte\/caja-de-frutas-del-bosque\/#breadcrumb","itemListElement":[{"@type":"ListItem","position":1,"name":"Productes","item":"https:\/\/xocosave.com\/shop\/"},{"@type":"ListItem","position":2,"name":"Caja de frutas del bosque"}]},{"@type":"WebSite","@id":"https:\/\/xocosave.com\/#website","url":"https:\/\/xocosave.com\/","name":"Xocosave | Xocolaters Pastissers des de 1880","description":"Millor Panettone artesanal d&#039;Espanya 2020 | Escultors de xocolata | porta al teu paladar la m\u00e9s alta qualitat dol\u00e7os i salats.","publisher":{"@id":"https:\/\/xocosave.com\/#organization"},"alternateName":"Xocosave","potentialAction":[{"@type":"SearchAction","target":{"@type":"EntryPoint","urlTemplate":"https:\/\/xocosave.com\/?s={search_term_string}"},"query-input":{"@type":"PropertyValueSpecification","valueRequired":true,"valueName":"search_term_string"}}],"inLanguage":"es"},{"@type":"Organization","@id":"https:\/\/xocosave.com\/#organization","name":"Xocosave | Xocolaters Pastissers des de 1880","url":"https:\/\/xocosave.com\/","logo":{"@type":"ImageObject","inLanguage":"es","@id":"https:\/\/xocosave.com\/#\/schema\/logo\/image\/","url":"https:\/\/xocosave.com\/wp-content\/uploads\/2024\/05\/cropped-Recurso-5.png","contentUrl":"https:\/\/xocosave.com\/wp-content\/uploads\/2024\/05\/cropped-Recurso-5.png","width":512,"height":512,"caption":"Xocosave | Xocolaters Pastissers des de 1880"},"image":{"@id":"https:\/\/xocosave.com\/#\/schema\/logo\/image\/"},"sameAs":["https:\/\/www.facebook.com\/Xocosave\/","https:\/\/www.instagram.com\/xocosave"]}]}},"_links":{"self":[{"href":"https:\/\/xocosave.com\/es\/wp-json\/wp\/v2\/product\/5385","targetHints":{"allow":["GET"]}}],"collection":[{"href":"https:\/\/xocosave.com\/es\/wp-json\/wp\/v2\/product"}],"about":[{"href":"https:\/\/xocosave.com\/es\/wp-json\/wp\/v2\/types\/product"}],"wp:featuredmedia":[{"embeddable":true,"href":"https:\/\/xocosave.com\/es\/wp-json\/wp\/v2\/media\/5384"}],"wp:attachment":[{"href":"https:\/\/xocosave.com\/es\/wp-json\/wp\/v2\/media?parent=5385"}],"wp:term":[{"taxonomy":"product_brand","embeddable":true,"href":"https:\/\/xocosave.com\/es\/wp-json\/wp\/v2\/product_brand?post=5385"},{"taxonomy":"product_cat","embeddable":true,"href":"https:\/\/xocosave.com\/es\/wp-json\/wp\/v2\/product_cat?post=5385"},{"taxonomy":"product_tag","embeddable":true,"href":"https:\/\/xocosave.com\/es\/wp-json\/wp\/v2\/product_tag?post=5385"}],"curies":[{"name":"wp","href":"https:\/\/api.w.org\/{rel}","templated":true}]}}