{"id":5373,"date":"2024-12-10T12:10:19","date_gmt":"2024-12-10T10:10:19","guid":{"rendered":"https:\/\/xocosave.com\/producte\/bola-de-nadal\/"},"modified":"2024-12-10T12:31:20","modified_gmt":"2024-12-10T10:31:20","slug":"bola-de-navidad","status":"publish","type":"product","link":"https:\/\/xocosave.com\/es\/producte\/bola-de-navidad\/","title":{"rendered":"Bola de Navidad"},"content":{"rendered":"<span class=\"collapseomatic \" id=\"id69e6a795a68a1\"  tabindex=\"0\" title=\"\"    ><\/span><div id=\"target-id69e6a795a68a1\" class=\"collapseomatic_content \">\n<p>&nbsp;<\/p>\n<p>En Xocosave, hemos querido capturar la esencia de la Navidad en un pastelito individual \u00fanico: nuestra <strong>Bola\u00a0de Navidad<\/strong>. Con una encantadora forma de bola decorativa navide\u00f1a, este dulce no solo destaca por su aspecto m\u00e1gico, sino tambi\u00e9n por su sabor excepcional, pensado para satisfacer los paladares m\u00e1s exigentes.<\/p>\n<p>Este delicioso pastelilt est\u00e1 elaborado con ingredientes de m\u00e1xima calidad, siguiendo las recetas m\u00e1s cuidadosas de nuestra pasteler\u00eda. Cada detalle est\u00e1 dise\u00f1ado para evocar el esp\u00edritu de la Navidad, desde su textura suave hasta los toques de chocolate y crema que lo acompa\u00f1an. Es ideal para compartir en reuniones familiares, como postres de una cena especial o, incluso, para sorprender alguien con un regalo original y dulce.<\/p>\n<p>La bola de Navidad no solo es un dulce, sino tambi\u00e9n una experiencia visual y gustativa. Es perfecto para decorar tu mesa durante estas fiestas, a\u00f1adiendo un toque festivo que cautivar\u00e1 grandes y peque\u00f1os. Y como que est\u00e1 pensado en formato individual, es muy c\u00f3modo de servir y disfrutar.<\/p>\n<p>Adem\u00e1s, este producto exclusivo de\u00a0Xocosave\u00a0es ideal para aquellos que buscan un dulce navide\u00f1o que una tradici\u00f3n, originalidad y un sabor inolvidable.<\/p>\n<p>No dejes escapar la oportunidad de probar nuestra bola de Navidad y hacer que tus fiestas sean todav\u00eda m\u00e1s especiales. <strong>Ven a\u00a0<a href=\"https:\/\/xocosave.com\/es\/postres-navidad\/\">Xocosave<\/a>\u00a0<\/strong>y descubre por qu\u00e9 este pastelito es la combinaci\u00f3n perfecta entre la magia de la Navidad y la dulzura de la mejor pasteler\u00eda. \u00a1Te esperamos!<\/p>\n<\/div>\n","protected":false},"excerpt":{"rendered":"<p>En Xocosave, hemos creado un pastelito individual que combina la magia de la Navidad con el mejor sabor. Este dulce, con una encantadora forma de bola, est\u00e1 hecho con ingredientes de primera calidad y es perfecto para sorprender tus invitados o regalar un detalle \u00fanico.<\/p>\n<p>Nuestra bola de Navidad es la opci\u00f3n ideal para poner un toque especial a tu mesa festiva. Disfruta de un dise\u00f1o que enamora y de un sabor que te transportar\u00e1 directamente al esp\u00edritu navide\u00f1o.<\/p>\n<p><strong>\u00a1Ven a\u00a0<a href=\"https:\/\/xocosave.com\/es\/postres-navidad\/\">Xocosave\u00a0<\/a>y haz que tu Navidad sea todav\u00eda m\u00e1s dulce!<\/strong><\/p>\n","protected":false},"featured_media":5372,"template":"","meta":{"_et_pb_use_builder":"","_et_pb_old_content":"","_et_gb_content_width":""},"product_brand":[],"product_cat":[401],"product_tag":[],"class_list":{"0":"post-5373","1":"product","2":"type-product","3":"status-publish","4":"has-post-thumbnail","6":"product_cat-postres-navidad","8":"first","9":"instock","10":"taxable","11":"shipping-taxable","12":"purchasable","13":"product-type-simple"},"yoast_head":"<!-- This site is optimized with the Yoast SEO plugin v25.9 - https:\/\/yoast.com\/wordpress\/plugins\/seo\/ -->\n<title>Bola de Navidad - Xocosave | Xocolaters Pastissers des de 1880<\/title>\n<meta name=\"description\" content=\"En Xocosave, hemos querido capturar la esencia de la Navidad con un pastelito individual \u00fanico: nuestra Bola de Navidad, pensada para todos los paladares\" \/>\n<meta name=\"robots\" content=\"index, follow, max-snippet:-1, max-image-preview:large, max-video-preview:-1\" \/>\n<link rel=\"canonical\" href=\"https:\/\/xocosave.com\/es\/producte\/bola-de-navidad\/\" \/>\n<meta property=\"og:locale\" content=\"es_ES\" \/>\n<meta property=\"og:type\" content=\"article\" \/>\n<meta property=\"og:title\" content=\"Bola de Navidad - Xocosave | Xocolaters Pastissers des de 1880\" \/>\n<meta property=\"og:description\" content=\"En Xocosave, hemos querido capturar la esencia de la Navidad con un pastelito individual \u00fanico: nuestra Bola de Navidad, pensada para todos los paladares\" \/>\n<meta property=\"og:url\" content=\"https:\/\/xocosave.com\/es\/producte\/bola-de-navidad\/\" \/>\n<meta property=\"og:site_name\" content=\"Xocosave | Xocolaters Pastissers des de 1880\" \/>\n<meta property=\"article:publisher\" content=\"https:\/\/www.facebook.com\/Xocosave\/\" \/>\n<meta property=\"article:modified_time\" content=\"2024-12-10T10:31:20+00:00\" \/>\n<meta property=\"og:image\" content=\"https:\/\/xocosave.com\/wp-content\/uploads\/2024\/12\/IMG_9640.jpg\" \/>\n\t<meta property=\"og:image:width\" content=\"1500\" \/>\n\t<meta property=\"og:image:height\" content=\"1500\" \/>\n\t<meta property=\"og:image:type\" content=\"image\/jpeg\" \/>\n<meta name=\"twitter:card\" content=\"summary_large_image\" \/>\n<meta name=\"twitter:label1\" content=\"Tiempo de lectura\" \/>\n\t<meta name=\"twitter:data1\" content=\"2 minutos\" \/>\n<script type=\"application\/ld+json\" class=\"yoast-schema-graph\">{\"@context\":\"https:\/\/schema.org\",\"@graph\":[{\"@type\":\"WebPage\",\"@id\":\"https:\/\/xocosave.com\/es\/producte\/bola-de-navidad\/\",\"url\":\"https:\/\/xocosave.com\/es\/producte\/bola-de-navidad\/\",\"name\":\"Bola de Navidad - Xocosave | Xocolaters Pastissers des de 1880\",\"isPartOf\":{\"@id\":\"https:\/\/xocosave.com\/#website\"},\"primaryImageOfPage\":{\"@id\":\"https:\/\/xocosave.com\/es\/producte\/bola-de-navidad\/#primaryimage\"},\"image\":{\"@id\":\"https:\/\/xocosave.com\/es\/producte\/bola-de-navidad\/#primaryimage\"},\"thumbnailUrl\":\"https:\/\/xocosave.com\/wp-content\/uploads\/2024\/12\/IMG_9640.jpg\",\"datePublished\":\"2024-12-10T10:10:19+00:00\",\"dateModified\":\"2024-12-10T10:31:20+00:00\",\"description\":\"En Xocosave, hemos querido capturar la esencia de la Navidad con un pastelito individual \u00fanico: nuestra Bola de Navidad, pensada para todos los paladares\",\"breadcrumb\":{\"@id\":\"https:\/\/xocosave.com\/es\/producte\/bola-de-navidad\/#breadcrumb\"},\"inLanguage\":\"es\",\"potentialAction\":[{\"@type\":\"ReadAction\",\"target\":[\"https:\/\/xocosave.com\/es\/producte\/bola-de-navidad\/\"]}]},{\"@type\":\"ImageObject\",\"inLanguage\":\"es\",\"@id\":\"https:\/\/xocosave.com\/es\/producte\/bola-de-navidad\/#primaryimage\",\"url\":\"https:\/\/xocosave.com\/wp-content\/uploads\/2024\/12\/IMG_9640.jpg\",\"contentUrl\":\"https:\/\/xocosave.com\/wp-content\/uploads\/2024\/12\/IMG_9640.jpg\",\"width\":1500,\"height\":1500,\"caption\":\"Bola de nadal\"},{\"@type\":\"BreadcrumbList\",\"@id\":\"https:\/\/xocosave.com\/es\/producte\/bola-de-navidad\/#breadcrumb\",\"itemListElement\":[{\"@type\":\"ListItem\",\"position\":1,\"name\":\"Productes\",\"item\":\"https:\/\/xocosave.com\/shop\/\"},{\"@type\":\"ListItem\",\"position\":2,\"name\":\"Bola de Navidad\"}]},{\"@type\":\"WebSite\",\"@id\":\"https:\/\/xocosave.com\/#website\",\"url\":\"https:\/\/xocosave.com\/\",\"name\":\"Xocosave | Xocolaters Pastissers des de 1880\",\"description\":\"Millor Panettone artesanal d&#039;Espanya 2020 | Escultors de xocolata | porta al teu paladar la m\u00e9s alta qualitat dol\u00e7os i salats.\",\"publisher\":{\"@id\":\"https:\/\/xocosave.com\/#organization\"},\"alternateName\":\"Xocosave\",\"potentialAction\":[{\"@type\":\"SearchAction\",\"target\":{\"@type\":\"EntryPoint\",\"urlTemplate\":\"https:\/\/xocosave.com\/?s={search_term_string}\"},\"query-input\":{\"@type\":\"PropertyValueSpecification\",\"valueRequired\":true,\"valueName\":\"search_term_string\"}}],\"inLanguage\":\"es\"},{\"@type\":\"Organization\",\"@id\":\"https:\/\/xocosave.com\/#organization\",\"name\":\"Xocosave | Xocolaters Pastissers des de 1880\",\"url\":\"https:\/\/xocosave.com\/\",\"logo\":{\"@type\":\"ImageObject\",\"inLanguage\":\"es\",\"@id\":\"https:\/\/xocosave.com\/#\/schema\/logo\/image\/\",\"url\":\"https:\/\/xocosave.com\/wp-content\/uploads\/2024\/05\/cropped-Recurso-5.png\",\"contentUrl\":\"https:\/\/xocosave.com\/wp-content\/uploads\/2024\/05\/cropped-Recurso-5.png\",\"width\":512,\"height\":512,\"caption\":\"Xocosave | Xocolaters Pastissers des de 1880\"},\"image\":{\"@id\":\"https:\/\/xocosave.com\/#\/schema\/logo\/image\/\"},\"sameAs\":[\"https:\/\/www.facebook.com\/Xocosave\/\",\"https:\/\/www.instagram.com\/xocosave\"]}]}<\/script>\n<!-- \/ Yoast SEO plugin. -->","yoast_head_json":{"title":"Bola de Navidad - Xocosave | Xocolaters Pastissers des de 1880","description":"En Xocosave, hemos querido capturar la esencia de la Navidad con un pastelito individual \u00fanico: nuestra Bola de Navidad, pensada para todos los paladares","robots":{"index":"index","follow":"follow","max-snippet":"max-snippet:-1","max-image-preview":"max-image-preview:large","max-video-preview":"max-video-preview:-1"},"canonical":"https:\/\/xocosave.com\/es\/producte\/bola-de-navidad\/","og_locale":"es_ES","og_type":"article","og_title":"Bola de Navidad - Xocosave | Xocolaters Pastissers des de 1880","og_description":"En Xocosave, hemos querido capturar la esencia de la Navidad con un pastelito individual \u00fanico: nuestra Bola de Navidad, pensada para todos los paladares","og_url":"https:\/\/xocosave.com\/es\/producte\/bola-de-navidad\/","og_site_name":"Xocosave | Xocolaters Pastissers des de 1880","article_publisher":"https:\/\/www.facebook.com\/Xocosave\/","article_modified_time":"2024-12-10T10:31:20+00:00","og_image":[{"width":1500,"height":1500,"url":"https:\/\/xocosave.com\/wp-content\/uploads\/2024\/12\/IMG_9640.jpg","type":"image\/jpeg"}],"twitter_card":"summary_large_image","twitter_misc":{"Tiempo de lectura":"2 minutos"},"schema":{"@context":"https:\/\/schema.org","@graph":[{"@type":"WebPage","@id":"https:\/\/xocosave.com\/es\/producte\/bola-de-navidad\/","url":"https:\/\/xocosave.com\/es\/producte\/bola-de-navidad\/","name":"Bola de Navidad - Xocosave | Xocolaters Pastissers des de 1880","isPartOf":{"@id":"https:\/\/xocosave.com\/#website"},"primaryImageOfPage":{"@id":"https:\/\/xocosave.com\/es\/producte\/bola-de-navidad\/#primaryimage"},"image":{"@id":"https:\/\/xocosave.com\/es\/producte\/bola-de-navidad\/#primaryimage"},"thumbnailUrl":"https:\/\/xocosave.com\/wp-content\/uploads\/2024\/12\/IMG_9640.jpg","datePublished":"2024-12-10T10:10:19+00:00","dateModified":"2024-12-10T10:31:20+00:00","description":"En Xocosave, hemos querido capturar la esencia de la Navidad con un pastelito individual \u00fanico: nuestra Bola de Navidad, pensada para todos los paladares","breadcrumb":{"@id":"https:\/\/xocosave.com\/es\/producte\/bola-de-navidad\/#breadcrumb"},"inLanguage":"es","potentialAction":[{"@type":"ReadAction","target":["https:\/\/xocosave.com\/es\/producte\/bola-de-navidad\/"]}]},{"@type":"ImageObject","inLanguage":"es","@id":"https:\/\/xocosave.com\/es\/producte\/bola-de-navidad\/#primaryimage","url":"https:\/\/xocosave.com\/wp-content\/uploads\/2024\/12\/IMG_9640.jpg","contentUrl":"https:\/\/xocosave.com\/wp-content\/uploads\/2024\/12\/IMG_9640.jpg","width":1500,"height":1500,"caption":"Bola de nadal"},{"@type":"BreadcrumbList","@id":"https:\/\/xocosave.com\/es\/producte\/bola-de-navidad\/#breadcrumb","itemListElement":[{"@type":"ListItem","position":1,"name":"Productes","item":"https:\/\/xocosave.com\/shop\/"},{"@type":"ListItem","position":2,"name":"Bola de Navidad"}]},{"@type":"WebSite","@id":"https:\/\/xocosave.com\/#website","url":"https:\/\/xocosave.com\/","name":"Xocosave | Xocolaters Pastissers des de 1880","description":"Millor Panettone artesanal d&#039;Espanya 2020 | Escultors de xocolata | porta al teu paladar la m\u00e9s alta qualitat dol\u00e7os i salats.","publisher":{"@id":"https:\/\/xocosave.com\/#organization"},"alternateName":"Xocosave","potentialAction":[{"@type":"SearchAction","target":{"@type":"EntryPoint","urlTemplate":"https:\/\/xocosave.com\/?s={search_term_string}"},"query-input":{"@type":"PropertyValueSpecification","valueRequired":true,"valueName":"search_term_string"}}],"inLanguage":"es"},{"@type":"Organization","@id":"https:\/\/xocosave.com\/#organization","name":"Xocosave | Xocolaters Pastissers des de 1880","url":"https:\/\/xocosave.com\/","logo":{"@type":"ImageObject","inLanguage":"es","@id":"https:\/\/xocosave.com\/#\/schema\/logo\/image\/","url":"https:\/\/xocosave.com\/wp-content\/uploads\/2024\/05\/cropped-Recurso-5.png","contentUrl":"https:\/\/xocosave.com\/wp-content\/uploads\/2024\/05\/cropped-Recurso-5.png","width":512,"height":512,"caption":"Xocosave | Xocolaters Pastissers des de 1880"},"image":{"@id":"https:\/\/xocosave.com\/#\/schema\/logo\/image\/"},"sameAs":["https:\/\/www.facebook.com\/Xocosave\/","https:\/\/www.instagram.com\/xocosave"]}]}},"_links":{"self":[{"href":"https:\/\/xocosave.com\/es\/wp-json\/wp\/v2\/product\/5373","targetHints":{"allow":["GET"]}}],"collection":[{"href":"https:\/\/xocosave.com\/es\/wp-json\/wp\/v2\/product"}],"about":[{"href":"https:\/\/xocosave.com\/es\/wp-json\/wp\/v2\/types\/product"}],"wp:featuredmedia":[{"embeddable":true,"href":"https:\/\/xocosave.com\/es\/wp-json\/wp\/v2\/media\/5372"}],"wp:attachment":[{"href":"https:\/\/xocosave.com\/es\/wp-json\/wp\/v2\/media?parent=5373"}],"wp:term":[{"taxonomy":"product_brand","embeddable":true,"href":"https:\/\/xocosave.com\/es\/wp-json\/wp\/v2\/product_brand?post=5373"},{"taxonomy":"product_cat","embeddable":true,"href":"https:\/\/xocosave.com\/es\/wp-json\/wp\/v2\/product_cat?post=5373"},{"taxonomy":"product_tag","embeddable":true,"href":"https:\/\/xocosave.com\/es\/wp-json\/wp\/v2\/product_tag?post=5373"}],"curies":[{"name":"wp","href":"https:\/\/api.w.org\/{rel}","templated":true}]}}