{"id":5354,"date":"2024-12-05T15:33:41","date_gmt":"2024-12-05T13:33:41","guid":{"rendered":"https:\/\/xocosave.com\/producte\/caga-tio\/"},"modified":"2024-12-19T13:55:34","modified_gmt":"2024-12-19T11:55:34","slug":"caga-tio","status":"publish","type":"product","link":"https:\/\/xocosave.com\/es\/producte\/caga-tio\/","title":{"rendered":"Caga Ti\u00f3"},"content":{"rendered":"<span class=\"collapseomatic \" id=\"id69e67a11a9503\"  tabindex=\"0\" title=\"\"    ><\/span><div id=\"target-id69e67a11a9503\" class=\"collapseomatic_content \">\n<p>&nbsp;<\/p>\n<p>En\u00a0<a href=\"https:\/\/xocosave.com\/es\/postres-navidad\/\">Xocosave<\/a> hemos transformado una de las tradiciones m\u00e1s estimadas de la Navidad catalana en un dulce irresistible: nuestro <strong>Caga Ti\u00f3<\/strong> de chocolate.<\/p>\n<p>Con un dise\u00f1o que respeta la imagen cl\u00e1sica de este simp\u00e1tico personaje navide\u00f1o, este dulce combina la magia de las fiestas con el placer del mejor chocolate.<\/p>\n<p>Elaborado con chocolate de m\u00e1xima calidad y acabados perfectos, este dulce es ideal tanto para regalar como para decorar tu mesa de Navidad.<\/p>\n<p>Ya sea en celebraciones familiares o como detalle especial para los m\u00e1s peque\u00f1os de la casa, nuestro Caga Ti\u00f3 de chocolate se convierte en una pieza central que cautiva y sorprende.<\/p>\n<p>As\u00ed mismo, en Xocosave cuidamos cada detalle de nuestro Caga Ti\u00f3: desde su expresi\u00f3n simp\u00e1tica hasta el sabor intenso y suave del chocolate.<\/p>\n<p>Est\u00e1 disponible en diferentes medidas para adaptarse a todas las necesidades y es una opci\u00f3n perfecta para disfrutar o compartir. \u00a1Lleva la esencia de la Navidad catalana a cada bocado!<\/p>\n<p>Sin duda, este dulce de Navidad es una manera \u00fanica de mantener viva la tradici\u00f3n del Caga Ti\u00f3 a la vez que deleitas a tus invitados con un producto original y delicioso. Es ideal para combinar con <a href=\"https:\/\/xocosave.com\/es\/turrones-tienda\/\">otros dulces t\u00edpicos de Navidad<\/a> y poner un toque m\u00e1gico a cualquier celebraci\u00f3n.<\/p>\n<p>Ven a Xocosave y descubre nuestro Caga Ti\u00f3 de chocolate, una creaci\u00f3n que une tradici\u00f3n, calidad y el sabor irresistible del mejor chocolate. \u00a1Celebra la Navidad de una manera \u00fanica y dulce!<\/p>\n<\/div>\n","protected":false},"excerpt":{"rendered":"<p>\u00a1Lleva la magia de la Navidad a casa tuya con nuestro adorable Caga\u00a0Ti\u00f3\u00a0hecho completamente de chocolate! Disponible en dos medidas, es perfecto para sorprender a los m\u00e1s peque\u00f1os o para decorar la mesa festiva con un toque dulce y tradicional.<\/p>\n<p>Con un sabor irresistible y una presentaci\u00f3n que enamora, nuestro Caga\u00a0Ti\u00f3\u00a0es el detalle perfecto para compartir en estas fiestas o para regalar a aquellos que disfrutan de la Navidad con una sonrisa. \u00a1<strong>Disponible en la tienda de\u00a0Xocosave, d\u00e9jate cautivar por la tradici\u00f3n m\u00e1s dulce!<\/strong><\/p>\n","protected":false},"featured_media":5484,"template":"","meta":{"_et_pb_use_builder":"","_et_pb_old_content":"","_et_gb_content_width":""},"product_brand":[],"product_cat":[401],"product_tag":[],"class_list":{"0":"post-5354","1":"product","2":"type-product","3":"status-publish","4":"has-post-thumbnail","6":"product_cat-postres-navidad","8":"first","9":"instock","10":"taxable","11":"shipping-taxable","12":"purchasable","13":"product-type-variable"},"yoast_head":"<!-- This site is optimized with the Yoast SEO plugin v25.9 - https:\/\/yoast.com\/wordpress\/plugins\/seo\/ -->\n<title>Caga Ti\u00f3 - Xocosave | Xocolaters Pastissers des de 1880<\/title>\n<meta name=\"description\" content=\"En\u00a0Xocosave hemos transformado una de las tradiciones m\u00e1s estimadas de la Navidad catalana en un dulce irresistible: nuestro Caga Ti\u00f3 de chocolate.\" \/>\n<meta name=\"robots\" content=\"index, follow, max-snippet:-1, max-image-preview:large, max-video-preview:-1\" \/>\n<link rel=\"canonical\" href=\"https:\/\/xocosave.com\/es\/producte\/caga-tio\/\" \/>\n<meta property=\"og:locale\" content=\"es_ES\" \/>\n<meta property=\"og:type\" content=\"article\" \/>\n<meta property=\"og:title\" content=\"Caga Ti\u00f3 - Xocosave | Xocolaters Pastissers des de 1880\" \/>\n<meta property=\"og:description\" content=\"En\u00a0Xocosave hemos transformado una de las tradiciones m\u00e1s estimadas de la Navidad catalana en un dulce irresistible: nuestro Caga Ti\u00f3 de chocolate.\" \/>\n<meta property=\"og:url\" content=\"https:\/\/xocosave.com\/es\/producte\/caga-tio\/\" \/>\n<meta property=\"og:site_name\" content=\"Xocosave | Xocolaters Pastissers des de 1880\" \/>\n<meta property=\"article:publisher\" content=\"https:\/\/www.facebook.com\/Xocosave\/\" \/>\n<meta property=\"article:modified_time\" content=\"2024-12-19T11:55:34+00:00\" \/>\n<meta property=\"og:image\" content=\"https:\/\/xocosave.com\/wp-content\/uploads\/2024\/12\/IMG_9450.2jpg.jpg\" \/>\n\t<meta property=\"og:image:width\" content=\"1500\" \/>\n\t<meta property=\"og:image:height\" content=\"1500\" \/>\n\t<meta property=\"og:image:type\" content=\"image\/jpeg\" \/>\n<meta name=\"twitter:card\" content=\"summary_large_image\" \/>\n<meta name=\"twitter:label1\" content=\"Tiempo de lectura\" \/>\n\t<meta name=\"twitter:data1\" content=\"2 minutos\" \/>\n<script type=\"application\/ld+json\" class=\"yoast-schema-graph\">{\"@context\":\"https:\/\/schema.org\",\"@graph\":[{\"@type\":\"WebPage\",\"@id\":\"https:\/\/xocosave.com\/es\/producte\/caga-tio\/\",\"url\":\"https:\/\/xocosave.com\/es\/producte\/caga-tio\/\",\"name\":\"Caga Ti\u00f3 - Xocosave | Xocolaters Pastissers des de 1880\",\"isPartOf\":{\"@id\":\"https:\/\/xocosave.com\/#website\"},\"primaryImageOfPage\":{\"@id\":\"https:\/\/xocosave.com\/es\/producte\/caga-tio\/#primaryimage\"},\"image\":{\"@id\":\"https:\/\/xocosave.com\/es\/producte\/caga-tio\/#primaryimage\"},\"thumbnailUrl\":\"https:\/\/xocosave.com\/wp-content\/uploads\/2024\/12\/IMG_9450.2jpg.jpg\",\"datePublished\":\"2024-12-05T13:33:41+00:00\",\"dateModified\":\"2024-12-19T11:55:34+00:00\",\"description\":\"En\u00a0Xocosave hemos transformado una de las tradiciones m\u00e1s estimadas de la Navidad catalana en un dulce irresistible: nuestro Caga Ti\u00f3 de chocolate.\",\"breadcrumb\":{\"@id\":\"https:\/\/xocosave.com\/es\/producte\/caga-tio\/#breadcrumb\"},\"inLanguage\":\"es\",\"potentialAction\":[{\"@type\":\"ReadAction\",\"target\":[\"https:\/\/xocosave.com\/es\/producte\/caga-tio\/\"]}]},{\"@type\":\"ImageObject\",\"inLanguage\":\"es\",\"@id\":\"https:\/\/xocosave.com\/es\/producte\/caga-tio\/#primaryimage\",\"url\":\"https:\/\/xocosave.com\/wp-content\/uploads\/2024\/12\/IMG_9450.2jpg.jpg\",\"contentUrl\":\"https:\/\/xocosave.com\/wp-content\/uploads\/2024\/12\/IMG_9450.2jpg.jpg\",\"width\":1500,\"height\":1500,\"caption\":\"Caga Ti\u00f3\"},{\"@type\":\"BreadcrumbList\",\"@id\":\"https:\/\/xocosave.com\/es\/producte\/caga-tio\/#breadcrumb\",\"itemListElement\":[{\"@type\":\"ListItem\",\"position\":1,\"name\":\"Productes\",\"item\":\"https:\/\/xocosave.com\/shop\/\"},{\"@type\":\"ListItem\",\"position\":2,\"name\":\"Caga Ti\u00f3\"}]},{\"@type\":\"WebSite\",\"@id\":\"https:\/\/xocosave.com\/#website\",\"url\":\"https:\/\/xocosave.com\/\",\"name\":\"Xocosave | Xocolaters Pastissers des de 1880\",\"description\":\"Millor Panettone artesanal d&#039;Espanya 2020 | Escultors de xocolata | porta al teu paladar la m\u00e9s alta qualitat dol\u00e7os i salats.\",\"publisher\":{\"@id\":\"https:\/\/xocosave.com\/#organization\"},\"alternateName\":\"Xocosave\",\"potentialAction\":[{\"@type\":\"SearchAction\",\"target\":{\"@type\":\"EntryPoint\",\"urlTemplate\":\"https:\/\/xocosave.com\/?s={search_term_string}\"},\"query-input\":{\"@type\":\"PropertyValueSpecification\",\"valueRequired\":true,\"valueName\":\"search_term_string\"}}],\"inLanguage\":\"es\"},{\"@type\":\"Organization\",\"@id\":\"https:\/\/xocosave.com\/#organization\",\"name\":\"Xocosave | Xocolaters Pastissers des de 1880\",\"url\":\"https:\/\/xocosave.com\/\",\"logo\":{\"@type\":\"ImageObject\",\"inLanguage\":\"es\",\"@id\":\"https:\/\/xocosave.com\/#\/schema\/logo\/image\/\",\"url\":\"https:\/\/xocosave.com\/wp-content\/uploads\/2024\/05\/cropped-Recurso-5.png\",\"contentUrl\":\"https:\/\/xocosave.com\/wp-content\/uploads\/2024\/05\/cropped-Recurso-5.png\",\"width\":512,\"height\":512,\"caption\":\"Xocosave | Xocolaters Pastissers des de 1880\"},\"image\":{\"@id\":\"https:\/\/xocosave.com\/#\/schema\/logo\/image\/\"},\"sameAs\":[\"https:\/\/www.facebook.com\/Xocosave\/\",\"https:\/\/www.instagram.com\/xocosave\"]}]}<\/script>\n<!-- \/ Yoast SEO plugin. -->","yoast_head_json":{"title":"Caga Ti\u00f3 - Xocosave | Xocolaters Pastissers des de 1880","description":"En\u00a0Xocosave hemos transformado una de las tradiciones m\u00e1s estimadas de la Navidad catalana en un dulce irresistible: nuestro Caga Ti\u00f3 de chocolate.","robots":{"index":"index","follow":"follow","max-snippet":"max-snippet:-1","max-image-preview":"max-image-preview:large","max-video-preview":"max-video-preview:-1"},"canonical":"https:\/\/xocosave.com\/es\/producte\/caga-tio\/","og_locale":"es_ES","og_type":"article","og_title":"Caga Ti\u00f3 - Xocosave | Xocolaters Pastissers des de 1880","og_description":"En\u00a0Xocosave hemos transformado una de las tradiciones m\u00e1s estimadas de la Navidad catalana en un dulce irresistible: nuestro Caga Ti\u00f3 de chocolate.","og_url":"https:\/\/xocosave.com\/es\/producte\/caga-tio\/","og_site_name":"Xocosave | Xocolaters Pastissers des de 1880","article_publisher":"https:\/\/www.facebook.com\/Xocosave\/","article_modified_time":"2024-12-19T11:55:34+00:00","og_image":[{"width":1500,"height":1500,"url":"https:\/\/xocosave.com\/wp-content\/uploads\/2024\/12\/IMG_9450.2jpg.jpg","type":"image\/jpeg"}],"twitter_card":"summary_large_image","twitter_misc":{"Tiempo de lectura":"2 minutos"},"schema":{"@context":"https:\/\/schema.org","@graph":[{"@type":"WebPage","@id":"https:\/\/xocosave.com\/es\/producte\/caga-tio\/","url":"https:\/\/xocosave.com\/es\/producte\/caga-tio\/","name":"Caga Ti\u00f3 - Xocosave | Xocolaters Pastissers des de 1880","isPartOf":{"@id":"https:\/\/xocosave.com\/#website"},"primaryImageOfPage":{"@id":"https:\/\/xocosave.com\/es\/producte\/caga-tio\/#primaryimage"},"image":{"@id":"https:\/\/xocosave.com\/es\/producte\/caga-tio\/#primaryimage"},"thumbnailUrl":"https:\/\/xocosave.com\/wp-content\/uploads\/2024\/12\/IMG_9450.2jpg.jpg","datePublished":"2024-12-05T13:33:41+00:00","dateModified":"2024-12-19T11:55:34+00:00","description":"En\u00a0Xocosave hemos transformado una de las tradiciones m\u00e1s estimadas de la Navidad catalana en un dulce irresistible: nuestro Caga Ti\u00f3 de chocolate.","breadcrumb":{"@id":"https:\/\/xocosave.com\/es\/producte\/caga-tio\/#breadcrumb"},"inLanguage":"es","potentialAction":[{"@type":"ReadAction","target":["https:\/\/xocosave.com\/es\/producte\/caga-tio\/"]}]},{"@type":"ImageObject","inLanguage":"es","@id":"https:\/\/xocosave.com\/es\/producte\/caga-tio\/#primaryimage","url":"https:\/\/xocosave.com\/wp-content\/uploads\/2024\/12\/IMG_9450.2jpg.jpg","contentUrl":"https:\/\/xocosave.com\/wp-content\/uploads\/2024\/12\/IMG_9450.2jpg.jpg","width":1500,"height":1500,"caption":"Caga Ti\u00f3"},{"@type":"BreadcrumbList","@id":"https:\/\/xocosave.com\/es\/producte\/caga-tio\/#breadcrumb","itemListElement":[{"@type":"ListItem","position":1,"name":"Productes","item":"https:\/\/xocosave.com\/shop\/"},{"@type":"ListItem","position":2,"name":"Caga Ti\u00f3"}]},{"@type":"WebSite","@id":"https:\/\/xocosave.com\/#website","url":"https:\/\/xocosave.com\/","name":"Xocosave | Xocolaters Pastissers des de 1880","description":"Millor Panettone artesanal d&#039;Espanya 2020 | Escultors de xocolata | porta al teu paladar la m\u00e9s alta qualitat dol\u00e7os i salats.","publisher":{"@id":"https:\/\/xocosave.com\/#organization"},"alternateName":"Xocosave","potentialAction":[{"@type":"SearchAction","target":{"@type":"EntryPoint","urlTemplate":"https:\/\/xocosave.com\/?s={search_term_string}"},"query-input":{"@type":"PropertyValueSpecification","valueRequired":true,"valueName":"search_term_string"}}],"inLanguage":"es"},{"@type":"Organization","@id":"https:\/\/xocosave.com\/#organization","name":"Xocosave | Xocolaters Pastissers des de 1880","url":"https:\/\/xocosave.com\/","logo":{"@type":"ImageObject","inLanguage":"es","@id":"https:\/\/xocosave.com\/#\/schema\/logo\/image\/","url":"https:\/\/xocosave.com\/wp-content\/uploads\/2024\/05\/cropped-Recurso-5.png","contentUrl":"https:\/\/xocosave.com\/wp-content\/uploads\/2024\/05\/cropped-Recurso-5.png","width":512,"height":512,"caption":"Xocosave | Xocolaters Pastissers des de 1880"},"image":{"@id":"https:\/\/xocosave.com\/#\/schema\/logo\/image\/"},"sameAs":["https:\/\/www.facebook.com\/Xocosave\/","https:\/\/www.instagram.com\/xocosave"]}]}},"_links":{"self":[{"href":"https:\/\/xocosave.com\/es\/wp-json\/wp\/v2\/product\/5354","targetHints":{"allow":["GET"]}}],"collection":[{"href":"https:\/\/xocosave.com\/es\/wp-json\/wp\/v2\/product"}],"about":[{"href":"https:\/\/xocosave.com\/es\/wp-json\/wp\/v2\/types\/product"}],"wp:featuredmedia":[{"embeddable":true,"href":"https:\/\/xocosave.com\/es\/wp-json\/wp\/v2\/media\/5484"}],"wp:attachment":[{"href":"https:\/\/xocosave.com\/es\/wp-json\/wp\/v2\/media?parent=5354"}],"wp:term":[{"taxonomy":"product_brand","embeddable":true,"href":"https:\/\/xocosave.com\/es\/wp-json\/wp\/v2\/product_brand?post=5354"},{"taxonomy":"product_cat","embeddable":true,"href":"https:\/\/xocosave.com\/es\/wp-json\/wp\/v2\/product_cat?post=5354"},{"taxonomy":"product_tag","embeddable":true,"href":"https:\/\/xocosave.com\/es\/wp-json\/wp\/v2\/product_tag?post=5354"}],"curies":[{"name":"wp","href":"https:\/\/api.w.org\/{rel}","templated":true}]}}