{"id":5352,"date":"2024-12-10T11:05:23","date_gmt":"2024-12-10T09:05:23","guid":{"rendered":"https:\/\/xocosave.com\/producte\/panettone-amb-licor-darros-petonet\/"},"modified":"2025-03-04T12:28:20","modified_gmt":"2025-03-04T10:28:20","slug":"panettone-con-licor-de-arroz-petonet","status":"publish","type":"product","link":"https:\/\/xocosave.com\/es\/producte\/panettone-con-licor-de-arroz-petonet\/","title":{"rendered":"Panettone con Licor de arroz Petonet"},"content":{"rendered":"<span class=\"collapseomatic \" id=\"id69e8bc7a651e1\"  tabindex=\"0\" title=\"\"    ><\/span><div id=\"target-id69e8bc7a651e1\" class=\"collapseomatic_content \">\n<p>&nbsp;<\/p>\n<p>Nuestro panettone con licor de arroz petonet es una delicia irresistible para los amantes del cacao. Con su masa suave y esponjosa con cacao, este panettone est\u00e1 cargado con una generosa cantidad de trozos de chocolate con leche. La opci\u00f3n perfecta para esas personas chocolateras.<\/p>\n<p>El panettone, un cl\u00e1sico de la gastronom\u00eda italiana, llega a un nuevo nivel de delicia con nuestra versi\u00f3n de licor de arroz. La suavidad de la masa es el tel\u00f3n de fondo perfecto para la intensidad del chocolate que impregna cada trozo. Cada mordisco es una explosi\u00f3n de sabores, con trozos de chocolate negro y con leche que se deshacen delicadamente en la boca, ofreciendo una experiencia que cautiva todos los sentidos.<\/p>\n<p>Para los amantes del cacao, este panettone especial es una verdadera tentaci\u00f3n. Los trozos de chocolate, distribuidos de manera uniforme por toda la masa, garantizan que cada rebanada est\u00e9 llena de sabor y textura. Sea para desayunar, como postre o simplemente para un capricho dulce, este panettone es la elecci\u00f3n perfecta para todos los aficionados al chocolate.<\/p>\n<p>Su presentaci\u00f3n elegante lo convierte en un regalo ideal para aquellos que valoran las delicias gastron\u00f3micas. Ya sea que lo compartas con tu familia y amigos o lo disfrutes en solitario, nuestro panettone de licor de arroz en una experiencia que te dejar\u00e1 con ganas de m\u00e1s.<\/p>\n<p>As\u00ed que no esperes m\u00e1s. Del\u00e9itate con la irresistibilidad de nuestro panettone especial con licor de arroz petonet y deja que su exquisitez te transporte a un mundo de placer y satisfacci\u00f3n.<br \/>\n<\/div>\n","protected":false},"excerpt":{"rendered":"<p>El panettone de Xocosave con\u00a0<a href=\"https:\/\/elpetonet.cat\/collections\/all\">licor de arroz Petonet<\/a> de 500 g es una aut\u00e9ntica delicia artesanal.\u00a0 Elaborado con ingredientes de primera calidad, combina la dulzura y la textura esponjosa del panettone con el toque \u00fanico y elegante del licor. Cada mos es un viaje al sabor tradicional con un giro innovador. \u00a1Perfecto para sorprender estas fiestas!<\/p>\n<p>El tiempo de espera se tiene que calcular a partir del d\u00eda de salida del\u00a0panettone\u00a0desde el obrador. A partir de este d\u00eda, lo\u00a0panettone\u00a0llegar\u00e1 al domicilio en cuesti\u00f3n de\u00a024h\/*48h\u00a0despu\u00e9s.<\/p>\n<p>Ponemos a tu disposici\u00f3n los nuestros\u00a0panettones\u00a0en dos formatos, para que elijas el que m\u00e1s se adapta a t\u00fa: formato peque\u00f1o de 500 gramos y el grande de 1 kg.<\/p>\n<p>&nbsp;<\/p>\n<div class='et-box et-warning'>\n\t\t\t\t\t<div class='et-box-content'>Actualmente para hacer un pedido de panettone, ten\u00e9is que rellenar el siguiente formulario<\/div><\/div>\n<p>&nbsp;<\/p>\n<p class=\"wpcf7-contact-form-not-found\"><strong>Error:<\/strong> Formulario de contacto no encontrado.<\/p>\n","protected":false},"featured_media":1570,"template":"","meta":{"_et_pb_use_builder":"","_et_pb_old_content":"","_et_gb_content_width":""},"product_brand":[],"product_cat":[280,281],"product_tag":[],"class_list":{"0":"post-5352","1":"product","2":"type-product","3":"status-publish","4":"has-post-thumbnail","6":"product_cat-panettone-es","7":"product_cat-panettones-especials-es","9":"first","10":"outofstock","11":"taxable","12":"shipping-taxable","13":"purchasable","14":"product-type-simple"},"yoast_head":"<!-- This site is optimized with the Yoast SEO plugin v25.9 - https:\/\/yoast.com\/wordpress\/plugins\/seo\/ -->\n<title>Panettone con Licor de arroz Petonet - Xocosave | Xocolaters Pastissers des de 1880<\/title>\n<meta name=\"description\" content=\"El panettone con Licor de arroz petonet de Xocosave es una aut\u00e9ntica del\u00edcia artesanal.\u00a0Elaborado con ingredientes de primera calidad.\" \/>\n<meta name=\"robots\" content=\"index, follow, max-snippet:-1, max-image-preview:large, max-video-preview:-1\" \/>\n<link rel=\"canonical\" href=\"https:\/\/xocosave.com\/es\/producte\/panettone-con-licor-de-arroz-petonet\/\" \/>\n<meta property=\"og:locale\" content=\"es_ES\" \/>\n<meta property=\"og:type\" content=\"article\" \/>\n<meta property=\"og:title\" content=\"Panettone con Licor de arroz Petonet - Xocosave | Xocolaters Pastissers des de 1880\" \/>\n<meta property=\"og:description\" content=\"El panettone con Licor de arroz petonet de Xocosave es una aut\u00e9ntica del\u00edcia artesanal.\u00a0Elaborado con ingredientes de primera calidad.\" \/>\n<meta property=\"og:url\" content=\"https:\/\/xocosave.com\/es\/producte\/panettone-con-licor-de-arroz-petonet\/\" \/>\n<meta property=\"og:site_name\" content=\"Xocosave | Xocolaters Pastissers des de 1880\" \/>\n<meta property=\"article:publisher\" content=\"https:\/\/www.facebook.com\/Xocosave\/\" \/>\n<meta property=\"article:modified_time\" content=\"2025-03-04T10:28:20+00:00\" \/>\n<meta property=\"og:image\" content=\"https:\/\/xocosave.com\/wp-content\/uploads\/2021\/11\/Panettones_g_o_classic.jpg\" \/>\n\t<meta property=\"og:image:width\" content=\"1500\" \/>\n\t<meta property=\"og:image:height\" content=\"1500\" \/>\n\t<meta property=\"og:image:type\" content=\"image\/jpeg\" \/>\n<meta name=\"twitter:card\" content=\"summary_large_image\" \/>\n<meta name=\"twitter:label1\" content=\"Tiempo de lectura\" \/>\n\t<meta name=\"twitter:data1\" content=\"2 minutos\" \/>\n<script type=\"application\/ld+json\" class=\"yoast-schema-graph\">{\"@context\":\"https:\/\/schema.org\",\"@graph\":[{\"@type\":\"WebPage\",\"@id\":\"https:\/\/xocosave.com\/es\/producte\/panettone-con-licor-de-arroz-petonet\/\",\"url\":\"https:\/\/xocosave.com\/es\/producte\/panettone-con-licor-de-arroz-petonet\/\",\"name\":\"Panettone con Licor de arroz Petonet - Xocosave | Xocolaters Pastissers des de 1880\",\"isPartOf\":{\"@id\":\"https:\/\/xocosave.com\/#website\"},\"primaryImageOfPage\":{\"@id\":\"https:\/\/xocosave.com\/es\/producte\/panettone-con-licor-de-arroz-petonet\/#primaryimage\"},\"image\":{\"@id\":\"https:\/\/xocosave.com\/es\/producte\/panettone-con-licor-de-arroz-petonet\/#primaryimage\"},\"thumbnailUrl\":\"https:\/\/xocosave.com\/wp-content\/uploads\/2021\/11\/Panettones_g_o_classic.jpg\",\"datePublished\":\"2024-12-10T09:05:23+00:00\",\"dateModified\":\"2025-03-04T10:28:20+00:00\",\"description\":\"El panettone con Licor de arroz petonet de Xocosave es una aut\u00e9ntica del\u00edcia artesanal.\u00a0Elaborado con ingredientes de primera calidad.\",\"breadcrumb\":{\"@id\":\"https:\/\/xocosave.com\/es\/producte\/panettone-con-licor-de-arroz-petonet\/#breadcrumb\"},\"inLanguage\":\"es\",\"potentialAction\":[{\"@type\":\"ReadAction\",\"target\":[\"https:\/\/xocosave.com\/es\/producte\/panettone-con-licor-de-arroz-petonet\/\"]}]},{\"@type\":\"ImageObject\",\"inLanguage\":\"es\",\"@id\":\"https:\/\/xocosave.com\/es\/producte\/panettone-con-licor-de-arroz-petonet\/#primaryimage\",\"url\":\"https:\/\/xocosave.com\/wp-content\/uploads\/2021\/11\/Panettones_g_o_classic.jpg\",\"contentUrl\":\"https:\/\/xocosave.com\/wp-content\/uploads\/2021\/11\/Panettones_g_o_classic.jpg\",\"width\":1500,\"height\":1500},{\"@type\":\"BreadcrumbList\",\"@id\":\"https:\/\/xocosave.com\/es\/producte\/panettone-con-licor-de-arroz-petonet\/#breadcrumb\",\"itemListElement\":[{\"@type\":\"ListItem\",\"position\":1,\"name\":\"Productes\",\"item\":\"https:\/\/xocosave.com\/shop\/\"},{\"@type\":\"ListItem\",\"position\":2,\"name\":\"Panettone con Licor de arroz Petonet\"}]},{\"@type\":\"WebSite\",\"@id\":\"https:\/\/xocosave.com\/#website\",\"url\":\"https:\/\/xocosave.com\/\",\"name\":\"Xocosave | Xocolaters Pastissers des de 1880\",\"description\":\"Millor Panettone artesanal d&#039;Espanya 2020 | Escultors de xocolata | porta al teu paladar la m\u00e9s alta qualitat dol\u00e7os i salats.\",\"publisher\":{\"@id\":\"https:\/\/xocosave.com\/#organization\"},\"alternateName\":\"Xocosave\",\"potentialAction\":[{\"@type\":\"SearchAction\",\"target\":{\"@type\":\"EntryPoint\",\"urlTemplate\":\"https:\/\/xocosave.com\/?s={search_term_string}\"},\"query-input\":{\"@type\":\"PropertyValueSpecification\",\"valueRequired\":true,\"valueName\":\"search_term_string\"}}],\"inLanguage\":\"es\"},{\"@type\":\"Organization\",\"@id\":\"https:\/\/xocosave.com\/#organization\",\"name\":\"Xocosave | Xocolaters Pastissers des de 1880\",\"url\":\"https:\/\/xocosave.com\/\",\"logo\":{\"@type\":\"ImageObject\",\"inLanguage\":\"es\",\"@id\":\"https:\/\/xocosave.com\/#\/schema\/logo\/image\/\",\"url\":\"https:\/\/xocosave.com\/wp-content\/uploads\/2024\/05\/cropped-Recurso-5.png\",\"contentUrl\":\"https:\/\/xocosave.com\/wp-content\/uploads\/2024\/05\/cropped-Recurso-5.png\",\"width\":512,\"height\":512,\"caption\":\"Xocosave | Xocolaters Pastissers des de 1880\"},\"image\":{\"@id\":\"https:\/\/xocosave.com\/#\/schema\/logo\/image\/\"},\"sameAs\":[\"https:\/\/www.facebook.com\/Xocosave\/\",\"https:\/\/www.instagram.com\/xocosave\"]}]}<\/script>\n<!-- \/ Yoast SEO plugin. -->","yoast_head_json":{"title":"Panettone con Licor de arroz Petonet - Xocosave | Xocolaters Pastissers des de 1880","description":"El panettone con Licor de arroz petonet de Xocosave es una aut\u00e9ntica del\u00edcia artesanal.\u00a0Elaborado con ingredientes de primera calidad.","robots":{"index":"index","follow":"follow","max-snippet":"max-snippet:-1","max-image-preview":"max-image-preview:large","max-video-preview":"max-video-preview:-1"},"canonical":"https:\/\/xocosave.com\/es\/producte\/panettone-con-licor-de-arroz-petonet\/","og_locale":"es_ES","og_type":"article","og_title":"Panettone con Licor de arroz Petonet - Xocosave | Xocolaters Pastissers des de 1880","og_description":"El panettone con Licor de arroz petonet de Xocosave es una aut\u00e9ntica del\u00edcia artesanal.\u00a0Elaborado con ingredientes de primera calidad.","og_url":"https:\/\/xocosave.com\/es\/producte\/panettone-con-licor-de-arroz-petonet\/","og_site_name":"Xocosave | Xocolaters Pastissers des de 1880","article_publisher":"https:\/\/www.facebook.com\/Xocosave\/","article_modified_time":"2025-03-04T10:28:20+00:00","og_image":[{"width":1500,"height":1500,"url":"https:\/\/xocosave.com\/wp-content\/uploads\/2021\/11\/Panettones_g_o_classic.jpg","type":"image\/jpeg"}],"twitter_card":"summary_large_image","twitter_misc":{"Tiempo de lectura":"2 minutos"},"schema":{"@context":"https:\/\/schema.org","@graph":[{"@type":"WebPage","@id":"https:\/\/xocosave.com\/es\/producte\/panettone-con-licor-de-arroz-petonet\/","url":"https:\/\/xocosave.com\/es\/producte\/panettone-con-licor-de-arroz-petonet\/","name":"Panettone con Licor de arroz Petonet - Xocosave | Xocolaters Pastissers des de 1880","isPartOf":{"@id":"https:\/\/xocosave.com\/#website"},"primaryImageOfPage":{"@id":"https:\/\/xocosave.com\/es\/producte\/panettone-con-licor-de-arroz-petonet\/#primaryimage"},"image":{"@id":"https:\/\/xocosave.com\/es\/producte\/panettone-con-licor-de-arroz-petonet\/#primaryimage"},"thumbnailUrl":"https:\/\/xocosave.com\/wp-content\/uploads\/2021\/11\/Panettones_g_o_classic.jpg","datePublished":"2024-12-10T09:05:23+00:00","dateModified":"2025-03-04T10:28:20+00:00","description":"El panettone con Licor de arroz petonet de Xocosave es una aut\u00e9ntica del\u00edcia artesanal.\u00a0Elaborado con ingredientes de primera calidad.","breadcrumb":{"@id":"https:\/\/xocosave.com\/es\/producte\/panettone-con-licor-de-arroz-petonet\/#breadcrumb"},"inLanguage":"es","potentialAction":[{"@type":"ReadAction","target":["https:\/\/xocosave.com\/es\/producte\/panettone-con-licor-de-arroz-petonet\/"]}]},{"@type":"ImageObject","inLanguage":"es","@id":"https:\/\/xocosave.com\/es\/producte\/panettone-con-licor-de-arroz-petonet\/#primaryimage","url":"https:\/\/xocosave.com\/wp-content\/uploads\/2021\/11\/Panettones_g_o_classic.jpg","contentUrl":"https:\/\/xocosave.com\/wp-content\/uploads\/2021\/11\/Panettones_g_o_classic.jpg","width":1500,"height":1500},{"@type":"BreadcrumbList","@id":"https:\/\/xocosave.com\/es\/producte\/panettone-con-licor-de-arroz-petonet\/#breadcrumb","itemListElement":[{"@type":"ListItem","position":1,"name":"Productes","item":"https:\/\/xocosave.com\/shop\/"},{"@type":"ListItem","position":2,"name":"Panettone con Licor de arroz Petonet"}]},{"@type":"WebSite","@id":"https:\/\/xocosave.com\/#website","url":"https:\/\/xocosave.com\/","name":"Xocosave | Xocolaters Pastissers des de 1880","description":"Millor Panettone artesanal d&#039;Espanya 2020 | Escultors de xocolata | porta al teu paladar la m\u00e9s alta qualitat dol\u00e7os i salats.","publisher":{"@id":"https:\/\/xocosave.com\/#organization"},"alternateName":"Xocosave","potentialAction":[{"@type":"SearchAction","target":{"@type":"EntryPoint","urlTemplate":"https:\/\/xocosave.com\/?s={search_term_string}"},"query-input":{"@type":"PropertyValueSpecification","valueRequired":true,"valueName":"search_term_string"}}],"inLanguage":"es"},{"@type":"Organization","@id":"https:\/\/xocosave.com\/#organization","name":"Xocosave | Xocolaters Pastissers des de 1880","url":"https:\/\/xocosave.com\/","logo":{"@type":"ImageObject","inLanguage":"es","@id":"https:\/\/xocosave.com\/#\/schema\/logo\/image\/","url":"https:\/\/xocosave.com\/wp-content\/uploads\/2024\/05\/cropped-Recurso-5.png","contentUrl":"https:\/\/xocosave.com\/wp-content\/uploads\/2024\/05\/cropped-Recurso-5.png","width":512,"height":512,"caption":"Xocosave | Xocolaters Pastissers des de 1880"},"image":{"@id":"https:\/\/xocosave.com\/#\/schema\/logo\/image\/"},"sameAs":["https:\/\/www.facebook.com\/Xocosave\/","https:\/\/www.instagram.com\/xocosave"]}]}},"_links":{"self":[{"href":"https:\/\/xocosave.com\/es\/wp-json\/wp\/v2\/product\/5352","targetHints":{"allow":["GET"]}}],"collection":[{"href":"https:\/\/xocosave.com\/es\/wp-json\/wp\/v2\/product"}],"about":[{"href":"https:\/\/xocosave.com\/es\/wp-json\/wp\/v2\/types\/product"}],"wp:featuredmedia":[{"embeddable":true,"href":"https:\/\/xocosave.com\/es\/wp-json\/wp\/v2\/media\/1570"}],"wp:attachment":[{"href":"https:\/\/xocosave.com\/es\/wp-json\/wp\/v2\/media?parent=5352"}],"wp:term":[{"taxonomy":"product_brand","embeddable":true,"href":"https:\/\/xocosave.com\/es\/wp-json\/wp\/v2\/product_brand?post=5352"},{"taxonomy":"product_cat","embeddable":true,"href":"https:\/\/xocosave.com\/es\/wp-json\/wp\/v2\/product_cat?post=5352"},{"taxonomy":"product_tag","embeddable":true,"href":"https:\/\/xocosave.com\/es\/wp-json\/wp\/v2\/product_tag?post=5352"}],"curies":[{"name":"wp","href":"https:\/\/api.w.org\/{rel}","templated":true}]}}