{"id":5315,"date":"2024-12-09T11:45:04","date_gmt":"2024-12-09T09:45:04","guid":{"rendered":"https:\/\/xocosave.com\/producte\/torro-artesa-xixona-fi\/"},"modified":"2024-12-31T12:11:09","modified_gmt":"2024-12-31T10:11:09","slug":"turron-artesano-jijona-fino","status":"publish","type":"product","link":"https:\/\/xocosave.com\/es\/producte\/turron-artesano-jijona-fino\/","title":{"rendered":"Turr\u00f3n artesano Jijona fino"},"content":{"rendered":"<span class=\"collapseomatic \" id=\"id69e313a225fff\"  tabindex=\"0\" title=\"\"    ><\/span><div id=\"target-id69e313a225fff\" class=\"collapseomatic_content \">\n<p>&nbsp;<\/p>\n<p>Los <strong>turrones artesanales<\/strong> son, sin duda, un s\u00edmbolo inconfundible de las fiestas de Navidad. Este dulce no solo deleita el paladar, sino que adem\u00e1s trae consigo recuerdos, tradiciones y momentos especiales compartidos alrededor de la mesa a\u00f1o tras a\u00f1o.<\/p>\n<p>Por otra parte, cabe destacar que sus or\u00edgenes se remontan a la \u00e9poca \u00e1rabe, lo que nos habla de una historia rica y fascinante. A lo largo de los siglos, esta delicia ha ido evolucionando, todo y que nunca ha perdido su esencia: el equilibrio perfecto entre ingredientes naturales y una elaboraci\u00f3n cuidadosa que garantiza un sabor inigualable.<\/p>\n<p><a href=\"https:\/\/xocosave.com\/es\/tienda\/\"><strong>En Xocosave,<\/strong><\/a> encontrar\u00e1s turrones artesanales creados con dedicaci\u00f3n y un profundo respeto por las recetas tradicionales. De hecho, cada pieza es una verdadera obra de arte, resultado de la pasi\u00f3n y el saber hacer de los maestros artesanos. Adem\u00e1s, solo utilizamos materias primas de m\u00e1xima calidad, para que cada mordisco sea un reflejo de su autenticidad y de su sabor excepcional.<\/p>\n<p>Por supuesto, el turr\u00f3n no solo es un dulce: es toda una experiencia. As\u00ed, desde la textura \u00fanica hasta el aroma cautivador que desprende, cada detalle est\u00e1 pensado para hacerte disfrutar al m\u00e1ximo. Adem\u00e1s, los turrones artesanales tienen un valor a\u00f1adido que los hace todav\u00eda m\u00e1s especiales: cada lote es \u00fanico, fruto de un proceso manual que garantiza la m\u00e1xima cura en cada paso de su elaboraci\u00f3n.<\/p>\n<p>En definitiva, comprar turrones artesanales es mucho m\u00e1s que adquirir un producto; es apostar por la calidad, por el respeto a la tradici\u00f3n y por mantener viva una parte importante de nuestra cultura gastron\u00f3mica.<\/p>\n<p><strong>Ven a Xocosave<\/strong> y deja que la magia de los turrones artesanales haga brillar tu Navidad. \u00a1Desc\u00fabrelos, comp\u00e1rtelos y celebra las fiestas con lo mejor de nuestra tradici\u00f3n!<\/p>\n<\/div>\n","protected":false},"excerpt":{"rendered":"<p>Disfruta de nuestro<strong> turr\u00f3n artesano Jijona fino en tres formatos de 200 gramos, 300 gramos y 500 gramos<\/strong>, una aut\u00e9ntica joya de la tradici\u00f3n navide\u00f1a. Elaborado con ingredientes de primera calidad, las almendras y la miel te proporcionar\u00e1n una textura suave y un exquisito sabor. Hecho a mano con pasi\u00f3n y cuidado para garantizar una experiencia \u00fanica en cada mordisco. \u00a1Perfecto para sorprender a tus invitados o regalar dulzura estas fiestas!<\/p>\n","protected":false},"featured_media":5404,"template":"","meta":{"_et_pb_use_builder":"","_et_pb_old_content":"","_et_gb_content_width":""},"product_brand":[],"product_cat":[399],"product_tag":[],"class_list":{"0":"post-5315","1":"product","2":"type-product","3":"status-publish","4":"has-post-thumbnail","6":"product_cat-turrones","8":"first","9":"outofstock","10":"taxable","11":"shipping-taxable","12":"purchasable","13":"product-type-variable"},"yoast_head":"<!-- This site is optimized with the Yoast SEO plugin v25.9 - https:\/\/yoast.com\/wordpress\/plugins\/seo\/ -->\n<title>Turr\u00f3n artesano Jijona fino - Xocosave | Xocolaters Pastissers des de 1880<\/title>\n<meta name=\"description\" content=\"El turr\u00f3n artesano Jijona fino est\u00e1 elaborado con ingredientes de calidad y pasi\u00f3n artesanal que no te dejar\u00e1 indiferente esta Navidad\" \/>\n<meta name=\"robots\" content=\"index, follow, max-snippet:-1, max-image-preview:large, max-video-preview:-1\" \/>\n<link rel=\"canonical\" href=\"https:\/\/xocosave.com\/es\/producte\/turron-artesano-jijona-fino\/\" \/>\n<meta property=\"og:locale\" content=\"es_ES\" \/>\n<meta property=\"og:type\" content=\"article\" \/>\n<meta property=\"og:title\" content=\"Turr\u00f3n artesano Jijona fino - Xocosave | Xocolaters Pastissers des de 1880\" \/>\n<meta property=\"og:description\" content=\"El turr\u00f3n artesano Jijona fino est\u00e1 elaborado con ingredientes de calidad y pasi\u00f3n artesanal que no te dejar\u00e1 indiferente esta Navidad\" \/>\n<meta property=\"og:url\" content=\"https:\/\/xocosave.com\/es\/producte\/turron-artesano-jijona-fino\/\" \/>\n<meta property=\"og:site_name\" content=\"Xocosave | Xocolaters Pastissers des de 1880\" \/>\n<meta property=\"article:publisher\" content=\"https:\/\/www.facebook.com\/Xocosave\/\" \/>\n<meta property=\"article:modified_time\" content=\"2024-12-31T10:11:09+00:00\" \/>\n<meta property=\"og:image\" content=\"https:\/\/xocosave.com\/wp-content\/uploads\/2024\/12\/IMG_9390.2.jpg\" \/>\n\t<meta property=\"og:image:width\" content=\"1500\" \/>\n\t<meta property=\"og:image:height\" content=\"1500\" \/>\n\t<meta property=\"og:image:type\" content=\"image\/jpeg\" \/>\n<meta name=\"twitter:card\" content=\"summary_large_image\" \/>\n<meta name=\"twitter:label1\" content=\"Tiempo de lectura\" \/>\n\t<meta name=\"twitter:data1\" content=\"2 minutos\" \/>\n<script type=\"application\/ld+json\" class=\"yoast-schema-graph\">{\"@context\":\"https:\/\/schema.org\",\"@graph\":[{\"@type\":\"WebPage\",\"@id\":\"https:\/\/xocosave.com\/es\/producte\/turron-artesano-jijona-fino\/\",\"url\":\"https:\/\/xocosave.com\/es\/producte\/turron-artesano-jijona-fino\/\",\"name\":\"Turr\u00f3n artesano Jijona fino - Xocosave | Xocolaters Pastissers des de 1880\",\"isPartOf\":{\"@id\":\"https:\/\/xocosave.com\/#website\"},\"primaryImageOfPage\":{\"@id\":\"https:\/\/xocosave.com\/es\/producte\/turron-artesano-jijona-fino\/#primaryimage\"},\"image\":{\"@id\":\"https:\/\/xocosave.com\/es\/producte\/turron-artesano-jijona-fino\/#primaryimage\"},\"thumbnailUrl\":\"https:\/\/xocosave.com\/wp-content\/uploads\/2024\/12\/IMG_9390.2.jpg\",\"datePublished\":\"2024-12-09T09:45:04+00:00\",\"dateModified\":\"2024-12-31T10:11:09+00:00\",\"description\":\"El turr\u00f3n artesano Jijona fino est\u00e1 elaborado con ingredientes de calidad y pasi\u00f3n artesanal que no te dejar\u00e1 indiferente esta Navidad\",\"breadcrumb\":{\"@id\":\"https:\/\/xocosave.com\/es\/producte\/turron-artesano-jijona-fino\/#breadcrumb\"},\"inLanguage\":\"es\",\"potentialAction\":[{\"@type\":\"ReadAction\",\"target\":[\"https:\/\/xocosave.com\/es\/producte\/turron-artesano-jijona-fino\/\"]}]},{\"@type\":\"ImageObject\",\"inLanguage\":\"es\",\"@id\":\"https:\/\/xocosave.com\/es\/producte\/turron-artesano-jijona-fino\/#primaryimage\",\"url\":\"https:\/\/xocosave.com\/wp-content\/uploads\/2024\/12\/IMG_9390.2.jpg\",\"contentUrl\":\"https:\/\/xocosave.com\/wp-content\/uploads\/2024\/12\/IMG_9390.2.jpg\",\"width\":1500,\"height\":1500,\"caption\":\"Turr\u00f3n Jijona fino\"},{\"@type\":\"BreadcrumbList\",\"@id\":\"https:\/\/xocosave.com\/es\/producte\/turron-artesano-jijona-fino\/#breadcrumb\",\"itemListElement\":[{\"@type\":\"ListItem\",\"position\":1,\"name\":\"Productes\",\"item\":\"https:\/\/xocosave.com\/shop\/\"},{\"@type\":\"ListItem\",\"position\":2,\"name\":\"Turr\u00f3n artesano Jijona fino\"}]},{\"@type\":\"WebSite\",\"@id\":\"https:\/\/xocosave.com\/#website\",\"url\":\"https:\/\/xocosave.com\/\",\"name\":\"Xocosave | Xocolaters Pastissers des de 1880\",\"description\":\"Millor Panettone artesanal d&#039;Espanya 2020 | Escultors de xocolata | porta al teu paladar la m\u00e9s alta qualitat dol\u00e7os i salats.\",\"publisher\":{\"@id\":\"https:\/\/xocosave.com\/#organization\"},\"alternateName\":\"Xocosave\",\"potentialAction\":[{\"@type\":\"SearchAction\",\"target\":{\"@type\":\"EntryPoint\",\"urlTemplate\":\"https:\/\/xocosave.com\/?s={search_term_string}\"},\"query-input\":{\"@type\":\"PropertyValueSpecification\",\"valueRequired\":true,\"valueName\":\"search_term_string\"}}],\"inLanguage\":\"es\"},{\"@type\":\"Organization\",\"@id\":\"https:\/\/xocosave.com\/#organization\",\"name\":\"Xocosave | Xocolaters Pastissers des de 1880\",\"url\":\"https:\/\/xocosave.com\/\",\"logo\":{\"@type\":\"ImageObject\",\"inLanguage\":\"es\",\"@id\":\"https:\/\/xocosave.com\/#\/schema\/logo\/image\/\",\"url\":\"https:\/\/xocosave.com\/wp-content\/uploads\/2024\/05\/cropped-Recurso-5.png\",\"contentUrl\":\"https:\/\/xocosave.com\/wp-content\/uploads\/2024\/05\/cropped-Recurso-5.png\",\"width\":512,\"height\":512,\"caption\":\"Xocosave | Xocolaters Pastissers des de 1880\"},\"image\":{\"@id\":\"https:\/\/xocosave.com\/#\/schema\/logo\/image\/\"},\"sameAs\":[\"https:\/\/www.facebook.com\/Xocosave\/\",\"https:\/\/www.instagram.com\/xocosave\"]}]}<\/script>\n<!-- \/ Yoast SEO plugin. -->","yoast_head_json":{"title":"Turr\u00f3n artesano Jijona fino - Xocosave | Xocolaters Pastissers des de 1880","description":"El turr\u00f3n artesano Jijona fino est\u00e1 elaborado con ingredientes de calidad y pasi\u00f3n artesanal que no te dejar\u00e1 indiferente esta Navidad","robots":{"index":"index","follow":"follow","max-snippet":"max-snippet:-1","max-image-preview":"max-image-preview:large","max-video-preview":"max-video-preview:-1"},"canonical":"https:\/\/xocosave.com\/es\/producte\/turron-artesano-jijona-fino\/","og_locale":"es_ES","og_type":"article","og_title":"Turr\u00f3n artesano Jijona fino - Xocosave | Xocolaters Pastissers des de 1880","og_description":"El turr\u00f3n artesano Jijona fino est\u00e1 elaborado con ingredientes de calidad y pasi\u00f3n artesanal que no te dejar\u00e1 indiferente esta Navidad","og_url":"https:\/\/xocosave.com\/es\/producte\/turron-artesano-jijona-fino\/","og_site_name":"Xocosave | Xocolaters Pastissers des de 1880","article_publisher":"https:\/\/www.facebook.com\/Xocosave\/","article_modified_time":"2024-12-31T10:11:09+00:00","og_image":[{"width":1500,"height":1500,"url":"https:\/\/xocosave.com\/wp-content\/uploads\/2024\/12\/IMG_9390.2.jpg","type":"image\/jpeg"}],"twitter_card":"summary_large_image","twitter_misc":{"Tiempo de lectura":"2 minutos"},"schema":{"@context":"https:\/\/schema.org","@graph":[{"@type":"WebPage","@id":"https:\/\/xocosave.com\/es\/producte\/turron-artesano-jijona-fino\/","url":"https:\/\/xocosave.com\/es\/producte\/turron-artesano-jijona-fino\/","name":"Turr\u00f3n artesano Jijona fino - Xocosave | Xocolaters Pastissers des de 1880","isPartOf":{"@id":"https:\/\/xocosave.com\/#website"},"primaryImageOfPage":{"@id":"https:\/\/xocosave.com\/es\/producte\/turron-artesano-jijona-fino\/#primaryimage"},"image":{"@id":"https:\/\/xocosave.com\/es\/producte\/turron-artesano-jijona-fino\/#primaryimage"},"thumbnailUrl":"https:\/\/xocosave.com\/wp-content\/uploads\/2024\/12\/IMG_9390.2.jpg","datePublished":"2024-12-09T09:45:04+00:00","dateModified":"2024-12-31T10:11:09+00:00","description":"El turr\u00f3n artesano Jijona fino est\u00e1 elaborado con ingredientes de calidad y pasi\u00f3n artesanal que no te dejar\u00e1 indiferente esta Navidad","breadcrumb":{"@id":"https:\/\/xocosave.com\/es\/producte\/turron-artesano-jijona-fino\/#breadcrumb"},"inLanguage":"es","potentialAction":[{"@type":"ReadAction","target":["https:\/\/xocosave.com\/es\/producte\/turron-artesano-jijona-fino\/"]}]},{"@type":"ImageObject","inLanguage":"es","@id":"https:\/\/xocosave.com\/es\/producte\/turron-artesano-jijona-fino\/#primaryimage","url":"https:\/\/xocosave.com\/wp-content\/uploads\/2024\/12\/IMG_9390.2.jpg","contentUrl":"https:\/\/xocosave.com\/wp-content\/uploads\/2024\/12\/IMG_9390.2.jpg","width":1500,"height":1500,"caption":"Turr\u00f3n Jijona fino"},{"@type":"BreadcrumbList","@id":"https:\/\/xocosave.com\/es\/producte\/turron-artesano-jijona-fino\/#breadcrumb","itemListElement":[{"@type":"ListItem","position":1,"name":"Productes","item":"https:\/\/xocosave.com\/shop\/"},{"@type":"ListItem","position":2,"name":"Turr\u00f3n artesano Jijona fino"}]},{"@type":"WebSite","@id":"https:\/\/xocosave.com\/#website","url":"https:\/\/xocosave.com\/","name":"Xocosave | Xocolaters Pastissers des de 1880","description":"Millor Panettone artesanal d&#039;Espanya 2020 | Escultors de xocolata | porta al teu paladar la m\u00e9s alta qualitat dol\u00e7os i salats.","publisher":{"@id":"https:\/\/xocosave.com\/#organization"},"alternateName":"Xocosave","potentialAction":[{"@type":"SearchAction","target":{"@type":"EntryPoint","urlTemplate":"https:\/\/xocosave.com\/?s={search_term_string}"},"query-input":{"@type":"PropertyValueSpecification","valueRequired":true,"valueName":"search_term_string"}}],"inLanguage":"es"},{"@type":"Organization","@id":"https:\/\/xocosave.com\/#organization","name":"Xocosave | Xocolaters Pastissers des de 1880","url":"https:\/\/xocosave.com\/","logo":{"@type":"ImageObject","inLanguage":"es","@id":"https:\/\/xocosave.com\/#\/schema\/logo\/image\/","url":"https:\/\/xocosave.com\/wp-content\/uploads\/2024\/05\/cropped-Recurso-5.png","contentUrl":"https:\/\/xocosave.com\/wp-content\/uploads\/2024\/05\/cropped-Recurso-5.png","width":512,"height":512,"caption":"Xocosave | Xocolaters Pastissers des de 1880"},"image":{"@id":"https:\/\/xocosave.com\/#\/schema\/logo\/image\/"},"sameAs":["https:\/\/www.facebook.com\/Xocosave\/","https:\/\/www.instagram.com\/xocosave"]}]}},"_links":{"self":[{"href":"https:\/\/xocosave.com\/es\/wp-json\/wp\/v2\/product\/5315","targetHints":{"allow":["GET"]}}],"collection":[{"href":"https:\/\/xocosave.com\/es\/wp-json\/wp\/v2\/product"}],"about":[{"href":"https:\/\/xocosave.com\/es\/wp-json\/wp\/v2\/types\/product"}],"wp:featuredmedia":[{"embeddable":true,"href":"https:\/\/xocosave.com\/es\/wp-json\/wp\/v2\/media\/5404"}],"wp:attachment":[{"href":"https:\/\/xocosave.com\/es\/wp-json\/wp\/v2\/media?parent=5315"}],"wp:term":[{"taxonomy":"product_brand","embeddable":true,"href":"https:\/\/xocosave.com\/es\/wp-json\/wp\/v2\/product_brand?post=5315"},{"taxonomy":"product_cat","embeddable":true,"href":"https:\/\/xocosave.com\/es\/wp-json\/wp\/v2\/product_cat?post=5315"},{"taxonomy":"product_tag","embeddable":true,"href":"https:\/\/xocosave.com\/es\/wp-json\/wp\/v2\/product_tag?post=5315"}],"curies":[{"name":"wp","href":"https:\/\/api.w.org\/{rel}","templated":true}]}}