{"id":4717,"date":"2024-10-22T12:59:35","date_gmt":"2024-10-22T10:59:35","guid":{"rendered":"https:\/\/xocosave.com\/producte\/panellets-pinyons\/"},"modified":"2024-10-22T13:24:45","modified_gmt":"2024-10-22T11:24:45","slug":"panellets-pinones","status":"publish","type":"product","link":"https:\/\/xocosave.com\/es\/producte\/panellets-pinones\/","title":{"rendered":"Panellets Pi\u00f1ones"},"content":{"rendered":"<span class=\"collapseomatic \" id=\"id69f60f8c056ea\"  tabindex=\"0\" title=\"\"    ><\/span><div id=\"target-id69f60f8c056ea\" class=\"collapseomatic_content \">\n<p>Panellets de pinyons Panellets Pi\u00f1ones<\/p>\n<p>El nostre panettone especial d&#8217;avellana \u00e9s una delicadesa que captura l&#8217;ess\u00e8ncia de les festes amb la seva combinaci\u00f3 \u00fanica de sabors. La massa suau i esponjosa est\u00e0 impregnada amb l&#8217;aroma i la riquesa de les avellanes de Riudoms. L&#8217;opci\u00f3 ideal per als amants de les avellanes.<\/p>\n<p>Panellets Pi\u00f1ones<\/p>\n<p>Aquest panettone no nom\u00e9s \u00e9s una simple dol\u00e7aina, sin\u00f3 una obra mestra culin\u00e0ria que reflecteix la tradici\u00f3 i l&#8217;excel\u00b7l\u00e8ncia dels sabors locals. Les avellanes de Riudoms s\u00f3n reconegudes mundialment per la seva qualitat excepcional, i la seva incorporaci\u00f3 a la massa d&#8217;aquest panettone enriqueix cada mos amb un sabor intens i una textura delicada.<\/p>\n<p>La combinaci\u00f3 de la massa suau i esponjosa amb l&#8217;aroma penetrant de les avellanes de Riudoms crea una experi\u00e8ncia sensorial que captiva els sentits. Cada mossegada \u00e9s un viatge a trav\u00e9s dels paisatges mediterranis de Tarragona, on les avellanes s\u00f3n un element distintiu de la gastronomia local.<\/p>\n<p>Panyellets de pinyons. Per als amants de les avellanes, aquest panettone \u00e9s una veritable del\u00edcia. Ja sigui per a un esmorzar festiu, una sobretaula entretinguda o un regal especial per a un \u00e9sser estimat, aquesta deliciosa dol\u00e7aina no decebr\u00e0.<\/p>\n<p>Amb el seu sabor ric i la seva aroma envoltant, el nostre panettone especial d&#8217;avellana \u00e9s l&#8217;elecci\u00f3 perfecta per celebrar les festes amb eleg\u00e0ncia i sofisticaci\u00f3. Vine i descobreix la m\u00e0gia de les avellanes de Riudoms en cada tros d&#8217;aquest panettone, i deixat endur per un viatge culinari que et far\u00e0 tornar per m\u00e9s.<\/p>\n<p>Panellets Pi\u00f1ones<\/p>\n<p>Panellets pinyons<\/p>\n<\/div>\n","protected":false},"excerpt":{"rendered":"<p>Disfruta de nuestros exquisitis panellets de pi\u00f1ones, ganador del Premio de Plata del Mejor Panellet de Catalu\u00f1a 2024.<\/p>\n","protected":false},"featured_media":4673,"template":"","meta":{"_et_pb_use_builder":"","_et_pb_old_content":"","_et_gb_content_width":""},"product_brand":[],"product_cat":[385,390,394],"product_tag":[],"class_list":{"0":"post-4717","1":"product","2":"type-product","3":"status-publish","4":"has-post-thumbnail","6":"product_cat-panellets","7":"product_cat-panellets-es","8":"product_cat-panellets-cast","10":"first","11":"outofstock","12":"taxable","13":"shipping-taxable","14":"purchasable","15":"product-type-variable"},"yoast_head":"<!-- This site is optimized with the Yoast SEO plugin v25.9 - https:\/\/yoast.com\/wordpress\/plugins\/seo\/ -->\n<title>Panellets Pi\u00f1ones - Xocosave | Xocolaters Pastissers des de 1880<\/title>\n<meta name=\"description\" content=\"Disfruta de nuestros exquisitis panellets de pi\u00f1ones, ganador del Premio de Plata del Mejor Panellet de Catalu\u00f1a 2024.\" \/>\n<meta name=\"robots\" content=\"index, follow, max-snippet:-1, max-image-preview:large, max-video-preview:-1\" \/>\n<link rel=\"canonical\" href=\"https:\/\/xocosave.com\/es\/producte\/panellets-pinones\/\" \/>\n<meta property=\"og:locale\" content=\"es_ES\" \/>\n<meta property=\"og:type\" content=\"article\" \/>\n<meta property=\"og:title\" content=\"Panellets Pi\u00f1ones - Xocosave | Xocolaters Pastissers des de 1880\" \/>\n<meta property=\"og:description\" content=\"Disfruta de nuestros exquisitis panellets de pi\u00f1ones, ganador del Premio de Plata del Mejor Panellet de Catalu\u00f1a 2024.\" \/>\n<meta property=\"og:url\" content=\"https:\/\/xocosave.com\/es\/producte\/panellets-pinones\/\" \/>\n<meta property=\"og:site_name\" content=\"Xocosave | Xocolaters Pastissers des de 1880\" \/>\n<meta property=\"article:publisher\" content=\"https:\/\/www.facebook.com\/Xocosave\/\" \/>\n<meta property=\"article:modified_time\" content=\"2024-10-22T11:24:45+00:00\" \/>\n<meta property=\"og:image\" content=\"https:\/\/xocosave.com\/wp-content\/uploads\/2024\/10\/X5.jpg\" \/>\n\t<meta property=\"og:image:width\" content=\"1500\" \/>\n\t<meta property=\"og:image:height\" content=\"1500\" \/>\n\t<meta property=\"og:image:type\" content=\"image\/jpeg\" \/>\n<meta name=\"twitter:card\" content=\"summary_large_image\" \/>\n<meta name=\"twitter:label1\" content=\"Tiempo de lectura\" \/>\n\t<meta name=\"twitter:data1\" content=\"2 minutos\" \/>\n<script type=\"application\/ld+json\" class=\"yoast-schema-graph\">{\"@context\":\"https:\/\/schema.org\",\"@graph\":[{\"@type\":\"WebPage\",\"@id\":\"https:\/\/xocosave.com\/es\/producte\/panellets-pinones\/\",\"url\":\"https:\/\/xocosave.com\/es\/producte\/panellets-pinones\/\",\"name\":\"Panellets Pi\u00f1ones - Xocosave | Xocolaters Pastissers des de 1880\",\"isPartOf\":{\"@id\":\"https:\/\/xocosave.com\/#website\"},\"primaryImageOfPage\":{\"@id\":\"https:\/\/xocosave.com\/es\/producte\/panellets-pinones\/#primaryimage\"},\"image\":{\"@id\":\"https:\/\/xocosave.com\/es\/producte\/panellets-pinones\/#primaryimage\"},\"thumbnailUrl\":\"https:\/\/xocosave.com\/wp-content\/uploads\/2024\/10\/X5.jpg\",\"datePublished\":\"2024-10-22T10:59:35+00:00\",\"dateModified\":\"2024-10-22T11:24:45+00:00\",\"description\":\"Disfruta de nuestros exquisitis panellets de pi\u00f1ones, ganador del Premio de Plata del Mejor Panellet de Catalu\u00f1a 2024.\",\"breadcrumb\":{\"@id\":\"https:\/\/xocosave.com\/es\/producte\/panellets-pinones\/#breadcrumb\"},\"inLanguage\":\"es\",\"potentialAction\":[{\"@type\":\"ReadAction\",\"target\":[\"https:\/\/xocosave.com\/es\/producte\/panellets-pinones\/\"]}]},{\"@type\":\"ImageObject\",\"inLanguage\":\"es\",\"@id\":\"https:\/\/xocosave.com\/es\/producte\/panellets-pinones\/#primaryimage\",\"url\":\"https:\/\/xocosave.com\/wp-content\/uploads\/2024\/10\/X5.jpg\",\"contentUrl\":\"https:\/\/xocosave.com\/wp-content\/uploads\/2024\/10\/X5.jpg\",\"width\":1500,\"height\":1500,\"caption\":\"pinyons\"},{\"@type\":\"BreadcrumbList\",\"@id\":\"https:\/\/xocosave.com\/es\/producte\/panellets-pinones\/#breadcrumb\",\"itemListElement\":[{\"@type\":\"ListItem\",\"position\":1,\"name\":\"Productes\",\"item\":\"https:\/\/xocosave.com\/shop\/\"},{\"@type\":\"ListItem\",\"position\":2,\"name\":\"Panellets Pi\u00f1ones\"}]},{\"@type\":\"WebSite\",\"@id\":\"https:\/\/xocosave.com\/#website\",\"url\":\"https:\/\/xocosave.com\/\",\"name\":\"Xocosave | Xocolaters Pastissers des de 1880\",\"description\":\"Millor Panettone artesanal d&#039;Espanya 2020 | Escultors de xocolata | porta al teu paladar la m\u00e9s alta qualitat dol\u00e7os i salats.\",\"publisher\":{\"@id\":\"https:\/\/xocosave.com\/#organization\"},\"alternateName\":\"Xocosave\",\"potentialAction\":[{\"@type\":\"SearchAction\",\"target\":{\"@type\":\"EntryPoint\",\"urlTemplate\":\"https:\/\/xocosave.com\/?s={search_term_string}\"},\"query-input\":{\"@type\":\"PropertyValueSpecification\",\"valueRequired\":true,\"valueName\":\"search_term_string\"}}],\"inLanguage\":\"es\"},{\"@type\":\"Organization\",\"@id\":\"https:\/\/xocosave.com\/#organization\",\"name\":\"Xocosave | Xocolaters Pastissers des de 1880\",\"url\":\"https:\/\/xocosave.com\/\",\"logo\":{\"@type\":\"ImageObject\",\"inLanguage\":\"es\",\"@id\":\"https:\/\/xocosave.com\/#\/schema\/logo\/image\/\",\"url\":\"https:\/\/xocosave.com\/wp-content\/uploads\/2024\/05\/cropped-Recurso-5.png\",\"contentUrl\":\"https:\/\/xocosave.com\/wp-content\/uploads\/2024\/05\/cropped-Recurso-5.png\",\"width\":512,\"height\":512,\"caption\":\"Xocosave | Xocolaters Pastissers des de 1880\"},\"image\":{\"@id\":\"https:\/\/xocosave.com\/#\/schema\/logo\/image\/\"},\"sameAs\":[\"https:\/\/www.facebook.com\/Xocosave\/\",\"https:\/\/www.instagram.com\/xocosave\"]}]}<\/script>\n<!-- \/ Yoast SEO plugin. -->","yoast_head_json":{"title":"Panellets Pi\u00f1ones - Xocosave | Xocolaters Pastissers des de 1880","description":"Disfruta de nuestros exquisitis panellets de pi\u00f1ones, ganador del Premio de Plata del Mejor Panellet de Catalu\u00f1a 2024.","robots":{"index":"index","follow":"follow","max-snippet":"max-snippet:-1","max-image-preview":"max-image-preview:large","max-video-preview":"max-video-preview:-1"},"canonical":"https:\/\/xocosave.com\/es\/producte\/panellets-pinones\/","og_locale":"es_ES","og_type":"article","og_title":"Panellets Pi\u00f1ones - Xocosave | Xocolaters Pastissers des de 1880","og_description":"Disfruta de nuestros exquisitis panellets de pi\u00f1ones, ganador del Premio de Plata del Mejor Panellet de Catalu\u00f1a 2024.","og_url":"https:\/\/xocosave.com\/es\/producte\/panellets-pinones\/","og_site_name":"Xocosave | Xocolaters Pastissers des de 1880","article_publisher":"https:\/\/www.facebook.com\/Xocosave\/","article_modified_time":"2024-10-22T11:24:45+00:00","og_image":[{"width":1500,"height":1500,"url":"https:\/\/xocosave.com\/wp-content\/uploads\/2024\/10\/X5.jpg","type":"image\/jpeg"}],"twitter_card":"summary_large_image","twitter_misc":{"Tiempo de lectura":"2 minutos"},"schema":{"@context":"https:\/\/schema.org","@graph":[{"@type":"WebPage","@id":"https:\/\/xocosave.com\/es\/producte\/panellets-pinones\/","url":"https:\/\/xocosave.com\/es\/producte\/panellets-pinones\/","name":"Panellets Pi\u00f1ones - Xocosave | Xocolaters Pastissers des de 1880","isPartOf":{"@id":"https:\/\/xocosave.com\/#website"},"primaryImageOfPage":{"@id":"https:\/\/xocosave.com\/es\/producte\/panellets-pinones\/#primaryimage"},"image":{"@id":"https:\/\/xocosave.com\/es\/producte\/panellets-pinones\/#primaryimage"},"thumbnailUrl":"https:\/\/xocosave.com\/wp-content\/uploads\/2024\/10\/X5.jpg","datePublished":"2024-10-22T10:59:35+00:00","dateModified":"2024-10-22T11:24:45+00:00","description":"Disfruta de nuestros exquisitis panellets de pi\u00f1ones, ganador del Premio de Plata del Mejor Panellet de Catalu\u00f1a 2024.","breadcrumb":{"@id":"https:\/\/xocosave.com\/es\/producte\/panellets-pinones\/#breadcrumb"},"inLanguage":"es","potentialAction":[{"@type":"ReadAction","target":["https:\/\/xocosave.com\/es\/producte\/panellets-pinones\/"]}]},{"@type":"ImageObject","inLanguage":"es","@id":"https:\/\/xocosave.com\/es\/producte\/panellets-pinones\/#primaryimage","url":"https:\/\/xocosave.com\/wp-content\/uploads\/2024\/10\/X5.jpg","contentUrl":"https:\/\/xocosave.com\/wp-content\/uploads\/2024\/10\/X5.jpg","width":1500,"height":1500,"caption":"pinyons"},{"@type":"BreadcrumbList","@id":"https:\/\/xocosave.com\/es\/producte\/panellets-pinones\/#breadcrumb","itemListElement":[{"@type":"ListItem","position":1,"name":"Productes","item":"https:\/\/xocosave.com\/shop\/"},{"@type":"ListItem","position":2,"name":"Panellets Pi\u00f1ones"}]},{"@type":"WebSite","@id":"https:\/\/xocosave.com\/#website","url":"https:\/\/xocosave.com\/","name":"Xocosave | Xocolaters Pastissers des de 1880","description":"Millor Panettone artesanal d&#039;Espanya 2020 | Escultors de xocolata | porta al teu paladar la m\u00e9s alta qualitat dol\u00e7os i salats.","publisher":{"@id":"https:\/\/xocosave.com\/#organization"},"alternateName":"Xocosave","potentialAction":[{"@type":"SearchAction","target":{"@type":"EntryPoint","urlTemplate":"https:\/\/xocosave.com\/?s={search_term_string}"},"query-input":{"@type":"PropertyValueSpecification","valueRequired":true,"valueName":"search_term_string"}}],"inLanguage":"es"},{"@type":"Organization","@id":"https:\/\/xocosave.com\/#organization","name":"Xocosave | Xocolaters Pastissers des de 1880","url":"https:\/\/xocosave.com\/","logo":{"@type":"ImageObject","inLanguage":"es","@id":"https:\/\/xocosave.com\/#\/schema\/logo\/image\/","url":"https:\/\/xocosave.com\/wp-content\/uploads\/2024\/05\/cropped-Recurso-5.png","contentUrl":"https:\/\/xocosave.com\/wp-content\/uploads\/2024\/05\/cropped-Recurso-5.png","width":512,"height":512,"caption":"Xocosave | Xocolaters Pastissers des de 1880"},"image":{"@id":"https:\/\/xocosave.com\/#\/schema\/logo\/image\/"},"sameAs":["https:\/\/www.facebook.com\/Xocosave\/","https:\/\/www.instagram.com\/xocosave"]}]}},"_links":{"self":[{"href":"https:\/\/xocosave.com\/es\/wp-json\/wp\/v2\/product\/4717","targetHints":{"allow":["GET"]}}],"collection":[{"href":"https:\/\/xocosave.com\/es\/wp-json\/wp\/v2\/product"}],"about":[{"href":"https:\/\/xocosave.com\/es\/wp-json\/wp\/v2\/types\/product"}],"wp:featuredmedia":[{"embeddable":true,"href":"https:\/\/xocosave.com\/es\/wp-json\/wp\/v2\/media\/4673"}],"wp:attachment":[{"href":"https:\/\/xocosave.com\/es\/wp-json\/wp\/v2\/media?parent=4717"}],"wp:term":[{"taxonomy":"product_brand","embeddable":true,"href":"https:\/\/xocosave.com\/es\/wp-json\/wp\/v2\/product_brand?post=4717"},{"taxonomy":"product_cat","embeddable":true,"href":"https:\/\/xocosave.com\/es\/wp-json\/wp\/v2\/product_cat?post=4717"},{"taxonomy":"product_tag","embeddable":true,"href":"https:\/\/xocosave.com\/es\/wp-json\/wp\/v2\/product_tag?post=4717"}],"curies":[{"name":"wp","href":"https:\/\/api.w.org\/{rel}","templated":true}]}}