{"id":4362,"date":"2024-05-24T09:42:23","date_gmt":"2024-05-24T07:42:23","guid":{"rendered":"https:\/\/xocosave.com\/producte\/xocroissant-diada\/"},"modified":"2024-06-17T12:49:47","modified_gmt":"2024-06-17T10:49:47","slug":"xocroissant-diada","status":"publish","type":"product","link":"https:\/\/xocosave.com\/es\/producte\/xocroissant-diada\/","title":{"rendered":"Xocroissant Diada"},"content":{"rendered":"<span class=\"collapseomatic \" id=\"id69e5f7422477b\"  tabindex=\"0\" title=\"\"    ><\/span><div id=\"target-id69e5f7422477b\" class=\"collapseomatic_content \">\n<p>&nbsp;<\/p>\n<p>Celebra la Diada de Catalu\u00f1a con una explosi\u00f3n de sabores y tradici\u00f3n culinaria gracias a nuestro xocroissant especial, dise\u00f1ado para capturar la esencia misma de esta fiesta tan estimada. Es m\u00e1s que un simple cruas\u00e1n; es un homenaje a la riqueza gastron\u00f3mica y cultural de Catalu\u00f1a, encapsulando los sabores y los aromas que hacen de esta regi\u00f3n una joya culinaria.<\/p>\n<p>Cada trozo de este\u00a0xocroissant\u00a0es una oda a los sabores tradicionales catalanes, con la crema catalana, los frutos secos y las frutas de temporada como protagonistas destacados. La masa dorada y crujiente act\u00faa como tela en blanco, destacando y realzando la riqueza de sabores que hay adentro. Con cada mordisco, te sumergir\u00e1s en una experiencia sensorial que te transportar\u00e1 en la Catalu\u00f1a m\u00e1s aut\u00e9ntica.<\/p>\n<p>Este\u00a0xocroissant\u00a0es mucho m\u00e1s que un dulce: es una experiencia, un recordatorio de las tradiciones y los valores que definen la cultura catalana. Ya sea para almorzar, disfrutar de una comida en familia o endulzar un encuentro con amigos, nuestro\u00a0xocroissant\u00a0especial por la Fiesta de Catalu\u00f1a ser\u00e1 el protagonista indiscutible del acontecimiento.<\/p>\n<p>Ven y \u00fanete a la celebraci\u00f3n con nuestro xocroissant especial por la Diada de Catalu\u00f1a. Es una oportunidad para disfrutar de la buena compa\u00f1\u00eda, la buena come y los mejores sabores de la regi\u00f3n. Aprovecha esta ocasi\u00f3n \u00fanica por deleitar-t\u00e9 con una delicia que te recordar\u00e1 por qu\u00e9 Catalu\u00f1a es un lugar tan especial. Ven\u00eds y celebramos juntos esta fiesta tan especial, con el mejor de la gastronom\u00eda catalana a nuestro lado.<\/p>\n<p><a href=\"https:\/\/xocosave.com\/\"><\/a><br \/>\n<a href=\"https:\/\/www.instagram.com\/xocosave\/?hl=es\"><\/a><\/p>\n<\/div>\n","protected":false},"excerpt":{"rendered":"<p>Nuestro xocroissant especial por la Diada de Catalu\u00f1a celebra esta ocasi\u00f3n tan especial con un cruas\u00e1n que captura la esencia de la gastronom\u00eda catalana. Es una manera deliciosa de conmemorar esta festividad con un toque gastron\u00f3mico.<\/p>\n","protected":false},"featured_media":1552,"template":"","meta":{"_et_pb_use_builder":"","_et_pb_old_content":"","_et_gb_content_width":""},"product_brand":[],"product_cat":[279,344,352],"product_tag":[],"class_list":{"0":"post-4362","1":"product","2":"type-product","3":"status-publish","4":"has-post-thumbnail","6":"product_cat-ocult-es","7":"product_cat-xocroissant-es","8":"product_cat-xocroissants-bicolor-es","10":"first","11":"instock","12":"taxable","13":"shipping-taxable","14":"purchasable","15":"product-type-simple"},"yoast_head":"<!-- This site is optimized with the Yoast SEO plugin v25.9 - https:\/\/yoast.com\/wordpress\/plugins\/seo\/ -->\n<title>Xocroissant Diada - Xocosave | Xocolaters Pastissers des de 1880<\/title>\n<meta name=\"description\" content=\"Celebra la Diada de Catalu\u00f1a con el nuestro xocroissant fiesta especial que captura la esencia de la gastronom\u00eda catalana.\" \/>\n<meta name=\"robots\" content=\"index, follow, max-snippet:-1, max-image-preview:large, max-video-preview:-1\" \/>\n<link rel=\"canonical\" href=\"https:\/\/xocosave.com\/es\/producte\/xocroissant-diada\/\" \/>\n<meta property=\"og:locale\" content=\"es_ES\" \/>\n<meta property=\"og:type\" content=\"article\" \/>\n<meta property=\"og:title\" content=\"Xocroissant Diada - Xocosave | Xocolaters Pastissers des de 1880\" \/>\n<meta property=\"og:description\" content=\"Celebra la Diada de Catalu\u00f1a con el nuestro xocroissant fiesta especial que captura la esencia de la gastronom\u00eda catalana.\" \/>\n<meta property=\"og:url\" content=\"https:\/\/xocosave.com\/es\/producte\/xocroissant-diada\/\" \/>\n<meta property=\"og:site_name\" content=\"Xocosave | Xocolaters Pastissers des de 1880\" \/>\n<meta property=\"article:publisher\" content=\"https:\/\/www.facebook.com\/Xocosave\/\" \/>\n<meta property=\"article:modified_time\" content=\"2024-06-17T10:49:47+00:00\" \/>\n<meta property=\"og:image\" content=\"https:\/\/xocosave.com\/wp-content\/uploads\/2021\/11\/Croissants_oberts_bicolor-diada-2.jpg\" \/>\n\t<meta property=\"og:image:width\" content=\"1500\" \/>\n\t<meta property=\"og:image:height\" content=\"1500\" \/>\n\t<meta property=\"og:image:type\" content=\"image\/jpeg\" \/>\n<meta name=\"twitter:card\" content=\"summary_large_image\" \/>\n<meta name=\"twitter:label1\" content=\"Tiempo de lectura\" \/>\n\t<meta name=\"twitter:data1\" content=\"2 minutos\" \/>\n<script type=\"application\/ld+json\" class=\"yoast-schema-graph\">{\"@context\":\"https:\/\/schema.org\",\"@graph\":[{\"@type\":\"WebPage\",\"@id\":\"https:\/\/xocosave.com\/es\/producte\/xocroissant-diada\/\",\"url\":\"https:\/\/xocosave.com\/es\/producte\/xocroissant-diada\/\",\"name\":\"Xocroissant Diada - Xocosave | Xocolaters Pastissers des de 1880\",\"isPartOf\":{\"@id\":\"https:\/\/xocosave.com\/#website\"},\"primaryImageOfPage\":{\"@id\":\"https:\/\/xocosave.com\/es\/producte\/xocroissant-diada\/#primaryimage\"},\"image\":{\"@id\":\"https:\/\/xocosave.com\/es\/producte\/xocroissant-diada\/#primaryimage\"},\"thumbnailUrl\":\"https:\/\/xocosave.com\/wp-content\/uploads\/2021\/11\/Croissants_oberts_bicolor-diada-2.jpg\",\"datePublished\":\"2024-05-24T07:42:23+00:00\",\"dateModified\":\"2024-06-17T10:49:47+00:00\",\"description\":\"Celebra la Diada de Catalu\u00f1a con el nuestro xocroissant fiesta especial que captura la esencia de la gastronom\u00eda catalana.\",\"breadcrumb\":{\"@id\":\"https:\/\/xocosave.com\/es\/producte\/xocroissant-diada\/#breadcrumb\"},\"inLanguage\":\"es\",\"potentialAction\":[{\"@type\":\"ReadAction\",\"target\":[\"https:\/\/xocosave.com\/es\/producte\/xocroissant-diada\/\"]}]},{\"@type\":\"ImageObject\",\"inLanguage\":\"es\",\"@id\":\"https:\/\/xocosave.com\/es\/producte\/xocroissant-diada\/#primaryimage\",\"url\":\"https:\/\/xocosave.com\/wp-content\/uploads\/2021\/11\/Croissants_oberts_bicolor-diada-2.jpg\",\"contentUrl\":\"https:\/\/xocosave.com\/wp-content\/uploads\/2021\/11\/Croissants_oberts_bicolor-diada-2.jpg\",\"width\":1500,\"height\":1500},{\"@type\":\"BreadcrumbList\",\"@id\":\"https:\/\/xocosave.com\/es\/producte\/xocroissant-diada\/#breadcrumb\",\"itemListElement\":[{\"@type\":\"ListItem\",\"position\":1,\"name\":\"Productes\",\"item\":\"https:\/\/xocosave.com\/shop\/\"},{\"@type\":\"ListItem\",\"position\":2,\"name\":\"Xocroissant Diada\"}]},{\"@type\":\"WebSite\",\"@id\":\"https:\/\/xocosave.com\/#website\",\"url\":\"https:\/\/xocosave.com\/\",\"name\":\"Xocosave | Xocolaters Pastissers des de 1880\",\"description\":\"Millor Panettone artesanal d&#039;Espanya 2020 | Escultors de xocolata | porta al teu paladar la m\u00e9s alta qualitat dol\u00e7os i salats.\",\"publisher\":{\"@id\":\"https:\/\/xocosave.com\/#organization\"},\"alternateName\":\"Xocosave\",\"potentialAction\":[{\"@type\":\"SearchAction\",\"target\":{\"@type\":\"EntryPoint\",\"urlTemplate\":\"https:\/\/xocosave.com\/?s={search_term_string}\"},\"query-input\":{\"@type\":\"PropertyValueSpecification\",\"valueRequired\":true,\"valueName\":\"search_term_string\"}}],\"inLanguage\":\"es\"},{\"@type\":\"Organization\",\"@id\":\"https:\/\/xocosave.com\/#organization\",\"name\":\"Xocosave | Xocolaters Pastissers des de 1880\",\"url\":\"https:\/\/xocosave.com\/\",\"logo\":{\"@type\":\"ImageObject\",\"inLanguage\":\"es\",\"@id\":\"https:\/\/xocosave.com\/#\/schema\/logo\/image\/\",\"url\":\"https:\/\/xocosave.com\/wp-content\/uploads\/2024\/05\/cropped-Recurso-5.png\",\"contentUrl\":\"https:\/\/xocosave.com\/wp-content\/uploads\/2024\/05\/cropped-Recurso-5.png\",\"width\":512,\"height\":512,\"caption\":\"Xocosave | Xocolaters Pastissers des de 1880\"},\"image\":{\"@id\":\"https:\/\/xocosave.com\/#\/schema\/logo\/image\/\"},\"sameAs\":[\"https:\/\/www.facebook.com\/Xocosave\/\",\"https:\/\/www.instagram.com\/xocosave\"]}]}<\/script>\n<!-- \/ Yoast SEO plugin. -->","yoast_head_json":{"title":"Xocroissant Diada - Xocosave | Xocolaters Pastissers des de 1880","description":"Celebra la Diada de Catalu\u00f1a con el nuestro xocroissant fiesta especial que captura la esencia de la gastronom\u00eda catalana.","robots":{"index":"index","follow":"follow","max-snippet":"max-snippet:-1","max-image-preview":"max-image-preview:large","max-video-preview":"max-video-preview:-1"},"canonical":"https:\/\/xocosave.com\/es\/producte\/xocroissant-diada\/","og_locale":"es_ES","og_type":"article","og_title":"Xocroissant Diada - Xocosave | Xocolaters Pastissers des de 1880","og_description":"Celebra la Diada de Catalu\u00f1a con el nuestro xocroissant fiesta especial que captura la esencia de la gastronom\u00eda catalana.","og_url":"https:\/\/xocosave.com\/es\/producte\/xocroissant-diada\/","og_site_name":"Xocosave | Xocolaters Pastissers des de 1880","article_publisher":"https:\/\/www.facebook.com\/Xocosave\/","article_modified_time":"2024-06-17T10:49:47+00:00","og_image":[{"width":1500,"height":1500,"url":"https:\/\/xocosave.com\/wp-content\/uploads\/2021\/11\/Croissants_oberts_bicolor-diada-2.jpg","type":"image\/jpeg"}],"twitter_card":"summary_large_image","twitter_misc":{"Tiempo de lectura":"2 minutos"},"schema":{"@context":"https:\/\/schema.org","@graph":[{"@type":"WebPage","@id":"https:\/\/xocosave.com\/es\/producte\/xocroissant-diada\/","url":"https:\/\/xocosave.com\/es\/producte\/xocroissant-diada\/","name":"Xocroissant Diada - Xocosave | Xocolaters Pastissers des de 1880","isPartOf":{"@id":"https:\/\/xocosave.com\/#website"},"primaryImageOfPage":{"@id":"https:\/\/xocosave.com\/es\/producte\/xocroissant-diada\/#primaryimage"},"image":{"@id":"https:\/\/xocosave.com\/es\/producte\/xocroissant-diada\/#primaryimage"},"thumbnailUrl":"https:\/\/xocosave.com\/wp-content\/uploads\/2021\/11\/Croissants_oberts_bicolor-diada-2.jpg","datePublished":"2024-05-24T07:42:23+00:00","dateModified":"2024-06-17T10:49:47+00:00","description":"Celebra la Diada de Catalu\u00f1a con el nuestro xocroissant fiesta especial que captura la esencia de la gastronom\u00eda catalana.","breadcrumb":{"@id":"https:\/\/xocosave.com\/es\/producte\/xocroissant-diada\/#breadcrumb"},"inLanguage":"es","potentialAction":[{"@type":"ReadAction","target":["https:\/\/xocosave.com\/es\/producte\/xocroissant-diada\/"]}]},{"@type":"ImageObject","inLanguage":"es","@id":"https:\/\/xocosave.com\/es\/producte\/xocroissant-diada\/#primaryimage","url":"https:\/\/xocosave.com\/wp-content\/uploads\/2021\/11\/Croissants_oberts_bicolor-diada-2.jpg","contentUrl":"https:\/\/xocosave.com\/wp-content\/uploads\/2021\/11\/Croissants_oberts_bicolor-diada-2.jpg","width":1500,"height":1500},{"@type":"BreadcrumbList","@id":"https:\/\/xocosave.com\/es\/producte\/xocroissant-diada\/#breadcrumb","itemListElement":[{"@type":"ListItem","position":1,"name":"Productes","item":"https:\/\/xocosave.com\/shop\/"},{"@type":"ListItem","position":2,"name":"Xocroissant Diada"}]},{"@type":"WebSite","@id":"https:\/\/xocosave.com\/#website","url":"https:\/\/xocosave.com\/","name":"Xocosave | Xocolaters Pastissers des de 1880","description":"Millor Panettone artesanal d&#039;Espanya 2020 | Escultors de xocolata | porta al teu paladar la m\u00e9s alta qualitat dol\u00e7os i salats.","publisher":{"@id":"https:\/\/xocosave.com\/#organization"},"alternateName":"Xocosave","potentialAction":[{"@type":"SearchAction","target":{"@type":"EntryPoint","urlTemplate":"https:\/\/xocosave.com\/?s={search_term_string}"},"query-input":{"@type":"PropertyValueSpecification","valueRequired":true,"valueName":"search_term_string"}}],"inLanguage":"es"},{"@type":"Organization","@id":"https:\/\/xocosave.com\/#organization","name":"Xocosave | Xocolaters Pastissers des de 1880","url":"https:\/\/xocosave.com\/","logo":{"@type":"ImageObject","inLanguage":"es","@id":"https:\/\/xocosave.com\/#\/schema\/logo\/image\/","url":"https:\/\/xocosave.com\/wp-content\/uploads\/2024\/05\/cropped-Recurso-5.png","contentUrl":"https:\/\/xocosave.com\/wp-content\/uploads\/2024\/05\/cropped-Recurso-5.png","width":512,"height":512,"caption":"Xocosave | Xocolaters Pastissers des de 1880"},"image":{"@id":"https:\/\/xocosave.com\/#\/schema\/logo\/image\/"},"sameAs":["https:\/\/www.facebook.com\/Xocosave\/","https:\/\/www.instagram.com\/xocosave"]}]}},"_links":{"self":[{"href":"https:\/\/xocosave.com\/es\/wp-json\/wp\/v2\/product\/4362","targetHints":{"allow":["GET"]}}],"collection":[{"href":"https:\/\/xocosave.com\/es\/wp-json\/wp\/v2\/product"}],"about":[{"href":"https:\/\/xocosave.com\/es\/wp-json\/wp\/v2\/types\/product"}],"wp:featuredmedia":[{"embeddable":true,"href":"https:\/\/xocosave.com\/es\/wp-json\/wp\/v2\/media\/1552"}],"wp:attachment":[{"href":"https:\/\/xocosave.com\/es\/wp-json\/wp\/v2\/media?parent=4362"}],"wp:term":[{"taxonomy":"product_brand","embeddable":true,"href":"https:\/\/xocosave.com\/es\/wp-json\/wp\/v2\/product_brand?post=4362"},{"taxonomy":"product_cat","embeddable":true,"href":"https:\/\/xocosave.com\/es\/wp-json\/wp\/v2\/product_cat?post=4362"},{"taxonomy":"product_tag","embeddable":true,"href":"https:\/\/xocosave.com\/es\/wp-json\/wp\/v2\/product_tag?post=4362"}],"curies":[{"name":"wp","href":"https:\/\/api.w.org\/{rel}","templated":true}]}}