{"id":4358,"date":"2024-05-24T09:46:21","date_gmt":"2024-05-24T07:46:21","guid":{"rendered":"https:\/\/xocosave.com\/producte\/xocroissant-blanc\/"},"modified":"2024-06-18T09:16:31","modified_gmt":"2024-06-18T07:16:31","slug":"xocroissant-blanco","status":"publish","type":"product","link":"https:\/\/xocosave.com\/es\/producte\/xocroissant-blanco\/","title":{"rendered":"Xocroissant Blanco"},"content":{"rendered":"<span class=\"collapseomatic \" id=\"id69e6478696e24\"  tabindex=\"0\" title=\"\"    ><\/span><div id=\"target-id69e6478696e24\" class=\"collapseomatic_content \">\n<p>Nuestro Xocroissant Cl\u00e1sico Blanco es mucho m\u00e1s que un simple cruas\u00e1n; es una aut\u00e9ntica obra de arte culinaria que te sorprender\u00e1 con su exquisita elaboraci\u00f3n y su sabor inigualable. Con cada mordisco, te sumergir\u00e1s en un viaje sensorial lleno de texturas delicadas y aromas irresistibles.<\/p>\n<p>La base de este cruas\u00e1n es su masa de cruas\u00e1n crujiente de mantequilla, elaborada con ingredientes de primera calidad y con una t\u00e9cnica artesanal que garantiza una textura ligera y aireada. Esta masa dorada y crujiente es el complemento perfecto para el rico sabor de la mantequilla, que se despliega con cada mordisco, ofreciendo una experiencia gustativa \u00fanica y satisfactoria.<\/p>\n<p>Adem\u00e1s de su sabor exquisito, nuestro\u00a0Xocroissant\u00a0Cl\u00e1sico Blanco tambi\u00e9n destaca por su presentaci\u00f3n elegante y atractiva. Con su superficie dorada y brillante y su forma perfectamente elaborada, este cruas\u00e1n es una delicia para los ojos tan solo de verlo. Es la combinaci\u00f3n perfecta de forma y funci\u00f3n, puesto que no solo satisface los sentidos con su sabor delicioso, sino que tambi\u00e9n te invita a disfrutar de una experiencia visual inolvidable.<\/p>\n<p>Adem\u00e1s, la versatilidad de este cruas\u00e1n lo convierte en el acompa\u00f1amiento ideal para una gran variedad de bebidas, desde caf\u00e9s arom\u00e1ticos hasta tus reconfortantes. Ya sea acompa\u00f1ado de una tasa de caf\u00e9 caliente o de una copa de zumo fresco, nuestro\u00a0Xocroissant\u00a0Cl\u00e1sico Blanco complementar\u00e1 a la perfecci\u00f3n tu bebida preferida y te proporcionar\u00e1 un momento de placer culinario que no olvidar\u00e1s.<\/p>\n<p>En resumen, nuestro\u00a0Xocroissant\u00a0Cl\u00e1sico Blanco es mucho m\u00e1s que un simple cruas\u00e1n; es una experiencia gastron\u00f3mica \u00fanica que te invita a disfrutar de los sabores m\u00e1s exquisitos y las texturas m\u00e1s irresistibles. Ven y descubre la magia de nuestros cruasanes, y d\u00e9jate seducir por su calidad excepcional y su encanto inigualable.<\/p>\n<\/div>\n","protected":false},"excerpt":{"rendered":"<p>Disfruta de nuestro Xocroissant Cl\u00e1sico Blanco, una aut\u00e9ntica obra maestra de la pasteler\u00eda, elaborado con una masa de cruas\u00e1n crujiente de mantequilla que te brinda una experiencia de sabor inigualable. Este croissant destaca por su textura combinada con el sabor de la mantequilla.<\/p>\n","protected":false},"featured_media":1546,"template":"","meta":{"_et_pb_use_builder":"","_et_pb_old_content":"","_et_gb_content_width":""},"product_brand":[],"product_cat":[344,351],"product_tag":[],"class_list":{"0":"post-4358","1":"product","2":"type-product","3":"status-publish","4":"has-post-thumbnail","6":"product_cat-xocroissant-es","7":"product_cat-xocroissants-classics-es","9":"first","10":"instock","11":"taxable","12":"shipping-taxable","13":"purchasable","14":"product-type-simple"},"yoast_head":"<!-- This site is optimized with the Yoast SEO plugin v25.9 - https:\/\/yoast.com\/wordpress\/plugins\/seo\/ -->\n<title>Xocroissant Blanco - Xocosave | Xocolaters Pastissers des de 1880<\/title>\n<meta name=\"description\" content=\"El nuestro Xocroissant Cl\u00e1sico Blanco, una aut\u00e9ntica obra maestra de la pasteler\u00eda elaborada con una masa de cruas\u00e1n crujiente de mantequilla.\" \/>\n<meta name=\"robots\" content=\"index, follow, max-snippet:-1, max-image-preview:large, max-video-preview:-1\" \/>\n<link rel=\"canonical\" href=\"https:\/\/xocosave.com\/es\/producte\/xocroissant-blanco\/\" \/>\n<meta property=\"og:locale\" content=\"es_ES\" \/>\n<meta property=\"og:type\" content=\"article\" \/>\n<meta property=\"og:title\" content=\"Xocroissant Blanco - Xocosave | Xocolaters Pastissers des de 1880\" \/>\n<meta property=\"og:description\" content=\"El nuestro Xocroissant Cl\u00e1sico Blanco, una aut\u00e9ntica obra maestra de la pasteler\u00eda elaborada con una masa de cruas\u00e1n crujiente de mantequilla.\" \/>\n<meta property=\"og:url\" content=\"https:\/\/xocosave.com\/es\/producte\/xocroissant-blanco\/\" \/>\n<meta property=\"og:site_name\" content=\"Xocosave | Xocolaters Pastissers des de 1880\" \/>\n<meta property=\"article:publisher\" content=\"https:\/\/www.facebook.com\/Xocosave\/\" \/>\n<meta property=\"article:modified_time\" content=\"2024-06-18T07:16:31+00:00\" \/>\n<meta property=\"og:image\" content=\"https:\/\/xocosave.com\/wp-content\/uploads\/2021\/11\/Croissants_oberts_blanc-2.jpg\" \/>\n\t<meta property=\"og:image:width\" content=\"1500\" \/>\n\t<meta property=\"og:image:height\" content=\"1500\" \/>\n\t<meta property=\"og:image:type\" content=\"image\/jpeg\" \/>\n<meta name=\"twitter:card\" content=\"summary_large_image\" \/>\n<meta name=\"twitter:label1\" content=\"Tiempo de lectura\" \/>\n\t<meta name=\"twitter:data1\" content=\"2 minutos\" \/>\n<script type=\"application\/ld+json\" class=\"yoast-schema-graph\">{\"@context\":\"https:\/\/schema.org\",\"@graph\":[{\"@type\":\"WebPage\",\"@id\":\"https:\/\/xocosave.com\/es\/producte\/xocroissant-blanco\/\",\"url\":\"https:\/\/xocosave.com\/es\/producte\/xocroissant-blanco\/\",\"name\":\"Xocroissant Blanco - Xocosave | Xocolaters Pastissers des de 1880\",\"isPartOf\":{\"@id\":\"https:\/\/xocosave.com\/#website\"},\"primaryImageOfPage\":{\"@id\":\"https:\/\/xocosave.com\/es\/producte\/xocroissant-blanco\/#primaryimage\"},\"image\":{\"@id\":\"https:\/\/xocosave.com\/es\/producte\/xocroissant-blanco\/#primaryimage\"},\"thumbnailUrl\":\"https:\/\/xocosave.com\/wp-content\/uploads\/2021\/11\/Croissants_oberts_blanc-2.jpg\",\"datePublished\":\"2024-05-24T07:46:21+00:00\",\"dateModified\":\"2024-06-18T07:16:31+00:00\",\"description\":\"El nuestro Xocroissant Cl\u00e1sico Blanco, una aut\u00e9ntica obra maestra de la pasteler\u00eda elaborada con una masa de cruas\u00e1n crujiente de mantequilla.\",\"breadcrumb\":{\"@id\":\"https:\/\/xocosave.com\/es\/producte\/xocroissant-blanco\/#breadcrumb\"},\"inLanguage\":\"es\",\"potentialAction\":[{\"@type\":\"ReadAction\",\"target\":[\"https:\/\/xocosave.com\/es\/producte\/xocroissant-blanco\/\"]}]},{\"@type\":\"ImageObject\",\"inLanguage\":\"es\",\"@id\":\"https:\/\/xocosave.com\/es\/producte\/xocroissant-blanco\/#primaryimage\",\"url\":\"https:\/\/xocosave.com\/wp-content\/uploads\/2021\/11\/Croissants_oberts_blanc-2.jpg\",\"contentUrl\":\"https:\/\/xocosave.com\/wp-content\/uploads\/2021\/11\/Croissants_oberts_blanc-2.jpg\",\"width\":1500,\"height\":1500},{\"@type\":\"BreadcrumbList\",\"@id\":\"https:\/\/xocosave.com\/es\/producte\/xocroissant-blanco\/#breadcrumb\",\"itemListElement\":[{\"@type\":\"ListItem\",\"position\":1,\"name\":\"Productes\",\"item\":\"https:\/\/xocosave.com\/shop\/\"},{\"@type\":\"ListItem\",\"position\":2,\"name\":\"Xocroissant Blanco\"}]},{\"@type\":\"WebSite\",\"@id\":\"https:\/\/xocosave.com\/#website\",\"url\":\"https:\/\/xocosave.com\/\",\"name\":\"Xocosave | Xocolaters Pastissers des de 1880\",\"description\":\"Millor Panettone artesanal d&#039;Espanya 2020 | Escultors de xocolata | porta al teu paladar la m\u00e9s alta qualitat dol\u00e7os i salats.\",\"publisher\":{\"@id\":\"https:\/\/xocosave.com\/#organization\"},\"alternateName\":\"Xocosave\",\"potentialAction\":[{\"@type\":\"SearchAction\",\"target\":{\"@type\":\"EntryPoint\",\"urlTemplate\":\"https:\/\/xocosave.com\/?s={search_term_string}\"},\"query-input\":{\"@type\":\"PropertyValueSpecification\",\"valueRequired\":true,\"valueName\":\"search_term_string\"}}],\"inLanguage\":\"es\"},{\"@type\":\"Organization\",\"@id\":\"https:\/\/xocosave.com\/#organization\",\"name\":\"Xocosave | Xocolaters Pastissers des de 1880\",\"url\":\"https:\/\/xocosave.com\/\",\"logo\":{\"@type\":\"ImageObject\",\"inLanguage\":\"es\",\"@id\":\"https:\/\/xocosave.com\/#\/schema\/logo\/image\/\",\"url\":\"https:\/\/xocosave.com\/wp-content\/uploads\/2024\/05\/cropped-Recurso-5.png\",\"contentUrl\":\"https:\/\/xocosave.com\/wp-content\/uploads\/2024\/05\/cropped-Recurso-5.png\",\"width\":512,\"height\":512,\"caption\":\"Xocosave | Xocolaters Pastissers des de 1880\"},\"image\":{\"@id\":\"https:\/\/xocosave.com\/#\/schema\/logo\/image\/\"},\"sameAs\":[\"https:\/\/www.facebook.com\/Xocosave\/\",\"https:\/\/www.instagram.com\/xocosave\"]}]}<\/script>\n<!-- \/ Yoast SEO plugin. -->","yoast_head_json":{"title":"Xocroissant Blanco - Xocosave | Xocolaters Pastissers des de 1880","description":"El nuestro Xocroissant Cl\u00e1sico Blanco, una aut\u00e9ntica obra maestra de la pasteler\u00eda elaborada con una masa de cruas\u00e1n crujiente de mantequilla.","robots":{"index":"index","follow":"follow","max-snippet":"max-snippet:-1","max-image-preview":"max-image-preview:large","max-video-preview":"max-video-preview:-1"},"canonical":"https:\/\/xocosave.com\/es\/producte\/xocroissant-blanco\/","og_locale":"es_ES","og_type":"article","og_title":"Xocroissant Blanco - Xocosave | Xocolaters Pastissers des de 1880","og_description":"El nuestro Xocroissant Cl\u00e1sico Blanco, una aut\u00e9ntica obra maestra de la pasteler\u00eda elaborada con una masa de cruas\u00e1n crujiente de mantequilla.","og_url":"https:\/\/xocosave.com\/es\/producte\/xocroissant-blanco\/","og_site_name":"Xocosave | Xocolaters Pastissers des de 1880","article_publisher":"https:\/\/www.facebook.com\/Xocosave\/","article_modified_time":"2024-06-18T07:16:31+00:00","og_image":[{"width":1500,"height":1500,"url":"https:\/\/xocosave.com\/wp-content\/uploads\/2021\/11\/Croissants_oberts_blanc-2.jpg","type":"image\/jpeg"}],"twitter_card":"summary_large_image","twitter_misc":{"Tiempo de lectura":"2 minutos"},"schema":{"@context":"https:\/\/schema.org","@graph":[{"@type":"WebPage","@id":"https:\/\/xocosave.com\/es\/producte\/xocroissant-blanco\/","url":"https:\/\/xocosave.com\/es\/producte\/xocroissant-blanco\/","name":"Xocroissant Blanco - Xocosave | Xocolaters Pastissers des de 1880","isPartOf":{"@id":"https:\/\/xocosave.com\/#website"},"primaryImageOfPage":{"@id":"https:\/\/xocosave.com\/es\/producte\/xocroissant-blanco\/#primaryimage"},"image":{"@id":"https:\/\/xocosave.com\/es\/producte\/xocroissant-blanco\/#primaryimage"},"thumbnailUrl":"https:\/\/xocosave.com\/wp-content\/uploads\/2021\/11\/Croissants_oberts_blanc-2.jpg","datePublished":"2024-05-24T07:46:21+00:00","dateModified":"2024-06-18T07:16:31+00:00","description":"El nuestro Xocroissant Cl\u00e1sico Blanco, una aut\u00e9ntica obra maestra de la pasteler\u00eda elaborada con una masa de cruas\u00e1n crujiente de mantequilla.","breadcrumb":{"@id":"https:\/\/xocosave.com\/es\/producte\/xocroissant-blanco\/#breadcrumb"},"inLanguage":"es","potentialAction":[{"@type":"ReadAction","target":["https:\/\/xocosave.com\/es\/producte\/xocroissant-blanco\/"]}]},{"@type":"ImageObject","inLanguage":"es","@id":"https:\/\/xocosave.com\/es\/producte\/xocroissant-blanco\/#primaryimage","url":"https:\/\/xocosave.com\/wp-content\/uploads\/2021\/11\/Croissants_oberts_blanc-2.jpg","contentUrl":"https:\/\/xocosave.com\/wp-content\/uploads\/2021\/11\/Croissants_oberts_blanc-2.jpg","width":1500,"height":1500},{"@type":"BreadcrumbList","@id":"https:\/\/xocosave.com\/es\/producte\/xocroissant-blanco\/#breadcrumb","itemListElement":[{"@type":"ListItem","position":1,"name":"Productes","item":"https:\/\/xocosave.com\/shop\/"},{"@type":"ListItem","position":2,"name":"Xocroissant Blanco"}]},{"@type":"WebSite","@id":"https:\/\/xocosave.com\/#website","url":"https:\/\/xocosave.com\/","name":"Xocosave | Xocolaters Pastissers des de 1880","description":"Millor Panettone artesanal d&#039;Espanya 2020 | Escultors de xocolata | porta al teu paladar la m\u00e9s alta qualitat dol\u00e7os i salats.","publisher":{"@id":"https:\/\/xocosave.com\/#organization"},"alternateName":"Xocosave","potentialAction":[{"@type":"SearchAction","target":{"@type":"EntryPoint","urlTemplate":"https:\/\/xocosave.com\/?s={search_term_string}"},"query-input":{"@type":"PropertyValueSpecification","valueRequired":true,"valueName":"search_term_string"}}],"inLanguage":"es"},{"@type":"Organization","@id":"https:\/\/xocosave.com\/#organization","name":"Xocosave | Xocolaters Pastissers des de 1880","url":"https:\/\/xocosave.com\/","logo":{"@type":"ImageObject","inLanguage":"es","@id":"https:\/\/xocosave.com\/#\/schema\/logo\/image\/","url":"https:\/\/xocosave.com\/wp-content\/uploads\/2024\/05\/cropped-Recurso-5.png","contentUrl":"https:\/\/xocosave.com\/wp-content\/uploads\/2024\/05\/cropped-Recurso-5.png","width":512,"height":512,"caption":"Xocosave | Xocolaters Pastissers des de 1880"},"image":{"@id":"https:\/\/xocosave.com\/#\/schema\/logo\/image\/"},"sameAs":["https:\/\/www.facebook.com\/Xocosave\/","https:\/\/www.instagram.com\/xocosave"]}]}},"_links":{"self":[{"href":"https:\/\/xocosave.com\/es\/wp-json\/wp\/v2\/product\/4358","targetHints":{"allow":["GET"]}}],"collection":[{"href":"https:\/\/xocosave.com\/es\/wp-json\/wp\/v2\/product"}],"about":[{"href":"https:\/\/xocosave.com\/es\/wp-json\/wp\/v2\/types\/product"}],"wp:featuredmedia":[{"embeddable":true,"href":"https:\/\/xocosave.com\/es\/wp-json\/wp\/v2\/media\/1546"}],"wp:attachment":[{"href":"https:\/\/xocosave.com\/es\/wp-json\/wp\/v2\/media?parent=4358"}],"wp:term":[{"taxonomy":"product_brand","embeddable":true,"href":"https:\/\/xocosave.com\/es\/wp-json\/wp\/v2\/product_brand?post=4358"},{"taxonomy":"product_cat","embeddable":true,"href":"https:\/\/xocosave.com\/es\/wp-json\/wp\/v2\/product_cat?post=4358"},{"taxonomy":"product_tag","embeddable":true,"href":"https:\/\/xocosave.com\/es\/wp-json\/wp\/v2\/product_tag?post=4358"}],"curies":[{"name":"wp","href":"https:\/\/api.w.org\/{rel}","templated":true}]}}