{"id":4351,"date":"2024-05-24T09:51:52","date_gmt":"2024-05-24T07:51:52","guid":{"rendered":"https:\/\/xocosave.com\/producte\/xocroissant-oli-i-sal\/"},"modified":"2024-06-17T12:52:46","modified_gmt":"2024-06-17T10:52:46","slug":"xocroissant-aceite-y-sal","status":"publish","type":"product","link":"https:\/\/xocosave.com\/es\/producte\/xocroissant-aceite-y-sal\/","title":{"rendered":"Xocroissant Aceite y Sal"},"content":{"rendered":"<span class=\"collapseomatic \" id=\"id69e4cef7a10b3\"  tabindex=\"0\" title=\"\"    ><\/span><div id=\"target-id69e4cef7a10b3\" class=\"collapseomatic_content \">\n<p>Disfruta con nuestro Xocroissant Cl\u00e1sico de Aceite y Sal, una exquisita creaci\u00f3n que fusiona la masa crujiente con el toque distintivo del aceite de oliva y la sal. Ideal para los paladares que aprecian la combinaci\u00f3n de sabores aut\u00e9nticos.<\/p>\n<p>Este\u00a0xocroissant, elaborado con cuidado, es una aut\u00e9ntica delicia para los sentidos. Su demasiada,\u00a0horneada\u00a0a la perfecci\u00f3n, se deshace en la boca con cada mordisco, mientras que el aroma sutil del aceite de oliva impregna cada rinc\u00f3n de su interior. La ligera nota salada aporta un contraste delicioso que realza todav\u00eda m\u00e1s su sabor.<\/p>\n<p>Cada paso en la elaboraci\u00f3n de nuestro\u00a0Xocroissant\u00a0Cl\u00e1sico de Aceite y Sal se realiza con\u00a0esmero\u00a0y dedicaci\u00f3n para garantizar la m\u00e1xima calidad y frescura. Desde la selecci\u00f3n de los ingredientes hasta el proceso de hornada, cada detalle se cuida para ofrecerte una experiencia gastron\u00f3mica excepcional.<\/p>\n<p>Este\u00a0xocroissant\u00a0es m\u00e1s que un simple dulce: es una obra maestra de la pasteler\u00eda que refleja nuestra pasi\u00f3n para crear productos de alta calidad. Ya sea para disfrutarlo en el almuerzo, como\u00a0tentempi\u00e9\u00a0o como capricho en cualquier momento del d\u00eda, este\u00a0xocroissant\u00a0te transportar\u00e1 en un mundo de placer culinario.<\/p>\n<p>Ven y descubre la irresistible tentaci\u00f3n de nuestro\u00a0Xocroissant\u00a0Cl\u00e1sico de Aceite y Sal. Una vez pruebes su sabor \u00fanico y su textura crujiente, no podr\u00e1s resistirte a volver a por m\u00e1s. Sum\u00e9rgete en esta experiencia sensorial y d\u00e9jate seducir por la aut\u00e9ntica esencia de la pasteler\u00eda artesanal.<\/p>\n<p><a href=\"https:\/\/www.instagram.com\/xocosave\/?hl=es\"><\/a><br \/>\n<a href=\"https:\/\/www.instagram.com\/xocosave\/?hl=es\"><\/a><\/p>\n<\/div>\n","protected":false},"excerpt":{"rendered":"<p>Disfruta de nuestro\u00a0Xocroissant\u00a0Cl\u00e1sico de Aceite y Sal, una exquisita creaci\u00f3n que combina la masa crujiente con el toque distintivo del aceite de oliva y la sal. Ideal por los paladares que aprecian la combinaci\u00f3n de sabores aut\u00e9nticos.<\/p>\n","protected":false},"featured_media":1547,"template":"","meta":{"_et_pb_use_builder":"","_et_pb_old_content":"","_et_gb_content_width":""},"product_brand":[],"product_cat":[279],"product_tag":[],"class_list":{"0":"post-4351","1":"product","2":"type-product","3":"status-publish","4":"has-post-thumbnail","6":"product_cat-ocult-es","8":"first","9":"instock","10":"taxable","11":"shipping-taxable","12":"purchasable","13":"product-type-simple"},"yoast_head":"<!-- This site is optimized with the Yoast SEO plugin v25.9 - https:\/\/yoast.com\/wordpress\/plugins\/seo\/ -->\n<title>Xocroissant Aceite y Sal - Xocosave | Xocolaters Pastissers des de 1880<\/title>\n<meta name=\"description\" content=\"Disfruta de nuestro Xocroissant Cl\u00e1sico de Aceite y Sal, una exquisita creaci\u00f3n que combina la masa crujiente con el toque distintivo del aceite de oliva y la sal.\" \/>\n<meta name=\"robots\" content=\"index, follow, max-snippet:-1, max-image-preview:large, max-video-preview:-1\" \/>\n<link rel=\"canonical\" href=\"https:\/\/xocosave.com\/es\/producte\/xocroissant-aceite-y-sal\/\" \/>\n<meta property=\"og:locale\" content=\"es_ES\" \/>\n<meta property=\"og:type\" content=\"article\" \/>\n<meta property=\"og:title\" content=\"Xocroissant Aceite y Sal - Xocosave | Xocolaters Pastissers des de 1880\" \/>\n<meta property=\"og:description\" content=\"Disfruta de nuestro Xocroissant Cl\u00e1sico de Aceite y Sal, una exquisita creaci\u00f3n que combina la masa crujiente con el toque distintivo del aceite de oliva y la sal.\" \/>\n<meta property=\"og:url\" content=\"https:\/\/xocosave.com\/es\/producte\/xocroissant-aceite-y-sal\/\" \/>\n<meta property=\"og:site_name\" content=\"Xocosave | Xocolaters Pastissers des de 1880\" \/>\n<meta property=\"article:publisher\" content=\"https:\/\/www.facebook.com\/Xocosave\/\" \/>\n<meta property=\"article:modified_time\" content=\"2024-06-17T10:52:46+00:00\" \/>\n<meta property=\"og:image\" content=\"https:\/\/xocosave.com\/wp-content\/uploads\/2021\/11\/Croissants_oberts_salioli-2.jpg\" \/>\n\t<meta property=\"og:image:width\" content=\"1500\" \/>\n\t<meta property=\"og:image:height\" content=\"1500\" \/>\n\t<meta property=\"og:image:type\" content=\"image\/jpeg\" \/>\n<meta name=\"twitter:card\" content=\"summary_large_image\" \/>\n<meta name=\"twitter:label1\" content=\"Tiempo de lectura\" \/>\n\t<meta name=\"twitter:data1\" content=\"2 minutos\" \/>\n<script type=\"application\/ld+json\" class=\"yoast-schema-graph\">{\"@context\":\"https:\/\/schema.org\",\"@graph\":[{\"@type\":\"WebPage\",\"@id\":\"https:\/\/xocosave.com\/es\/producte\/xocroissant-aceite-y-sal\/\",\"url\":\"https:\/\/xocosave.com\/es\/producte\/xocroissant-aceite-y-sal\/\",\"name\":\"Xocroissant Aceite y Sal - Xocosave | Xocolaters Pastissers des de 1880\",\"isPartOf\":{\"@id\":\"https:\/\/xocosave.com\/#website\"},\"primaryImageOfPage\":{\"@id\":\"https:\/\/xocosave.com\/es\/producte\/xocroissant-aceite-y-sal\/#primaryimage\"},\"image\":{\"@id\":\"https:\/\/xocosave.com\/es\/producte\/xocroissant-aceite-y-sal\/#primaryimage\"},\"thumbnailUrl\":\"https:\/\/xocosave.com\/wp-content\/uploads\/2021\/11\/Croissants_oberts_salioli-2.jpg\",\"datePublished\":\"2024-05-24T07:51:52+00:00\",\"dateModified\":\"2024-06-17T10:52:46+00:00\",\"description\":\"Disfruta de nuestro Xocroissant Cl\u00e1sico de Aceite y Sal, una exquisita creaci\u00f3n que combina la masa crujiente con el toque distintivo del aceite de oliva y la sal.\",\"breadcrumb\":{\"@id\":\"https:\/\/xocosave.com\/es\/producte\/xocroissant-aceite-y-sal\/#breadcrumb\"},\"inLanguage\":\"es\",\"potentialAction\":[{\"@type\":\"ReadAction\",\"target\":[\"https:\/\/xocosave.com\/es\/producte\/xocroissant-aceite-y-sal\/\"]}]},{\"@type\":\"ImageObject\",\"inLanguage\":\"es\",\"@id\":\"https:\/\/xocosave.com\/es\/producte\/xocroissant-aceite-y-sal\/#primaryimage\",\"url\":\"https:\/\/xocosave.com\/wp-content\/uploads\/2021\/11\/Croissants_oberts_salioli-2.jpg\",\"contentUrl\":\"https:\/\/xocosave.com\/wp-content\/uploads\/2021\/11\/Croissants_oberts_salioli-2.jpg\",\"width\":1500,\"height\":1500},{\"@type\":\"BreadcrumbList\",\"@id\":\"https:\/\/xocosave.com\/es\/producte\/xocroissant-aceite-y-sal\/#breadcrumb\",\"itemListElement\":[{\"@type\":\"ListItem\",\"position\":1,\"name\":\"Productes\",\"item\":\"https:\/\/xocosave.com\/shop\/\"},{\"@type\":\"ListItem\",\"position\":2,\"name\":\"Xocroissant Aceite y Sal\"}]},{\"@type\":\"WebSite\",\"@id\":\"https:\/\/xocosave.com\/#website\",\"url\":\"https:\/\/xocosave.com\/\",\"name\":\"Xocosave | Xocolaters Pastissers des de 1880\",\"description\":\"Millor Panettone artesanal d&#039;Espanya 2020 | Escultors de xocolata | porta al teu paladar la m\u00e9s alta qualitat dol\u00e7os i salats.\",\"publisher\":{\"@id\":\"https:\/\/xocosave.com\/#organization\"},\"alternateName\":\"Xocosave\",\"potentialAction\":[{\"@type\":\"SearchAction\",\"target\":{\"@type\":\"EntryPoint\",\"urlTemplate\":\"https:\/\/xocosave.com\/?s={search_term_string}\"},\"query-input\":{\"@type\":\"PropertyValueSpecification\",\"valueRequired\":true,\"valueName\":\"search_term_string\"}}],\"inLanguage\":\"es\"},{\"@type\":\"Organization\",\"@id\":\"https:\/\/xocosave.com\/#organization\",\"name\":\"Xocosave | Xocolaters Pastissers des de 1880\",\"url\":\"https:\/\/xocosave.com\/\",\"logo\":{\"@type\":\"ImageObject\",\"inLanguage\":\"es\",\"@id\":\"https:\/\/xocosave.com\/#\/schema\/logo\/image\/\",\"url\":\"https:\/\/xocosave.com\/wp-content\/uploads\/2024\/05\/cropped-Recurso-5.png\",\"contentUrl\":\"https:\/\/xocosave.com\/wp-content\/uploads\/2024\/05\/cropped-Recurso-5.png\",\"width\":512,\"height\":512,\"caption\":\"Xocosave | Xocolaters Pastissers des de 1880\"},\"image\":{\"@id\":\"https:\/\/xocosave.com\/#\/schema\/logo\/image\/\"},\"sameAs\":[\"https:\/\/www.facebook.com\/Xocosave\/\",\"https:\/\/www.instagram.com\/xocosave\"]}]}<\/script>\n<!-- \/ Yoast SEO plugin. -->","yoast_head_json":{"title":"Xocroissant Aceite y Sal - Xocosave | Xocolaters Pastissers des de 1880","description":"Disfruta de nuestro Xocroissant Cl\u00e1sico de Aceite y Sal, una exquisita creaci\u00f3n que combina la masa crujiente con el toque distintivo del aceite de oliva y la sal.","robots":{"index":"index","follow":"follow","max-snippet":"max-snippet:-1","max-image-preview":"max-image-preview:large","max-video-preview":"max-video-preview:-1"},"canonical":"https:\/\/xocosave.com\/es\/producte\/xocroissant-aceite-y-sal\/","og_locale":"es_ES","og_type":"article","og_title":"Xocroissant Aceite y Sal - Xocosave | Xocolaters Pastissers des de 1880","og_description":"Disfruta de nuestro Xocroissant Cl\u00e1sico de Aceite y Sal, una exquisita creaci\u00f3n que combina la masa crujiente con el toque distintivo del aceite de oliva y la sal.","og_url":"https:\/\/xocosave.com\/es\/producte\/xocroissant-aceite-y-sal\/","og_site_name":"Xocosave | Xocolaters Pastissers des de 1880","article_publisher":"https:\/\/www.facebook.com\/Xocosave\/","article_modified_time":"2024-06-17T10:52:46+00:00","og_image":[{"width":1500,"height":1500,"url":"https:\/\/xocosave.com\/wp-content\/uploads\/2021\/11\/Croissants_oberts_salioli-2.jpg","type":"image\/jpeg"}],"twitter_card":"summary_large_image","twitter_misc":{"Tiempo de lectura":"2 minutos"},"schema":{"@context":"https:\/\/schema.org","@graph":[{"@type":"WebPage","@id":"https:\/\/xocosave.com\/es\/producte\/xocroissant-aceite-y-sal\/","url":"https:\/\/xocosave.com\/es\/producte\/xocroissant-aceite-y-sal\/","name":"Xocroissant Aceite y Sal - Xocosave | Xocolaters Pastissers des de 1880","isPartOf":{"@id":"https:\/\/xocosave.com\/#website"},"primaryImageOfPage":{"@id":"https:\/\/xocosave.com\/es\/producte\/xocroissant-aceite-y-sal\/#primaryimage"},"image":{"@id":"https:\/\/xocosave.com\/es\/producte\/xocroissant-aceite-y-sal\/#primaryimage"},"thumbnailUrl":"https:\/\/xocosave.com\/wp-content\/uploads\/2021\/11\/Croissants_oberts_salioli-2.jpg","datePublished":"2024-05-24T07:51:52+00:00","dateModified":"2024-06-17T10:52:46+00:00","description":"Disfruta de nuestro Xocroissant Cl\u00e1sico de Aceite y Sal, una exquisita creaci\u00f3n que combina la masa crujiente con el toque distintivo del aceite de oliva y la sal.","breadcrumb":{"@id":"https:\/\/xocosave.com\/es\/producte\/xocroissant-aceite-y-sal\/#breadcrumb"},"inLanguage":"es","potentialAction":[{"@type":"ReadAction","target":["https:\/\/xocosave.com\/es\/producte\/xocroissant-aceite-y-sal\/"]}]},{"@type":"ImageObject","inLanguage":"es","@id":"https:\/\/xocosave.com\/es\/producte\/xocroissant-aceite-y-sal\/#primaryimage","url":"https:\/\/xocosave.com\/wp-content\/uploads\/2021\/11\/Croissants_oberts_salioli-2.jpg","contentUrl":"https:\/\/xocosave.com\/wp-content\/uploads\/2021\/11\/Croissants_oberts_salioli-2.jpg","width":1500,"height":1500},{"@type":"BreadcrumbList","@id":"https:\/\/xocosave.com\/es\/producte\/xocroissant-aceite-y-sal\/#breadcrumb","itemListElement":[{"@type":"ListItem","position":1,"name":"Productes","item":"https:\/\/xocosave.com\/shop\/"},{"@type":"ListItem","position":2,"name":"Xocroissant Aceite y Sal"}]},{"@type":"WebSite","@id":"https:\/\/xocosave.com\/#website","url":"https:\/\/xocosave.com\/","name":"Xocosave | Xocolaters Pastissers des de 1880","description":"Millor Panettone artesanal d&#039;Espanya 2020 | Escultors de xocolata | porta al teu paladar la m\u00e9s alta qualitat dol\u00e7os i salats.","publisher":{"@id":"https:\/\/xocosave.com\/#organization"},"alternateName":"Xocosave","potentialAction":[{"@type":"SearchAction","target":{"@type":"EntryPoint","urlTemplate":"https:\/\/xocosave.com\/?s={search_term_string}"},"query-input":{"@type":"PropertyValueSpecification","valueRequired":true,"valueName":"search_term_string"}}],"inLanguage":"es"},{"@type":"Organization","@id":"https:\/\/xocosave.com\/#organization","name":"Xocosave | Xocolaters Pastissers des de 1880","url":"https:\/\/xocosave.com\/","logo":{"@type":"ImageObject","inLanguage":"es","@id":"https:\/\/xocosave.com\/#\/schema\/logo\/image\/","url":"https:\/\/xocosave.com\/wp-content\/uploads\/2024\/05\/cropped-Recurso-5.png","contentUrl":"https:\/\/xocosave.com\/wp-content\/uploads\/2024\/05\/cropped-Recurso-5.png","width":512,"height":512,"caption":"Xocosave | Xocolaters Pastissers des de 1880"},"image":{"@id":"https:\/\/xocosave.com\/#\/schema\/logo\/image\/"},"sameAs":["https:\/\/www.facebook.com\/Xocosave\/","https:\/\/www.instagram.com\/xocosave"]}]}},"_links":{"self":[{"href":"https:\/\/xocosave.com\/es\/wp-json\/wp\/v2\/product\/4351","targetHints":{"allow":["GET"]}}],"collection":[{"href":"https:\/\/xocosave.com\/es\/wp-json\/wp\/v2\/product"}],"about":[{"href":"https:\/\/xocosave.com\/es\/wp-json\/wp\/v2\/types\/product"}],"wp:featuredmedia":[{"embeddable":true,"href":"https:\/\/xocosave.com\/es\/wp-json\/wp\/v2\/media\/1547"}],"wp:attachment":[{"href":"https:\/\/xocosave.com\/es\/wp-json\/wp\/v2\/media?parent=4351"}],"wp:term":[{"taxonomy":"product_brand","embeddable":true,"href":"https:\/\/xocosave.com\/es\/wp-json\/wp\/v2\/product_brand?post=4351"},{"taxonomy":"product_cat","embeddable":true,"href":"https:\/\/xocosave.com\/es\/wp-json\/wp\/v2\/product_cat?post=4351"},{"taxonomy":"product_tag","embeddable":true,"href":"https:\/\/xocosave.com\/es\/wp-json\/wp\/v2\/product_tag?post=4351"}],"curies":[{"name":"wp","href":"https:\/\/api.w.org\/{rel}","templated":true}]}}