{"id":4319,"date":"2024-05-24T10:26:14","date_gmt":"2024-05-24T08:26:14","guid":{"rendered":"https:\/\/xocosave.com\/producte\/xocroissant-kinder\/"},"modified":"2024-06-17T13:07:33","modified_gmt":"2024-06-17T11:07:33","slug":"xocroissant-kinder","status":"publish","type":"product","link":"https:\/\/xocosave.com\/es\/producte\/xocroissant-kinder\/","title":{"rendered":"Xocroissant Kinder"},"content":{"rendered":"<span class=\"collapseomatic \" id=\"id69e20dc650036\"  tabindex=\"0\" title=\"\"    ><\/span><div id=\"target-id69e20dc650036\" class=\"collapseomatic_content \">\n<p>Disfruta\u00a0de\u00a0nuestro\u00a0Xocroissant\u00a0Especial de\u00a0Kinder, una\u00a0delicia\u00a0\u00fanica que combina la\u00a0crujiente\u00a0textura del\u00a0cruas\u00e1n\u00a0cono el sabor irresistible del\u00a0chocolate\u00a0Kinder. Se una\u00a0explosi\u00f3n\u00a0de gustos\u00a0dulces\u00a0y\u00a0cremosos en cada\u00a0mordisco. Esta\u00a0exquisita\u00a0creaci\u00f3n\u00a0se una\u00a0aut\u00e9ntica\u00a0obra de\u00a0arte\u00a0culinaria, elaborada cono\u00a0los\u00a0ingredientes\u00a0m\u00e1s\u00a0selectos\u00a0y\u00a0la\u00a0pasi\u00f3n\u00a0inigualable miedo la\u00a0pasteler\u00eda.<\/p>\n<p>Nuestro\u00a0Xocroissant\u00a0Especial de\u00a0Kinder\u00a0empieza\u00a0cono una\u00a0masa\u00a0de\u00a0cruas\u00e1n\u00a0ligeramente\u00a0crujiente\u00a0al exterior e\u00a0incre\u00edblemente\u00a0suave\u00a0y\u00a0aireada\u00a0en el interior. Cada\u00a0trozo\u00a0de\u00a0cruas\u00e1n\u00a0se una\u00a0delicia\u00a0en s\u00ed\u00a0misma, cono\u00a0capas\u00a0delicadas\u00a0que se\u00a0deshacen\u00a0en la boca.\u00a0Su\u00a0textura\u00a0crujiente\u00a0aporta uno contrasto\u00a0perfecto\u00a0cono la\u00a0riqueza\u00a0del\u00a0chocolate\u00a0Kinder,\u00a0creando\u00a0una\u00a0experiencia\u00a0de saboreo\u00a0inolvidable.<\/p>\n<p>El\u00a0verdadero\u00a0protagonista de este\u00a0Xocroissant\u00a0se lo\u00a0chocolate\u00a0Kinder, que aporta una\u00a0dulzura\u00a0intensa\u00a0y\u00a0un sabor\u00a0cremoso\u00a0que t\u00e9\u00a0har\u00e1\u00a0volver\u00a0miedo\u00a0m\u00e1s.\u00a0Utilizamos\u00a0aut\u00e9ntico\u00a0chocolate\u00a0Kinder,\u00a0conocida\u00a0miedo\u00a0su\u00a0calidad\u00a0excepcional\u00a0y\u00a0su\u00a0sabor\u00a0inconfundible. Cono cada\u00a0mordisco, t\u00e9\u00a0encontrar\u00e1s\u00a0cono\u00a0generosas\u00a0cantidades\u00a0de\u00a0chocolate\u00a0Kinder, que t\u00e9\u00a0sorprender\u00e1n\u00a0cono\u00a0su\u00a0suavidad\u00a0y\u00a0su\u00a0intensidad\u00a0de sabor.<\/p>\n<p>Este\u00a0Xocroissant\u00a0se\u00a0mucho\u00a0m\u00e1s\u00a0que un simple\u00a0dulce; se una\u00a0experiencia\u00a0gastron\u00f3mica\u00a0que t\u00e9\u00a0transportar\u00e1\u00a0en un\u00a0mundo\u00a0de placero\u00a0culinario.\u00a0Ya\u00a0sea\u00a0para un\u00a0almuerzo\u00a0indulgente, una pausa para el caf\u00e9 a media tardo o\u00a0simplemente\u00a0como\u00a0capricho\u00a0dulce\u00a0en\u00a0cualquier\u00a0momento, esta deliciosa\u00a0creaci\u00f3n\u00a0t\u00e9\u00a0proporcionar\u00e1\u00a0una\u00a0experiencia\u00a0gustativa\u00a0inolvidable. La\u00a0combinaci\u00f3n\u00a0de la\u00a0crujiente\u00a0textura del\u00a0cruas\u00e1n\u00a0y\u00a0el sabor irresistible del\u00a0chocolate\u00a0Kinder\u00a0hace\u00a0que\u00a0sea\u00a0una\u00a0opci\u00f3n\u00a0inigualable para\u00a0los\u00a0amantes\u00a0del\u00a0chocolate.<\/p>\n<p>A\u00a0Xocosave,\u00a0estamos\u00a0comprometidos\u00a0a\u00a0ofrecer\u00a0a\u00a0nuestros\u00a0clientas\u00a0los\u00a0mejores\u00a0productos,\u00a0elaborados\u00a0cono amor\u00a0y\u00a0atenci\u00f3n\u00a0a\u00a0los\u00a0detallas. Cada\u00a0Xocroissant\u00a0Especial de\u00a0Kinder\u00a0se\u00a0preparado\u00a0cono\u00a0dedicaci\u00f3n,\u00a0asegur\u00e1ndonos\u00a0que cada\u00a0trozo\u00a0sea\u00a0una obra de\u00a0arte\u00a0culinaria.\u00a0Mantenemos\u00a0los\u00a0est\u00e1ndares\u00a0m\u00e1s\u00a0altos\u00a0de\u00a0calidad\u00a0en\u00a0todo\u00a0el que\u00a0basura,\u00a0porque\u00a0sabemos\u00a0que\u00a0nuestros\u00a0clientas\u00a0merecen\u00a0solo lo\u00a0mejor.<\/p>\n<p>Descubre\u00a0la\u00a0magia\u00a0de\u00a0nuestro\u00a0Xocroissant\u00a0Especial de\u00a0Kinder.\u00a0Estamos\u00a0seguros\u00a0que, una\u00a0vez\u00a0lo\u00a0prueben, se\u00a0convertir\u00e1\u00a0en una de\u00a0sus\u00a0delicias\u00a0preferidas. Vende a\u00a0Xocosave\u00a0y\u00a0d\u00e9jate\u00a0cautivar\u00a0miedo la\u00a0combinaci\u00f3n\u00a0irresistible de\u00a0cruas\u00e1n\u00a0y\u00a0chocolate\u00a0Kinder.\u00a0Estamos\u00a0aqu\u00ed para\u00a0hacer\u00a0que cada\u00a0momento\u00a0sea\u00a0especial\u00a0y\u00a0memorable cono\u00a0nuestras\u00a0creaciones\u00a0pasteleras\u00a0\u00fanicas.<\/p>\n<p><a href=\"https:\/\/www.instagram.com\/xocosave\/?hl=es\"><\/a><br \/>\n<a href=\"https:\/\/xocosave.com\/es\/\"><\/a><\/p>\n<\/div>\n","protected":false},"excerpt":{"rendered":"<p>Disfruta de nuestro\u00a0Xocroissant\u00a0Especial de\u00a0Kinder, una delicia \u00fanica que combina la crujiente textura del cruas\u00e1n con el sabor irresistible del chocolate\u00a0Kinder. Es una explosi\u00f3n de gustos dulces y cremosos en cada mordisco.<\/p>\n","protected":false},"featured_media":1563,"template":"","meta":{"_et_pb_use_builder":"","_et_pb_old_content":"","_et_gb_content_width":""},"product_brand":[],"product_cat":[279],"product_tag":[],"class_list":{"0":"post-4319","1":"product","2":"type-product","3":"status-publish","4":"has-post-thumbnail","6":"product_cat-ocult-es","8":"first","9":"instock","10":"taxable","11":"shipping-taxable","12":"purchasable","13":"product-type-simple"},"yoast_head":"<!-- This site is optimized with the Yoast SEO plugin v25.9 - https:\/\/yoast.com\/wordpress\/plugins\/seo\/ -->\n<title>Xocroissant Kinder - Xocosave | Xocolaters Pastissers des de 1880<\/title>\n<meta name=\"description\" content=\"Disfruta de nuestro Xocroissant Especial de Kinder, una delicia \u00fanica con la combinaci\u00f3n perfecta de cruas\u00e1n y chocolate Kinder.\" \/>\n<meta name=\"robots\" content=\"index, follow, max-snippet:-1, max-image-preview:large, max-video-preview:-1\" \/>\n<link rel=\"canonical\" href=\"https:\/\/xocosave.com\/es\/producte\/xocroissant-kinder\/\" \/>\n<meta property=\"og:locale\" content=\"es_ES\" \/>\n<meta property=\"og:type\" content=\"article\" \/>\n<meta property=\"og:title\" content=\"Xocroissant Kinder - Xocosave | Xocolaters Pastissers des de 1880\" \/>\n<meta property=\"og:description\" content=\"Disfruta de nuestro Xocroissant Especial de Kinder, una delicia \u00fanica con la combinaci\u00f3n perfecta de cruas\u00e1n y chocolate Kinder.\" \/>\n<meta property=\"og:url\" content=\"https:\/\/xocosave.com\/es\/producte\/xocroissant-kinder\/\" \/>\n<meta property=\"og:site_name\" content=\"Xocosave | Xocolaters Pastissers des de 1880\" \/>\n<meta property=\"article:publisher\" content=\"https:\/\/www.facebook.com\/Xocosave\/\" \/>\n<meta property=\"article:modified_time\" content=\"2024-06-17T11:07:33+00:00\" \/>\n<meta property=\"og:image\" content=\"https:\/\/xocosave.com\/wp-content\/uploads\/2021\/11\/Croissants_oberts_kinder-2.jpg\" \/>\n\t<meta property=\"og:image:width\" content=\"1500\" \/>\n\t<meta property=\"og:image:height\" content=\"1500\" \/>\n\t<meta property=\"og:image:type\" content=\"image\/jpeg\" \/>\n<meta name=\"twitter:card\" content=\"summary_large_image\" \/>\n<meta name=\"twitter:label1\" content=\"Tiempo de lectura\" \/>\n\t<meta name=\"twitter:data1\" content=\"2 minutos\" \/>\n<script type=\"application\/ld+json\" class=\"yoast-schema-graph\">{\"@context\":\"https:\/\/schema.org\",\"@graph\":[{\"@type\":\"WebPage\",\"@id\":\"https:\/\/xocosave.com\/es\/producte\/xocroissant-kinder\/\",\"url\":\"https:\/\/xocosave.com\/es\/producte\/xocroissant-kinder\/\",\"name\":\"Xocroissant Kinder - Xocosave | Xocolaters Pastissers des de 1880\",\"isPartOf\":{\"@id\":\"https:\/\/xocosave.com\/#website\"},\"primaryImageOfPage\":{\"@id\":\"https:\/\/xocosave.com\/es\/producte\/xocroissant-kinder\/#primaryimage\"},\"image\":{\"@id\":\"https:\/\/xocosave.com\/es\/producte\/xocroissant-kinder\/#primaryimage\"},\"thumbnailUrl\":\"https:\/\/xocosave.com\/wp-content\/uploads\/2021\/11\/Croissants_oberts_kinder-2.jpg\",\"datePublished\":\"2024-05-24T08:26:14+00:00\",\"dateModified\":\"2024-06-17T11:07:33+00:00\",\"description\":\"Disfruta de nuestro Xocroissant Especial de Kinder, una delicia \u00fanica con la combinaci\u00f3n perfecta de cruas\u00e1n y chocolate Kinder.\",\"breadcrumb\":{\"@id\":\"https:\/\/xocosave.com\/es\/producte\/xocroissant-kinder\/#breadcrumb\"},\"inLanguage\":\"es\",\"potentialAction\":[{\"@type\":\"ReadAction\",\"target\":[\"https:\/\/xocosave.com\/es\/producte\/xocroissant-kinder\/\"]}]},{\"@type\":\"ImageObject\",\"inLanguage\":\"es\",\"@id\":\"https:\/\/xocosave.com\/es\/producte\/xocroissant-kinder\/#primaryimage\",\"url\":\"https:\/\/xocosave.com\/wp-content\/uploads\/2021\/11\/Croissants_oberts_kinder-2.jpg\",\"contentUrl\":\"https:\/\/xocosave.com\/wp-content\/uploads\/2021\/11\/Croissants_oberts_kinder-2.jpg\",\"width\":1500,\"height\":1500},{\"@type\":\"BreadcrumbList\",\"@id\":\"https:\/\/xocosave.com\/es\/producte\/xocroissant-kinder\/#breadcrumb\",\"itemListElement\":[{\"@type\":\"ListItem\",\"position\":1,\"name\":\"Productes\",\"item\":\"https:\/\/xocosave.com\/shop\/\"},{\"@type\":\"ListItem\",\"position\":2,\"name\":\"Xocroissant Kinder\"}]},{\"@type\":\"WebSite\",\"@id\":\"https:\/\/xocosave.com\/#website\",\"url\":\"https:\/\/xocosave.com\/\",\"name\":\"Xocosave | Xocolaters Pastissers des de 1880\",\"description\":\"Millor Panettone artesanal d&#039;Espanya 2020 | Escultors de xocolata | porta al teu paladar la m\u00e9s alta qualitat dol\u00e7os i salats.\",\"publisher\":{\"@id\":\"https:\/\/xocosave.com\/#organization\"},\"alternateName\":\"Xocosave\",\"potentialAction\":[{\"@type\":\"SearchAction\",\"target\":{\"@type\":\"EntryPoint\",\"urlTemplate\":\"https:\/\/xocosave.com\/?s={search_term_string}\"},\"query-input\":{\"@type\":\"PropertyValueSpecification\",\"valueRequired\":true,\"valueName\":\"search_term_string\"}}],\"inLanguage\":\"es\"},{\"@type\":\"Organization\",\"@id\":\"https:\/\/xocosave.com\/#organization\",\"name\":\"Xocosave | Xocolaters Pastissers des de 1880\",\"url\":\"https:\/\/xocosave.com\/\",\"logo\":{\"@type\":\"ImageObject\",\"inLanguage\":\"es\",\"@id\":\"https:\/\/xocosave.com\/#\/schema\/logo\/image\/\",\"url\":\"https:\/\/xocosave.com\/wp-content\/uploads\/2024\/05\/cropped-Recurso-5.png\",\"contentUrl\":\"https:\/\/xocosave.com\/wp-content\/uploads\/2024\/05\/cropped-Recurso-5.png\",\"width\":512,\"height\":512,\"caption\":\"Xocosave | Xocolaters Pastissers des de 1880\"},\"image\":{\"@id\":\"https:\/\/xocosave.com\/#\/schema\/logo\/image\/\"},\"sameAs\":[\"https:\/\/www.facebook.com\/Xocosave\/\",\"https:\/\/www.instagram.com\/xocosave\"]}]}<\/script>\n<!-- \/ Yoast SEO plugin. -->","yoast_head_json":{"title":"Xocroissant Kinder - Xocosave | Xocolaters Pastissers des de 1880","description":"Disfruta de nuestro Xocroissant Especial de Kinder, una delicia \u00fanica con la combinaci\u00f3n perfecta de cruas\u00e1n y chocolate Kinder.","robots":{"index":"index","follow":"follow","max-snippet":"max-snippet:-1","max-image-preview":"max-image-preview:large","max-video-preview":"max-video-preview:-1"},"canonical":"https:\/\/xocosave.com\/es\/producte\/xocroissant-kinder\/","og_locale":"es_ES","og_type":"article","og_title":"Xocroissant Kinder - Xocosave | Xocolaters Pastissers des de 1880","og_description":"Disfruta de nuestro Xocroissant Especial de Kinder, una delicia \u00fanica con la combinaci\u00f3n perfecta de cruas\u00e1n y chocolate Kinder.","og_url":"https:\/\/xocosave.com\/es\/producte\/xocroissant-kinder\/","og_site_name":"Xocosave | Xocolaters Pastissers des de 1880","article_publisher":"https:\/\/www.facebook.com\/Xocosave\/","article_modified_time":"2024-06-17T11:07:33+00:00","og_image":[{"width":1500,"height":1500,"url":"https:\/\/xocosave.com\/wp-content\/uploads\/2021\/11\/Croissants_oberts_kinder-2.jpg","type":"image\/jpeg"}],"twitter_card":"summary_large_image","twitter_misc":{"Tiempo de lectura":"2 minutos"},"schema":{"@context":"https:\/\/schema.org","@graph":[{"@type":"WebPage","@id":"https:\/\/xocosave.com\/es\/producte\/xocroissant-kinder\/","url":"https:\/\/xocosave.com\/es\/producte\/xocroissant-kinder\/","name":"Xocroissant Kinder - Xocosave | Xocolaters Pastissers des de 1880","isPartOf":{"@id":"https:\/\/xocosave.com\/#website"},"primaryImageOfPage":{"@id":"https:\/\/xocosave.com\/es\/producte\/xocroissant-kinder\/#primaryimage"},"image":{"@id":"https:\/\/xocosave.com\/es\/producte\/xocroissant-kinder\/#primaryimage"},"thumbnailUrl":"https:\/\/xocosave.com\/wp-content\/uploads\/2021\/11\/Croissants_oberts_kinder-2.jpg","datePublished":"2024-05-24T08:26:14+00:00","dateModified":"2024-06-17T11:07:33+00:00","description":"Disfruta de nuestro Xocroissant Especial de Kinder, una delicia \u00fanica con la combinaci\u00f3n perfecta de cruas\u00e1n y chocolate Kinder.","breadcrumb":{"@id":"https:\/\/xocosave.com\/es\/producte\/xocroissant-kinder\/#breadcrumb"},"inLanguage":"es","potentialAction":[{"@type":"ReadAction","target":["https:\/\/xocosave.com\/es\/producte\/xocroissant-kinder\/"]}]},{"@type":"ImageObject","inLanguage":"es","@id":"https:\/\/xocosave.com\/es\/producte\/xocroissant-kinder\/#primaryimage","url":"https:\/\/xocosave.com\/wp-content\/uploads\/2021\/11\/Croissants_oberts_kinder-2.jpg","contentUrl":"https:\/\/xocosave.com\/wp-content\/uploads\/2021\/11\/Croissants_oberts_kinder-2.jpg","width":1500,"height":1500},{"@type":"BreadcrumbList","@id":"https:\/\/xocosave.com\/es\/producte\/xocroissant-kinder\/#breadcrumb","itemListElement":[{"@type":"ListItem","position":1,"name":"Productes","item":"https:\/\/xocosave.com\/shop\/"},{"@type":"ListItem","position":2,"name":"Xocroissant Kinder"}]},{"@type":"WebSite","@id":"https:\/\/xocosave.com\/#website","url":"https:\/\/xocosave.com\/","name":"Xocosave | Xocolaters Pastissers des de 1880","description":"Millor Panettone artesanal d&#039;Espanya 2020 | Escultors de xocolata | porta al teu paladar la m\u00e9s alta qualitat dol\u00e7os i salats.","publisher":{"@id":"https:\/\/xocosave.com\/#organization"},"alternateName":"Xocosave","potentialAction":[{"@type":"SearchAction","target":{"@type":"EntryPoint","urlTemplate":"https:\/\/xocosave.com\/?s={search_term_string}"},"query-input":{"@type":"PropertyValueSpecification","valueRequired":true,"valueName":"search_term_string"}}],"inLanguage":"es"},{"@type":"Organization","@id":"https:\/\/xocosave.com\/#organization","name":"Xocosave | Xocolaters Pastissers des de 1880","url":"https:\/\/xocosave.com\/","logo":{"@type":"ImageObject","inLanguage":"es","@id":"https:\/\/xocosave.com\/#\/schema\/logo\/image\/","url":"https:\/\/xocosave.com\/wp-content\/uploads\/2024\/05\/cropped-Recurso-5.png","contentUrl":"https:\/\/xocosave.com\/wp-content\/uploads\/2024\/05\/cropped-Recurso-5.png","width":512,"height":512,"caption":"Xocosave | Xocolaters Pastissers des de 1880"},"image":{"@id":"https:\/\/xocosave.com\/#\/schema\/logo\/image\/"},"sameAs":["https:\/\/www.facebook.com\/Xocosave\/","https:\/\/www.instagram.com\/xocosave"]}]}},"_links":{"self":[{"href":"https:\/\/xocosave.com\/es\/wp-json\/wp\/v2\/product\/4319","targetHints":{"allow":["GET"]}}],"collection":[{"href":"https:\/\/xocosave.com\/es\/wp-json\/wp\/v2\/product"}],"about":[{"href":"https:\/\/xocosave.com\/es\/wp-json\/wp\/v2\/types\/product"}],"wp:featuredmedia":[{"embeddable":true,"href":"https:\/\/xocosave.com\/es\/wp-json\/wp\/v2\/media\/1563"}],"wp:attachment":[{"href":"https:\/\/xocosave.com\/es\/wp-json\/wp\/v2\/media?parent=4319"}],"wp:term":[{"taxonomy":"product_brand","embeddable":true,"href":"https:\/\/xocosave.com\/es\/wp-json\/wp\/v2\/product_brand?post=4319"},{"taxonomy":"product_cat","embeddable":true,"href":"https:\/\/xocosave.com\/es\/wp-json\/wp\/v2\/product_cat?post=4319"},{"taxonomy":"product_tag","embeddable":true,"href":"https:\/\/xocosave.com\/es\/wp-json\/wp\/v2\/product_tag?post=4319"}],"curies":[{"name":"wp","href":"https:\/\/api.w.org\/{rel}","templated":true}]}}