{"id":4305,"date":"2024-05-24T12:08:41","date_gmt":"2024-05-24T10:08:41","guid":{"rendered":"https:\/\/xocosave.com\/producte\/coca-de-crema-i-cireres-2\/"},"modified":"2024-06-19T15:50:47","modified_gmt":"2024-06-19T13:50:47","slug":"coca-de-crema-y-cerezas","status":"publish","type":"product","link":"https:\/\/xocosave.com\/es\/producte\/coca-de-crema-y-cerezas\/","title":{"rendered":"Coca de crema y cerezas"},"content":{"rendered":"<span class=\"collapseomatic \" id=\"id69e727d153bef\"  tabindex=\"0\" title=\"\"    ><\/span><div id=\"target-id69e727d153bef\" class=\"collapseomatic_content \">\n<p>Disfruta de nuestra exquisita coca de crema y cerezas. Con una masa suave, un relleno cremoso y el aroma fresco de las cerezas, es una delicia irresistible para cualquier momento del d\u00eda. Esta coca es una obra maestra de nuestra pasteler\u00eda, elaborada con ingredientes de la m\u00e1s alta calidad y siguiendo recetas tradicionales que han sido perfeccionadas a lo largo de los a\u00f1os. La masa suave y esponjosa es el resultado de una cuidadosa selecci\u00f3n de harinas y otros ingredientes, mezclados y fermentados con precisi\u00f3n para conseguir la textura perfecta.<\/p>\n<p>El relleno de crema es otra de las claves de esta coca. Hecho con leche fresca, huevos y un toque de vainilla, nuestra crema tiene una consistencia suave y un sabor delicado que complementa a la perfecci\u00f3n la masa. Cada mordisco se convierte en una experiencia deliciosa gracias a la combinaci\u00f3n de la textura esponjosa de la masa y la suavidad de la crema.<\/p>\n<p>Las cerezas frescas, seleccionadas con cuidado, aportan un toque dulce y ligeramente \u00e1cido que equilibra los sabores de la coca. Utilizamos cerezas maduras y jugosas, que no solo dan un sabor espectacular, sino que tambi\u00e9n a\u00f1aden un aroma fresco y atractivo a cada corte. Su vibrante coloraci\u00f3n hace que esta coca sea tan agradable a la vista como al paladar, convirti\u00e9ndola en el centro de atenci\u00f3n de cualquier mesa.<\/p>\n<p>Esta coca de crema y cerezas es ideal para cualquier momento del d\u00eda. Es perfecta para un almuerzo especial, una pausa a media ma\u00f1ana, una merienda con amigos o como postres despu\u00e9s de comer o cenar. Tambi\u00e9n es una opci\u00f3n excelente para celebraciones, reuniones familiares o simplemente para regalarte un momento de placer dulce.<\/p>\n<p>A\u00a0Xocosave, nos apasiona crear productos que no solo satisfagan el paladar, sino que tambi\u00e9n creen momentos inolvidables. Cada coca es preparada con amor y dedicaci\u00f3n, asegurando que cada detalle sea perfecto. Nos enorgullecemos de llevar a vuestras mesas una delicia que refleja el mejor de nuestra tradici\u00f3n pastelera.<\/p>\n<p>Invita tus a descubrir la magia de nuestra coca de crema y cerezas. Estamos seguros que, una vez la pruebes, se convertir\u00e1 en una de tus preferidas. Te esperamos con los brazos abiertos y una coca acabada de hacer para t\u00fa. Disfruta hoy mismo y transforma cualquier momento ordinario en una ocasi\u00f3n especial con\u00a0Xocosave.<\/p>\n<p><a href=\"https:\/\/xocosave.com\/es\/\"><\/a><br \/>\n<a href=\"https:\/\/www.instagram.com\/xocosave\/?hl=es\"><\/a><\/p>\n<\/div>\n","protected":false},"excerpt":{"rendered":"<p>Disfruta de nuestra exquisita coca de crema y cerezas. Con una masa suave, un relleno cremoso y el aroma fresco de las cerezas, es una delicia irresistible para cualquier momento del d\u00eda.<\/p>\n","protected":false},"featured_media":2267,"template":"","meta":{"_et_pb_use_builder":"","_et_pb_old_content":"","_et_gb_content_width":""},"product_brand":[],"product_cat":[343,357,341],"product_tag":[],"class_list":{"0":"post-4305","1":"product","2":"type-product","3":"status-publish","4":"has-post-thumbnail","6":"product_cat-coca-de-fruita-i-pinyons-es","7":"product_cat-cocas","8":"product_cat-coques-es","10":"first","11":"instock","12":"taxable","13":"shipping-taxable","14":"purchasable","15":"product-type-variable"},"yoast_head":"<!-- This site is optimized with the Yoast SEO plugin v25.9 - https:\/\/yoast.com\/wordpress\/plugins\/seo\/ -->\n<title>Coca de crema y cerezas - Xocosave | Xocolaters Pastissers des de 1880<\/title>\n<meta name=\"description\" content=\"Disfruta de nuestra exquisita coca de crema y cerezas. Con masa suave, relleno cremoso y aroma fresco de cerezas, es una delicia irresistible.\" \/>\n<meta name=\"robots\" content=\"index, follow, max-snippet:-1, max-image-preview:large, max-video-preview:-1\" \/>\n<link rel=\"canonical\" href=\"https:\/\/xocosave.com\/es\/producte\/coca-de-crema-y-cerezas\/\" \/>\n<meta property=\"og:locale\" content=\"es_ES\" \/>\n<meta property=\"og:type\" content=\"article\" \/>\n<meta property=\"og:title\" content=\"Coca de crema y cerezas - Xocosave | Xocolaters Pastissers des de 1880\" \/>\n<meta property=\"og:description\" content=\"Disfruta de nuestra exquisita coca de crema y cerezas. Con masa suave, relleno cremoso y aroma fresco de cerezas, es una delicia irresistible.\" \/>\n<meta property=\"og:url\" content=\"https:\/\/xocosave.com\/es\/producte\/coca-de-crema-y-cerezas\/\" \/>\n<meta property=\"og:site_name\" content=\"Xocosave | Xocolaters Pastissers des de 1880\" \/>\n<meta property=\"article:publisher\" content=\"https:\/\/www.facebook.com\/Xocosave\/\" \/>\n<meta property=\"article:modified_time\" content=\"2024-06-19T13:50:47+00:00\" \/>\n<meta property=\"og:image\" content=\"https:\/\/xocosave.com\/wp-content\/uploads\/2022\/06\/Coca-Crema-pinyons.jpg\" \/>\n\t<meta property=\"og:image:width\" content=\"1500\" \/>\n\t<meta property=\"og:image:height\" content=\"1500\" \/>\n\t<meta property=\"og:image:type\" content=\"image\/jpeg\" \/>\n<meta name=\"twitter:card\" content=\"summary_large_image\" \/>\n<meta name=\"twitter:label1\" content=\"Tiempo de lectura\" \/>\n\t<meta name=\"twitter:data1\" content=\"2 minutos\" \/>\n<script type=\"application\/ld+json\" class=\"yoast-schema-graph\">{\"@context\":\"https:\/\/schema.org\",\"@graph\":[{\"@type\":\"WebPage\",\"@id\":\"https:\/\/xocosave.com\/es\/producte\/coca-de-crema-y-cerezas\/\",\"url\":\"https:\/\/xocosave.com\/es\/producte\/coca-de-crema-y-cerezas\/\",\"name\":\"Coca de crema y cerezas - Xocosave | Xocolaters Pastissers des de 1880\",\"isPartOf\":{\"@id\":\"https:\/\/xocosave.com\/#website\"},\"primaryImageOfPage\":{\"@id\":\"https:\/\/xocosave.com\/es\/producte\/coca-de-crema-y-cerezas\/#primaryimage\"},\"image\":{\"@id\":\"https:\/\/xocosave.com\/es\/producte\/coca-de-crema-y-cerezas\/#primaryimage\"},\"thumbnailUrl\":\"https:\/\/xocosave.com\/wp-content\/uploads\/2022\/06\/Coca-Crema-pinyons.jpg\",\"datePublished\":\"2024-05-24T10:08:41+00:00\",\"dateModified\":\"2024-06-19T13:50:47+00:00\",\"description\":\"Disfruta de nuestra exquisita coca de crema y cerezas. Con masa suave, relleno cremoso y aroma fresco de cerezas, es una delicia irresistible.\",\"breadcrumb\":{\"@id\":\"https:\/\/xocosave.com\/es\/producte\/coca-de-crema-y-cerezas\/#breadcrumb\"},\"inLanguage\":\"es\",\"potentialAction\":[{\"@type\":\"ReadAction\",\"target\":[\"https:\/\/xocosave.com\/es\/producte\/coca-de-crema-y-cerezas\/\"]}]},{\"@type\":\"ImageObject\",\"inLanguage\":\"es\",\"@id\":\"https:\/\/xocosave.com\/es\/producte\/coca-de-crema-y-cerezas\/#primaryimage\",\"url\":\"https:\/\/xocosave.com\/wp-content\/uploads\/2022\/06\/Coca-Crema-pinyons.jpg\",\"contentUrl\":\"https:\/\/xocosave.com\/wp-content\/uploads\/2022\/06\/Coca-Crema-pinyons.jpg\",\"width\":1500,\"height\":1500},{\"@type\":\"BreadcrumbList\",\"@id\":\"https:\/\/xocosave.com\/es\/producte\/coca-de-crema-y-cerezas\/#breadcrumb\",\"itemListElement\":[{\"@type\":\"ListItem\",\"position\":1,\"name\":\"Productes\",\"item\":\"https:\/\/xocosave.com\/shop\/\"},{\"@type\":\"ListItem\",\"position\":2,\"name\":\"Coca de crema y cerezas\"}]},{\"@type\":\"WebSite\",\"@id\":\"https:\/\/xocosave.com\/#website\",\"url\":\"https:\/\/xocosave.com\/\",\"name\":\"Xocosave | Xocolaters Pastissers des de 1880\",\"description\":\"Millor Panettone artesanal d&#039;Espanya 2020 | Escultors de xocolata | porta al teu paladar la m\u00e9s alta qualitat dol\u00e7os i salats.\",\"publisher\":{\"@id\":\"https:\/\/xocosave.com\/#organization\"},\"alternateName\":\"Xocosave\",\"potentialAction\":[{\"@type\":\"SearchAction\",\"target\":{\"@type\":\"EntryPoint\",\"urlTemplate\":\"https:\/\/xocosave.com\/?s={search_term_string}\"},\"query-input\":{\"@type\":\"PropertyValueSpecification\",\"valueRequired\":true,\"valueName\":\"search_term_string\"}}],\"inLanguage\":\"es\"},{\"@type\":\"Organization\",\"@id\":\"https:\/\/xocosave.com\/#organization\",\"name\":\"Xocosave | Xocolaters Pastissers des de 1880\",\"url\":\"https:\/\/xocosave.com\/\",\"logo\":{\"@type\":\"ImageObject\",\"inLanguage\":\"es\",\"@id\":\"https:\/\/xocosave.com\/#\/schema\/logo\/image\/\",\"url\":\"https:\/\/xocosave.com\/wp-content\/uploads\/2024\/05\/cropped-Recurso-5.png\",\"contentUrl\":\"https:\/\/xocosave.com\/wp-content\/uploads\/2024\/05\/cropped-Recurso-5.png\",\"width\":512,\"height\":512,\"caption\":\"Xocosave | Xocolaters Pastissers des de 1880\"},\"image\":{\"@id\":\"https:\/\/xocosave.com\/#\/schema\/logo\/image\/\"},\"sameAs\":[\"https:\/\/www.facebook.com\/Xocosave\/\",\"https:\/\/www.instagram.com\/xocosave\"]}]}<\/script>\n<!-- \/ Yoast SEO plugin. -->","yoast_head_json":{"title":"Coca de crema y cerezas - Xocosave | Xocolaters Pastissers des de 1880","description":"Disfruta de nuestra exquisita coca de crema y cerezas. Con masa suave, relleno cremoso y aroma fresco de cerezas, es una delicia irresistible.","robots":{"index":"index","follow":"follow","max-snippet":"max-snippet:-1","max-image-preview":"max-image-preview:large","max-video-preview":"max-video-preview:-1"},"canonical":"https:\/\/xocosave.com\/es\/producte\/coca-de-crema-y-cerezas\/","og_locale":"es_ES","og_type":"article","og_title":"Coca de crema y cerezas - Xocosave | Xocolaters Pastissers des de 1880","og_description":"Disfruta de nuestra exquisita coca de crema y cerezas. Con masa suave, relleno cremoso y aroma fresco de cerezas, es una delicia irresistible.","og_url":"https:\/\/xocosave.com\/es\/producte\/coca-de-crema-y-cerezas\/","og_site_name":"Xocosave | Xocolaters Pastissers des de 1880","article_publisher":"https:\/\/www.facebook.com\/Xocosave\/","article_modified_time":"2024-06-19T13:50:47+00:00","og_image":[{"width":1500,"height":1500,"url":"https:\/\/xocosave.com\/wp-content\/uploads\/2022\/06\/Coca-Crema-pinyons.jpg","type":"image\/jpeg"}],"twitter_card":"summary_large_image","twitter_misc":{"Tiempo de lectura":"2 minutos"},"schema":{"@context":"https:\/\/schema.org","@graph":[{"@type":"WebPage","@id":"https:\/\/xocosave.com\/es\/producte\/coca-de-crema-y-cerezas\/","url":"https:\/\/xocosave.com\/es\/producte\/coca-de-crema-y-cerezas\/","name":"Coca de crema y cerezas - Xocosave | Xocolaters Pastissers des de 1880","isPartOf":{"@id":"https:\/\/xocosave.com\/#website"},"primaryImageOfPage":{"@id":"https:\/\/xocosave.com\/es\/producte\/coca-de-crema-y-cerezas\/#primaryimage"},"image":{"@id":"https:\/\/xocosave.com\/es\/producte\/coca-de-crema-y-cerezas\/#primaryimage"},"thumbnailUrl":"https:\/\/xocosave.com\/wp-content\/uploads\/2022\/06\/Coca-Crema-pinyons.jpg","datePublished":"2024-05-24T10:08:41+00:00","dateModified":"2024-06-19T13:50:47+00:00","description":"Disfruta de nuestra exquisita coca de crema y cerezas. Con masa suave, relleno cremoso y aroma fresco de cerezas, es una delicia irresistible.","breadcrumb":{"@id":"https:\/\/xocosave.com\/es\/producte\/coca-de-crema-y-cerezas\/#breadcrumb"},"inLanguage":"es","potentialAction":[{"@type":"ReadAction","target":["https:\/\/xocosave.com\/es\/producte\/coca-de-crema-y-cerezas\/"]}]},{"@type":"ImageObject","inLanguage":"es","@id":"https:\/\/xocosave.com\/es\/producte\/coca-de-crema-y-cerezas\/#primaryimage","url":"https:\/\/xocosave.com\/wp-content\/uploads\/2022\/06\/Coca-Crema-pinyons.jpg","contentUrl":"https:\/\/xocosave.com\/wp-content\/uploads\/2022\/06\/Coca-Crema-pinyons.jpg","width":1500,"height":1500},{"@type":"BreadcrumbList","@id":"https:\/\/xocosave.com\/es\/producte\/coca-de-crema-y-cerezas\/#breadcrumb","itemListElement":[{"@type":"ListItem","position":1,"name":"Productes","item":"https:\/\/xocosave.com\/shop\/"},{"@type":"ListItem","position":2,"name":"Coca de crema y cerezas"}]},{"@type":"WebSite","@id":"https:\/\/xocosave.com\/#website","url":"https:\/\/xocosave.com\/","name":"Xocosave | Xocolaters Pastissers des de 1880","description":"Millor Panettone artesanal d&#039;Espanya 2020 | Escultors de xocolata | porta al teu paladar la m\u00e9s alta qualitat dol\u00e7os i salats.","publisher":{"@id":"https:\/\/xocosave.com\/#organization"},"alternateName":"Xocosave","potentialAction":[{"@type":"SearchAction","target":{"@type":"EntryPoint","urlTemplate":"https:\/\/xocosave.com\/?s={search_term_string}"},"query-input":{"@type":"PropertyValueSpecification","valueRequired":true,"valueName":"search_term_string"}}],"inLanguage":"es"},{"@type":"Organization","@id":"https:\/\/xocosave.com\/#organization","name":"Xocosave | Xocolaters Pastissers des de 1880","url":"https:\/\/xocosave.com\/","logo":{"@type":"ImageObject","inLanguage":"es","@id":"https:\/\/xocosave.com\/#\/schema\/logo\/image\/","url":"https:\/\/xocosave.com\/wp-content\/uploads\/2024\/05\/cropped-Recurso-5.png","contentUrl":"https:\/\/xocosave.com\/wp-content\/uploads\/2024\/05\/cropped-Recurso-5.png","width":512,"height":512,"caption":"Xocosave | Xocolaters Pastissers des de 1880"},"image":{"@id":"https:\/\/xocosave.com\/#\/schema\/logo\/image\/"},"sameAs":["https:\/\/www.facebook.com\/Xocosave\/","https:\/\/www.instagram.com\/xocosave"]}]}},"_links":{"self":[{"href":"https:\/\/xocosave.com\/es\/wp-json\/wp\/v2\/product\/4305","targetHints":{"allow":["GET"]}}],"collection":[{"href":"https:\/\/xocosave.com\/es\/wp-json\/wp\/v2\/product"}],"about":[{"href":"https:\/\/xocosave.com\/es\/wp-json\/wp\/v2\/types\/product"}],"wp:featuredmedia":[{"embeddable":true,"href":"https:\/\/xocosave.com\/es\/wp-json\/wp\/v2\/media\/2267"}],"wp:attachment":[{"href":"https:\/\/xocosave.com\/es\/wp-json\/wp\/v2\/media?parent=4305"}],"wp:term":[{"taxonomy":"product_brand","embeddable":true,"href":"https:\/\/xocosave.com\/es\/wp-json\/wp\/v2\/product_brand?post=4305"},{"taxonomy":"product_cat","embeddable":true,"href":"https:\/\/xocosave.com\/es\/wp-json\/wp\/v2\/product_cat?post=4305"},{"taxonomy":"product_tag","embeddable":true,"href":"https:\/\/xocosave.com\/es\/wp-json\/wp\/v2\/product_tag?post=4305"}],"curies":[{"name":"wp","href":"https:\/\/api.w.org\/{rel}","templated":true}]}}