{"id":4301,"date":"2024-05-24T12:26:08","date_gmt":"2024-05-24T10:26:08","guid":{"rendered":"https:\/\/xocosave.com\/producte\/coca-de-fruita-farcida-cabell-dangel\/"},"modified":"2024-06-19T15:48:33","modified_gmt":"2024-06-19T13:48:33","slug":"coca-de-fruta-cabello-de-angel","status":"publish","type":"product","link":"https:\/\/xocosave.com\/es\/producte\/coca-de-fruta-cabello-de-angel\/","title":{"rendered":"Coca de fruta rellena cabello de angel"},"content":{"rendered":"<p>Delitja&#8217;t amb la nostra coca de fruita i pinyons farcida amb cabell d&#8217;\u00e0ngel. Amb una massa esponjosa, coberta amb fruita fresca i pinyons crocants, i un irresistible farciment de cabell d&#8217;\u00e0ngel, \u00e9s una combinaci\u00f3 de sabors \u00fanica que et transportar\u00e0 als sabors tradicionals de la pastisseria artesanal.<\/p>\n<span class=\"collapseomatic \" id=\"id69e5e9106b7f2\"  tabindex=\"0\" title=\"\"    ><\/span><div id=\"target-id69e5e9106b7f2\" class=\"collapseomatic_content \">\n<a href=\"https:\/\/instagram.com\" rel=\"follow\">follow<\/a><br \/>\n<a href=\"\/home\">home<\/a><\/p>\n<p>Delitja&#8217;t amb la nostra coca de fruita i pinyons farcida amb cabell d&#8217;\u00e0ngel, una aut\u00e8ntica del\u00edcia que et transportar\u00e0 als sabors tradicionals de la pastisseria artesanal. Amb una massa esponjosa que es fon delicadament a la boca, coberta amb fruita fresca i pinyons crocants, i un irresistible farciment de cabell d&#8217;\u00e0ngel, aquesta coca \u00e9s una combinaci\u00f3 de sabors \u00fanica que no podr\u00e0s resistir.<\/p>\n<p>Cada trosset d&#8217;aquesta coca \u00e9s una explosi\u00f3 de sabors, des de la dol\u00e7or refrescant de la fruita fresca fins a la textura cruixent dels pinyons torrats. El farciment de cabell d&#8217;\u00e0ngel aporta una nota subtil i irresistiblement dol\u00e7a que complementa perfectament la resta dels ingredients, creant una experi\u00e8ncia gustativa inoblidable.<\/p>\n<p>Ja sigui per acompanyar un caf\u00e8 a mitja tarda o per endolcir una celebraci\u00f3 especial, la nostra coca de fruita i pinyons farcida amb cabell d&#8217;\u00e0ngel \u00e9s una elecci\u00f3 perfecta. Cada mossegada et transportar\u00e0 a un m\u00f3n de plaer i delit, mentre gaudeixes dels sabors aut\u00e8ntics de la pastisseria artesanal.<\/p>\n<p>Deixa&#8217;t seduir pel seductor aroma dels pinyons torrats i la dol\u00e7a frag\u00e0ncia del cabell d&#8217;\u00e0ngel mentre et submergeixes en una experi\u00e8ncia culin\u00e0ria que desperta tots els sentits. Amb la nostra, cada trosset \u00e9s un viatge cap a la felicitat gastron\u00f2mica que no oblidar\u00e0s mai.<br \/>\n<\/div>\n","protected":false},"excerpt":{"rendered":"<p>Disfruta de nuestra coca de fruta y pi\u00f1ones rellenada con cabello de \u00e1ngel. Con una masa esponjosa, cubierta con fruta fresca y pi\u00f1ones crocants, y un irresistible relleno de cabello de \u00e1ngel, es una combinaci\u00f3n de sabores \u00fanica que te transportar\u00e1 a los sabores tradicionales de la pasteler\u00eda artesanal.<\/p>\n","protected":false},"featured_media":2245,"template":"","meta":{"_et_pb_use_builder":"","_et_pb_old_content":"","_et_gb_content_width":""},"product_brand":[],"product_cat":[356,358],"product_tag":[],"class_list":{"0":"post-4301","1":"product","2":"type-product","3":"status-publish","4":"has-post-thumbnail","6":"product_cat-coca-de-fruta-i-pinones","7":"product_cat-cocas-de-azucar","9":"first","10":"instock","11":"taxable","12":"shipping-taxable","13":"purchasable","14":"product-type-simple"},"yoast_head":"<!-- This site is optimized with the Yoast SEO plugin v25.9 - https:\/\/yoast.com\/wordpress\/plugins\/seo\/ -->\n<title>Coca de fruta rellena cabello de angel - Xocosave | Xocolaters Pastissers des de 1880<\/title>\n<meta name=\"description\" content=\"Disfruta con nuestra coca de fruta y pi\u00f1ones rellenada con cabello de angel. Cada trocito de esta coca es una explosi\u00f3n de sabores.\" \/>\n<meta name=\"robots\" content=\"index, follow, max-snippet:-1, max-image-preview:large, max-video-preview:-1\" \/>\n<link rel=\"canonical\" href=\"https:\/\/xocosave.com\/es\/producte\/coca-de-fruta-cabello-de-angel\/\" \/>\n<meta property=\"og:locale\" content=\"es_ES\" \/>\n<meta property=\"og:type\" content=\"article\" \/>\n<meta property=\"og:title\" content=\"Coca de fruta rellena cabello de angel - Xocosave | Xocolaters Pastissers des de 1880\" \/>\n<meta property=\"og:description\" content=\"Disfruta con nuestra coca de fruta y pi\u00f1ones rellenada con cabello de angel. Cada trocito de esta coca es una explosi\u00f3n de sabores.\" \/>\n<meta property=\"og:url\" content=\"https:\/\/xocosave.com\/es\/producte\/coca-de-fruta-cabello-de-angel\/\" \/>\n<meta property=\"og:site_name\" content=\"Xocosave | Xocolaters Pastissers des de 1880\" \/>\n<meta property=\"article:publisher\" content=\"https:\/\/www.facebook.com\/Xocosave\/\" \/>\n<meta property=\"article:modified_time\" content=\"2024-06-19T13:48:33+00:00\" \/>\n<meta property=\"og:image\" content=\"https:\/\/xocosave.com\/wp-content\/uploads\/2022\/06\/Coca-Fruita-Sola.jpg\" \/>\n\t<meta property=\"og:image:width\" content=\"1500\" \/>\n\t<meta property=\"og:image:height\" content=\"1500\" \/>\n\t<meta property=\"og:image:type\" content=\"image\/jpeg\" \/>\n<meta name=\"twitter:card\" content=\"summary_large_image\" \/>\n<meta name=\"twitter:label1\" content=\"Tiempo de lectura\" \/>\n\t<meta name=\"twitter:data1\" content=\"2 minutos\" \/>\n<script type=\"application\/ld+json\" class=\"yoast-schema-graph\">{\"@context\":\"https:\/\/schema.org\",\"@graph\":[{\"@type\":\"WebPage\",\"@id\":\"https:\/\/xocosave.com\/es\/producte\/coca-de-fruta-cabello-de-angel\/\",\"url\":\"https:\/\/xocosave.com\/es\/producte\/coca-de-fruta-cabello-de-angel\/\",\"name\":\"Coca de fruta rellena cabello de angel - Xocosave | Xocolaters Pastissers des de 1880\",\"isPartOf\":{\"@id\":\"https:\/\/xocosave.com\/#website\"},\"primaryImageOfPage\":{\"@id\":\"https:\/\/xocosave.com\/es\/producte\/coca-de-fruta-cabello-de-angel\/#primaryimage\"},\"image\":{\"@id\":\"https:\/\/xocosave.com\/es\/producte\/coca-de-fruta-cabello-de-angel\/#primaryimage\"},\"thumbnailUrl\":\"https:\/\/xocosave.com\/wp-content\/uploads\/2022\/06\/Coca-Fruita-Sola.jpg\",\"datePublished\":\"2024-05-24T10:26:08+00:00\",\"dateModified\":\"2024-06-19T13:48:33+00:00\",\"description\":\"Disfruta con nuestra coca de fruta y pi\u00f1ones rellenada con cabello de angel. Cada trocito de esta coca es una explosi\u00f3n de sabores.\",\"breadcrumb\":{\"@id\":\"https:\/\/xocosave.com\/es\/producte\/coca-de-fruta-cabello-de-angel\/#breadcrumb\"},\"inLanguage\":\"es\",\"potentialAction\":[{\"@type\":\"ReadAction\",\"target\":[\"https:\/\/xocosave.com\/es\/producte\/coca-de-fruta-cabello-de-angel\/\"]}]},{\"@type\":\"ImageObject\",\"inLanguage\":\"es\",\"@id\":\"https:\/\/xocosave.com\/es\/producte\/coca-de-fruta-cabello-de-angel\/#primaryimage\",\"url\":\"https:\/\/xocosave.com\/wp-content\/uploads\/2022\/06\/Coca-Fruita-Sola.jpg\",\"contentUrl\":\"https:\/\/xocosave.com\/wp-content\/uploads\/2022\/06\/Coca-Fruita-Sola.jpg\",\"width\":1500,\"height\":1500,\"caption\":\"coca fruta\"},{\"@type\":\"BreadcrumbList\",\"@id\":\"https:\/\/xocosave.com\/es\/producte\/coca-de-fruta-cabello-de-angel\/#breadcrumb\",\"itemListElement\":[{\"@type\":\"ListItem\",\"position\":1,\"name\":\"Productes\",\"item\":\"https:\/\/xocosave.com\/shop\/\"},{\"@type\":\"ListItem\",\"position\":2,\"name\":\"Coca de fruta rellena cabello de angel\"}]},{\"@type\":\"WebSite\",\"@id\":\"https:\/\/xocosave.com\/#website\",\"url\":\"https:\/\/xocosave.com\/\",\"name\":\"Xocosave | Xocolaters Pastissers des de 1880\",\"description\":\"Millor Panettone artesanal d&#039;Espanya 2020 | Escultors de xocolata | porta al teu paladar la m\u00e9s alta qualitat dol\u00e7os i salats.\",\"publisher\":{\"@id\":\"https:\/\/xocosave.com\/#organization\"},\"alternateName\":\"Xocosave\",\"potentialAction\":[{\"@type\":\"SearchAction\",\"target\":{\"@type\":\"EntryPoint\",\"urlTemplate\":\"https:\/\/xocosave.com\/?s={search_term_string}\"},\"query-input\":{\"@type\":\"PropertyValueSpecification\",\"valueRequired\":true,\"valueName\":\"search_term_string\"}}],\"inLanguage\":\"es\"},{\"@type\":\"Organization\",\"@id\":\"https:\/\/xocosave.com\/#organization\",\"name\":\"Xocosave | Xocolaters Pastissers des de 1880\",\"url\":\"https:\/\/xocosave.com\/\",\"logo\":{\"@type\":\"ImageObject\",\"inLanguage\":\"es\",\"@id\":\"https:\/\/xocosave.com\/#\/schema\/logo\/image\/\",\"url\":\"https:\/\/xocosave.com\/wp-content\/uploads\/2024\/05\/cropped-Recurso-5.png\",\"contentUrl\":\"https:\/\/xocosave.com\/wp-content\/uploads\/2024\/05\/cropped-Recurso-5.png\",\"width\":512,\"height\":512,\"caption\":\"Xocosave | Xocolaters Pastissers des de 1880\"},\"image\":{\"@id\":\"https:\/\/xocosave.com\/#\/schema\/logo\/image\/\"},\"sameAs\":[\"https:\/\/www.facebook.com\/Xocosave\/\",\"https:\/\/www.instagram.com\/xocosave\"]}]}<\/script>\n<!-- \/ Yoast SEO plugin. -->","yoast_head_json":{"title":"Coca de fruta rellena cabello de angel - Xocosave | Xocolaters Pastissers des de 1880","description":"Disfruta con nuestra coca de fruta y pi\u00f1ones rellenada con cabello de angel. Cada trocito de esta coca es una explosi\u00f3n de sabores.","robots":{"index":"index","follow":"follow","max-snippet":"max-snippet:-1","max-image-preview":"max-image-preview:large","max-video-preview":"max-video-preview:-1"},"canonical":"https:\/\/xocosave.com\/es\/producte\/coca-de-fruta-cabello-de-angel\/","og_locale":"es_ES","og_type":"article","og_title":"Coca de fruta rellena cabello de angel - Xocosave | Xocolaters Pastissers des de 1880","og_description":"Disfruta con nuestra coca de fruta y pi\u00f1ones rellenada con cabello de angel. Cada trocito de esta coca es una explosi\u00f3n de sabores.","og_url":"https:\/\/xocosave.com\/es\/producte\/coca-de-fruta-cabello-de-angel\/","og_site_name":"Xocosave | Xocolaters Pastissers des de 1880","article_publisher":"https:\/\/www.facebook.com\/Xocosave\/","article_modified_time":"2024-06-19T13:48:33+00:00","og_image":[{"width":1500,"height":1500,"url":"https:\/\/xocosave.com\/wp-content\/uploads\/2022\/06\/Coca-Fruita-Sola.jpg","type":"image\/jpeg"}],"twitter_card":"summary_large_image","twitter_misc":{"Tiempo de lectura":"2 minutos"},"schema":{"@context":"https:\/\/schema.org","@graph":[{"@type":"WebPage","@id":"https:\/\/xocosave.com\/es\/producte\/coca-de-fruta-cabello-de-angel\/","url":"https:\/\/xocosave.com\/es\/producte\/coca-de-fruta-cabello-de-angel\/","name":"Coca de fruta rellena cabello de angel - Xocosave | Xocolaters Pastissers des de 1880","isPartOf":{"@id":"https:\/\/xocosave.com\/#website"},"primaryImageOfPage":{"@id":"https:\/\/xocosave.com\/es\/producte\/coca-de-fruta-cabello-de-angel\/#primaryimage"},"image":{"@id":"https:\/\/xocosave.com\/es\/producte\/coca-de-fruta-cabello-de-angel\/#primaryimage"},"thumbnailUrl":"https:\/\/xocosave.com\/wp-content\/uploads\/2022\/06\/Coca-Fruita-Sola.jpg","datePublished":"2024-05-24T10:26:08+00:00","dateModified":"2024-06-19T13:48:33+00:00","description":"Disfruta con nuestra coca de fruta y pi\u00f1ones rellenada con cabello de angel. Cada trocito de esta coca es una explosi\u00f3n de sabores.","breadcrumb":{"@id":"https:\/\/xocosave.com\/es\/producte\/coca-de-fruta-cabello-de-angel\/#breadcrumb"},"inLanguage":"es","potentialAction":[{"@type":"ReadAction","target":["https:\/\/xocosave.com\/es\/producte\/coca-de-fruta-cabello-de-angel\/"]}]},{"@type":"ImageObject","inLanguage":"es","@id":"https:\/\/xocosave.com\/es\/producte\/coca-de-fruta-cabello-de-angel\/#primaryimage","url":"https:\/\/xocosave.com\/wp-content\/uploads\/2022\/06\/Coca-Fruita-Sola.jpg","contentUrl":"https:\/\/xocosave.com\/wp-content\/uploads\/2022\/06\/Coca-Fruita-Sola.jpg","width":1500,"height":1500,"caption":"coca fruta"},{"@type":"BreadcrumbList","@id":"https:\/\/xocosave.com\/es\/producte\/coca-de-fruta-cabello-de-angel\/#breadcrumb","itemListElement":[{"@type":"ListItem","position":1,"name":"Productes","item":"https:\/\/xocosave.com\/shop\/"},{"@type":"ListItem","position":2,"name":"Coca de fruta rellena cabello de angel"}]},{"@type":"WebSite","@id":"https:\/\/xocosave.com\/#website","url":"https:\/\/xocosave.com\/","name":"Xocosave | Xocolaters Pastissers des de 1880","description":"Millor Panettone artesanal d&#039;Espanya 2020 | Escultors de xocolata | porta al teu paladar la m\u00e9s alta qualitat dol\u00e7os i salats.","publisher":{"@id":"https:\/\/xocosave.com\/#organization"},"alternateName":"Xocosave","potentialAction":[{"@type":"SearchAction","target":{"@type":"EntryPoint","urlTemplate":"https:\/\/xocosave.com\/?s={search_term_string}"},"query-input":{"@type":"PropertyValueSpecification","valueRequired":true,"valueName":"search_term_string"}}],"inLanguage":"es"},{"@type":"Organization","@id":"https:\/\/xocosave.com\/#organization","name":"Xocosave | Xocolaters Pastissers des de 1880","url":"https:\/\/xocosave.com\/","logo":{"@type":"ImageObject","inLanguage":"es","@id":"https:\/\/xocosave.com\/#\/schema\/logo\/image\/","url":"https:\/\/xocosave.com\/wp-content\/uploads\/2024\/05\/cropped-Recurso-5.png","contentUrl":"https:\/\/xocosave.com\/wp-content\/uploads\/2024\/05\/cropped-Recurso-5.png","width":512,"height":512,"caption":"Xocosave | Xocolaters Pastissers des de 1880"},"image":{"@id":"https:\/\/xocosave.com\/#\/schema\/logo\/image\/"},"sameAs":["https:\/\/www.facebook.com\/Xocosave\/","https:\/\/www.instagram.com\/xocosave"]}]}},"_links":{"self":[{"href":"https:\/\/xocosave.com\/es\/wp-json\/wp\/v2\/product\/4301","targetHints":{"allow":["GET"]}}],"collection":[{"href":"https:\/\/xocosave.com\/es\/wp-json\/wp\/v2\/product"}],"about":[{"href":"https:\/\/xocosave.com\/es\/wp-json\/wp\/v2\/types\/product"}],"wp:featuredmedia":[{"embeddable":true,"href":"https:\/\/xocosave.com\/es\/wp-json\/wp\/v2\/media\/2245"}],"wp:attachment":[{"href":"https:\/\/xocosave.com\/es\/wp-json\/wp\/v2\/media?parent=4301"}],"wp:term":[{"taxonomy":"product_brand","embeddable":true,"href":"https:\/\/xocosave.com\/es\/wp-json\/wp\/v2\/product_brand?post=4301"},{"taxonomy":"product_cat","embeddable":true,"href":"https:\/\/xocosave.com\/es\/wp-json\/wp\/v2\/product_cat?post=4301"},{"taxonomy":"product_tag","embeddable":true,"href":"https:\/\/xocosave.com\/es\/wp-json\/wp\/v2\/product_tag?post=4301"}],"curies":[{"name":"wp","href":"https:\/\/api.w.org\/{rel}","templated":true}]}}