{"id":4299,"date":"2024-05-24T12:33:09","date_gmt":"2024-05-24T10:33:09","guid":{"rendered":"https:\/\/xocosave.com\/producte\/coca-de-sucre-i-pinyons\/"},"modified":"2024-06-19T15:45:15","modified_gmt":"2024-06-19T13:45:15","slug":"coca-de-azucar-y-pinones","status":"publish","type":"product","link":"https:\/\/xocosave.com\/es\/producte\/coca-de-azucar-y-pinones\/","title":{"rendered":"Coca de az\u00facar y pi\u00f1ones"},"content":{"rendered":"<p><span data-sheets-root=\"1\" data-sheets-value=\"{&quot;1&quot;:2,&quot;2&quot;:&quot;Assaboreix la nostra aut\u00e8ntica coca de sucre i pinyons. Amb una base de massa suau i esponjosa, coberta amb una capa generosa de sucre i pinyons torrats, \u00e9s la combinaci\u00f3 perfecta de dol\u00e7or i textura que et far\u00e0 perdre el cap.&quot;}\" data-sheets-userformat=\"{&quot;2&quot;:513,&quot;3&quot;:{&quot;1&quot;:0},&quot;12&quot;:0}\">Assaboreix la nostra aut\u00e8ntica coca de sucre i pinyons. Amb una base de massa suau i esponjosa, coberta amb una capa generosa de sucre i pinyons torrats, \u00e9s la combinaci\u00f3 perfecta de dol\u00e7or i textura que et far\u00e0 perdre el cap.<\/span><br \/>\n<span class=\"collapseomatic \" id=\"id69e89265cbefd\"  tabindex=\"0\" title=\"\"    ><\/span><div id=\"target-id69e89265cbefd\" class=\"collapseomatic_content \">\n<a href=\"https:\/\/instagram.com\" rel=\"follow\">follow<\/a><br \/>\n<a href=\"\/home\">home<\/a><\/p>\n<p>Saborea nuestra aut\u00e9ntica coca de az\u00facar y pi\u00f1ones, una delicia irresistible que captura la esencia de la tradici\u00f3n y el sabor. Con una base de masa suave y esponjosa que se derrite delicadamente en la boca, y cubierta con una capa generosa de az\u00facar y pi\u00f1ones tostados, es la combinaci\u00f3n perfecta de dulzura y textura que te har\u00e1 perder la cabeza.<\/p>\n<p>Cada mordisco de esta coca evoca recuerdos de reuniones familiares y celebraciones, transport\u00e1ndote a momentos de puro placer y satisfacci\u00f3n. La delicadeza de la masa, junto al crujiente de los pi\u00f1ones tostados y la dulzura del az\u00facar, crea una experiencia gustativa inolvidable que te har\u00e1 desear m\u00e1s.<\/p>\n<p>Ya sea para acompa\u00f1ar un caf\u00e9 madrugador o para compartir con amigos y familia en una ocasi\u00f3n especial, nuestra torta de az\u00facar y pi\u00f1ones es la elecci\u00f3n perfecta. Cada pedacito es una invitaci\u00f3n a adentrarse en el placer de los sabores tradicionales y la calidez de los momentos compartidos.<\/p>\n<p>D\u00e9jate llevar por el seductor aroma de los pi\u00f1ones tostados y la suavidad de nuestra masa mientras te sumerges en una experiencia culinaria que despierta todos los sentidos. Con nuestra torta de az\u00facar y pi\u00f1ones, cada pedacito es un viaje hacia la felicidad gastron\u00f3mica que nunca olvidar\u00e1s.<br \/>\n<\/div>\n","protected":false},"excerpt":{"rendered":"<p>Saborea nuestra aut\u00e9ntica coca de az\u00facar y pi\u00f1ones. Con una base de masa suave y esponjosa, cubierta con una capa generosa de az\u00facar y pi\u00f1ones tostados, es la combinaci\u00f3n perfecta de dulzura y textura que te har\u00e1 perder el jefe.<\/p>\n","protected":false},"featured_media":2237,"template":"","meta":{"_et_pb_use_builder":"","_et_pb_old_content":"","_et_gb_content_width":""},"product_brand":[],"product_cat":[357,358],"product_tag":[],"class_list":{"0":"post-4299","1":"product","2":"type-product","3":"status-publish","4":"has-post-thumbnail","6":"product_cat-cocas","7":"product_cat-cocas-de-azucar","9":"first","10":"instock","11":"taxable","12":"shipping-taxable","13":"purchasable","14":"product-type-variable"},"yoast_head":"<!-- This site is optimized with the Yoast SEO plugin v25.9 - https:\/\/yoast.com\/wordpress\/plugins\/seo\/ -->\n<title>Coca de az\u00facar y pi\u00f1ones - Xocosave | Xocolaters Pastissers des de 1880<\/title>\n<meta name=\"description\" content=\"Saborea nuestra aut\u00e9ntica coca de az\u00facar y pi\u00f1ones. Con una base de masa suave y esponjosa, cubierta con una generosa capa de az\u00facar y pi\u00f1ones tostados.\" \/>\n<meta name=\"robots\" content=\"index, follow, max-snippet:-1, max-image-preview:large, max-video-preview:-1\" \/>\n<link rel=\"canonical\" href=\"https:\/\/xocosave.com\/es\/producte\/coca-de-azucar-y-pinones\/\" \/>\n<meta property=\"og:locale\" content=\"es_ES\" \/>\n<meta property=\"og:type\" content=\"article\" \/>\n<meta property=\"og:title\" content=\"Coca de az\u00facar y pi\u00f1ones - Xocosave | Xocolaters Pastissers des de 1880\" \/>\n<meta property=\"og:description\" content=\"Saborea nuestra aut\u00e9ntica coca de az\u00facar y pi\u00f1ones. Con una base de masa suave y esponjosa, cubierta con una generosa capa de az\u00facar y pi\u00f1ones tostados.\" \/>\n<meta property=\"og:url\" content=\"https:\/\/xocosave.com\/es\/producte\/coca-de-azucar-y-pinones\/\" \/>\n<meta property=\"og:site_name\" content=\"Xocosave | Xocolaters Pastissers des de 1880\" \/>\n<meta property=\"article:publisher\" content=\"https:\/\/www.facebook.com\/Xocosave\/\" \/>\n<meta property=\"article:modified_time\" content=\"2024-06-19T13:45:15+00:00\" \/>\n<meta property=\"og:image\" content=\"https:\/\/xocosave.com\/wp-content\/uploads\/2022\/06\/Coca-pinyons.jpg\" \/>\n\t<meta property=\"og:image:width\" content=\"1500\" \/>\n\t<meta property=\"og:image:height\" content=\"1500\" \/>\n\t<meta property=\"og:image:type\" content=\"image\/jpeg\" \/>\n<meta name=\"twitter:card\" content=\"summary_large_image\" \/>\n<meta name=\"twitter:label1\" content=\"Tiempo de lectura\" \/>\n\t<meta name=\"twitter:data1\" content=\"2 minutos\" \/>\n<script type=\"application\/ld+json\" class=\"yoast-schema-graph\">{\"@context\":\"https:\/\/schema.org\",\"@graph\":[{\"@type\":\"WebPage\",\"@id\":\"https:\/\/xocosave.com\/es\/producte\/coca-de-azucar-y-pinones\/\",\"url\":\"https:\/\/xocosave.com\/es\/producte\/coca-de-azucar-y-pinones\/\",\"name\":\"Coca de az\u00facar y pi\u00f1ones - Xocosave | Xocolaters Pastissers des de 1880\",\"isPartOf\":{\"@id\":\"https:\/\/xocosave.com\/#website\"},\"primaryImageOfPage\":{\"@id\":\"https:\/\/xocosave.com\/es\/producte\/coca-de-azucar-y-pinones\/#primaryimage\"},\"image\":{\"@id\":\"https:\/\/xocosave.com\/es\/producte\/coca-de-azucar-y-pinones\/#primaryimage\"},\"thumbnailUrl\":\"https:\/\/xocosave.com\/wp-content\/uploads\/2022\/06\/Coca-pinyons.jpg\",\"datePublished\":\"2024-05-24T10:33:09+00:00\",\"dateModified\":\"2024-06-19T13:45:15+00:00\",\"description\":\"Saborea nuestra aut\u00e9ntica coca de az\u00facar y pi\u00f1ones. Con una base de masa suave y esponjosa, cubierta con una generosa capa de az\u00facar y pi\u00f1ones tostados.\",\"breadcrumb\":{\"@id\":\"https:\/\/xocosave.com\/es\/producte\/coca-de-azucar-y-pinones\/#breadcrumb\"},\"inLanguage\":\"es\",\"potentialAction\":[{\"@type\":\"ReadAction\",\"target\":[\"https:\/\/xocosave.com\/es\/producte\/coca-de-azucar-y-pinones\/\"]}]},{\"@type\":\"ImageObject\",\"inLanguage\":\"es\",\"@id\":\"https:\/\/xocosave.com\/es\/producte\/coca-de-azucar-y-pinones\/#primaryimage\",\"url\":\"https:\/\/xocosave.com\/wp-content\/uploads\/2022\/06\/Coca-pinyons.jpg\",\"contentUrl\":\"https:\/\/xocosave.com\/wp-content\/uploads\/2022\/06\/Coca-pinyons.jpg\",\"width\":1500,\"height\":1500,\"caption\":\"coca de azucar y pi\u00f1ones\"},{\"@type\":\"BreadcrumbList\",\"@id\":\"https:\/\/xocosave.com\/es\/producte\/coca-de-azucar-y-pinones\/#breadcrumb\",\"itemListElement\":[{\"@type\":\"ListItem\",\"position\":1,\"name\":\"Productes\",\"item\":\"https:\/\/xocosave.com\/shop\/\"},{\"@type\":\"ListItem\",\"position\":2,\"name\":\"Coca de az\u00facar y pi\u00f1ones\"}]},{\"@type\":\"WebSite\",\"@id\":\"https:\/\/xocosave.com\/#website\",\"url\":\"https:\/\/xocosave.com\/\",\"name\":\"Xocosave | Xocolaters Pastissers des de 1880\",\"description\":\"Millor Panettone artesanal d&#039;Espanya 2020 | Escultors de xocolata | porta al teu paladar la m\u00e9s alta qualitat dol\u00e7os i salats.\",\"publisher\":{\"@id\":\"https:\/\/xocosave.com\/#organization\"},\"alternateName\":\"Xocosave\",\"potentialAction\":[{\"@type\":\"SearchAction\",\"target\":{\"@type\":\"EntryPoint\",\"urlTemplate\":\"https:\/\/xocosave.com\/?s={search_term_string}\"},\"query-input\":{\"@type\":\"PropertyValueSpecification\",\"valueRequired\":true,\"valueName\":\"search_term_string\"}}],\"inLanguage\":\"es\"},{\"@type\":\"Organization\",\"@id\":\"https:\/\/xocosave.com\/#organization\",\"name\":\"Xocosave | Xocolaters Pastissers des de 1880\",\"url\":\"https:\/\/xocosave.com\/\",\"logo\":{\"@type\":\"ImageObject\",\"inLanguage\":\"es\",\"@id\":\"https:\/\/xocosave.com\/#\/schema\/logo\/image\/\",\"url\":\"https:\/\/xocosave.com\/wp-content\/uploads\/2024\/05\/cropped-Recurso-5.png\",\"contentUrl\":\"https:\/\/xocosave.com\/wp-content\/uploads\/2024\/05\/cropped-Recurso-5.png\",\"width\":512,\"height\":512,\"caption\":\"Xocosave | Xocolaters Pastissers des de 1880\"},\"image\":{\"@id\":\"https:\/\/xocosave.com\/#\/schema\/logo\/image\/\"},\"sameAs\":[\"https:\/\/www.facebook.com\/Xocosave\/\",\"https:\/\/www.instagram.com\/xocosave\"]}]}<\/script>\n<!-- \/ Yoast SEO plugin. -->","yoast_head_json":{"title":"Coca de az\u00facar y pi\u00f1ones - Xocosave | Xocolaters Pastissers des de 1880","description":"Saborea nuestra aut\u00e9ntica coca de az\u00facar y pi\u00f1ones. Con una base de masa suave y esponjosa, cubierta con una generosa capa de az\u00facar y pi\u00f1ones tostados.","robots":{"index":"index","follow":"follow","max-snippet":"max-snippet:-1","max-image-preview":"max-image-preview:large","max-video-preview":"max-video-preview:-1"},"canonical":"https:\/\/xocosave.com\/es\/producte\/coca-de-azucar-y-pinones\/","og_locale":"es_ES","og_type":"article","og_title":"Coca de az\u00facar y pi\u00f1ones - Xocosave | Xocolaters Pastissers des de 1880","og_description":"Saborea nuestra aut\u00e9ntica coca de az\u00facar y pi\u00f1ones. Con una base de masa suave y esponjosa, cubierta con una generosa capa de az\u00facar y pi\u00f1ones tostados.","og_url":"https:\/\/xocosave.com\/es\/producte\/coca-de-azucar-y-pinones\/","og_site_name":"Xocosave | Xocolaters Pastissers des de 1880","article_publisher":"https:\/\/www.facebook.com\/Xocosave\/","article_modified_time":"2024-06-19T13:45:15+00:00","og_image":[{"width":1500,"height":1500,"url":"https:\/\/xocosave.com\/wp-content\/uploads\/2022\/06\/Coca-pinyons.jpg","type":"image\/jpeg"}],"twitter_card":"summary_large_image","twitter_misc":{"Tiempo de lectura":"2 minutos"},"schema":{"@context":"https:\/\/schema.org","@graph":[{"@type":"WebPage","@id":"https:\/\/xocosave.com\/es\/producte\/coca-de-azucar-y-pinones\/","url":"https:\/\/xocosave.com\/es\/producte\/coca-de-azucar-y-pinones\/","name":"Coca de az\u00facar y pi\u00f1ones - Xocosave | Xocolaters Pastissers des de 1880","isPartOf":{"@id":"https:\/\/xocosave.com\/#website"},"primaryImageOfPage":{"@id":"https:\/\/xocosave.com\/es\/producte\/coca-de-azucar-y-pinones\/#primaryimage"},"image":{"@id":"https:\/\/xocosave.com\/es\/producte\/coca-de-azucar-y-pinones\/#primaryimage"},"thumbnailUrl":"https:\/\/xocosave.com\/wp-content\/uploads\/2022\/06\/Coca-pinyons.jpg","datePublished":"2024-05-24T10:33:09+00:00","dateModified":"2024-06-19T13:45:15+00:00","description":"Saborea nuestra aut\u00e9ntica coca de az\u00facar y pi\u00f1ones. Con una base de masa suave y esponjosa, cubierta con una generosa capa de az\u00facar y pi\u00f1ones tostados.","breadcrumb":{"@id":"https:\/\/xocosave.com\/es\/producte\/coca-de-azucar-y-pinones\/#breadcrumb"},"inLanguage":"es","potentialAction":[{"@type":"ReadAction","target":["https:\/\/xocosave.com\/es\/producte\/coca-de-azucar-y-pinones\/"]}]},{"@type":"ImageObject","inLanguage":"es","@id":"https:\/\/xocosave.com\/es\/producte\/coca-de-azucar-y-pinones\/#primaryimage","url":"https:\/\/xocosave.com\/wp-content\/uploads\/2022\/06\/Coca-pinyons.jpg","contentUrl":"https:\/\/xocosave.com\/wp-content\/uploads\/2022\/06\/Coca-pinyons.jpg","width":1500,"height":1500,"caption":"coca de azucar y pi\u00f1ones"},{"@type":"BreadcrumbList","@id":"https:\/\/xocosave.com\/es\/producte\/coca-de-azucar-y-pinones\/#breadcrumb","itemListElement":[{"@type":"ListItem","position":1,"name":"Productes","item":"https:\/\/xocosave.com\/shop\/"},{"@type":"ListItem","position":2,"name":"Coca de az\u00facar y pi\u00f1ones"}]},{"@type":"WebSite","@id":"https:\/\/xocosave.com\/#website","url":"https:\/\/xocosave.com\/","name":"Xocosave | Xocolaters Pastissers des de 1880","description":"Millor Panettone artesanal d&#039;Espanya 2020 | Escultors de xocolata | porta al teu paladar la m\u00e9s alta qualitat dol\u00e7os i salats.","publisher":{"@id":"https:\/\/xocosave.com\/#organization"},"alternateName":"Xocosave","potentialAction":[{"@type":"SearchAction","target":{"@type":"EntryPoint","urlTemplate":"https:\/\/xocosave.com\/?s={search_term_string}"},"query-input":{"@type":"PropertyValueSpecification","valueRequired":true,"valueName":"search_term_string"}}],"inLanguage":"es"},{"@type":"Organization","@id":"https:\/\/xocosave.com\/#organization","name":"Xocosave | Xocolaters Pastissers des de 1880","url":"https:\/\/xocosave.com\/","logo":{"@type":"ImageObject","inLanguage":"es","@id":"https:\/\/xocosave.com\/#\/schema\/logo\/image\/","url":"https:\/\/xocosave.com\/wp-content\/uploads\/2024\/05\/cropped-Recurso-5.png","contentUrl":"https:\/\/xocosave.com\/wp-content\/uploads\/2024\/05\/cropped-Recurso-5.png","width":512,"height":512,"caption":"Xocosave | Xocolaters Pastissers des de 1880"},"image":{"@id":"https:\/\/xocosave.com\/#\/schema\/logo\/image\/"},"sameAs":["https:\/\/www.facebook.com\/Xocosave\/","https:\/\/www.instagram.com\/xocosave"]}]}},"_links":{"self":[{"href":"https:\/\/xocosave.com\/es\/wp-json\/wp\/v2\/product\/4299","targetHints":{"allow":["GET"]}}],"collection":[{"href":"https:\/\/xocosave.com\/es\/wp-json\/wp\/v2\/product"}],"about":[{"href":"https:\/\/xocosave.com\/es\/wp-json\/wp\/v2\/types\/product"}],"wp:featuredmedia":[{"embeddable":true,"href":"https:\/\/xocosave.com\/es\/wp-json\/wp\/v2\/media\/2237"}],"wp:attachment":[{"href":"https:\/\/xocosave.com\/es\/wp-json\/wp\/v2\/media?parent=4299"}],"wp:term":[{"taxonomy":"product_brand","embeddable":true,"href":"https:\/\/xocosave.com\/es\/wp-json\/wp\/v2\/product_brand?post=4299"},{"taxonomy":"product_cat","embeddable":true,"href":"https:\/\/xocosave.com\/es\/wp-json\/wp\/v2\/product_cat?post=4299"},{"taxonomy":"product_tag","embeddable":true,"href":"https:\/\/xocosave.com\/es\/wp-json\/wp\/v2\/product_tag?post=4299"}],"curies":[{"name":"wp","href":"https:\/\/api.w.org\/{rel}","templated":true}]}}