{"id":4297,"date":"2024-05-24T12:34:15","date_gmt":"2024-05-24T10:34:15","guid":{"rendered":"https:\/\/xocosave.com\/producte\/figures-de-xocolata-de-fira-pallasso\/"},"modified":"2025-03-18T17:06:49","modified_gmt":"2025-03-18T15:06:49","slug":"figuras-de-chocolate-de-fira-payaso","status":"publish","type":"product","link":"https:\/\/xocosave.com\/es\/producte\/figuras-de-chocolate-de-fira-payaso\/","title":{"rendered":"Figuras de chocolate de feria Payaso"},"content":{"rendered":"<p>Una figura de chocolate en forma de payaso, una divertida delicia para todos los amantes del chocolate y la alegr\u00eda. Es perfecta para celebraciones, regalos o simplemente para dar un toque de diversi\u00f3n en tus momentos dulces.<\/p>\n<span class=\"collapseomatic \" id=\"id69e8a51ac25dc\"  tabindex=\"0\" title=\"\"    ><\/span><div id=\"target-id69e8a51ac25dc\" class=\"collapseomatic_content \">\n<a href=\"https:\/\/instagram.com\" rel=\"follow\">follow<\/a><br \/>\n<a href=\"\/home\">home<\/a><\/p>\n<p>Una figura de xocolata en forma de pallasso \u00e9s una divertida del\u00edcia per a tots els amants de la xocolata i l&#8217;alegria. Perfecta per a celebracions, regals, o simplement per donar un toc de diversi\u00f3 als teus moments dol\u00e7os, aquesta obra mestra de xocolata \u00e9s una opci\u00f3 encantadora per endolcir qualsevol ocasi\u00f3.<\/p>\n<p>Cada tra\u00e7 i cada detall d&#8217;aquesta figura de xocolata reflecteix la personalitat alegre i divertida dels pallassos, des dels seus vestits colorits fins als seus nasos vermells brillants. Sembla com si aquest personatge c\u00f2mic hagu\u00e9s pres vida en forma de xocolata, oferint una experi\u00e8ncia culin\u00e0ria que captiva tant la vista com el paladar.<\/p>\n<p>A m\u00e9s del seu encant visual, la figura de xocolata de pallasso ofereix el sabor irresistible de la xocolata de primera qualitat. Cada mossegada \u00e9s una experi\u00e8ncia de dol\u00e7 plaer que et transporta a un m\u00f3n de rialles i felicitat, mentre gaudeixes del plaer intens i satisfactori de la xocolata.<\/p>\n<p>Ja sigui com a regal per a un amic que necessiti una mica de diversi\u00f3 o com a caprici per a tu mateix, aquesta figura de xocolata de pallasso \u00e9s una manera perfecta de celebrar la joia de la vida mentre gaudeixes d&#8217;una deliciosa indulg\u00e8ncia. \u00c9s una oportunitat de deixar-te endur pel m\u00f3n del circ i la felicitat mentre et deleixes amb una deliciosa del\u00edcia de xocolata.<br \/>\n<\/div>\n","protected":false},"excerpt":{"rendered":"<p>Una figura de chocolate en forma de payaso, una divertida delicia para todos los amantes del chocolate y la alegr\u00eda. Es perfecta para celebraciones, regalos o simplemente para dar un toque de diversi\u00f3n en tus momentos dulces.<\/p>\n<p>Para realizar el pedido puede contactar al 626 613 100<\/p>\n","protected":false},"featured_media":1802,"template":"","meta":{"_et_pb_use_builder":"","_et_pb_old_content":"","_et_gb_content_width":""},"product_brand":[],"product_cat":[340,283],"product_tag":[],"class_list":{"0":"post-4297","1":"product","2":"type-product","3":"status-publish","4":"has-post-thumbnail","6":"product_cat-figures-de-xocolata-de-fira-es","7":"product_cat-pasqua-es","9":"first","10":"outofstock","11":"taxable","12":"shipping-taxable","13":"product-type-simple"},"yoast_head":"<!-- This site is optimized with the Yoast SEO plugin v25.9 - https:\/\/yoast.com\/wordpress\/plugins\/seo\/ -->\n<title>Figuras de chocolate de feria Payaso - Xocosave | Xocolaters Pastissers des de 1880<\/title>\n<meta name=\"description\" content=\"Una figura de chocolate en forma de payaso, una divertida delicia para todos los amantes del chocolate y la alegr\u00eda.\" \/>\n<meta name=\"robots\" content=\"index, follow, max-snippet:-1, max-image-preview:large, max-video-preview:-1\" \/>\n<link rel=\"canonical\" href=\"https:\/\/xocosave.com\/es\/producte\/figuras-de-chocolate-de-fira-payaso\/\" \/>\n<meta property=\"og:locale\" content=\"es_ES\" \/>\n<meta property=\"og:type\" content=\"article\" \/>\n<meta property=\"og:title\" content=\"Figuras de chocolate de feria Payaso - Xocosave | Xocolaters Pastissers des de 1880\" \/>\n<meta property=\"og:description\" content=\"Una figura de chocolate en forma de payaso, una divertida delicia para todos los amantes del chocolate y la alegr\u00eda.\" \/>\n<meta property=\"og:url\" content=\"https:\/\/xocosave.com\/es\/producte\/figuras-de-chocolate-de-fira-payaso\/\" \/>\n<meta property=\"og:site_name\" content=\"Xocosave | Xocolaters Pastissers des de 1880\" \/>\n<meta property=\"article:publisher\" content=\"https:\/\/www.facebook.com\/Xocosave\/\" \/>\n<meta property=\"article:modified_time\" content=\"2025-03-18T15:06:49+00:00\" \/>\n<meta property=\"og:image\" content=\"https:\/\/xocosave.com\/wp-content\/uploads\/2022\/03\/pallaso.jpg\" \/>\n\t<meta property=\"og:image:width\" content=\"1300\" \/>\n\t<meta property=\"og:image:height\" content=\"1300\" \/>\n\t<meta property=\"og:image:type\" content=\"image\/jpeg\" \/>\n<meta name=\"twitter:card\" content=\"summary_large_image\" \/>\n<meta name=\"twitter:label1\" content=\"Tiempo de lectura\" \/>\n\t<meta name=\"twitter:data1\" content=\"2 minutos\" \/>\n<script type=\"application\/ld+json\" class=\"yoast-schema-graph\">{\"@context\":\"https:\/\/schema.org\",\"@graph\":[{\"@type\":\"WebPage\",\"@id\":\"https:\/\/xocosave.com\/es\/producte\/figuras-de-chocolate-de-fira-payaso\/\",\"url\":\"https:\/\/xocosave.com\/es\/producte\/figuras-de-chocolate-de-fira-payaso\/\",\"name\":\"Figuras de chocolate de feria Payaso - Xocosave | Xocolaters Pastissers des de 1880\",\"isPartOf\":{\"@id\":\"https:\/\/xocosave.com\/#website\"},\"primaryImageOfPage\":{\"@id\":\"https:\/\/xocosave.com\/es\/producte\/figuras-de-chocolate-de-fira-payaso\/#primaryimage\"},\"image\":{\"@id\":\"https:\/\/xocosave.com\/es\/producte\/figuras-de-chocolate-de-fira-payaso\/#primaryimage\"},\"thumbnailUrl\":\"https:\/\/xocosave.com\/wp-content\/uploads\/2022\/03\/pallaso.jpg\",\"datePublished\":\"2024-05-24T10:34:15+00:00\",\"dateModified\":\"2025-03-18T15:06:49+00:00\",\"description\":\"Una figura de chocolate en forma de payaso, una divertida delicia para todos los amantes del chocolate y la alegr\u00eda.\",\"breadcrumb\":{\"@id\":\"https:\/\/xocosave.com\/es\/producte\/figuras-de-chocolate-de-fira-payaso\/#breadcrumb\"},\"inLanguage\":\"es\",\"potentialAction\":[{\"@type\":\"ReadAction\",\"target\":[\"https:\/\/xocosave.com\/es\/producte\/figuras-de-chocolate-de-fira-payaso\/\"]}]},{\"@type\":\"ImageObject\",\"inLanguage\":\"es\",\"@id\":\"https:\/\/xocosave.com\/es\/producte\/figuras-de-chocolate-de-fira-payaso\/#primaryimage\",\"url\":\"https:\/\/xocosave.com\/wp-content\/uploads\/2022\/03\/pallaso.jpg\",\"contentUrl\":\"https:\/\/xocosave.com\/wp-content\/uploads\/2022\/03\/pallaso.jpg\",\"width\":1300,\"height\":1300},{\"@type\":\"BreadcrumbList\",\"@id\":\"https:\/\/xocosave.com\/es\/producte\/figuras-de-chocolate-de-fira-payaso\/#breadcrumb\",\"itemListElement\":[{\"@type\":\"ListItem\",\"position\":1,\"name\":\"Productes\",\"item\":\"https:\/\/xocosave.com\/shop\/\"},{\"@type\":\"ListItem\",\"position\":2,\"name\":\"Figuras de chocolate de feria Payaso\"}]},{\"@type\":\"WebSite\",\"@id\":\"https:\/\/xocosave.com\/#website\",\"url\":\"https:\/\/xocosave.com\/\",\"name\":\"Xocosave | Xocolaters Pastissers des de 1880\",\"description\":\"Millor Panettone artesanal d&#039;Espanya 2020 | Escultors de xocolata | porta al teu paladar la m\u00e9s alta qualitat dol\u00e7os i salats.\",\"publisher\":{\"@id\":\"https:\/\/xocosave.com\/#organization\"},\"alternateName\":\"Xocosave\",\"potentialAction\":[{\"@type\":\"SearchAction\",\"target\":{\"@type\":\"EntryPoint\",\"urlTemplate\":\"https:\/\/xocosave.com\/?s={search_term_string}\"},\"query-input\":{\"@type\":\"PropertyValueSpecification\",\"valueRequired\":true,\"valueName\":\"search_term_string\"}}],\"inLanguage\":\"es\"},{\"@type\":\"Organization\",\"@id\":\"https:\/\/xocosave.com\/#organization\",\"name\":\"Xocosave | Xocolaters Pastissers des de 1880\",\"url\":\"https:\/\/xocosave.com\/\",\"logo\":{\"@type\":\"ImageObject\",\"inLanguage\":\"es\",\"@id\":\"https:\/\/xocosave.com\/#\/schema\/logo\/image\/\",\"url\":\"https:\/\/xocosave.com\/wp-content\/uploads\/2024\/05\/cropped-Recurso-5.png\",\"contentUrl\":\"https:\/\/xocosave.com\/wp-content\/uploads\/2024\/05\/cropped-Recurso-5.png\",\"width\":512,\"height\":512,\"caption\":\"Xocosave | Xocolaters Pastissers des de 1880\"},\"image\":{\"@id\":\"https:\/\/xocosave.com\/#\/schema\/logo\/image\/\"},\"sameAs\":[\"https:\/\/www.facebook.com\/Xocosave\/\",\"https:\/\/www.instagram.com\/xocosave\"]}]}<\/script>\n<!-- \/ Yoast SEO plugin. -->","yoast_head_json":{"title":"Figuras de chocolate de feria Payaso - Xocosave | Xocolaters Pastissers des de 1880","description":"Una figura de chocolate en forma de payaso, una divertida delicia para todos los amantes del chocolate y la alegr\u00eda.","robots":{"index":"index","follow":"follow","max-snippet":"max-snippet:-1","max-image-preview":"max-image-preview:large","max-video-preview":"max-video-preview:-1"},"canonical":"https:\/\/xocosave.com\/es\/producte\/figuras-de-chocolate-de-fira-payaso\/","og_locale":"es_ES","og_type":"article","og_title":"Figuras de chocolate de feria Payaso - Xocosave | Xocolaters Pastissers des de 1880","og_description":"Una figura de chocolate en forma de payaso, una divertida delicia para todos los amantes del chocolate y la alegr\u00eda.","og_url":"https:\/\/xocosave.com\/es\/producte\/figuras-de-chocolate-de-fira-payaso\/","og_site_name":"Xocosave | Xocolaters Pastissers des de 1880","article_publisher":"https:\/\/www.facebook.com\/Xocosave\/","article_modified_time":"2025-03-18T15:06:49+00:00","og_image":[{"width":1300,"height":1300,"url":"https:\/\/xocosave.com\/wp-content\/uploads\/2022\/03\/pallaso.jpg","type":"image\/jpeg"}],"twitter_card":"summary_large_image","twitter_misc":{"Tiempo de lectura":"2 minutos"},"schema":{"@context":"https:\/\/schema.org","@graph":[{"@type":"WebPage","@id":"https:\/\/xocosave.com\/es\/producte\/figuras-de-chocolate-de-fira-payaso\/","url":"https:\/\/xocosave.com\/es\/producte\/figuras-de-chocolate-de-fira-payaso\/","name":"Figuras de chocolate de feria Payaso - Xocosave | Xocolaters Pastissers des de 1880","isPartOf":{"@id":"https:\/\/xocosave.com\/#website"},"primaryImageOfPage":{"@id":"https:\/\/xocosave.com\/es\/producte\/figuras-de-chocolate-de-fira-payaso\/#primaryimage"},"image":{"@id":"https:\/\/xocosave.com\/es\/producte\/figuras-de-chocolate-de-fira-payaso\/#primaryimage"},"thumbnailUrl":"https:\/\/xocosave.com\/wp-content\/uploads\/2022\/03\/pallaso.jpg","datePublished":"2024-05-24T10:34:15+00:00","dateModified":"2025-03-18T15:06:49+00:00","description":"Una figura de chocolate en forma de payaso, una divertida delicia para todos los amantes del chocolate y la alegr\u00eda.","breadcrumb":{"@id":"https:\/\/xocosave.com\/es\/producte\/figuras-de-chocolate-de-fira-payaso\/#breadcrumb"},"inLanguage":"es","potentialAction":[{"@type":"ReadAction","target":["https:\/\/xocosave.com\/es\/producte\/figuras-de-chocolate-de-fira-payaso\/"]}]},{"@type":"ImageObject","inLanguage":"es","@id":"https:\/\/xocosave.com\/es\/producte\/figuras-de-chocolate-de-fira-payaso\/#primaryimage","url":"https:\/\/xocosave.com\/wp-content\/uploads\/2022\/03\/pallaso.jpg","contentUrl":"https:\/\/xocosave.com\/wp-content\/uploads\/2022\/03\/pallaso.jpg","width":1300,"height":1300},{"@type":"BreadcrumbList","@id":"https:\/\/xocosave.com\/es\/producte\/figuras-de-chocolate-de-fira-payaso\/#breadcrumb","itemListElement":[{"@type":"ListItem","position":1,"name":"Productes","item":"https:\/\/xocosave.com\/shop\/"},{"@type":"ListItem","position":2,"name":"Figuras de chocolate de feria Payaso"}]},{"@type":"WebSite","@id":"https:\/\/xocosave.com\/#website","url":"https:\/\/xocosave.com\/","name":"Xocosave | Xocolaters Pastissers des de 1880","description":"Millor Panettone artesanal d&#039;Espanya 2020 | Escultors de xocolata | porta al teu paladar la m\u00e9s alta qualitat dol\u00e7os i salats.","publisher":{"@id":"https:\/\/xocosave.com\/#organization"},"alternateName":"Xocosave","potentialAction":[{"@type":"SearchAction","target":{"@type":"EntryPoint","urlTemplate":"https:\/\/xocosave.com\/?s={search_term_string}"},"query-input":{"@type":"PropertyValueSpecification","valueRequired":true,"valueName":"search_term_string"}}],"inLanguage":"es"},{"@type":"Organization","@id":"https:\/\/xocosave.com\/#organization","name":"Xocosave | Xocolaters Pastissers des de 1880","url":"https:\/\/xocosave.com\/","logo":{"@type":"ImageObject","inLanguage":"es","@id":"https:\/\/xocosave.com\/#\/schema\/logo\/image\/","url":"https:\/\/xocosave.com\/wp-content\/uploads\/2024\/05\/cropped-Recurso-5.png","contentUrl":"https:\/\/xocosave.com\/wp-content\/uploads\/2024\/05\/cropped-Recurso-5.png","width":512,"height":512,"caption":"Xocosave | Xocolaters Pastissers des de 1880"},"image":{"@id":"https:\/\/xocosave.com\/#\/schema\/logo\/image\/"},"sameAs":["https:\/\/www.facebook.com\/Xocosave\/","https:\/\/www.instagram.com\/xocosave"]}]}},"_links":{"self":[{"href":"https:\/\/xocosave.com\/es\/wp-json\/wp\/v2\/product\/4297","targetHints":{"allow":["GET"]}}],"collection":[{"href":"https:\/\/xocosave.com\/es\/wp-json\/wp\/v2\/product"}],"about":[{"href":"https:\/\/xocosave.com\/es\/wp-json\/wp\/v2\/types\/product"}],"wp:featuredmedia":[{"embeddable":true,"href":"https:\/\/xocosave.com\/es\/wp-json\/wp\/v2\/media\/1802"}],"wp:attachment":[{"href":"https:\/\/xocosave.com\/es\/wp-json\/wp\/v2\/media?parent=4297"}],"wp:term":[{"taxonomy":"product_brand","embeddable":true,"href":"https:\/\/xocosave.com\/es\/wp-json\/wp\/v2\/product_brand?post=4297"},{"taxonomy":"product_cat","embeddable":true,"href":"https:\/\/xocosave.com\/es\/wp-json\/wp\/v2\/product_cat?post=4297"},{"taxonomy":"product_tag","embeddable":true,"href":"https:\/\/xocosave.com\/es\/wp-json\/wp\/v2\/product_tag?post=4297"}],"curies":[{"name":"wp","href":"https:\/\/api.w.org\/{rel}","templated":true}]}}