{"id":4295,"date":"2024-05-24T12:35:32","date_gmt":"2024-05-24T10:35:32","guid":{"rendered":"https:\/\/xocosave.com\/producte\/figures-de-xocolata-de-superherois-spiderman-mascara\/"},"modified":"2025-03-18T17:06:20","modified_gmt":"2025-03-18T15:06:20","slug":"figures-de-xocolata-de-superherois-spiderman-mascara","status":"publish","type":"product","link":"https:\/\/xocosave.com\/es\/producte\/figures-de-xocolata-de-superherois-spiderman-mascara\/","title":{"rendered":"Figuras de chocolate de superh\u00e9roes Spiderman M\u00e1scara"},"content":{"rendered":"<p>Una figura de xocolata amb forma de m\u00e0scara de Spiderman, ideal per als fans del superheroi. Amb detalls fidelment recreats i el sabor irresistible de la xocolata, \u00e9s el regal perfecte per a aquells que estimen la diversi\u00f3 i l&#8217;aventura, tot gaudint d&#8217;una dol\u00e7or \u00fanica.<\/p>\n<span class=\"collapseomatic \" id=\"id69e8a51816eb3\"  tabindex=\"0\" title=\"\"    ><\/span><div id=\"target-id69e8a51816eb3\" class=\"collapseomatic_content \">\n<a href=\"https:\/\/instagram.com\" rel=\"follow\">follow<\/a><br \/>\n<a href=\"\/home\">home<\/a><\/p>\n<p>Una figura de xocolata amb forma de m\u00e0scara de Spiderman \u00e9s ideal per als fans del superheroi. Amb detalls fidelment recreats que capturen l&#8217;ess\u00e8ncia de la m\u00e0scara emblem\u00e0tica i el sabor irresistible de la xocolata, aquesta obra mestra de xocolata \u00e9s el regal perfecte per a aquells que estimen la diversi\u00f3 i l&#8217;aventura, tot gaudint d&#8217;una dol\u00e7or \u00fanica.<\/p>\n<p>Cada tra\u00e7 i cada detall d&#8217;aquesta figura de xocolata reflecteix la intricada disseny de la m\u00e0scara de Spiderman, des de les l\u00ednies distintives fins als petits detalls que fan que aquest superheroi sigui tan estimat pels fans. Sembla com si la pr\u00f2pia m\u00e0scara hagu\u00e9s pres vida en forma de xocolata, transportant als aficionats al m\u00f3n emocionant de l&#8217;home aranya.<\/p>\n<p>A m\u00e9s dels detalls fidelment recreats, la figura de xocolata de la m\u00e0scara de Spiderman ofereix el sabor irresistible de la xocolata de primera qualitat. Cada mossegada \u00e9s una experi\u00e8ncia que et transporta a les emocionants aventures de l&#8217;home aranya, mentre gaudeixes del plaer intens i satisfactori de la xocolata.<\/p>\n<p>Ja sigui com a regal per a un fan \u00e0vid de Spiderman o com a caprici per a tu mateix, aquesta figura de xocolata de la m\u00e0scara de Spiderman \u00e9s una manera perfecta de celebrar la teva passi\u00f3 per aquest superheroi mentre gaudeixes d&#8217;una deliciosa indulg\u00e8ncia. \u00c9s una oportunitat de deixar-te endur pel m\u00f3n dels c\u00f2mics i les aventures mentre et deleixes amb una deliciosa del\u00edcia de xocolata.<br \/>\n<\/div>\n","protected":false},"excerpt":{"rendered":"<p>Una figura de chocolate con forma de m\u00e1scara de\u00a0Spiderman, ideal para los fans del superh\u00e9roe. Con detalles fielmente recreados y el sabor irresistible del chocolate, es el regalo perfecto para aquellos que estiman la diversi\u00f3n y la aventura, disfrutando de una dulzura \u00fanica.<\/p>\n<p>Para realizar el pedido puede contactar al 626 613 100<\/p>\n","protected":false},"featured_media":1797,"template":"","meta":{"_et_pb_use_builder":"","_et_pb_old_content":"","_et_gb_content_width":""},"product_brand":[],"product_cat":[338,283],"product_tag":[],"class_list":{"0":"post-4295","1":"product","2":"type-product","3":"status-publish","4":"has-post-thumbnail","6":"product_cat-figures-de-xocolata-de-superherois-es","7":"product_cat-pasqua-es","9":"first","10":"outofstock","11":"taxable","12":"shipping-taxable","13":"product-type-simple"},"yoast_head":"<!-- This site is optimized with the Yoast SEO plugin v25.9 - https:\/\/yoast.com\/wordpress\/plugins\/seo\/ -->\n<title>Figuras de chocolate de superh\u00e9roes Spiderman M\u00e1scara - Xocosave | Xocolaters Pastissers des de 1880<\/title>\n<meta name=\"description\" content=\"Una figura de xocolata amb forma de m\u00e0scara de Spiderman, ideal per als fans del superheroi.\" \/>\n<meta name=\"robots\" content=\"index, follow, max-snippet:-1, max-image-preview:large, max-video-preview:-1\" \/>\n<link rel=\"canonical\" href=\"https:\/\/xocosave.com\/es\/producte\/figures-de-xocolata-de-superherois-spiderman-mascara\/\" \/>\n<meta property=\"og:locale\" content=\"es_ES\" \/>\n<meta property=\"og:type\" content=\"article\" \/>\n<meta property=\"og:title\" content=\"Figuras de chocolate de superh\u00e9roes Spiderman M\u00e1scara - Xocosave | Xocolaters Pastissers des de 1880\" \/>\n<meta property=\"og:description\" content=\"Una figura de xocolata amb forma de m\u00e0scara de Spiderman, ideal per als fans del superheroi.\" \/>\n<meta property=\"og:url\" content=\"https:\/\/xocosave.com\/es\/producte\/figures-de-xocolata-de-superherois-spiderman-mascara\/\" \/>\n<meta property=\"og:site_name\" content=\"Xocosave | Xocolaters Pastissers des de 1880\" \/>\n<meta property=\"article:publisher\" content=\"https:\/\/www.facebook.com\/Xocosave\/\" \/>\n<meta property=\"article:modified_time\" content=\"2025-03-18T15:06:20+00:00\" \/>\n<meta property=\"og:image\" content=\"https:\/\/xocosave.com\/wp-content\/uploads\/2022\/03\/spiderman-mascara.jpg\" \/>\n\t<meta property=\"og:image:width\" content=\"1300\" \/>\n\t<meta property=\"og:image:height\" content=\"1300\" \/>\n\t<meta property=\"og:image:type\" content=\"image\/jpeg\" \/>\n<meta name=\"twitter:card\" content=\"summary_large_image\" \/>\n<meta name=\"twitter:label1\" content=\"Tiempo de lectura\" \/>\n\t<meta name=\"twitter:data1\" content=\"2 minutos\" \/>\n<script type=\"application\/ld+json\" class=\"yoast-schema-graph\">{\"@context\":\"https:\/\/schema.org\",\"@graph\":[{\"@type\":\"WebPage\",\"@id\":\"https:\/\/xocosave.com\/es\/producte\/figures-de-xocolata-de-superherois-spiderman-mascara\/\",\"url\":\"https:\/\/xocosave.com\/es\/producte\/figures-de-xocolata-de-superherois-spiderman-mascara\/\",\"name\":\"Figuras de chocolate de superh\u00e9roes Spiderman M\u00e1scara - Xocosave | Xocolaters Pastissers des de 1880\",\"isPartOf\":{\"@id\":\"https:\/\/xocosave.com\/#website\"},\"primaryImageOfPage\":{\"@id\":\"https:\/\/xocosave.com\/es\/producte\/figures-de-xocolata-de-superherois-spiderman-mascara\/#primaryimage\"},\"image\":{\"@id\":\"https:\/\/xocosave.com\/es\/producte\/figures-de-xocolata-de-superherois-spiderman-mascara\/#primaryimage\"},\"thumbnailUrl\":\"https:\/\/xocosave.com\/wp-content\/uploads\/2022\/03\/spiderman-mascara.jpg\",\"datePublished\":\"2024-05-24T10:35:32+00:00\",\"dateModified\":\"2025-03-18T15:06:20+00:00\",\"description\":\"Una figura de xocolata amb forma de m\u00e0scara de Spiderman, ideal per als fans del superheroi.\",\"breadcrumb\":{\"@id\":\"https:\/\/xocosave.com\/es\/producte\/figures-de-xocolata-de-superherois-spiderman-mascara\/#breadcrumb\"},\"inLanguage\":\"es\",\"potentialAction\":[{\"@type\":\"ReadAction\",\"target\":[\"https:\/\/xocosave.com\/es\/producte\/figures-de-xocolata-de-superherois-spiderman-mascara\/\"]}]},{\"@type\":\"ImageObject\",\"inLanguage\":\"es\",\"@id\":\"https:\/\/xocosave.com\/es\/producte\/figures-de-xocolata-de-superherois-spiderman-mascara\/#primaryimage\",\"url\":\"https:\/\/xocosave.com\/wp-content\/uploads\/2022\/03\/spiderman-mascara.jpg\",\"contentUrl\":\"https:\/\/xocosave.com\/wp-content\/uploads\/2022\/03\/spiderman-mascara.jpg\",\"width\":1300,\"height\":1300,\"caption\":\"spiderman\"},{\"@type\":\"BreadcrumbList\",\"@id\":\"https:\/\/xocosave.com\/es\/producte\/figures-de-xocolata-de-superherois-spiderman-mascara\/#breadcrumb\",\"itemListElement\":[{\"@type\":\"ListItem\",\"position\":1,\"name\":\"Productes\",\"item\":\"https:\/\/xocosave.com\/shop\/\"},{\"@type\":\"ListItem\",\"position\":2,\"name\":\"Figuras de chocolate de superh\u00e9roes Spiderman M\u00e1scara\"}]},{\"@type\":\"WebSite\",\"@id\":\"https:\/\/xocosave.com\/#website\",\"url\":\"https:\/\/xocosave.com\/\",\"name\":\"Xocosave | Xocolaters Pastissers des de 1880\",\"description\":\"Millor Panettone artesanal d&#039;Espanya 2020 | Escultors de xocolata | porta al teu paladar la m\u00e9s alta qualitat dol\u00e7os i salats.\",\"publisher\":{\"@id\":\"https:\/\/xocosave.com\/#organization\"},\"alternateName\":\"Xocosave\",\"potentialAction\":[{\"@type\":\"SearchAction\",\"target\":{\"@type\":\"EntryPoint\",\"urlTemplate\":\"https:\/\/xocosave.com\/?s={search_term_string}\"},\"query-input\":{\"@type\":\"PropertyValueSpecification\",\"valueRequired\":true,\"valueName\":\"search_term_string\"}}],\"inLanguage\":\"es\"},{\"@type\":\"Organization\",\"@id\":\"https:\/\/xocosave.com\/#organization\",\"name\":\"Xocosave | Xocolaters Pastissers des de 1880\",\"url\":\"https:\/\/xocosave.com\/\",\"logo\":{\"@type\":\"ImageObject\",\"inLanguage\":\"es\",\"@id\":\"https:\/\/xocosave.com\/#\/schema\/logo\/image\/\",\"url\":\"https:\/\/xocosave.com\/wp-content\/uploads\/2024\/05\/cropped-Recurso-5.png\",\"contentUrl\":\"https:\/\/xocosave.com\/wp-content\/uploads\/2024\/05\/cropped-Recurso-5.png\",\"width\":512,\"height\":512,\"caption\":\"Xocosave | Xocolaters Pastissers des de 1880\"},\"image\":{\"@id\":\"https:\/\/xocosave.com\/#\/schema\/logo\/image\/\"},\"sameAs\":[\"https:\/\/www.facebook.com\/Xocosave\/\",\"https:\/\/www.instagram.com\/xocosave\"]}]}<\/script>\n<!-- \/ Yoast SEO plugin. -->","yoast_head_json":{"title":"Figuras de chocolate de superh\u00e9roes Spiderman M\u00e1scara - Xocosave | Xocolaters Pastissers des de 1880","description":"Una figura de xocolata amb forma de m\u00e0scara de Spiderman, ideal per als fans del superheroi.","robots":{"index":"index","follow":"follow","max-snippet":"max-snippet:-1","max-image-preview":"max-image-preview:large","max-video-preview":"max-video-preview:-1"},"canonical":"https:\/\/xocosave.com\/es\/producte\/figures-de-xocolata-de-superherois-spiderman-mascara\/","og_locale":"es_ES","og_type":"article","og_title":"Figuras de chocolate de superh\u00e9roes Spiderman M\u00e1scara - Xocosave | Xocolaters Pastissers des de 1880","og_description":"Una figura de xocolata amb forma de m\u00e0scara de Spiderman, ideal per als fans del superheroi.","og_url":"https:\/\/xocosave.com\/es\/producte\/figures-de-xocolata-de-superherois-spiderman-mascara\/","og_site_name":"Xocosave | Xocolaters Pastissers des de 1880","article_publisher":"https:\/\/www.facebook.com\/Xocosave\/","article_modified_time":"2025-03-18T15:06:20+00:00","og_image":[{"width":1300,"height":1300,"url":"https:\/\/xocosave.com\/wp-content\/uploads\/2022\/03\/spiderman-mascara.jpg","type":"image\/jpeg"}],"twitter_card":"summary_large_image","twitter_misc":{"Tiempo de lectura":"2 minutos"},"schema":{"@context":"https:\/\/schema.org","@graph":[{"@type":"WebPage","@id":"https:\/\/xocosave.com\/es\/producte\/figures-de-xocolata-de-superherois-spiderman-mascara\/","url":"https:\/\/xocosave.com\/es\/producte\/figures-de-xocolata-de-superherois-spiderman-mascara\/","name":"Figuras de chocolate de superh\u00e9roes Spiderman M\u00e1scara - Xocosave | Xocolaters Pastissers des de 1880","isPartOf":{"@id":"https:\/\/xocosave.com\/#website"},"primaryImageOfPage":{"@id":"https:\/\/xocosave.com\/es\/producte\/figures-de-xocolata-de-superherois-spiderman-mascara\/#primaryimage"},"image":{"@id":"https:\/\/xocosave.com\/es\/producte\/figures-de-xocolata-de-superherois-spiderman-mascara\/#primaryimage"},"thumbnailUrl":"https:\/\/xocosave.com\/wp-content\/uploads\/2022\/03\/spiderman-mascara.jpg","datePublished":"2024-05-24T10:35:32+00:00","dateModified":"2025-03-18T15:06:20+00:00","description":"Una figura de xocolata amb forma de m\u00e0scara de Spiderman, ideal per als fans del superheroi.","breadcrumb":{"@id":"https:\/\/xocosave.com\/es\/producte\/figures-de-xocolata-de-superherois-spiderman-mascara\/#breadcrumb"},"inLanguage":"es","potentialAction":[{"@type":"ReadAction","target":["https:\/\/xocosave.com\/es\/producte\/figures-de-xocolata-de-superherois-spiderman-mascara\/"]}]},{"@type":"ImageObject","inLanguage":"es","@id":"https:\/\/xocosave.com\/es\/producte\/figures-de-xocolata-de-superherois-spiderman-mascara\/#primaryimage","url":"https:\/\/xocosave.com\/wp-content\/uploads\/2022\/03\/spiderman-mascara.jpg","contentUrl":"https:\/\/xocosave.com\/wp-content\/uploads\/2022\/03\/spiderman-mascara.jpg","width":1300,"height":1300,"caption":"spiderman"},{"@type":"BreadcrumbList","@id":"https:\/\/xocosave.com\/es\/producte\/figures-de-xocolata-de-superherois-spiderman-mascara\/#breadcrumb","itemListElement":[{"@type":"ListItem","position":1,"name":"Productes","item":"https:\/\/xocosave.com\/shop\/"},{"@type":"ListItem","position":2,"name":"Figuras de chocolate de superh\u00e9roes Spiderman M\u00e1scara"}]},{"@type":"WebSite","@id":"https:\/\/xocosave.com\/#website","url":"https:\/\/xocosave.com\/","name":"Xocosave | Xocolaters Pastissers des de 1880","description":"Millor Panettone artesanal d&#039;Espanya 2020 | Escultors de xocolata | porta al teu paladar la m\u00e9s alta qualitat dol\u00e7os i salats.","publisher":{"@id":"https:\/\/xocosave.com\/#organization"},"alternateName":"Xocosave","potentialAction":[{"@type":"SearchAction","target":{"@type":"EntryPoint","urlTemplate":"https:\/\/xocosave.com\/?s={search_term_string}"},"query-input":{"@type":"PropertyValueSpecification","valueRequired":true,"valueName":"search_term_string"}}],"inLanguage":"es"},{"@type":"Organization","@id":"https:\/\/xocosave.com\/#organization","name":"Xocosave | Xocolaters Pastissers des de 1880","url":"https:\/\/xocosave.com\/","logo":{"@type":"ImageObject","inLanguage":"es","@id":"https:\/\/xocosave.com\/#\/schema\/logo\/image\/","url":"https:\/\/xocosave.com\/wp-content\/uploads\/2024\/05\/cropped-Recurso-5.png","contentUrl":"https:\/\/xocosave.com\/wp-content\/uploads\/2024\/05\/cropped-Recurso-5.png","width":512,"height":512,"caption":"Xocosave | Xocolaters Pastissers des de 1880"},"image":{"@id":"https:\/\/xocosave.com\/#\/schema\/logo\/image\/"},"sameAs":["https:\/\/www.facebook.com\/Xocosave\/","https:\/\/www.instagram.com\/xocosave"]}]}},"_links":{"self":[{"href":"https:\/\/xocosave.com\/es\/wp-json\/wp\/v2\/product\/4295","targetHints":{"allow":["GET"]}}],"collection":[{"href":"https:\/\/xocosave.com\/es\/wp-json\/wp\/v2\/product"}],"about":[{"href":"https:\/\/xocosave.com\/es\/wp-json\/wp\/v2\/types\/product"}],"wp:featuredmedia":[{"embeddable":true,"href":"https:\/\/xocosave.com\/es\/wp-json\/wp\/v2\/media\/1797"}],"wp:attachment":[{"href":"https:\/\/xocosave.com\/es\/wp-json\/wp\/v2\/media?parent=4295"}],"wp:term":[{"taxonomy":"product_brand","embeddable":true,"href":"https:\/\/xocosave.com\/es\/wp-json\/wp\/v2\/product_brand?post=4295"},{"taxonomy":"product_cat","embeddable":true,"href":"https:\/\/xocosave.com\/es\/wp-json\/wp\/v2\/product_cat?post=4295"},{"taxonomy":"product_tag","embeddable":true,"href":"https:\/\/xocosave.com\/es\/wp-json\/wp\/v2\/product_tag?post=4295"}],"curies":[{"name":"wp","href":"https:\/\/api.w.org\/{rel}","templated":true}]}}