{"id":4288,"date":"2024-05-24T12:42:10","date_gmt":"2024-05-24T10:42:10","guid":{"rendered":"https:\/\/xocosave.com\/producte\/figures-de-xocolata-de-star-wars-bb8\/"},"modified":"2025-03-18T17:04:41","modified_gmt":"2025-03-18T15:04:41","slug":"figures-de-xocolata-de-star-wars-bb8","status":"publish","type":"product","link":"https:\/\/xocosave.com\/es\/producte\/figures-de-xocolata-de-star-wars-bb8\/","title":{"rendered":"Figuras de chocolate de Star Wars BB8"},"content":{"rendered":"<p>Una figura de xocolata amb forma de BB8 de Star Wars, perfecta per als amants de la saga gal\u00e0ctica. Amb detalls aut\u00e8ntics que reflecteixen fidelment el <span class=\"hiddenSpellError\">dr\u00f2ide<\/span>\u00a0ic\u00f2nic i el delici\u00f3s sabor de la xocolata, \u00e9s un regal ideal per a celebrar la passi\u00f3 pels viatges espacials i els dol\u00e7os moments.<\/p>\n<span class=\"collapseomatic \" id=\"id69e62f15bd07e\"  tabindex=\"0\" title=\"\"    ><\/span><div id=\"target-id69e62f15bd07e\" class=\"collapseomatic_content \">\n<a href=\"https:\/\/instagram.com\" rel=\"follow\">follow<\/a><br \/>\n<a href=\"\/home\">home<\/a><\/p>\n<p>Una figura de xocolata amb forma de BB-8 de Star Wars \u00e9s l&#8217;elecci\u00f3 perfecta per als amants de la saga gal\u00e0ctica. Amb detalls aut\u00e8ntics que reflecteixen fidelment el dr\u00f2ide ic\u00f2nic i el delici\u00f3s sabor de la xocolata, aquesta obra mestra de xocolata \u00e9s un regal ideal per celebrar la passi\u00f3 pels viatges espacials i gaudir de moments dol\u00e7os.<\/p>\n<p>Cada detall d&#8217;aquesta figura de xocolata captura la personalitat encantadora de BB-8, des de la seva forma rodona fins als seus detalls mec\u00e0nics distintius. Sembla com si aquest estimat dr\u00f2ide hagu\u00e9s pres vida en forma de xocolata, oferint una experi\u00e8ncia culin\u00e0ria que captiva tant la vista com el paladar.<\/p>\n<p>A m\u00e9s dels detalls aut\u00e8ntics, la figura de xocolata de BB-8 ofereix el sabor irresistible de la xocolata de primera qualitat. Cada mossegada \u00e9s una explosi\u00f3 de plaer que et transporta a un univers ple d&#8217;aventures i emocions, tot mentre gaudeixes del dol\u00e7 sabor de la xocolata.<\/p>\n<p>Ja sigui com a regal per a un aficionat de Star Wars o com a caprici per a tu mateix, aquesta figura de xocolata de BB-8 \u00e9s una manera perfecta de celebrar la teva passi\u00f3 per la saga i de gaudir dels plaers de la vida amb un toc d&#8217;aventura espacial. \u00c9s una oportunitat de deixar-te endur pel m\u00f3n fascinant de Star Wars mentre et deleixes amb una deliciosa del\u00edcia de xocolata.<br \/>\n<\/div>\n","protected":false},"excerpt":{"rendered":"<p>Una figura de chocolate con forma de BB-8 de Star Wars, perfecta para los amantes de la saga gal\u00e1ctica. Con detalles aut\u00e9nticos que reflejan fielmente el droide ic\u00f3nico y el delicioso sabor del chocolate, es un regalo ideal para celebrar la pasi\u00f3n por los viajes espaciales y los dulces momentos.<\/p>\n<p>Para realizar el pedido puede contactar al 626 613 100<\/p>\n","protected":false},"featured_media":1793,"template":"","meta":{"_et_pb_use_builder":"","_et_pb_old_content":"","_et_gb_content_width":""},"product_brand":[],"product_cat":[337,283],"product_tag":[],"class_list":{"0":"post-4288","1":"product","2":"type-product","3":"status-publish","4":"has-post-thumbnail","6":"product_cat-figures-de-xocolata-de-star-wars-es","7":"product_cat-pasqua-es","9":"first","10":"outofstock","11":"taxable","12":"shipping-taxable","13":"product-type-simple"},"yoast_head":"<!-- This site is optimized with the Yoast SEO plugin v25.9 - https:\/\/yoast.com\/wordpress\/plugins\/seo\/ -->\n<title>Figuras de chocolate de Star Wars BB8 - Xocosave | Xocolaters Pastissers des de 1880<\/title>\n<meta name=\"description\" content=\"Una figura de xocolata amb forma de BB8 de Star Wars, perfecta per als amants de la saga gal\u00e0ctica.\" \/>\n<meta name=\"robots\" content=\"index, follow, max-snippet:-1, max-image-preview:large, max-video-preview:-1\" \/>\n<link rel=\"canonical\" href=\"https:\/\/xocosave.com\/es\/producte\/figures-de-xocolata-de-star-wars-bb8\/\" \/>\n<meta property=\"og:locale\" content=\"es_ES\" \/>\n<meta property=\"og:type\" content=\"article\" \/>\n<meta property=\"og:title\" content=\"Figuras de chocolate de Star Wars BB8 - Xocosave | Xocolaters Pastissers des de 1880\" \/>\n<meta property=\"og:description\" content=\"Una figura de xocolata amb forma de BB8 de Star Wars, perfecta per als amants de la saga gal\u00e0ctica.\" \/>\n<meta property=\"og:url\" content=\"https:\/\/xocosave.com\/es\/producte\/figures-de-xocolata-de-star-wars-bb8\/\" \/>\n<meta property=\"og:site_name\" content=\"Xocosave | Xocolaters Pastissers des de 1880\" \/>\n<meta property=\"article:publisher\" content=\"https:\/\/www.facebook.com\/Xocosave\/\" \/>\n<meta property=\"article:modified_time\" content=\"2025-03-18T15:04:41+00:00\" \/>\n<meta property=\"og:image\" content=\"https:\/\/xocosave.com\/wp-content\/uploads\/2022\/03\/bb8.jpg\" \/>\n\t<meta property=\"og:image:width\" content=\"1300\" \/>\n\t<meta property=\"og:image:height\" content=\"1300\" \/>\n\t<meta property=\"og:image:type\" content=\"image\/jpeg\" \/>\n<meta name=\"twitter:card\" content=\"summary_large_image\" \/>\n<meta name=\"twitter:label1\" content=\"Tiempo de lectura\" \/>\n\t<meta name=\"twitter:data1\" content=\"2 minutos\" \/>\n<script type=\"application\/ld+json\" class=\"yoast-schema-graph\">{\"@context\":\"https:\/\/schema.org\",\"@graph\":[{\"@type\":\"WebPage\",\"@id\":\"https:\/\/xocosave.com\/es\/producte\/figures-de-xocolata-de-star-wars-bb8\/\",\"url\":\"https:\/\/xocosave.com\/es\/producte\/figures-de-xocolata-de-star-wars-bb8\/\",\"name\":\"Figuras de chocolate de Star Wars BB8 - Xocosave | Xocolaters Pastissers des de 1880\",\"isPartOf\":{\"@id\":\"https:\/\/xocosave.com\/#website\"},\"primaryImageOfPage\":{\"@id\":\"https:\/\/xocosave.com\/es\/producte\/figures-de-xocolata-de-star-wars-bb8\/#primaryimage\"},\"image\":{\"@id\":\"https:\/\/xocosave.com\/es\/producte\/figures-de-xocolata-de-star-wars-bb8\/#primaryimage\"},\"thumbnailUrl\":\"https:\/\/xocosave.com\/wp-content\/uploads\/2022\/03\/bb8.jpg\",\"datePublished\":\"2024-05-24T10:42:10+00:00\",\"dateModified\":\"2025-03-18T15:04:41+00:00\",\"description\":\"Una figura de xocolata amb forma de BB8 de Star Wars, perfecta per als amants de la saga gal\u00e0ctica.\",\"breadcrumb\":{\"@id\":\"https:\/\/xocosave.com\/es\/producte\/figures-de-xocolata-de-star-wars-bb8\/#breadcrumb\"},\"inLanguage\":\"es\",\"potentialAction\":[{\"@type\":\"ReadAction\",\"target\":[\"https:\/\/xocosave.com\/es\/producte\/figures-de-xocolata-de-star-wars-bb8\/\"]}]},{\"@type\":\"ImageObject\",\"inLanguage\":\"es\",\"@id\":\"https:\/\/xocosave.com\/es\/producte\/figures-de-xocolata-de-star-wars-bb8\/#primaryimage\",\"url\":\"https:\/\/xocosave.com\/wp-content\/uploads\/2022\/03\/bb8.jpg\",\"contentUrl\":\"https:\/\/xocosave.com\/wp-content\/uploads\/2022\/03\/bb8.jpg\",\"width\":1300,\"height\":1300,\"caption\":\"bb-8\"},{\"@type\":\"BreadcrumbList\",\"@id\":\"https:\/\/xocosave.com\/es\/producte\/figures-de-xocolata-de-star-wars-bb8\/#breadcrumb\",\"itemListElement\":[{\"@type\":\"ListItem\",\"position\":1,\"name\":\"Productes\",\"item\":\"https:\/\/xocosave.com\/shop\/\"},{\"@type\":\"ListItem\",\"position\":2,\"name\":\"Figuras de chocolate de Star Wars BB8\"}]},{\"@type\":\"WebSite\",\"@id\":\"https:\/\/xocosave.com\/#website\",\"url\":\"https:\/\/xocosave.com\/\",\"name\":\"Xocosave | Xocolaters Pastissers des de 1880\",\"description\":\"Millor Panettone artesanal d&#039;Espanya 2020 | Escultors de xocolata | porta al teu paladar la m\u00e9s alta qualitat dol\u00e7os i salats.\",\"publisher\":{\"@id\":\"https:\/\/xocosave.com\/#organization\"},\"alternateName\":\"Xocosave\",\"potentialAction\":[{\"@type\":\"SearchAction\",\"target\":{\"@type\":\"EntryPoint\",\"urlTemplate\":\"https:\/\/xocosave.com\/?s={search_term_string}\"},\"query-input\":{\"@type\":\"PropertyValueSpecification\",\"valueRequired\":true,\"valueName\":\"search_term_string\"}}],\"inLanguage\":\"es\"},{\"@type\":\"Organization\",\"@id\":\"https:\/\/xocosave.com\/#organization\",\"name\":\"Xocosave | Xocolaters Pastissers des de 1880\",\"url\":\"https:\/\/xocosave.com\/\",\"logo\":{\"@type\":\"ImageObject\",\"inLanguage\":\"es\",\"@id\":\"https:\/\/xocosave.com\/#\/schema\/logo\/image\/\",\"url\":\"https:\/\/xocosave.com\/wp-content\/uploads\/2024\/05\/cropped-Recurso-5.png\",\"contentUrl\":\"https:\/\/xocosave.com\/wp-content\/uploads\/2024\/05\/cropped-Recurso-5.png\",\"width\":512,\"height\":512,\"caption\":\"Xocosave | Xocolaters Pastissers des de 1880\"},\"image\":{\"@id\":\"https:\/\/xocosave.com\/#\/schema\/logo\/image\/\"},\"sameAs\":[\"https:\/\/www.facebook.com\/Xocosave\/\",\"https:\/\/www.instagram.com\/xocosave\"]}]}<\/script>\n<!-- \/ Yoast SEO plugin. -->","yoast_head_json":{"title":"Figuras de chocolate de Star Wars BB8 - Xocosave | Xocolaters Pastissers des de 1880","description":"Una figura de xocolata amb forma de BB8 de Star Wars, perfecta per als amants de la saga gal\u00e0ctica.","robots":{"index":"index","follow":"follow","max-snippet":"max-snippet:-1","max-image-preview":"max-image-preview:large","max-video-preview":"max-video-preview:-1"},"canonical":"https:\/\/xocosave.com\/es\/producte\/figures-de-xocolata-de-star-wars-bb8\/","og_locale":"es_ES","og_type":"article","og_title":"Figuras de chocolate de Star Wars BB8 - Xocosave | Xocolaters Pastissers des de 1880","og_description":"Una figura de xocolata amb forma de BB8 de Star Wars, perfecta per als amants de la saga gal\u00e0ctica.","og_url":"https:\/\/xocosave.com\/es\/producte\/figures-de-xocolata-de-star-wars-bb8\/","og_site_name":"Xocosave | Xocolaters Pastissers des de 1880","article_publisher":"https:\/\/www.facebook.com\/Xocosave\/","article_modified_time":"2025-03-18T15:04:41+00:00","og_image":[{"width":1300,"height":1300,"url":"https:\/\/xocosave.com\/wp-content\/uploads\/2022\/03\/bb8.jpg","type":"image\/jpeg"}],"twitter_card":"summary_large_image","twitter_misc":{"Tiempo de lectura":"2 minutos"},"schema":{"@context":"https:\/\/schema.org","@graph":[{"@type":"WebPage","@id":"https:\/\/xocosave.com\/es\/producte\/figures-de-xocolata-de-star-wars-bb8\/","url":"https:\/\/xocosave.com\/es\/producte\/figures-de-xocolata-de-star-wars-bb8\/","name":"Figuras de chocolate de Star Wars BB8 - Xocosave | Xocolaters Pastissers des de 1880","isPartOf":{"@id":"https:\/\/xocosave.com\/#website"},"primaryImageOfPage":{"@id":"https:\/\/xocosave.com\/es\/producte\/figures-de-xocolata-de-star-wars-bb8\/#primaryimage"},"image":{"@id":"https:\/\/xocosave.com\/es\/producte\/figures-de-xocolata-de-star-wars-bb8\/#primaryimage"},"thumbnailUrl":"https:\/\/xocosave.com\/wp-content\/uploads\/2022\/03\/bb8.jpg","datePublished":"2024-05-24T10:42:10+00:00","dateModified":"2025-03-18T15:04:41+00:00","description":"Una figura de xocolata amb forma de BB8 de Star Wars, perfecta per als amants de la saga gal\u00e0ctica.","breadcrumb":{"@id":"https:\/\/xocosave.com\/es\/producte\/figures-de-xocolata-de-star-wars-bb8\/#breadcrumb"},"inLanguage":"es","potentialAction":[{"@type":"ReadAction","target":["https:\/\/xocosave.com\/es\/producte\/figures-de-xocolata-de-star-wars-bb8\/"]}]},{"@type":"ImageObject","inLanguage":"es","@id":"https:\/\/xocosave.com\/es\/producte\/figures-de-xocolata-de-star-wars-bb8\/#primaryimage","url":"https:\/\/xocosave.com\/wp-content\/uploads\/2022\/03\/bb8.jpg","contentUrl":"https:\/\/xocosave.com\/wp-content\/uploads\/2022\/03\/bb8.jpg","width":1300,"height":1300,"caption":"bb-8"},{"@type":"BreadcrumbList","@id":"https:\/\/xocosave.com\/es\/producte\/figures-de-xocolata-de-star-wars-bb8\/#breadcrumb","itemListElement":[{"@type":"ListItem","position":1,"name":"Productes","item":"https:\/\/xocosave.com\/shop\/"},{"@type":"ListItem","position":2,"name":"Figuras de chocolate de Star Wars BB8"}]},{"@type":"WebSite","@id":"https:\/\/xocosave.com\/#website","url":"https:\/\/xocosave.com\/","name":"Xocosave | Xocolaters Pastissers des de 1880","description":"Millor Panettone artesanal d&#039;Espanya 2020 | Escultors de xocolata | porta al teu paladar la m\u00e9s alta qualitat dol\u00e7os i salats.","publisher":{"@id":"https:\/\/xocosave.com\/#organization"},"alternateName":"Xocosave","potentialAction":[{"@type":"SearchAction","target":{"@type":"EntryPoint","urlTemplate":"https:\/\/xocosave.com\/?s={search_term_string}"},"query-input":{"@type":"PropertyValueSpecification","valueRequired":true,"valueName":"search_term_string"}}],"inLanguage":"es"},{"@type":"Organization","@id":"https:\/\/xocosave.com\/#organization","name":"Xocosave | Xocolaters Pastissers des de 1880","url":"https:\/\/xocosave.com\/","logo":{"@type":"ImageObject","inLanguage":"es","@id":"https:\/\/xocosave.com\/#\/schema\/logo\/image\/","url":"https:\/\/xocosave.com\/wp-content\/uploads\/2024\/05\/cropped-Recurso-5.png","contentUrl":"https:\/\/xocosave.com\/wp-content\/uploads\/2024\/05\/cropped-Recurso-5.png","width":512,"height":512,"caption":"Xocosave | Xocolaters Pastissers des de 1880"},"image":{"@id":"https:\/\/xocosave.com\/#\/schema\/logo\/image\/"},"sameAs":["https:\/\/www.facebook.com\/Xocosave\/","https:\/\/www.instagram.com\/xocosave"]}]}},"_links":{"self":[{"href":"https:\/\/xocosave.com\/es\/wp-json\/wp\/v2\/product\/4288","targetHints":{"allow":["GET"]}}],"collection":[{"href":"https:\/\/xocosave.com\/es\/wp-json\/wp\/v2\/product"}],"about":[{"href":"https:\/\/xocosave.com\/es\/wp-json\/wp\/v2\/types\/product"}],"wp:featuredmedia":[{"embeddable":true,"href":"https:\/\/xocosave.com\/es\/wp-json\/wp\/v2\/media\/1793"}],"wp:attachment":[{"href":"https:\/\/xocosave.com\/es\/wp-json\/wp\/v2\/media?parent=4288"}],"wp:term":[{"taxonomy":"product_brand","embeddable":true,"href":"https:\/\/xocosave.com\/es\/wp-json\/wp\/v2\/product_brand?post=4288"},{"taxonomy":"product_cat","embeddable":true,"href":"https:\/\/xocosave.com\/es\/wp-json\/wp\/v2\/product_cat?post=4288"},{"taxonomy":"product_tag","embeddable":true,"href":"https:\/\/xocosave.com\/es\/wp-json\/wp\/v2\/product_tag?post=4288"}],"curies":[{"name":"wp","href":"https:\/\/api.w.org\/{rel}","templated":true}]}}