{"id":4279,"date":"2024-05-24T13:05:20","date_gmt":"2024-05-24T11:05:20","guid":{"rendered":"https:\/\/xocosave.com\/producte\/ou-de-xocolata-vermell\/"},"modified":"2025-03-18T17:02:13","modified_gmt":"2025-03-18T15:02:13","slug":"huevo-de-chocolate-vermell","status":"publish","type":"product","link":"https:\/\/xocosave.com\/es\/producte\/huevo-de-chocolate-vermell\/","title":{"rendered":"Huevo de chocolate rojo"},"content":{"rendered":"<p>Un huevo de chocolate rojo, desnudo y brillante, presenta su superficie pulcra como una invitaci\u00f3n a una experiencia de dulzura pura. Su simplicidad resalta la riqueza de su contenido, prometiendo una indulgencia directa y sin tapujos para los amantes del chocolate.<\/p>\n<span class=\"collapseomatic \" id=\"id69e5fda3dfac1\"  tabindex=\"0\" title=\"\"    ><\/span><div id=\"target-id69e5fda3dfac1\" class=\"collapseomatic_content \">\n<a href=\"https:\/\/instagram.com\" rel=\"follow\">follow<\/a><br \/>\n<a href=\"\/home\">home<\/a><\/p>\n<p>Un ou de xocolata vermell, nu i brillant, captura l&#8217;atenci\u00f3 amb la seva pres\u00e8ncia elegant i seductora. La seva superf\u00edcie polida brilla com una joia, convidant a una experi\u00e8ncia de dol\u00e7or pura que promet indulg\u00e8ncia sense reserves per als amants de la xocolata.<\/p>\n<p>La seva aparen\u00e7a senzilla, sense adornar, posa de manifest la riquesa del seu contingut. Aquest ou de xocolata vermell ofereix una promesa irresistible: una explosi\u00f3 de sabor intens i satisfactori en cada mossegada. No hi ha res que interrompi la sublim experi\u00e8ncia de deixar-se endur pel gust profund i seductor de la xocolata.<\/p>\n<p>\u00c9s una invitaci\u00f3 directa a submergir-se en una experi\u00e8ncia sensorial \u00fanica, on cada tros de xocolata \u00e9s una del\u00edcia per al paladar i un recordatori de la pura felicitat. La seva brillantor \u00e9s com un reflex del plaer que espera a qui decideixi sucumbir a la seva temptaci\u00f3 irresistible.<\/p>\n<p>Aix\u00ed, aquest ou de xocolata vermell no \u00e9s nom\u00e9s un dol\u00e7, sin\u00f3 una expressi\u00f3 de puresa i lux\u00faria en forma de xocolata. \u00c9s un regal per als sentits, un homenatge a la indulg\u00e8ncia i una invitaci\u00f3 a gaudir dels plaers simples de la vida.<\/p>\n<p>Un ou de xocolata vermell, nu i brillant, captura l&#8217;atenci\u00f3 amb la seva pres\u00e8ncia elegant i seductora. La seva superf\u00edcie polida brilla com una joia, convidant a una experi\u00e8ncia de dol\u00e7or pura que promet indulg\u00e8ncia sense reserves per als amants de la xocolata.<\/p>\n<p>La seva aparen\u00e7a senzilla, sense adornar, posa de manifest la riquesa del seu contingut. Aquest ou de xocolata vermell ofereix una promesa irresistible: una explosi\u00f3 de sabor intens i satisfactori en cada mossegada. No hi ha res que interrompi la sublim experi\u00e8ncia de deixar-se endur pel gust profund i seductor de la xocolata.<\/p>\n<p>\u00c9s una invitaci\u00f3 directa a submergir-se en una experi\u00e8ncia sensorial \u00fanica, on cada tros de xocolata \u00e9s una del\u00edcia per al paladar i un recordatori de la pura felicitat. La seva brillantor \u00e9s com un reflex del plaer que espera a qui decideixi sucumbir a la seva temptaci\u00f3 irresistible.<\/p>\n<p>Aix\u00ed, aquest ou de xocolata vermell no \u00e9s nom\u00e9s un dol\u00e7, sin\u00f3 una expressi\u00f3 de puresa i lux\u00faria en forma de xocolata. \u00c9s un regal per als sentits, un homenatge a la indulg\u00e8ncia i una invitaci\u00f3 a gaudir dels plaers simples de la vida.<\/p>\n<p>huevo de chocolate<\/p>\n<\/div>\n","protected":false},"excerpt":{"rendered":"<p>Un huevo de chocolate rojo, desnudo y brillante, presenta su superficie pulcra como una invitaci\u00f3n a una experiencia de dulzura pura. Su simplicidad resalta la riqueza de su contenido, prometiendo una indulgencia directa y sin tapujos para los amantes del chocolate.<\/p>\n<p>Para realizar el pedido puede contactar al 626 613 100<\/p>\n","protected":false},"featured_media":2773,"template":"","meta":{"_et_pb_use_builder":"","_et_pb_old_content":"","_et_gb_content_width":""},"product_brand":[],"product_cat":[336,283],"product_tag":[],"class_list":{"0":"post-4279","1":"product","2":"type-product","3":"status-publish","4":"has-post-thumbnail","6":"product_cat-ous-de-xocolata-es","7":"product_cat-pasqua-es","9":"first","10":"outofstock","11":"taxable","12":"shipping-taxable","13":"product-type-simple"},"yoast_head":"<!-- This site is optimized with the Yoast SEO plugin v25.9 - https:\/\/yoast.com\/wordpress\/plugins\/seo\/ -->\n<title>Huevo de chocolate rojo - Xocosave | Xocolaters Pastissers des de 1880<\/title>\n<meta name=\"description\" content=\"Un huevo de chocolate rojo, desnudo y brillante, presenta su superficie pulcra como una invitaci\u00f3n a una experiencia de dulzura pura.\" \/>\n<meta name=\"robots\" content=\"index, follow, max-snippet:-1, max-image-preview:large, max-video-preview:-1\" \/>\n<link rel=\"canonical\" href=\"https:\/\/xocosave.com\/es\/producte\/huevo-de-chocolate-vermell\/\" \/>\n<meta property=\"og:locale\" content=\"es_ES\" \/>\n<meta property=\"og:type\" content=\"article\" \/>\n<meta property=\"og:title\" content=\"Huevo de chocolate rojo - Xocosave | Xocolaters Pastissers des de 1880\" \/>\n<meta property=\"og:description\" content=\"Un huevo de chocolate rojo, desnudo y brillante, presenta su superficie pulcra como una invitaci\u00f3n a una experiencia de dulzura pura.\" \/>\n<meta property=\"og:url\" content=\"https:\/\/xocosave.com\/es\/producte\/huevo-de-chocolate-vermell\/\" \/>\n<meta property=\"og:site_name\" content=\"Xocosave | Xocolaters Pastissers des de 1880\" \/>\n<meta property=\"article:publisher\" content=\"https:\/\/www.facebook.com\/Xocosave\/\" \/>\n<meta property=\"article:modified_time\" content=\"2025-03-18T15:02:13+00:00\" \/>\n<meta property=\"og:image\" content=\"https:\/\/xocosave.com\/wp-content\/uploads\/2024\/03\/ous.png\" \/>\n\t<meta property=\"og:image:width\" content=\"1300\" \/>\n\t<meta property=\"og:image:height\" content=\"1300\" \/>\n\t<meta property=\"og:image:type\" content=\"image\/png\" \/>\n<meta name=\"twitter:card\" content=\"summary_large_image\" \/>\n<meta name=\"twitter:label1\" content=\"Tiempo de lectura\" \/>\n\t<meta name=\"twitter:data1\" content=\"3 minutos\" \/>\n<script type=\"application\/ld+json\" class=\"yoast-schema-graph\">{\"@context\":\"https:\/\/schema.org\",\"@graph\":[{\"@type\":\"WebPage\",\"@id\":\"https:\/\/xocosave.com\/es\/producte\/huevo-de-chocolate-vermell\/\",\"url\":\"https:\/\/xocosave.com\/es\/producte\/huevo-de-chocolate-vermell\/\",\"name\":\"Huevo de chocolate rojo - Xocosave | Xocolaters Pastissers des de 1880\",\"isPartOf\":{\"@id\":\"https:\/\/xocosave.com\/#website\"},\"primaryImageOfPage\":{\"@id\":\"https:\/\/xocosave.com\/es\/producte\/huevo-de-chocolate-vermell\/#primaryimage\"},\"image\":{\"@id\":\"https:\/\/xocosave.com\/es\/producte\/huevo-de-chocolate-vermell\/#primaryimage\"},\"thumbnailUrl\":\"https:\/\/xocosave.com\/wp-content\/uploads\/2024\/03\/ous.png\",\"datePublished\":\"2024-05-24T11:05:20+00:00\",\"dateModified\":\"2025-03-18T15:02:13+00:00\",\"description\":\"Un huevo de chocolate rojo, desnudo y brillante, presenta su superficie pulcra como una invitaci\u00f3n a una experiencia de dulzura pura.\",\"breadcrumb\":{\"@id\":\"https:\/\/xocosave.com\/es\/producte\/huevo-de-chocolate-vermell\/#breadcrumb\"},\"inLanguage\":\"es\",\"potentialAction\":[{\"@type\":\"ReadAction\",\"target\":[\"https:\/\/xocosave.com\/es\/producte\/huevo-de-chocolate-vermell\/\"]}]},{\"@type\":\"ImageObject\",\"inLanguage\":\"es\",\"@id\":\"https:\/\/xocosave.com\/es\/producte\/huevo-de-chocolate-vermell\/#primaryimage\",\"url\":\"https:\/\/xocosave.com\/wp-content\/uploads\/2024\/03\/ous.png\",\"contentUrl\":\"https:\/\/xocosave.com\/wp-content\/uploads\/2024\/03\/ous.png\",\"width\":1300,\"height\":1300,\"caption\":\"ou xocolata\"},{\"@type\":\"BreadcrumbList\",\"@id\":\"https:\/\/xocosave.com\/es\/producte\/huevo-de-chocolate-vermell\/#breadcrumb\",\"itemListElement\":[{\"@type\":\"ListItem\",\"position\":1,\"name\":\"Productes\",\"item\":\"https:\/\/xocosave.com\/shop\/\"},{\"@type\":\"ListItem\",\"position\":2,\"name\":\"Huevo de chocolate rojo\"}]},{\"@type\":\"WebSite\",\"@id\":\"https:\/\/xocosave.com\/#website\",\"url\":\"https:\/\/xocosave.com\/\",\"name\":\"Xocosave | Xocolaters Pastissers des de 1880\",\"description\":\"Millor Panettone artesanal d&#039;Espanya 2020 | Escultors de xocolata | porta al teu paladar la m\u00e9s alta qualitat dol\u00e7os i salats.\",\"publisher\":{\"@id\":\"https:\/\/xocosave.com\/#organization\"},\"alternateName\":\"Xocosave\",\"potentialAction\":[{\"@type\":\"SearchAction\",\"target\":{\"@type\":\"EntryPoint\",\"urlTemplate\":\"https:\/\/xocosave.com\/?s={search_term_string}\"},\"query-input\":{\"@type\":\"PropertyValueSpecification\",\"valueRequired\":true,\"valueName\":\"search_term_string\"}}],\"inLanguage\":\"es\"},{\"@type\":\"Organization\",\"@id\":\"https:\/\/xocosave.com\/#organization\",\"name\":\"Xocosave | Xocolaters Pastissers des de 1880\",\"url\":\"https:\/\/xocosave.com\/\",\"logo\":{\"@type\":\"ImageObject\",\"inLanguage\":\"es\",\"@id\":\"https:\/\/xocosave.com\/#\/schema\/logo\/image\/\",\"url\":\"https:\/\/xocosave.com\/wp-content\/uploads\/2024\/05\/cropped-Recurso-5.png\",\"contentUrl\":\"https:\/\/xocosave.com\/wp-content\/uploads\/2024\/05\/cropped-Recurso-5.png\",\"width\":512,\"height\":512,\"caption\":\"Xocosave | Xocolaters Pastissers des de 1880\"},\"image\":{\"@id\":\"https:\/\/xocosave.com\/#\/schema\/logo\/image\/\"},\"sameAs\":[\"https:\/\/www.facebook.com\/Xocosave\/\",\"https:\/\/www.instagram.com\/xocosave\"]}]}<\/script>\n<!-- \/ Yoast SEO plugin. -->","yoast_head_json":{"title":"Huevo de chocolate rojo - Xocosave | Xocolaters Pastissers des de 1880","description":"Un huevo de chocolate rojo, desnudo y brillante, presenta su superficie pulcra como una invitaci\u00f3n a una experiencia de dulzura pura.","robots":{"index":"index","follow":"follow","max-snippet":"max-snippet:-1","max-image-preview":"max-image-preview:large","max-video-preview":"max-video-preview:-1"},"canonical":"https:\/\/xocosave.com\/es\/producte\/huevo-de-chocolate-vermell\/","og_locale":"es_ES","og_type":"article","og_title":"Huevo de chocolate rojo - Xocosave | Xocolaters Pastissers des de 1880","og_description":"Un huevo de chocolate rojo, desnudo y brillante, presenta su superficie pulcra como una invitaci\u00f3n a una experiencia de dulzura pura.","og_url":"https:\/\/xocosave.com\/es\/producte\/huevo-de-chocolate-vermell\/","og_site_name":"Xocosave | Xocolaters Pastissers des de 1880","article_publisher":"https:\/\/www.facebook.com\/Xocosave\/","article_modified_time":"2025-03-18T15:02:13+00:00","og_image":[{"width":1300,"height":1300,"url":"https:\/\/xocosave.com\/wp-content\/uploads\/2024\/03\/ous.png","type":"image\/png"}],"twitter_card":"summary_large_image","twitter_misc":{"Tiempo de lectura":"3 minutos"},"schema":{"@context":"https:\/\/schema.org","@graph":[{"@type":"WebPage","@id":"https:\/\/xocosave.com\/es\/producte\/huevo-de-chocolate-vermell\/","url":"https:\/\/xocosave.com\/es\/producte\/huevo-de-chocolate-vermell\/","name":"Huevo de chocolate rojo - Xocosave | Xocolaters Pastissers des de 1880","isPartOf":{"@id":"https:\/\/xocosave.com\/#website"},"primaryImageOfPage":{"@id":"https:\/\/xocosave.com\/es\/producte\/huevo-de-chocolate-vermell\/#primaryimage"},"image":{"@id":"https:\/\/xocosave.com\/es\/producte\/huevo-de-chocolate-vermell\/#primaryimage"},"thumbnailUrl":"https:\/\/xocosave.com\/wp-content\/uploads\/2024\/03\/ous.png","datePublished":"2024-05-24T11:05:20+00:00","dateModified":"2025-03-18T15:02:13+00:00","description":"Un huevo de chocolate rojo, desnudo y brillante, presenta su superficie pulcra como una invitaci\u00f3n a una experiencia de dulzura pura.","breadcrumb":{"@id":"https:\/\/xocosave.com\/es\/producte\/huevo-de-chocolate-vermell\/#breadcrumb"},"inLanguage":"es","potentialAction":[{"@type":"ReadAction","target":["https:\/\/xocosave.com\/es\/producte\/huevo-de-chocolate-vermell\/"]}]},{"@type":"ImageObject","inLanguage":"es","@id":"https:\/\/xocosave.com\/es\/producte\/huevo-de-chocolate-vermell\/#primaryimage","url":"https:\/\/xocosave.com\/wp-content\/uploads\/2024\/03\/ous.png","contentUrl":"https:\/\/xocosave.com\/wp-content\/uploads\/2024\/03\/ous.png","width":1300,"height":1300,"caption":"ou xocolata"},{"@type":"BreadcrumbList","@id":"https:\/\/xocosave.com\/es\/producte\/huevo-de-chocolate-vermell\/#breadcrumb","itemListElement":[{"@type":"ListItem","position":1,"name":"Productes","item":"https:\/\/xocosave.com\/shop\/"},{"@type":"ListItem","position":2,"name":"Huevo de chocolate rojo"}]},{"@type":"WebSite","@id":"https:\/\/xocosave.com\/#website","url":"https:\/\/xocosave.com\/","name":"Xocosave | Xocolaters Pastissers des de 1880","description":"Millor Panettone artesanal d&#039;Espanya 2020 | Escultors de xocolata | porta al teu paladar la m\u00e9s alta qualitat dol\u00e7os i salats.","publisher":{"@id":"https:\/\/xocosave.com\/#organization"},"alternateName":"Xocosave","potentialAction":[{"@type":"SearchAction","target":{"@type":"EntryPoint","urlTemplate":"https:\/\/xocosave.com\/?s={search_term_string}"},"query-input":{"@type":"PropertyValueSpecification","valueRequired":true,"valueName":"search_term_string"}}],"inLanguage":"es"},{"@type":"Organization","@id":"https:\/\/xocosave.com\/#organization","name":"Xocosave | Xocolaters Pastissers des de 1880","url":"https:\/\/xocosave.com\/","logo":{"@type":"ImageObject","inLanguage":"es","@id":"https:\/\/xocosave.com\/#\/schema\/logo\/image\/","url":"https:\/\/xocosave.com\/wp-content\/uploads\/2024\/05\/cropped-Recurso-5.png","contentUrl":"https:\/\/xocosave.com\/wp-content\/uploads\/2024\/05\/cropped-Recurso-5.png","width":512,"height":512,"caption":"Xocosave | Xocolaters Pastissers des de 1880"},"image":{"@id":"https:\/\/xocosave.com\/#\/schema\/logo\/image\/"},"sameAs":["https:\/\/www.facebook.com\/Xocosave\/","https:\/\/www.instagram.com\/xocosave"]}]}},"_links":{"self":[{"href":"https:\/\/xocosave.com\/es\/wp-json\/wp\/v2\/product\/4279","targetHints":{"allow":["GET"]}}],"collection":[{"href":"https:\/\/xocosave.com\/es\/wp-json\/wp\/v2\/product"}],"about":[{"href":"https:\/\/xocosave.com\/es\/wp-json\/wp\/v2\/types\/product"}],"wp:featuredmedia":[{"embeddable":true,"href":"https:\/\/xocosave.com\/es\/wp-json\/wp\/v2\/media\/2773"}],"wp:attachment":[{"href":"https:\/\/xocosave.com\/es\/wp-json\/wp\/v2\/media?parent=4279"}],"wp:term":[{"taxonomy":"product_brand","embeddable":true,"href":"https:\/\/xocosave.com\/es\/wp-json\/wp\/v2\/product_brand?post=4279"},{"taxonomy":"product_cat","embeddable":true,"href":"https:\/\/xocosave.com\/es\/wp-json\/wp\/v2\/product_cat?post=4279"},{"taxonomy":"product_tag","embeddable":true,"href":"https:\/\/xocosave.com\/es\/wp-json\/wp\/v2\/product_tag?post=4279"}],"curies":[{"name":"wp","href":"https:\/\/api.w.org\/{rel}","templated":true}]}}