{"id":4259,"date":"2022-06-08T08:51:11","date_gmt":"2022-06-08T06:51:11","guid":{"rendered":"https:\/\/xocosave.com\/producte\/yuzu\/"},"modified":"2024-06-17T12:36:44","modified_gmt":"2024-06-17T10:36:44","slug":"yuzu","status":"publish","type":"product","link":"https:\/\/xocosave.com\/es\/producte\/yuzu\/","title":{"rendered":"Yuzu"},"content":{"rendered":"<span class=\"collapseomatic \" id=\"id69e8a4d09cfe2\"  tabindex=\"0\" title=\"\"    ><\/span><div id=\"target-id69e8a4d09cfe2\" class=\"collapseomatic_content \">\n<p><a href=\"https:\/\/www.cocinista.es\/web\/es\/enciclopedia-cocinista\/especias-de-la-a-a-la-z\/yuzu.html\">Yuzu.<\/a> Nuestra mousse de yuzu es una experiencia culinaria \u00fanica que captura la esencia c\u00edtrica y refrescante del yuzu en cada cucharada. Con su textura ligera y aireada, la mousse te sumerge en una explosi\u00f3n de sabor vibrante y frescura revitalizante.<\/p>\n<p>El yuzu, un c\u00edtrico japon\u00e9s, aporta notas de naranja, lim\u00f3n y mandarina, creando una combinaci\u00f3n refrescante y compleja que despierta los sentidos. Su dulzor sutil se combina a la perfecci\u00f3n con su ligera acidez, creando un equilibrio exquisito de sabores que te deja con una sensaci\u00f3n de placer puro.<\/p>\n<p>La mousse de yuzu es ideal como postre despu\u00e9s de una comida copiosa, ya que su frescura ayuda a limpiar el paladar y aporta una sensaci\u00f3n de ligereza despu\u00e9s de comer. Tambi\u00e9n es perfecta para aquellos momentos en los que buscas un refrescamiento c\u00edtrico y revitalizante para acompa\u00f1arte en un d\u00eda caluroso.<\/p>\n<p>Con su presentaci\u00f3n elegante y su sabor inolvidable, nuestra mousse es una opci\u00f3n deliciosa para cualquier ocasi\u00f3n especial o simplemente para gozar de una deliciosa explosi\u00f3n de sabor en cualquier momento del d\u00eda. Es una experiencia gastron\u00f3mica que te transportar\u00e1 a tierras ex\u00f3ticas de Jap\u00f3n con cada cucharada.<\/p>\n<p>Nuestra mousse de yuzu es una experiencia culinaria \u00fanica que captura la esencia c\u00edtrica y refrescante del yuzu en cada cucharada. Con su textura ligera y aireada, la mousse te sumerge en una explosi\u00f3n de sabor vibrante y frescura revitalizante.<\/p>\n<p>un c\u00edtrico japon\u00e9s, aporta notas de naranja, lim\u00f3n y mandarina, creando una combinaci\u00f3n refrescante y compleja que despierta los sentidos. Su dulzor sutil se combina a la perfecci\u00f3n con su ligera acidez, creando un equilibrio exquisito de sabores que te deja con una sensaci\u00f3n de placer puro.<\/p>\n<p>Nuestra mousse es una experiencia culinaria \u00fanica que captura la esencia c\u00edtrica y refrescante del yuzu en cada cucharada. Con su textura ligera y aireada, la mousse te sumerge en una explosi\u00f3n de sabor vibrante y frescura revitalizante.<\/p>\n<p>El yuzu, un c\u00edtrico japon\u00e9s, aporta notas de naranja, lim\u00f3n y mandarina, creando una combinaci\u00f3n refrescante y compleja que despierta los sentidos. Su dulzor sutil se combina a la perfecci\u00f3n con su ligera acidez, creando un equilibrio exquisito de sabores que te deja con una sensaci\u00f3n de placer puro.<\/p>\n<p>&nbsp;<\/p>\n<\/div>\n","protected":false},"excerpt":{"rendered":"<div id=\"tw-target-text-container\" class=\"tw-ta-container F0azHf tw-nfl\" tabindex=\"0\">\n<p id=\"tw-target-text\" class=\"tw-data-text tw-text-large tw-ta\" dir=\"ltr\" data-placeholder=\"Traducci\u00f3n\" aria-label=\"Texto traducido\" data-ved=\"2ahUKEwiK_IbI5tqGAxXXA9sEHfynBJIQ3ewLegQIExAU\"><span class=\"Y2IQFc\" lang=\"es\">Mousse de yuzu que captura la esencia c\u00edtrica y refrescante del yuzu en cada cucharada.<\/span><\/p>\n<\/div>\n","protected":false},"featured_media":2287,"template":"","meta":{"_et_pb_use_builder":"","_et_pb_old_content":"","_et_gb_content_width":""},"product_brand":[],"product_cat":[295],"product_tag":[323],"class_list":{"0":"post-4259","1":"product","2":"type-product","3":"status-publish","4":"has-post-thumbnail","6":"product_cat-mousse-es","7":"product_tag-mousse-de-yuzu-amb-interior-liquid-de-mandarina-i-fruita-de-la-passio-i-pa-de-pessic-de-te-verd-es","9":"first","10":"instock","11":"taxable","12":"shipping-taxable","13":"purchasable","14":"product-type-simple"},"yoast_head":"<!-- This site is optimized with the Yoast SEO plugin v25.9 - https:\/\/yoast.com\/wordpress\/plugins\/seo\/ -->\n<title>Yuzu - Xocosave | Xocolaters Pastissers des de 1880<\/title>\n<meta name=\"description\" content=\"Descubre nuestra mousse de yuzu, una explosi\u00f3n de frescura c\u00edtrica en cada cucharada. Para los amantes de todos los alimentos c\u00edtricos.\" \/>\n<meta name=\"robots\" content=\"index, follow, max-snippet:-1, max-image-preview:large, max-video-preview:-1\" \/>\n<link rel=\"canonical\" href=\"https:\/\/xocosave.com\/es\/producte\/yuzu\/\" \/>\n<meta property=\"og:locale\" content=\"es_ES\" \/>\n<meta property=\"og:type\" content=\"article\" \/>\n<meta property=\"og:title\" content=\"Yuzu - Xocosave | Xocolaters Pastissers des de 1880\" \/>\n<meta property=\"og:description\" content=\"Descubre nuestra mousse de yuzu, una explosi\u00f3n de frescura c\u00edtrica en cada cucharada. Para los amantes de todos los alimentos c\u00edtricos.\" \/>\n<meta property=\"og:url\" content=\"https:\/\/xocosave.com\/es\/producte\/yuzu\/\" \/>\n<meta property=\"og:site_name\" content=\"Xocosave | Xocolaters Pastissers des de 1880\" \/>\n<meta property=\"article:publisher\" content=\"https:\/\/www.facebook.com\/Xocosave\/\" \/>\n<meta property=\"article:modified_time\" content=\"2024-06-17T10:36:44+00:00\" \/>\n<meta property=\"og:image\" content=\"https:\/\/xocosave.com\/wp-content\/uploads\/2022\/06\/Mousse-202.jpg\" \/>\n\t<meta property=\"og:image:width\" content=\"1500\" \/>\n\t<meta property=\"og:image:height\" content=\"1500\" \/>\n\t<meta property=\"og:image:type\" content=\"image\/jpeg\" \/>\n<meta name=\"twitter:card\" content=\"summary_large_image\" \/>\n<meta name=\"twitter:label1\" content=\"Tiempo de lectura\" \/>\n\t<meta name=\"twitter:data1\" content=\"2 minutos\" \/>\n<script type=\"application\/ld+json\" class=\"yoast-schema-graph\">{\"@context\":\"https:\/\/schema.org\",\"@graph\":[{\"@type\":\"WebPage\",\"@id\":\"https:\/\/xocosave.com\/es\/producte\/yuzu\/\",\"url\":\"https:\/\/xocosave.com\/es\/producte\/yuzu\/\",\"name\":\"Yuzu - Xocosave | Xocolaters Pastissers des de 1880\",\"isPartOf\":{\"@id\":\"https:\/\/xocosave.com\/#website\"},\"primaryImageOfPage\":{\"@id\":\"https:\/\/xocosave.com\/es\/producte\/yuzu\/#primaryimage\"},\"image\":{\"@id\":\"https:\/\/xocosave.com\/es\/producte\/yuzu\/#primaryimage\"},\"thumbnailUrl\":\"https:\/\/xocosave.com\/wp-content\/uploads\/2022\/06\/Mousse-202.jpg\",\"datePublished\":\"2022-06-08T06:51:11+00:00\",\"dateModified\":\"2024-06-17T10:36:44+00:00\",\"description\":\"Descubre nuestra mousse de yuzu, una explosi\u00f3n de frescura c\u00edtrica en cada cucharada. Para los amantes de todos los alimentos c\u00edtricos.\",\"breadcrumb\":{\"@id\":\"https:\/\/xocosave.com\/es\/producte\/yuzu\/#breadcrumb\"},\"inLanguage\":\"es\",\"potentialAction\":[{\"@type\":\"ReadAction\",\"target\":[\"https:\/\/xocosave.com\/es\/producte\/yuzu\/\"]}]},{\"@type\":\"ImageObject\",\"inLanguage\":\"es\",\"@id\":\"https:\/\/xocosave.com\/es\/producte\/yuzu\/#primaryimage\",\"url\":\"https:\/\/xocosave.com\/wp-content\/uploads\/2022\/06\/Mousse-202.jpg\",\"contentUrl\":\"https:\/\/xocosave.com\/wp-content\/uploads\/2022\/06\/Mousse-202.jpg\",\"width\":1500,\"height\":1500,\"caption\":\"yuzu\"},{\"@type\":\"BreadcrumbList\",\"@id\":\"https:\/\/xocosave.com\/es\/producte\/yuzu\/#breadcrumb\",\"itemListElement\":[{\"@type\":\"ListItem\",\"position\":1,\"name\":\"Productes\",\"item\":\"https:\/\/xocosave.com\/shop\/\"},{\"@type\":\"ListItem\",\"position\":2,\"name\":\"Yuzu\"}]},{\"@type\":\"WebSite\",\"@id\":\"https:\/\/xocosave.com\/#website\",\"url\":\"https:\/\/xocosave.com\/\",\"name\":\"Xocosave | Xocolaters Pastissers des de 1880\",\"description\":\"Millor Panettone artesanal d&#039;Espanya 2020 | Escultors de xocolata | porta al teu paladar la m\u00e9s alta qualitat dol\u00e7os i salats.\",\"publisher\":{\"@id\":\"https:\/\/xocosave.com\/#organization\"},\"alternateName\":\"Xocosave\",\"potentialAction\":[{\"@type\":\"SearchAction\",\"target\":{\"@type\":\"EntryPoint\",\"urlTemplate\":\"https:\/\/xocosave.com\/?s={search_term_string}\"},\"query-input\":{\"@type\":\"PropertyValueSpecification\",\"valueRequired\":true,\"valueName\":\"search_term_string\"}}],\"inLanguage\":\"es\"},{\"@type\":\"Organization\",\"@id\":\"https:\/\/xocosave.com\/#organization\",\"name\":\"Xocosave | Xocolaters Pastissers des de 1880\",\"url\":\"https:\/\/xocosave.com\/\",\"logo\":{\"@type\":\"ImageObject\",\"inLanguage\":\"es\",\"@id\":\"https:\/\/xocosave.com\/#\/schema\/logo\/image\/\",\"url\":\"https:\/\/xocosave.com\/wp-content\/uploads\/2024\/05\/cropped-Recurso-5.png\",\"contentUrl\":\"https:\/\/xocosave.com\/wp-content\/uploads\/2024\/05\/cropped-Recurso-5.png\",\"width\":512,\"height\":512,\"caption\":\"Xocosave | Xocolaters Pastissers des de 1880\"},\"image\":{\"@id\":\"https:\/\/xocosave.com\/#\/schema\/logo\/image\/\"},\"sameAs\":[\"https:\/\/www.facebook.com\/Xocosave\/\",\"https:\/\/www.instagram.com\/xocosave\"]}]}<\/script>\n<!-- \/ Yoast SEO plugin. -->","yoast_head_json":{"title":"Yuzu - Xocosave | Xocolaters Pastissers des de 1880","description":"Descubre nuestra mousse de yuzu, una explosi\u00f3n de frescura c\u00edtrica en cada cucharada. Para los amantes de todos los alimentos c\u00edtricos.","robots":{"index":"index","follow":"follow","max-snippet":"max-snippet:-1","max-image-preview":"max-image-preview:large","max-video-preview":"max-video-preview:-1"},"canonical":"https:\/\/xocosave.com\/es\/producte\/yuzu\/","og_locale":"es_ES","og_type":"article","og_title":"Yuzu - Xocosave | Xocolaters Pastissers des de 1880","og_description":"Descubre nuestra mousse de yuzu, una explosi\u00f3n de frescura c\u00edtrica en cada cucharada. Para los amantes de todos los alimentos c\u00edtricos.","og_url":"https:\/\/xocosave.com\/es\/producte\/yuzu\/","og_site_name":"Xocosave | Xocolaters Pastissers des de 1880","article_publisher":"https:\/\/www.facebook.com\/Xocosave\/","article_modified_time":"2024-06-17T10:36:44+00:00","og_image":[{"width":1500,"height":1500,"url":"https:\/\/xocosave.com\/wp-content\/uploads\/2022\/06\/Mousse-202.jpg","type":"image\/jpeg"}],"twitter_card":"summary_large_image","twitter_misc":{"Tiempo de lectura":"2 minutos"},"schema":{"@context":"https:\/\/schema.org","@graph":[{"@type":"WebPage","@id":"https:\/\/xocosave.com\/es\/producte\/yuzu\/","url":"https:\/\/xocosave.com\/es\/producte\/yuzu\/","name":"Yuzu - Xocosave | Xocolaters Pastissers des de 1880","isPartOf":{"@id":"https:\/\/xocosave.com\/#website"},"primaryImageOfPage":{"@id":"https:\/\/xocosave.com\/es\/producte\/yuzu\/#primaryimage"},"image":{"@id":"https:\/\/xocosave.com\/es\/producte\/yuzu\/#primaryimage"},"thumbnailUrl":"https:\/\/xocosave.com\/wp-content\/uploads\/2022\/06\/Mousse-202.jpg","datePublished":"2022-06-08T06:51:11+00:00","dateModified":"2024-06-17T10:36:44+00:00","description":"Descubre nuestra mousse de yuzu, una explosi\u00f3n de frescura c\u00edtrica en cada cucharada. Para los amantes de todos los alimentos c\u00edtricos.","breadcrumb":{"@id":"https:\/\/xocosave.com\/es\/producte\/yuzu\/#breadcrumb"},"inLanguage":"es","potentialAction":[{"@type":"ReadAction","target":["https:\/\/xocosave.com\/es\/producte\/yuzu\/"]}]},{"@type":"ImageObject","inLanguage":"es","@id":"https:\/\/xocosave.com\/es\/producte\/yuzu\/#primaryimage","url":"https:\/\/xocosave.com\/wp-content\/uploads\/2022\/06\/Mousse-202.jpg","contentUrl":"https:\/\/xocosave.com\/wp-content\/uploads\/2022\/06\/Mousse-202.jpg","width":1500,"height":1500,"caption":"yuzu"},{"@type":"BreadcrumbList","@id":"https:\/\/xocosave.com\/es\/producte\/yuzu\/#breadcrumb","itemListElement":[{"@type":"ListItem","position":1,"name":"Productes","item":"https:\/\/xocosave.com\/shop\/"},{"@type":"ListItem","position":2,"name":"Yuzu"}]},{"@type":"WebSite","@id":"https:\/\/xocosave.com\/#website","url":"https:\/\/xocosave.com\/","name":"Xocosave | Xocolaters Pastissers des de 1880","description":"Millor Panettone artesanal d&#039;Espanya 2020 | Escultors de xocolata | porta al teu paladar la m\u00e9s alta qualitat dol\u00e7os i salats.","publisher":{"@id":"https:\/\/xocosave.com\/#organization"},"alternateName":"Xocosave","potentialAction":[{"@type":"SearchAction","target":{"@type":"EntryPoint","urlTemplate":"https:\/\/xocosave.com\/?s={search_term_string}"},"query-input":{"@type":"PropertyValueSpecification","valueRequired":true,"valueName":"search_term_string"}}],"inLanguage":"es"},{"@type":"Organization","@id":"https:\/\/xocosave.com\/#organization","name":"Xocosave | Xocolaters Pastissers des de 1880","url":"https:\/\/xocosave.com\/","logo":{"@type":"ImageObject","inLanguage":"es","@id":"https:\/\/xocosave.com\/#\/schema\/logo\/image\/","url":"https:\/\/xocosave.com\/wp-content\/uploads\/2024\/05\/cropped-Recurso-5.png","contentUrl":"https:\/\/xocosave.com\/wp-content\/uploads\/2024\/05\/cropped-Recurso-5.png","width":512,"height":512,"caption":"Xocosave | Xocolaters Pastissers des de 1880"},"image":{"@id":"https:\/\/xocosave.com\/#\/schema\/logo\/image\/"},"sameAs":["https:\/\/www.facebook.com\/Xocosave\/","https:\/\/www.instagram.com\/xocosave"]}]}},"_links":{"self":[{"href":"https:\/\/xocosave.com\/es\/wp-json\/wp\/v2\/product\/4259","targetHints":{"allow":["GET"]}}],"collection":[{"href":"https:\/\/xocosave.com\/es\/wp-json\/wp\/v2\/product"}],"about":[{"href":"https:\/\/xocosave.com\/es\/wp-json\/wp\/v2\/types\/product"}],"wp:featuredmedia":[{"embeddable":true,"href":"https:\/\/xocosave.com\/es\/wp-json\/wp\/v2\/media\/2287"}],"wp:attachment":[{"href":"https:\/\/xocosave.com\/es\/wp-json\/wp\/v2\/media?parent=4259"}],"wp:term":[{"taxonomy":"product_brand","embeddable":true,"href":"https:\/\/xocosave.com\/es\/wp-json\/wp\/v2\/product_brand?post=4259"},{"taxonomy":"product_cat","embeddable":true,"href":"https:\/\/xocosave.com\/es\/wp-json\/wp\/v2\/product_cat?post=4259"},{"taxonomy":"product_tag","embeddable":true,"href":"https:\/\/xocosave.com\/es\/wp-json\/wp\/v2\/product_tag?post=4259"}],"curies":[{"name":"wp","href":"https:\/\/api.w.org\/{rel}","templated":true}]}}