{"id":4184,"date":"2022-06-08T08:45:51","date_gmt":"2022-06-08T06:45:51","guid":{"rendered":"https:\/\/xocosave.com\/producte\/volca-de-mandarina\/"},"modified":"2024-06-13T16:51:40","modified_gmt":"2024-06-13T14:51:40","slug":"volcan-de-mandarina","status":"publish","type":"product","link":"https:\/\/xocosave.com\/es\/producte\/volcan-de-mandarina\/","title":{"rendered":"Volc\u00e1n de Mandarina"},"content":{"rendered":"<span class=\"collapseomatic \" id=\"id69e647d98912d\"  tabindex=\"0\" title=\"\"    ><\/span><div id=\"target-id69e647d98912d\" class=\"collapseomatic_content \">\n<a href=\"https:\/\/xocosave.com\/es\/\"><\/a><br \/>\n<a href=\"https:\/\/www.instagram.com\/xocosave\/?hl=es\"><\/a><\/p>\n<p>Nuestra creaci\u00f3n culinaria volc\u00e1n de mandarina es una oda a la delicadeza y la elegancia, que te transportar\u00e1 a un mundo de placer gastron\u00f3mico. Empezamos con una mousse de chocolate blanco, que captura la suavidad sedosa y el sabor sutil del chocolate, ofreciendo una experiencia gustativa exquisita en cada cucharada. La textura ligera y aireada de la mousse se funde delicadamente en la boca, dejando una estela de dulzura refinada.<\/p>\n<p>Para una sorpresa refrescante, el interior l\u00edquido de mandarina entra en escena, ofreciendo una explosi\u00f3n de sabor c\u00edtrico y dulzura vibrante que complementa perfectamente la cremosidad de la mousse. Cada cucharada te sumerge en una experiencia gustativa fresca y estimulante, que despierta los sentidos y te hace sonre\u00edr.<\/p>\n<p>El bizcocho de vainilla sirve como base s\u00f3lida para toda la combinaci\u00f3n, con su textura ligera y su sabor dulce y sutil. Es el complemento perfecto para la riqueza de la mousse y la frescura de la mandarina, creando una experiencia gustativa equilibrada y satisfactoria.<\/p>\n<p>En resumen, nuestra creaci\u00f3n volc\u00e1n de mandarina de mousse de chocolate blanco con interior l\u00edquido de mandarina y bizcocho de vainilla es una obra de arte culinaria que te invita a disfrutar de la vida con cada mordisco. Cada ingrediente aporta su propia personalidad a la combinaci\u00f3n, creando una sinfon\u00eda de sabores que te dejar\u00e1 con un recuerdo perdurable de placer culinario.<\/p>\n<\/div>\n","protected":false},"excerpt":{"rendered":"<p id=\"tw-target-text\" class=\"tw-data-text tw-text-large tw-ta\" dir=\"ltr\" data-placeholder=\"Traducci\u00f3n\" aria-label=\"Texto traducido\" data-ved=\"2ahUKEwiF5fTK19iGAxVWUEEAHV3ZBB4Q3ewLegQIEBAU\"><span class=\"Y2IQFc\" lang=\"es\"><strong>Composici\u00f3n<\/strong> <\/span><\/p>\n<p class=\"tw-data-text tw-text-large tw-ta\" dir=\"ltr\" data-placeholder=\"Traducci\u00f3n\" aria-label=\"Texto traducido\" data-ved=\"2ahUKEwiF5fTK19iGAxVWUEEAHV3ZBB4Q3ewLegQIEBAU\"><span class=\"Y2IQFc\" lang=\"es\">\u00b7 Mousse de Choco Blanca <\/span><\/p>\n<p class=\"tw-data-text tw-text-large tw-ta\" dir=\"ltr\" data-placeholder=\"Traducci\u00f3n\" aria-label=\"Texto traducido\" data-ved=\"2ahUKEwiF5fTK19iGAxVWUEEAHV3ZBB4Q3ewLegQIEBAU\"><span class=\"Y2IQFc\" lang=\"es\">\u00b7 Interior l\u00edquido Mandarina <\/span><\/p>\n<p class=\"tw-data-text tw-text-large tw-ta\" dir=\"ltr\" data-placeholder=\"Traducci\u00f3n\" aria-label=\"Texto traducido\" data-ved=\"2ahUKEwiF5fTK19iGAxVWUEEAHV3ZBB4Q3ewLegQIEBAU\"><span class=\"Y2IQFc\" lang=\"es\">\u00b7 Bizcocho Vainilla<\/span><\/p>\n","protected":false},"featured_media":2178,"template":"","meta":{"_et_pb_use_builder":"","_et_pb_old_content":"","_et_gb_content_width":""},"product_brand":[],"product_cat":[295],"product_tag":[316],"class_list":{"0":"post-4184","1":"product","2":"type-product","3":"status-publish","4":"has-post-thumbnail","6":"product_cat-mousse-es","7":"product_tag-mousse-de-xocolata-blanca-28-amb-un-interior-de-liquid-de-mandarina-amb-un-toc-de-fruita-de-la-passio-es","9":"first","10":"instock","11":"virtual","12":"taxable","13":"purchasable","14":"product-type-simple"},"yoast_head":"<!-- This site is optimized with the Yoast SEO plugin v25.9 - https:\/\/yoast.com\/wordpress\/plugins\/seo\/ -->\n<title>Volc\u00e1n de Mandarina - Xocosave | Xocolaters Pastissers des de 1880<\/title>\n<meta name=\"description\" content=\"Descubre el volc\u00e1n de mandarina. Una combinaci\u00f3n de mousse de chocolate blanco, interior l\u00edquido de mandarina y bizcocho de vainilla.\" \/>\n<meta name=\"robots\" content=\"index, follow, max-snippet:-1, max-image-preview:large, max-video-preview:-1\" \/>\n<link rel=\"canonical\" href=\"https:\/\/xocosave.com\/es\/producte\/volcan-de-mandarina\/\" \/>\n<meta property=\"og:locale\" content=\"es_ES\" \/>\n<meta property=\"og:type\" content=\"article\" \/>\n<meta property=\"og:title\" content=\"Volc\u00e1n de Mandarina - Xocosave | Xocolaters Pastissers des de 1880\" \/>\n<meta property=\"og:description\" content=\"Descubre el volc\u00e1n de mandarina. Una combinaci\u00f3n de mousse de chocolate blanco, interior l\u00edquido de mandarina y bizcocho de vainilla.\" \/>\n<meta property=\"og:url\" content=\"https:\/\/xocosave.com\/es\/producte\/volcan-de-mandarina\/\" \/>\n<meta property=\"og:site_name\" content=\"Xocosave | Xocolaters Pastissers des de 1880\" \/>\n<meta property=\"article:publisher\" content=\"https:\/\/www.facebook.com\/Xocosave\/\" \/>\n<meta property=\"article:modified_time\" content=\"2024-06-13T14:51:40+00:00\" \/>\n<meta property=\"og:image\" content=\"https:\/\/xocosave.com\/wp-content\/uploads\/2022\/06\/Mousse-162.jpg\" \/>\n\t<meta property=\"og:image:width\" content=\"1500\" \/>\n\t<meta property=\"og:image:height\" content=\"1500\" \/>\n\t<meta property=\"og:image:type\" content=\"image\/jpeg\" \/>\n<meta name=\"twitter:card\" content=\"summary_large_image\" \/>\n<meta name=\"twitter:label1\" content=\"Tiempo de lectura\" \/>\n\t<meta name=\"twitter:data1\" content=\"2 minutos\" \/>\n<script type=\"application\/ld+json\" class=\"yoast-schema-graph\">{\"@context\":\"https:\/\/schema.org\",\"@graph\":[{\"@type\":\"WebPage\",\"@id\":\"https:\/\/xocosave.com\/es\/producte\/volcan-de-mandarina\/\",\"url\":\"https:\/\/xocosave.com\/es\/producte\/volcan-de-mandarina\/\",\"name\":\"Volc\u00e1n de Mandarina - Xocosave | Xocolaters Pastissers des de 1880\",\"isPartOf\":{\"@id\":\"https:\/\/xocosave.com\/#website\"},\"primaryImageOfPage\":{\"@id\":\"https:\/\/xocosave.com\/es\/producte\/volcan-de-mandarina\/#primaryimage\"},\"image\":{\"@id\":\"https:\/\/xocosave.com\/es\/producte\/volcan-de-mandarina\/#primaryimage\"},\"thumbnailUrl\":\"https:\/\/xocosave.com\/wp-content\/uploads\/2022\/06\/Mousse-162.jpg\",\"datePublished\":\"2022-06-08T06:45:51+00:00\",\"dateModified\":\"2024-06-13T14:51:40+00:00\",\"description\":\"Descubre el volc\u00e1n de mandarina. Una combinaci\u00f3n de mousse de chocolate blanco, interior l\u00edquido de mandarina y bizcocho de vainilla.\",\"breadcrumb\":{\"@id\":\"https:\/\/xocosave.com\/es\/producte\/volcan-de-mandarina\/#breadcrumb\"},\"inLanguage\":\"es\",\"potentialAction\":[{\"@type\":\"ReadAction\",\"target\":[\"https:\/\/xocosave.com\/es\/producte\/volcan-de-mandarina\/\"]}]},{\"@type\":\"ImageObject\",\"inLanguage\":\"es\",\"@id\":\"https:\/\/xocosave.com\/es\/producte\/volcan-de-mandarina\/#primaryimage\",\"url\":\"https:\/\/xocosave.com\/wp-content\/uploads\/2022\/06\/Mousse-162.jpg\",\"contentUrl\":\"https:\/\/xocosave.com\/wp-content\/uploads\/2022\/06\/Mousse-162.jpg\",\"width\":1500,\"height\":1500},{\"@type\":\"BreadcrumbList\",\"@id\":\"https:\/\/xocosave.com\/es\/producte\/volcan-de-mandarina\/#breadcrumb\",\"itemListElement\":[{\"@type\":\"ListItem\",\"position\":1,\"name\":\"Productes\",\"item\":\"https:\/\/xocosave.com\/shop\/\"},{\"@type\":\"ListItem\",\"position\":2,\"name\":\"Volc\u00e1n de Mandarina\"}]},{\"@type\":\"WebSite\",\"@id\":\"https:\/\/xocosave.com\/#website\",\"url\":\"https:\/\/xocosave.com\/\",\"name\":\"Xocosave | Xocolaters Pastissers des de 1880\",\"description\":\"Millor Panettone artesanal d&#039;Espanya 2020 | Escultors de xocolata | porta al teu paladar la m\u00e9s alta qualitat dol\u00e7os i salats.\",\"publisher\":{\"@id\":\"https:\/\/xocosave.com\/#organization\"},\"alternateName\":\"Xocosave\",\"potentialAction\":[{\"@type\":\"SearchAction\",\"target\":{\"@type\":\"EntryPoint\",\"urlTemplate\":\"https:\/\/xocosave.com\/?s={search_term_string}\"},\"query-input\":{\"@type\":\"PropertyValueSpecification\",\"valueRequired\":true,\"valueName\":\"search_term_string\"}}],\"inLanguage\":\"es\"},{\"@type\":\"Organization\",\"@id\":\"https:\/\/xocosave.com\/#organization\",\"name\":\"Xocosave | Xocolaters Pastissers des de 1880\",\"url\":\"https:\/\/xocosave.com\/\",\"logo\":{\"@type\":\"ImageObject\",\"inLanguage\":\"es\",\"@id\":\"https:\/\/xocosave.com\/#\/schema\/logo\/image\/\",\"url\":\"https:\/\/xocosave.com\/wp-content\/uploads\/2024\/05\/cropped-Recurso-5.png\",\"contentUrl\":\"https:\/\/xocosave.com\/wp-content\/uploads\/2024\/05\/cropped-Recurso-5.png\",\"width\":512,\"height\":512,\"caption\":\"Xocosave | Xocolaters Pastissers des de 1880\"},\"image\":{\"@id\":\"https:\/\/xocosave.com\/#\/schema\/logo\/image\/\"},\"sameAs\":[\"https:\/\/www.facebook.com\/Xocosave\/\",\"https:\/\/www.instagram.com\/xocosave\"]}]}<\/script>\n<!-- \/ Yoast SEO plugin. -->","yoast_head_json":{"title":"Volc\u00e1n de Mandarina - Xocosave | Xocolaters Pastissers des de 1880","description":"Descubre el volc\u00e1n de mandarina. Una combinaci\u00f3n de mousse de chocolate blanco, interior l\u00edquido de mandarina y bizcocho de vainilla.","robots":{"index":"index","follow":"follow","max-snippet":"max-snippet:-1","max-image-preview":"max-image-preview:large","max-video-preview":"max-video-preview:-1"},"canonical":"https:\/\/xocosave.com\/es\/producte\/volcan-de-mandarina\/","og_locale":"es_ES","og_type":"article","og_title":"Volc\u00e1n de Mandarina - Xocosave | Xocolaters Pastissers des de 1880","og_description":"Descubre el volc\u00e1n de mandarina. Una combinaci\u00f3n de mousse de chocolate blanco, interior l\u00edquido de mandarina y bizcocho de vainilla.","og_url":"https:\/\/xocosave.com\/es\/producte\/volcan-de-mandarina\/","og_site_name":"Xocosave | Xocolaters Pastissers des de 1880","article_publisher":"https:\/\/www.facebook.com\/Xocosave\/","article_modified_time":"2024-06-13T14:51:40+00:00","og_image":[{"width":1500,"height":1500,"url":"https:\/\/xocosave.com\/wp-content\/uploads\/2022\/06\/Mousse-162.jpg","type":"image\/jpeg"}],"twitter_card":"summary_large_image","twitter_misc":{"Tiempo de lectura":"2 minutos"},"schema":{"@context":"https:\/\/schema.org","@graph":[{"@type":"WebPage","@id":"https:\/\/xocosave.com\/es\/producte\/volcan-de-mandarina\/","url":"https:\/\/xocosave.com\/es\/producte\/volcan-de-mandarina\/","name":"Volc\u00e1n de Mandarina - Xocosave | Xocolaters Pastissers des de 1880","isPartOf":{"@id":"https:\/\/xocosave.com\/#website"},"primaryImageOfPage":{"@id":"https:\/\/xocosave.com\/es\/producte\/volcan-de-mandarina\/#primaryimage"},"image":{"@id":"https:\/\/xocosave.com\/es\/producte\/volcan-de-mandarina\/#primaryimage"},"thumbnailUrl":"https:\/\/xocosave.com\/wp-content\/uploads\/2022\/06\/Mousse-162.jpg","datePublished":"2022-06-08T06:45:51+00:00","dateModified":"2024-06-13T14:51:40+00:00","description":"Descubre el volc\u00e1n de mandarina. Una combinaci\u00f3n de mousse de chocolate blanco, interior l\u00edquido de mandarina y bizcocho de vainilla.","breadcrumb":{"@id":"https:\/\/xocosave.com\/es\/producte\/volcan-de-mandarina\/#breadcrumb"},"inLanguage":"es","potentialAction":[{"@type":"ReadAction","target":["https:\/\/xocosave.com\/es\/producte\/volcan-de-mandarina\/"]}]},{"@type":"ImageObject","inLanguage":"es","@id":"https:\/\/xocosave.com\/es\/producte\/volcan-de-mandarina\/#primaryimage","url":"https:\/\/xocosave.com\/wp-content\/uploads\/2022\/06\/Mousse-162.jpg","contentUrl":"https:\/\/xocosave.com\/wp-content\/uploads\/2022\/06\/Mousse-162.jpg","width":1500,"height":1500},{"@type":"BreadcrumbList","@id":"https:\/\/xocosave.com\/es\/producte\/volcan-de-mandarina\/#breadcrumb","itemListElement":[{"@type":"ListItem","position":1,"name":"Productes","item":"https:\/\/xocosave.com\/shop\/"},{"@type":"ListItem","position":2,"name":"Volc\u00e1n de Mandarina"}]},{"@type":"WebSite","@id":"https:\/\/xocosave.com\/#website","url":"https:\/\/xocosave.com\/","name":"Xocosave | Xocolaters Pastissers des de 1880","description":"Millor Panettone artesanal d&#039;Espanya 2020 | Escultors de xocolata | porta al teu paladar la m\u00e9s alta qualitat dol\u00e7os i salats.","publisher":{"@id":"https:\/\/xocosave.com\/#organization"},"alternateName":"Xocosave","potentialAction":[{"@type":"SearchAction","target":{"@type":"EntryPoint","urlTemplate":"https:\/\/xocosave.com\/?s={search_term_string}"},"query-input":{"@type":"PropertyValueSpecification","valueRequired":true,"valueName":"search_term_string"}}],"inLanguage":"es"},{"@type":"Organization","@id":"https:\/\/xocosave.com\/#organization","name":"Xocosave | Xocolaters Pastissers des de 1880","url":"https:\/\/xocosave.com\/","logo":{"@type":"ImageObject","inLanguage":"es","@id":"https:\/\/xocosave.com\/#\/schema\/logo\/image\/","url":"https:\/\/xocosave.com\/wp-content\/uploads\/2024\/05\/cropped-Recurso-5.png","contentUrl":"https:\/\/xocosave.com\/wp-content\/uploads\/2024\/05\/cropped-Recurso-5.png","width":512,"height":512,"caption":"Xocosave | Xocolaters Pastissers des de 1880"},"image":{"@id":"https:\/\/xocosave.com\/#\/schema\/logo\/image\/"},"sameAs":["https:\/\/www.facebook.com\/Xocosave\/","https:\/\/www.instagram.com\/xocosave"]}]}},"_links":{"self":[{"href":"https:\/\/xocosave.com\/es\/wp-json\/wp\/v2\/product\/4184","targetHints":{"allow":["GET"]}}],"collection":[{"href":"https:\/\/xocosave.com\/es\/wp-json\/wp\/v2\/product"}],"about":[{"href":"https:\/\/xocosave.com\/es\/wp-json\/wp\/v2\/types\/product"}],"wp:featuredmedia":[{"embeddable":true,"href":"https:\/\/xocosave.com\/es\/wp-json\/wp\/v2\/media\/2178"}],"wp:attachment":[{"href":"https:\/\/xocosave.com\/es\/wp-json\/wp\/v2\/media?parent=4184"}],"wp:term":[{"taxonomy":"product_brand","embeddable":true,"href":"https:\/\/xocosave.com\/es\/wp-json\/wp\/v2\/product_brand?post=4184"},{"taxonomy":"product_cat","embeddable":true,"href":"https:\/\/xocosave.com\/es\/wp-json\/wp\/v2\/product_cat?post=4184"},{"taxonomy":"product_tag","embeddable":true,"href":"https:\/\/xocosave.com\/es\/wp-json\/wp\/v2\/product_tag?post=4184"}],"curies":[{"name":"wp","href":"https:\/\/api.w.org\/{rel}","templated":true}]}}