{"id":4175,"date":"2022-06-08T08:40:07","date_gmt":"2022-06-08T06:40:07","guid":{"rendered":"https:\/\/xocosave.com\/producte\/mousse-13\/"},"modified":"2024-06-17T12:32:27","modified_gmt":"2024-06-17T10:32:27","slug":"sacher","status":"publish","type":"product","link":"https:\/\/xocosave.com\/es\/producte\/sacher\/","title":{"rendered":"Sacher"},"content":{"rendered":"<span class=\"collapseomatic \" id=\"id69e66689387e4\"  tabindex=\"0\" title=\"\"    ><\/span><div id=\"target-id69e66689387e4\" class=\"collapseomatic_content \">\n<p>Nuestra creaci\u00f3n culinaria sacher es una oda al placer del chocolate y la frescura de las frambuesas, combin\u00e1ndolas en una experiencia gustativa excepcional. Empezamos con un bizcocho de chocolate, con su textura densa y su sabor intenso, que sirve como base perfecta para esta delicia gastron\u00f3mica. Cada mordisco del bizcocho te sumerge en un mar de chocolate, satisfaciendo tus antojos m\u00e1s indulgentes.<\/p>\n<p>La trufa de chocolate, con su cremosidad sedosa y su sabor intenso, complementa a la perfecci\u00f3n el bizcocho, a\u00f1adiendo una capa adicional de riqueza y decadencia. Es una explosi\u00f3n de sabor a chocolate que te deja embobado en cada cucharada, haci\u00e9ndote desear m\u00e1s.<\/p>\n<p>Para un toque de frescura y acidez, el alm\u00edbar de frambuesa entra en escena, ofreciendo una dulzura sutil y una textura ligeramente viscosa que contrasta perfectamente con la riqueza del chocolate. Es una explosi\u00f3n de gusto refrescante que alivia el paladar y despierta los sentidos.<\/p>\n<p>Para completar esta experiencia gustativa \u00fanica, el coulis de frambuesa aporta una nota final de brillo y frescura. Con su color vivo y su sabor intenso de frambuesa, completa perfectamente la combinaci\u00f3n, a\u00f1adiendo una dimensi\u00f3n extra de complejidad y sabor.<\/p>\n<p>En resumen, nuestra creaci\u00f3n sacher de bizcocho de chocolate, trufa de chocolate, alm\u00edbar de frambuesa y coulis de frambuesa es una experiencia gustativa excepcional que cautiva los sentidos y satisface los deseos m\u00e1s indulgentes. Es una fusi\u00f3n perfecta de sabores y texturas que te dejar\u00e1 con un recuerdo perdurable de placer gastron\u00f3mico.<br \/>\n<a href=\"https:\/\/xocosave.com\/\"><\/a><br \/>\n<a href=\"https:\/\/www.instagram.com\/xocosave\/?hl=es\"><\/a><\/p>\n<\/div>\n","protected":false},"excerpt":{"rendered":"<p id=\"tw-target-text\" class=\"tw-data-text tw-text-large tw-ta\" dir=\"ltr\" data-placeholder=\"Traducci\u00f3n\" aria-label=\"Texto traducido\" data-ved=\"2ahUKEwiF5fTK19iGAxVWUEEAHV3ZBB4Q3ewLegQIEBAU\"><span class=\"Y2IQFc\" lang=\"es\"><strong>Composici\u00f3n:<\/strong><\/span><\/p>\n<p class=\"tw-data-text tw-text-large tw-ta\" dir=\"ltr\" data-placeholder=\"Traducci\u00f3n\" aria-label=\"Texto traducido\" data-ved=\"2ahUKEwiF5fTK19iGAxVWUEEAHV3ZBB4Q3ewLegQIEBAU\"><span class=\"Y2IQFc\" lang=\"es\">\u00b7 Bizcocho de Chocolate <\/span><\/p>\n<p class=\"tw-data-text tw-text-large tw-ta\" dir=\"ltr\" data-placeholder=\"Traducci\u00f3n\" aria-label=\"Texto traducido\" data-ved=\"2ahUKEwiF5fTK19iGAxVWUEEAHV3ZBB4Q3ewLegQIEBAU\"><span class=\"Y2IQFc\" lang=\"es\">\u00b7 Trufa de Chocolate <\/span><\/p>\n<p class=\"tw-data-text tw-text-large tw-ta\" dir=\"ltr\" data-placeholder=\"Traducci\u00f3n\" aria-label=\"Texto traducido\" data-ved=\"2ahUKEwiF5fTK19iGAxVWUEEAHV3ZBB4Q3ewLegQIEBAU\"><span class=\"Y2IQFc\" lang=\"es\">\u00b7 Alm\u00edbar de Gerdes <\/span><\/p>\n<p class=\"tw-data-text tw-text-large tw-ta\" dir=\"ltr\" data-placeholder=\"Traducci\u00f3n\" aria-label=\"Texto traducido\" data-ved=\"2ahUKEwiF5fTK19iGAxVWUEEAHV3ZBB4Q3ewLegQIEBAU\"><span class=\"Y2IQFc\" lang=\"es\">\u00b7 Coulis de Gerds<\/span><\/p>\n","protected":false},"featured_media":2089,"template":"","meta":{"_et_pb_use_builder":"","_et_pb_old_content":"","_et_gb_content_width":""},"product_brand":[],"product_cat":[295],"product_tag":[314],"class_list":{"0":"post-4175","1":"product","2":"type-product","3":"status-publish","4":"has-post-thumbnail","6":"product_cat-mousse-es","7":"product_tag-ganache-de-xocolata-manjari-64-amb-un-coulis-de-gerds-i-pa-de-pessic-de-xocolata-banyat-amb-un-almibar-de-kirsch-de-gerds-es","9":"first","10":"instock","11":"virtual","12":"taxable","13":"purchasable","14":"product-type-simple"},"yoast_head":"<!-- This site is optimized with the Yoast SEO plugin v25.9 - https:\/\/yoast.com\/wordpress\/plugins\/seo\/ -->\n<title>Sacher - Xocosave | Xocolaters Pastissers des de 1880<\/title>\n<meta name=\"description\" content=\"Disfruta de nuestro dulce de sacher. Una combinaci\u00f3n perfecta de bizcocho de chocolate, trufa de chocolate, alm\u00edbar y coulis de frambuesa.\" \/>\n<meta name=\"robots\" content=\"index, follow, max-snippet:-1, max-image-preview:large, max-video-preview:-1\" \/>\n<link rel=\"canonical\" href=\"https:\/\/xocosave.com\/es\/producte\/sacher\/\" \/>\n<meta property=\"og:locale\" content=\"es_ES\" \/>\n<meta property=\"og:type\" content=\"article\" \/>\n<meta property=\"og:title\" content=\"Sacher - Xocosave | Xocolaters Pastissers des de 1880\" \/>\n<meta property=\"og:description\" content=\"Disfruta de nuestro dulce de sacher. Una combinaci\u00f3n perfecta de bizcocho de chocolate, trufa de chocolate, alm\u00edbar y coulis de frambuesa.\" \/>\n<meta property=\"og:url\" content=\"https:\/\/xocosave.com\/es\/producte\/sacher\/\" \/>\n<meta property=\"og:site_name\" content=\"Xocosave | Xocolaters Pastissers des de 1880\" \/>\n<meta property=\"article:publisher\" content=\"https:\/\/www.facebook.com\/Xocosave\/\" \/>\n<meta property=\"article:modified_time\" content=\"2024-06-17T10:32:27+00:00\" \/>\n<meta property=\"og:image\" content=\"https:\/\/xocosave.com\/wp-content\/uploads\/2022\/06\/Mousse-13.jpg\" \/>\n\t<meta property=\"og:image:width\" content=\"1500\" \/>\n\t<meta property=\"og:image:height\" content=\"1500\" \/>\n\t<meta property=\"og:image:type\" content=\"image\/jpeg\" \/>\n<meta name=\"twitter:card\" content=\"summary_large_image\" \/>\n<meta name=\"twitter:label1\" content=\"Tiempo de lectura\" \/>\n\t<meta name=\"twitter:data1\" content=\"2 minutos\" \/>\n<script type=\"application\/ld+json\" class=\"yoast-schema-graph\">{\"@context\":\"https:\/\/schema.org\",\"@graph\":[{\"@type\":\"WebPage\",\"@id\":\"https:\/\/xocosave.com\/es\/producte\/sacher\/\",\"url\":\"https:\/\/xocosave.com\/es\/producte\/sacher\/\",\"name\":\"Sacher - Xocosave | Xocolaters Pastissers des de 1880\",\"isPartOf\":{\"@id\":\"https:\/\/xocosave.com\/#website\"},\"primaryImageOfPage\":{\"@id\":\"https:\/\/xocosave.com\/es\/producte\/sacher\/#primaryimage\"},\"image\":{\"@id\":\"https:\/\/xocosave.com\/es\/producte\/sacher\/#primaryimage\"},\"thumbnailUrl\":\"https:\/\/xocosave.com\/wp-content\/uploads\/2022\/06\/Mousse-13.jpg\",\"datePublished\":\"2022-06-08T06:40:07+00:00\",\"dateModified\":\"2024-06-17T10:32:27+00:00\",\"description\":\"Disfruta de nuestro dulce de sacher. Una combinaci\u00f3n perfecta de bizcocho de chocolate, trufa de chocolate, alm\u00edbar y coulis de frambuesa.\",\"breadcrumb\":{\"@id\":\"https:\/\/xocosave.com\/es\/producte\/sacher\/#breadcrumb\"},\"inLanguage\":\"es\",\"potentialAction\":[{\"@type\":\"ReadAction\",\"target\":[\"https:\/\/xocosave.com\/es\/producte\/sacher\/\"]}]},{\"@type\":\"ImageObject\",\"inLanguage\":\"es\",\"@id\":\"https:\/\/xocosave.com\/es\/producte\/sacher\/#primaryimage\",\"url\":\"https:\/\/xocosave.com\/wp-content\/uploads\/2022\/06\/Mousse-13.jpg\",\"contentUrl\":\"https:\/\/xocosave.com\/wp-content\/uploads\/2022\/06\/Mousse-13.jpg\",\"width\":1500,\"height\":1500},{\"@type\":\"BreadcrumbList\",\"@id\":\"https:\/\/xocosave.com\/es\/producte\/sacher\/#breadcrumb\",\"itemListElement\":[{\"@type\":\"ListItem\",\"position\":1,\"name\":\"Productes\",\"item\":\"https:\/\/xocosave.com\/shop\/\"},{\"@type\":\"ListItem\",\"position\":2,\"name\":\"Sacher\"}]},{\"@type\":\"WebSite\",\"@id\":\"https:\/\/xocosave.com\/#website\",\"url\":\"https:\/\/xocosave.com\/\",\"name\":\"Xocosave | Xocolaters Pastissers des de 1880\",\"description\":\"Millor Panettone artesanal d&#039;Espanya 2020 | Escultors de xocolata | porta al teu paladar la m\u00e9s alta qualitat dol\u00e7os i salats.\",\"publisher\":{\"@id\":\"https:\/\/xocosave.com\/#organization\"},\"alternateName\":\"Xocosave\",\"potentialAction\":[{\"@type\":\"SearchAction\",\"target\":{\"@type\":\"EntryPoint\",\"urlTemplate\":\"https:\/\/xocosave.com\/?s={search_term_string}\"},\"query-input\":{\"@type\":\"PropertyValueSpecification\",\"valueRequired\":true,\"valueName\":\"search_term_string\"}}],\"inLanguage\":\"es\"},{\"@type\":\"Organization\",\"@id\":\"https:\/\/xocosave.com\/#organization\",\"name\":\"Xocosave | Xocolaters Pastissers des de 1880\",\"url\":\"https:\/\/xocosave.com\/\",\"logo\":{\"@type\":\"ImageObject\",\"inLanguage\":\"es\",\"@id\":\"https:\/\/xocosave.com\/#\/schema\/logo\/image\/\",\"url\":\"https:\/\/xocosave.com\/wp-content\/uploads\/2024\/05\/cropped-Recurso-5.png\",\"contentUrl\":\"https:\/\/xocosave.com\/wp-content\/uploads\/2024\/05\/cropped-Recurso-5.png\",\"width\":512,\"height\":512,\"caption\":\"Xocosave | Xocolaters Pastissers des de 1880\"},\"image\":{\"@id\":\"https:\/\/xocosave.com\/#\/schema\/logo\/image\/\"},\"sameAs\":[\"https:\/\/www.facebook.com\/Xocosave\/\",\"https:\/\/www.instagram.com\/xocosave\"]}]}<\/script>\n<!-- \/ Yoast SEO plugin. -->","yoast_head_json":{"title":"Sacher - Xocosave | Xocolaters Pastissers des de 1880","description":"Disfruta de nuestro dulce de sacher. Una combinaci\u00f3n perfecta de bizcocho de chocolate, trufa de chocolate, alm\u00edbar y coulis de frambuesa.","robots":{"index":"index","follow":"follow","max-snippet":"max-snippet:-1","max-image-preview":"max-image-preview:large","max-video-preview":"max-video-preview:-1"},"canonical":"https:\/\/xocosave.com\/es\/producte\/sacher\/","og_locale":"es_ES","og_type":"article","og_title":"Sacher - Xocosave | Xocolaters Pastissers des de 1880","og_description":"Disfruta de nuestro dulce de sacher. Una combinaci\u00f3n perfecta de bizcocho de chocolate, trufa de chocolate, alm\u00edbar y coulis de frambuesa.","og_url":"https:\/\/xocosave.com\/es\/producte\/sacher\/","og_site_name":"Xocosave | Xocolaters Pastissers des de 1880","article_publisher":"https:\/\/www.facebook.com\/Xocosave\/","article_modified_time":"2024-06-17T10:32:27+00:00","og_image":[{"width":1500,"height":1500,"url":"https:\/\/xocosave.com\/wp-content\/uploads\/2022\/06\/Mousse-13.jpg","type":"image\/jpeg"}],"twitter_card":"summary_large_image","twitter_misc":{"Tiempo de lectura":"2 minutos"},"schema":{"@context":"https:\/\/schema.org","@graph":[{"@type":"WebPage","@id":"https:\/\/xocosave.com\/es\/producte\/sacher\/","url":"https:\/\/xocosave.com\/es\/producte\/sacher\/","name":"Sacher - Xocosave | Xocolaters Pastissers des de 1880","isPartOf":{"@id":"https:\/\/xocosave.com\/#website"},"primaryImageOfPage":{"@id":"https:\/\/xocosave.com\/es\/producte\/sacher\/#primaryimage"},"image":{"@id":"https:\/\/xocosave.com\/es\/producte\/sacher\/#primaryimage"},"thumbnailUrl":"https:\/\/xocosave.com\/wp-content\/uploads\/2022\/06\/Mousse-13.jpg","datePublished":"2022-06-08T06:40:07+00:00","dateModified":"2024-06-17T10:32:27+00:00","description":"Disfruta de nuestro dulce de sacher. Una combinaci\u00f3n perfecta de bizcocho de chocolate, trufa de chocolate, alm\u00edbar y coulis de frambuesa.","breadcrumb":{"@id":"https:\/\/xocosave.com\/es\/producte\/sacher\/#breadcrumb"},"inLanguage":"es","potentialAction":[{"@type":"ReadAction","target":["https:\/\/xocosave.com\/es\/producte\/sacher\/"]}]},{"@type":"ImageObject","inLanguage":"es","@id":"https:\/\/xocosave.com\/es\/producte\/sacher\/#primaryimage","url":"https:\/\/xocosave.com\/wp-content\/uploads\/2022\/06\/Mousse-13.jpg","contentUrl":"https:\/\/xocosave.com\/wp-content\/uploads\/2022\/06\/Mousse-13.jpg","width":1500,"height":1500},{"@type":"BreadcrumbList","@id":"https:\/\/xocosave.com\/es\/producte\/sacher\/#breadcrumb","itemListElement":[{"@type":"ListItem","position":1,"name":"Productes","item":"https:\/\/xocosave.com\/shop\/"},{"@type":"ListItem","position":2,"name":"Sacher"}]},{"@type":"WebSite","@id":"https:\/\/xocosave.com\/#website","url":"https:\/\/xocosave.com\/","name":"Xocosave | Xocolaters Pastissers des de 1880","description":"Millor Panettone artesanal d&#039;Espanya 2020 | Escultors de xocolata | porta al teu paladar la m\u00e9s alta qualitat dol\u00e7os i salats.","publisher":{"@id":"https:\/\/xocosave.com\/#organization"},"alternateName":"Xocosave","potentialAction":[{"@type":"SearchAction","target":{"@type":"EntryPoint","urlTemplate":"https:\/\/xocosave.com\/?s={search_term_string}"},"query-input":{"@type":"PropertyValueSpecification","valueRequired":true,"valueName":"search_term_string"}}],"inLanguage":"es"},{"@type":"Organization","@id":"https:\/\/xocosave.com\/#organization","name":"Xocosave | Xocolaters Pastissers des de 1880","url":"https:\/\/xocosave.com\/","logo":{"@type":"ImageObject","inLanguage":"es","@id":"https:\/\/xocosave.com\/#\/schema\/logo\/image\/","url":"https:\/\/xocosave.com\/wp-content\/uploads\/2024\/05\/cropped-Recurso-5.png","contentUrl":"https:\/\/xocosave.com\/wp-content\/uploads\/2024\/05\/cropped-Recurso-5.png","width":512,"height":512,"caption":"Xocosave | Xocolaters Pastissers des de 1880"},"image":{"@id":"https:\/\/xocosave.com\/#\/schema\/logo\/image\/"},"sameAs":["https:\/\/www.facebook.com\/Xocosave\/","https:\/\/www.instagram.com\/xocosave"]}]}},"_links":{"self":[{"href":"https:\/\/xocosave.com\/es\/wp-json\/wp\/v2\/product\/4175","targetHints":{"allow":["GET"]}}],"collection":[{"href":"https:\/\/xocosave.com\/es\/wp-json\/wp\/v2\/product"}],"about":[{"href":"https:\/\/xocosave.com\/es\/wp-json\/wp\/v2\/types\/product"}],"wp:featuredmedia":[{"embeddable":true,"href":"https:\/\/xocosave.com\/es\/wp-json\/wp\/v2\/media\/2089"}],"wp:attachment":[{"href":"https:\/\/xocosave.com\/es\/wp-json\/wp\/v2\/media?parent=4175"}],"wp:term":[{"taxonomy":"product_brand","embeddable":true,"href":"https:\/\/xocosave.com\/es\/wp-json\/wp\/v2\/product_brand?post=4175"},{"taxonomy":"product_cat","embeddable":true,"href":"https:\/\/xocosave.com\/es\/wp-json\/wp\/v2\/product_cat?post=4175"},{"taxonomy":"product_tag","embeddable":true,"href":"https:\/\/xocosave.com\/es\/wp-json\/wp\/v2\/product_tag?post=4175"}],"curies":[{"name":"wp","href":"https:\/\/api.w.org\/{rel}","templated":true}]}}