{"id":4166,"date":"2022-06-07T21:59:49","date_gmt":"2022-06-07T19:59:49","guid":{"rendered":"https:\/\/xocosave.com\/producte\/mousse-8\/"},"modified":"2024-06-13T16:30:00","modified_gmt":"2024-06-13T14:30:00","slug":"tatin-tahiti","status":"publish","type":"product","link":"https:\/\/xocosave.com\/es\/producte\/tatin-tahiti\/","title":{"rendered":"Tatin Tahit\u00ed"},"content":{"rendered":"<span class=\"collapseomatic \" id=\"id69f2d6d8a60ff\"  tabindex=\"0\" title=\"\"    ><\/span><div id=\"target-id69f2d6d8a60ff\" class=\"collapseomatic_content \">\n<p><a href=\"https:\/\/www.instagram.com\/xocosave\/?hl=es\"><\/a><br \/>\n<a href=\"https:\/\/xocosave.com\/\"><\/a><\/p>\n<p>Nuestra creaci\u00f3n culinaria tatin tahit\u00ed es una sinfon\u00eda de sabores y texturas que te cautivar\u00e1 en cada mordisco. Empezamos con una delicada mousse de vainilla Tahit\u00ed, que captura la esencia ex\u00f3tica y floral de esta variedad de vainilla. Su textura suave y sedosa te hace desear m\u00e1s con cada cucharada, mientras su dulzor sutil te deja embobado.<\/p>\n<p>Los trozos de manzana caramelizados aportan un toque de frescura y dulzura natural a la combinaci\u00f3n. Cada trocito de manzana, caramelizado hasta la perfecci\u00f3n, es como una explosi\u00f3n de gusto fresco y vibrante que complementa a la perfecci\u00f3n la riqueza de la mousse de vainilla.<\/p>\n<p>Para una nota de crocancia irresistible, el crumble se incorpora a la creaci\u00f3n. Esta combinaci\u00f3n de mantequilla, harina y az\u00facar se combina para crear peque\u00f1os grumos crujientes que aportan una textura contrastante a cada mordisco.<\/p>\n<p>Para completar esta experiencia culinaria \u00fanica, tenemos la yema quemada, que es la guinda del pastel. Su capa crujiente de az\u00facar caramelizado aporta una dulzura intensa y una textura crujiente que te hace desear m\u00e1s. Esta explosi\u00f3n de sabor tostado cumple el perfil de gusto de la creaci\u00f3n, creando una armon\u00eda perfecta de sabores y texturas.<\/p>\n<p>En resumen, nuestra combinaci\u00f3n de mousse de vainilla tatin tahit\u00ed, trozos de manzana caramelizados, crumble y gema quemada es una obra de arte culinaria que te transportar\u00e1 a un mundo de placer gastron\u00f3mico. Es una experiencia que te dejar\u00e1 con un recuerdo perdurable de deleite y satisfacci\u00f3n.<\/p>\n<\/div>\n","protected":false},"excerpt":{"rendered":"<p id=\"tw-target-text\" class=\"tw-data-text tw-text-large tw-ta\" dir=\"ltr\" data-placeholder=\"Traducci\u00f3n\" aria-label=\"Texto traducido\" data-ved=\"2ahUKEwiF5fTK19iGAxVWUEEAHV3ZBB4Q3ewLegQIEBAU\"><span class=\"Y2IQFc\" lang=\"es\"><strong>Composici\u00f3n<\/strong> <\/span><\/p>\n<p class=\"tw-data-text tw-text-large tw-ta\" dir=\"ltr\" data-placeholder=\"Traducci\u00f3n\" aria-label=\"Texto traducido\" data-ved=\"2ahUKEwiF5fTK19iGAxVWUEEAHV3ZBB4Q3ewLegQIEBAU\"><span class=\"Y2IQFc\" lang=\"es\">\u00b7 Mousse de Vainilla Tahit\u00ed <\/span><\/p>\n<p class=\"tw-data-text tw-text-large tw-ta\" dir=\"ltr\" data-placeholder=\"Traducci\u00f3n\" aria-label=\"Texto traducido\" data-ved=\"2ahUKEwiF5fTK19iGAxVWUEEAHV3ZBB4Q3ewLegQIEBAU\"><span class=\"Y2IQFc\" lang=\"es\">\u00b7 Trozos de manzana caramelizados <\/span><\/p>\n<p class=\"tw-data-text tw-text-large tw-ta\" dir=\"ltr\" data-placeholder=\"Traducci\u00f3n\" aria-label=\"Texto traducido\" data-ved=\"2ahUKEwiF5fTK19iGAxVWUEEAHV3ZBB4Q3ewLegQIEBAU\"><span class=\"Y2IQFc\" lang=\"es\">\u00b7 Crumble <\/span><\/p>\n<p class=\"tw-data-text tw-text-large tw-ta\" dir=\"ltr\" data-placeholder=\"Traducci\u00f3n\" aria-label=\"Texto traducido\" data-ved=\"2ahUKEwiF5fTK19iGAxVWUEEAHV3ZBB4Q3ewLegQIEBAU\"><span class=\"Y2IQFc\" lang=\"es\">\u00b7 Gema quemada<\/span><\/p>\n","protected":false},"featured_media":2079,"template":"","meta":{"_et_pb_use_builder":"","_et_pb_old_content":"","_et_gb_content_width":""},"product_brand":[],"product_cat":[295],"product_tag":[310],"class_list":{"0":"post-4166","1":"product","2":"type-product","3":"status-publish","4":"has-post-thumbnail","6":"product_cat-mousse-es","7":"product_tag-crumble-de-mantega-amb-poma-caramelitzada-i-una-mousse-de-vainilla-de-tahiti-amb-yema-cremada-es","9":"first","10":"instock","11":"virtual","12":"taxable","13":"purchasable","14":"product-type-simple"},"yoast_head":"<!-- This site is optimized with the Yoast SEO plugin v25.9 - https:\/\/yoast.com\/wordpress\/plugins\/seo\/ -->\n<title>Tatin Tahit\u00ed - Xocosave | Xocolaters Pastissers des de 1880<\/title>\n<meta name=\"description\" content=\"Explora la combinaci\u00f3n de mousse de vainilla tatin tahiti. Contiene diferentes trozos de manzana caramelizados, crumble y yema quemada.\" \/>\n<meta name=\"robots\" content=\"index, follow, max-snippet:-1, max-image-preview:large, max-video-preview:-1\" \/>\n<link rel=\"canonical\" href=\"https:\/\/xocosave.com\/es\/producte\/tatin-tahiti\/\" \/>\n<meta property=\"og:locale\" content=\"es_ES\" \/>\n<meta property=\"og:type\" content=\"article\" \/>\n<meta property=\"og:title\" content=\"Tatin Tahit\u00ed - Xocosave | Xocolaters Pastissers des de 1880\" \/>\n<meta property=\"og:description\" content=\"Explora la combinaci\u00f3n de mousse de vainilla tatin tahiti. Contiene diferentes trozos de manzana caramelizados, crumble y yema quemada.\" \/>\n<meta property=\"og:url\" content=\"https:\/\/xocosave.com\/es\/producte\/tatin-tahiti\/\" \/>\n<meta property=\"og:site_name\" content=\"Xocosave | Xocolaters Pastissers des de 1880\" \/>\n<meta property=\"article:publisher\" content=\"https:\/\/www.facebook.com\/Xocosave\/\" \/>\n<meta property=\"article:modified_time\" content=\"2024-06-13T14:30:00+00:00\" \/>\n<meta property=\"og:image\" content=\"https:\/\/xocosave.com\/wp-content\/uploads\/2022\/06\/Mousse-8.jpg\" \/>\n\t<meta property=\"og:image:width\" content=\"1500\" \/>\n\t<meta property=\"og:image:height\" content=\"1500\" \/>\n\t<meta property=\"og:image:type\" content=\"image\/jpeg\" \/>\n<meta name=\"twitter:card\" content=\"summary_large_image\" \/>\n<meta name=\"twitter:label1\" content=\"Tiempo de lectura\" \/>\n\t<meta name=\"twitter:data1\" content=\"2 minutos\" \/>\n<script type=\"application\/ld+json\" class=\"yoast-schema-graph\">{\"@context\":\"https:\/\/schema.org\",\"@graph\":[{\"@type\":\"WebPage\",\"@id\":\"https:\/\/xocosave.com\/es\/producte\/tatin-tahiti\/\",\"url\":\"https:\/\/xocosave.com\/es\/producte\/tatin-tahiti\/\",\"name\":\"Tatin Tahit\u00ed - Xocosave | Xocolaters Pastissers des de 1880\",\"isPartOf\":{\"@id\":\"https:\/\/xocosave.com\/#website\"},\"primaryImageOfPage\":{\"@id\":\"https:\/\/xocosave.com\/es\/producte\/tatin-tahiti\/#primaryimage\"},\"image\":{\"@id\":\"https:\/\/xocosave.com\/es\/producte\/tatin-tahiti\/#primaryimage\"},\"thumbnailUrl\":\"https:\/\/xocosave.com\/wp-content\/uploads\/2022\/06\/Mousse-8.jpg\",\"datePublished\":\"2022-06-07T19:59:49+00:00\",\"dateModified\":\"2024-06-13T14:30:00+00:00\",\"description\":\"Explora la combinaci\u00f3n de mousse de vainilla tatin tahiti. Contiene diferentes trozos de manzana caramelizados, crumble y yema quemada.\",\"breadcrumb\":{\"@id\":\"https:\/\/xocosave.com\/es\/producte\/tatin-tahiti\/#breadcrumb\"},\"inLanguage\":\"es\",\"potentialAction\":[{\"@type\":\"ReadAction\",\"target\":[\"https:\/\/xocosave.com\/es\/producte\/tatin-tahiti\/\"]}]},{\"@type\":\"ImageObject\",\"inLanguage\":\"es\",\"@id\":\"https:\/\/xocosave.com\/es\/producte\/tatin-tahiti\/#primaryimage\",\"url\":\"https:\/\/xocosave.com\/wp-content\/uploads\/2022\/06\/Mousse-8.jpg\",\"contentUrl\":\"https:\/\/xocosave.com\/wp-content\/uploads\/2022\/06\/Mousse-8.jpg\",\"width\":1500,\"height\":1500},{\"@type\":\"BreadcrumbList\",\"@id\":\"https:\/\/xocosave.com\/es\/producte\/tatin-tahiti\/#breadcrumb\",\"itemListElement\":[{\"@type\":\"ListItem\",\"position\":1,\"name\":\"Productes\",\"item\":\"https:\/\/xocosave.com\/shop\/\"},{\"@type\":\"ListItem\",\"position\":2,\"name\":\"Tatin Tahit\u00ed\"}]},{\"@type\":\"WebSite\",\"@id\":\"https:\/\/xocosave.com\/#website\",\"url\":\"https:\/\/xocosave.com\/\",\"name\":\"Xocosave | Xocolaters Pastissers des de 1880\",\"description\":\"Millor Panettone artesanal d&#039;Espanya 2020 | Escultors de xocolata | porta al teu paladar la m\u00e9s alta qualitat dol\u00e7os i salats.\",\"publisher\":{\"@id\":\"https:\/\/xocosave.com\/#organization\"},\"alternateName\":\"Xocosave\",\"potentialAction\":[{\"@type\":\"SearchAction\",\"target\":{\"@type\":\"EntryPoint\",\"urlTemplate\":\"https:\/\/xocosave.com\/?s={search_term_string}\"},\"query-input\":{\"@type\":\"PropertyValueSpecification\",\"valueRequired\":true,\"valueName\":\"search_term_string\"}}],\"inLanguage\":\"es\"},{\"@type\":\"Organization\",\"@id\":\"https:\/\/xocosave.com\/#organization\",\"name\":\"Xocosave | Xocolaters Pastissers des de 1880\",\"url\":\"https:\/\/xocosave.com\/\",\"logo\":{\"@type\":\"ImageObject\",\"inLanguage\":\"es\",\"@id\":\"https:\/\/xocosave.com\/#\/schema\/logo\/image\/\",\"url\":\"https:\/\/xocosave.com\/wp-content\/uploads\/2024\/05\/cropped-Recurso-5.png\",\"contentUrl\":\"https:\/\/xocosave.com\/wp-content\/uploads\/2024\/05\/cropped-Recurso-5.png\",\"width\":512,\"height\":512,\"caption\":\"Xocosave | Xocolaters Pastissers des de 1880\"},\"image\":{\"@id\":\"https:\/\/xocosave.com\/#\/schema\/logo\/image\/\"},\"sameAs\":[\"https:\/\/www.facebook.com\/Xocosave\/\",\"https:\/\/www.instagram.com\/xocosave\"]}]}<\/script>\n<!-- \/ Yoast SEO plugin. -->","yoast_head_json":{"title":"Tatin Tahit\u00ed - Xocosave | Xocolaters Pastissers des de 1880","description":"Explora la combinaci\u00f3n de mousse de vainilla tatin tahiti. Contiene diferentes trozos de manzana caramelizados, crumble y yema quemada.","robots":{"index":"index","follow":"follow","max-snippet":"max-snippet:-1","max-image-preview":"max-image-preview:large","max-video-preview":"max-video-preview:-1"},"canonical":"https:\/\/xocosave.com\/es\/producte\/tatin-tahiti\/","og_locale":"es_ES","og_type":"article","og_title":"Tatin Tahit\u00ed - Xocosave | Xocolaters Pastissers des de 1880","og_description":"Explora la combinaci\u00f3n de mousse de vainilla tatin tahiti. Contiene diferentes trozos de manzana caramelizados, crumble y yema quemada.","og_url":"https:\/\/xocosave.com\/es\/producte\/tatin-tahiti\/","og_site_name":"Xocosave | Xocolaters Pastissers des de 1880","article_publisher":"https:\/\/www.facebook.com\/Xocosave\/","article_modified_time":"2024-06-13T14:30:00+00:00","og_image":[{"width":1500,"height":1500,"url":"https:\/\/xocosave.com\/wp-content\/uploads\/2022\/06\/Mousse-8.jpg","type":"image\/jpeg"}],"twitter_card":"summary_large_image","twitter_misc":{"Tiempo de lectura":"2 minutos"},"schema":{"@context":"https:\/\/schema.org","@graph":[{"@type":"WebPage","@id":"https:\/\/xocosave.com\/es\/producte\/tatin-tahiti\/","url":"https:\/\/xocosave.com\/es\/producte\/tatin-tahiti\/","name":"Tatin Tahit\u00ed - Xocosave | Xocolaters Pastissers des de 1880","isPartOf":{"@id":"https:\/\/xocosave.com\/#website"},"primaryImageOfPage":{"@id":"https:\/\/xocosave.com\/es\/producte\/tatin-tahiti\/#primaryimage"},"image":{"@id":"https:\/\/xocosave.com\/es\/producte\/tatin-tahiti\/#primaryimage"},"thumbnailUrl":"https:\/\/xocosave.com\/wp-content\/uploads\/2022\/06\/Mousse-8.jpg","datePublished":"2022-06-07T19:59:49+00:00","dateModified":"2024-06-13T14:30:00+00:00","description":"Explora la combinaci\u00f3n de mousse de vainilla tatin tahiti. Contiene diferentes trozos de manzana caramelizados, crumble y yema quemada.","breadcrumb":{"@id":"https:\/\/xocosave.com\/es\/producte\/tatin-tahiti\/#breadcrumb"},"inLanguage":"es","potentialAction":[{"@type":"ReadAction","target":["https:\/\/xocosave.com\/es\/producte\/tatin-tahiti\/"]}]},{"@type":"ImageObject","inLanguage":"es","@id":"https:\/\/xocosave.com\/es\/producte\/tatin-tahiti\/#primaryimage","url":"https:\/\/xocosave.com\/wp-content\/uploads\/2022\/06\/Mousse-8.jpg","contentUrl":"https:\/\/xocosave.com\/wp-content\/uploads\/2022\/06\/Mousse-8.jpg","width":1500,"height":1500},{"@type":"BreadcrumbList","@id":"https:\/\/xocosave.com\/es\/producte\/tatin-tahiti\/#breadcrumb","itemListElement":[{"@type":"ListItem","position":1,"name":"Productes","item":"https:\/\/xocosave.com\/shop\/"},{"@type":"ListItem","position":2,"name":"Tatin Tahit\u00ed"}]},{"@type":"WebSite","@id":"https:\/\/xocosave.com\/#website","url":"https:\/\/xocosave.com\/","name":"Xocosave | Xocolaters Pastissers des de 1880","description":"Millor Panettone artesanal d&#039;Espanya 2020 | Escultors de xocolata | porta al teu paladar la m\u00e9s alta qualitat dol\u00e7os i salats.","publisher":{"@id":"https:\/\/xocosave.com\/#organization"},"alternateName":"Xocosave","potentialAction":[{"@type":"SearchAction","target":{"@type":"EntryPoint","urlTemplate":"https:\/\/xocosave.com\/?s={search_term_string}"},"query-input":{"@type":"PropertyValueSpecification","valueRequired":true,"valueName":"search_term_string"}}],"inLanguage":"es"},{"@type":"Organization","@id":"https:\/\/xocosave.com\/#organization","name":"Xocosave | Xocolaters Pastissers des de 1880","url":"https:\/\/xocosave.com\/","logo":{"@type":"ImageObject","inLanguage":"es","@id":"https:\/\/xocosave.com\/#\/schema\/logo\/image\/","url":"https:\/\/xocosave.com\/wp-content\/uploads\/2024\/05\/cropped-Recurso-5.png","contentUrl":"https:\/\/xocosave.com\/wp-content\/uploads\/2024\/05\/cropped-Recurso-5.png","width":512,"height":512,"caption":"Xocosave | Xocolaters Pastissers des de 1880"},"image":{"@id":"https:\/\/xocosave.com\/#\/schema\/logo\/image\/"},"sameAs":["https:\/\/www.facebook.com\/Xocosave\/","https:\/\/www.instagram.com\/xocosave"]}]}},"_links":{"self":[{"href":"https:\/\/xocosave.com\/es\/wp-json\/wp\/v2\/product\/4166","targetHints":{"allow":["GET"]}}],"collection":[{"href":"https:\/\/xocosave.com\/es\/wp-json\/wp\/v2\/product"}],"about":[{"href":"https:\/\/xocosave.com\/es\/wp-json\/wp\/v2\/types\/product"}],"wp:featuredmedia":[{"embeddable":true,"href":"https:\/\/xocosave.com\/es\/wp-json\/wp\/v2\/media\/2079"}],"wp:attachment":[{"href":"https:\/\/xocosave.com\/es\/wp-json\/wp\/v2\/media?parent=4166"}],"wp:term":[{"taxonomy":"product_brand","embeddable":true,"href":"https:\/\/xocosave.com\/es\/wp-json\/wp\/v2\/product_brand?post=4166"},{"taxonomy":"product_cat","embeddable":true,"href":"https:\/\/xocosave.com\/es\/wp-json\/wp\/v2\/product_cat?post=4166"},{"taxonomy":"product_tag","embeddable":true,"href":"https:\/\/xocosave.com\/es\/wp-json\/wp\/v2\/product_tag?post=4166"}],"curies":[{"name":"wp","href":"https:\/\/api.w.org\/{rel}","templated":true}]}}