{"id":4160,"date":"2022-06-07T21:56:37","date_gmt":"2022-06-07T19:56:37","guid":{"rendered":"https:\/\/xocosave.com\/producte\/mousse-6\/"},"modified":"2024-06-17T12:31:33","modified_gmt":"2024-06-17T10:31:33","slug":"selva-negra","status":"publish","type":"product","link":"https:\/\/xocosave.com\/es\/producte\/selva-negra\/","title":{"rendered":"Selva Negra"},"content":{"rendered":"<span class=\"collapseomatic \" id=\"id69e69143cccc5\"  tabindex=\"0\" title=\"\"    ><\/span><div id=\"target-id69e69143cccc5\" class=\"collapseomatic_content \">\n<a href=\"https:\/\/xocosave.com\/es\/\"><\/a><br \/>\n<a href=\"https:\/\/www.instagram.com\/xocosave\/?hl=es\"><\/a><br \/>\nNuestro producto selva negra es una exquisita combinaci\u00f3n de nata, bizcocho de chocolate y gianduja, ofreciendo una experiencia gastron\u00f3mica \u00fanica que cautiva los sentidos en cada mordisco. La suavidad sedosa de la nata se combina con la riqueza intensa del bizcocho de chocolate, creando una textura y sabor indulgentes que te transportan a un mundo de placer gastron\u00f3mico.<\/p>\n<p>El selva negro de chocolate aporta una base dorada y crujiente, que contrasta perfectamente con la suavidad de la nata y el aroma rico de la gianduja. Esta combinaci\u00f3n de texturas y sabores crea una experiencia multisensorial que satisfar\u00e1 incluso a los paladares m\u00e1s exigentes.<\/p>\n<p>La gianduja, con su combinaci\u00f3n de chocolate y avellanas, es el ingrediente clave que aporta una nota de dulzor sutil y un sabor a frutos secos tostados. Su presencia eleva el perfil de gusto del producto, creando una perfecta armon\u00eda entre los elementos.<\/p>\n<p>En resumen, nuestro producto selva negra es una delicia gourmet que combina la riqueza de la nata, la profundidad del bizcocho de chocolate y la elegancia de la gianduja en una experiencia culinaria inolvidable. Ya sea para una ocasi\u00f3n especial o simplemente para un momento de placer solitario, esta combinaci\u00f3n de sabores est\u00e1 seguro de impregnar tu paladar con una sensaci\u00f3n de satisfacci\u00f3n pura y completa.<br \/>\n<\/div>\n","protected":false},"excerpt":{"rendered":"<p id=\"tw-target-text\" class=\"tw-data-text tw-text-large tw-ta\" dir=\"ltr\" data-placeholder=\"Traducci\u00f3n\" aria-label=\"Texto traducido\" data-ved=\"2ahUKEwiF5fTK19iGAxVWUEEAHV3ZBB4Q3ewLegQIEBAU\"><span class=\"Y2IQFc\" lang=\"es\"><strong>Composici\u00f3n<\/strong> <\/span><\/p>\n<p class=\"tw-data-text tw-text-large tw-ta\" dir=\"ltr\" data-placeholder=\"Traducci\u00f3n\" aria-label=\"Texto traducido\" data-ved=\"2ahUKEwiF5fTK19iGAxVWUEEAHV3ZBB4Q3ewLegQIEBAU\"><span class=\"Y2IQFc\" lang=\"es\">\u00b7 Nata <\/span><\/p>\n<p class=\"tw-data-text tw-text-large tw-ta\" dir=\"ltr\" data-placeholder=\"Traducci\u00f3n\" aria-label=\"Texto traducido\" data-ved=\"2ahUKEwiF5fTK19iGAxVWUEEAHV3ZBB4Q3ewLegQIEBAU\"><span class=\"Y2IQFc\" lang=\"es\">\u00b7 Bizcocho de Chocolate <\/span><\/p>\n<p class=\"tw-data-text tw-text-large tw-ta\" dir=\"ltr\" data-placeholder=\"Traducci\u00f3n\" aria-label=\"Texto traducido\" data-ved=\"2ahUKEwiF5fTK19iGAxVWUEEAHV3ZBB4Q3ewLegQIEBAU\"><span class=\"Y2IQFc\" lang=\"es\">\u00b7 Gianduja<\/span><\/p>\n","protected":false},"featured_media":2170,"template":"","meta":{"_et_pb_use_builder":"","_et_pb_old_content":"","_et_gb_content_width":""},"product_brand":[],"product_cat":[295],"product_tag":[308],"class_list":{"0":"post-4160","1":"product","2":"type-product","3":"status-publish","4":"has-post-thumbnail","6":"product_cat-mousse-es","7":"product_tag-pa-de-pessic-de-xocolata-amb-nata-i-acabat-amb-virutes-de-gianduja-davellana-es-2","9":"first","10":"instock","11":"virtual","12":"taxable","13":"purchasable","14":"product-type-simple"},"yoast_head":"<!-- This site is optimized with the Yoast SEO plugin v25.9 - https:\/\/yoast.com\/wordpress\/plugins\/seo\/ -->\n<title>Selva Negra - Xocosave | Xocolaters Pastissers des de 1880<\/title>\n<meta name=\"description\" content=\"Saborea la selva negra, una combinaci\u00f3n de nata, bizcocho de chocolate y gianduja. Una experiencia gastron\u00f3mica \u00fanica que te cautivar\u00e1 en cada mordisco.\" \/>\n<meta name=\"robots\" content=\"index, follow, max-snippet:-1, max-image-preview:large, max-video-preview:-1\" \/>\n<link rel=\"canonical\" href=\"https:\/\/xocosave.com\/es\/producte\/selva-negra\/\" \/>\n<meta property=\"og:locale\" content=\"es_ES\" \/>\n<meta property=\"og:type\" content=\"article\" \/>\n<meta property=\"og:title\" content=\"Selva Negra - Xocosave | Xocolaters Pastissers des de 1880\" \/>\n<meta property=\"og:description\" content=\"Saborea la selva negra, una combinaci\u00f3n de nata, bizcocho de chocolate y gianduja. Una experiencia gastron\u00f3mica \u00fanica que te cautivar\u00e1 en cada mordisco.\" \/>\n<meta property=\"og:url\" content=\"https:\/\/xocosave.com\/es\/producte\/selva-negra\/\" \/>\n<meta property=\"og:site_name\" content=\"Xocosave | Xocolaters Pastissers des de 1880\" \/>\n<meta property=\"article:publisher\" content=\"https:\/\/www.facebook.com\/Xocosave\/\" \/>\n<meta property=\"article:modified_time\" content=\"2024-06-17T10:31:33+00:00\" \/>\n<meta property=\"og:image\" content=\"https:\/\/xocosave.com\/wp-content\/uploads\/2022\/06\/Mousse-6_2-1.jpg\" \/>\n\t<meta property=\"og:image:width\" content=\"1500\" \/>\n\t<meta property=\"og:image:height\" content=\"1500\" \/>\n\t<meta property=\"og:image:type\" content=\"image\/jpeg\" \/>\n<meta name=\"twitter:card\" content=\"summary_large_image\" \/>\n<meta name=\"twitter:label1\" content=\"Tiempo de lectura\" \/>\n\t<meta name=\"twitter:data1\" content=\"2 minutos\" \/>\n<script type=\"application\/ld+json\" class=\"yoast-schema-graph\">{\"@context\":\"https:\/\/schema.org\",\"@graph\":[{\"@type\":\"WebPage\",\"@id\":\"https:\/\/xocosave.com\/es\/producte\/selva-negra\/\",\"url\":\"https:\/\/xocosave.com\/es\/producte\/selva-negra\/\",\"name\":\"Selva Negra - Xocosave | Xocolaters Pastissers des de 1880\",\"isPartOf\":{\"@id\":\"https:\/\/xocosave.com\/#website\"},\"primaryImageOfPage\":{\"@id\":\"https:\/\/xocosave.com\/es\/producte\/selva-negra\/#primaryimage\"},\"image\":{\"@id\":\"https:\/\/xocosave.com\/es\/producte\/selva-negra\/#primaryimage\"},\"thumbnailUrl\":\"https:\/\/xocosave.com\/wp-content\/uploads\/2022\/06\/Mousse-6_2-1.jpg\",\"datePublished\":\"2022-06-07T19:56:37+00:00\",\"dateModified\":\"2024-06-17T10:31:33+00:00\",\"description\":\"Saborea la selva negra, una combinaci\u00f3n de nata, bizcocho de chocolate y gianduja. Una experiencia gastron\u00f3mica \u00fanica que te cautivar\u00e1 en cada mordisco.\",\"breadcrumb\":{\"@id\":\"https:\/\/xocosave.com\/es\/producte\/selva-negra\/#breadcrumb\"},\"inLanguage\":\"es\",\"potentialAction\":[{\"@type\":\"ReadAction\",\"target\":[\"https:\/\/xocosave.com\/es\/producte\/selva-negra\/\"]}]},{\"@type\":\"ImageObject\",\"inLanguage\":\"es\",\"@id\":\"https:\/\/xocosave.com\/es\/producte\/selva-negra\/#primaryimage\",\"url\":\"https:\/\/xocosave.com\/wp-content\/uploads\/2022\/06\/Mousse-6_2-1.jpg\",\"contentUrl\":\"https:\/\/xocosave.com\/wp-content\/uploads\/2022\/06\/Mousse-6_2-1.jpg\",\"width\":1500,\"height\":1500,\"caption\":\"selva negra\"},{\"@type\":\"BreadcrumbList\",\"@id\":\"https:\/\/xocosave.com\/es\/producte\/selva-negra\/#breadcrumb\",\"itemListElement\":[{\"@type\":\"ListItem\",\"position\":1,\"name\":\"Productes\",\"item\":\"https:\/\/xocosave.com\/shop\/\"},{\"@type\":\"ListItem\",\"position\":2,\"name\":\"Selva Negra\"}]},{\"@type\":\"WebSite\",\"@id\":\"https:\/\/xocosave.com\/#website\",\"url\":\"https:\/\/xocosave.com\/\",\"name\":\"Xocosave | Xocolaters Pastissers des de 1880\",\"description\":\"Millor Panettone artesanal d&#039;Espanya 2020 | Escultors de xocolata | porta al teu paladar la m\u00e9s alta qualitat dol\u00e7os i salats.\",\"publisher\":{\"@id\":\"https:\/\/xocosave.com\/#organization\"},\"alternateName\":\"Xocosave\",\"potentialAction\":[{\"@type\":\"SearchAction\",\"target\":{\"@type\":\"EntryPoint\",\"urlTemplate\":\"https:\/\/xocosave.com\/?s={search_term_string}\"},\"query-input\":{\"@type\":\"PropertyValueSpecification\",\"valueRequired\":true,\"valueName\":\"search_term_string\"}}],\"inLanguage\":\"es\"},{\"@type\":\"Organization\",\"@id\":\"https:\/\/xocosave.com\/#organization\",\"name\":\"Xocosave | Xocolaters Pastissers des de 1880\",\"url\":\"https:\/\/xocosave.com\/\",\"logo\":{\"@type\":\"ImageObject\",\"inLanguage\":\"es\",\"@id\":\"https:\/\/xocosave.com\/#\/schema\/logo\/image\/\",\"url\":\"https:\/\/xocosave.com\/wp-content\/uploads\/2024\/05\/cropped-Recurso-5.png\",\"contentUrl\":\"https:\/\/xocosave.com\/wp-content\/uploads\/2024\/05\/cropped-Recurso-5.png\",\"width\":512,\"height\":512,\"caption\":\"Xocosave | Xocolaters Pastissers des de 1880\"},\"image\":{\"@id\":\"https:\/\/xocosave.com\/#\/schema\/logo\/image\/\"},\"sameAs\":[\"https:\/\/www.facebook.com\/Xocosave\/\",\"https:\/\/www.instagram.com\/xocosave\"]}]}<\/script>\n<!-- \/ Yoast SEO plugin. -->","yoast_head_json":{"title":"Selva Negra - Xocosave | Xocolaters Pastissers des de 1880","description":"Saborea la selva negra, una combinaci\u00f3n de nata, bizcocho de chocolate y gianduja. Una experiencia gastron\u00f3mica \u00fanica que te cautivar\u00e1 en cada mordisco.","robots":{"index":"index","follow":"follow","max-snippet":"max-snippet:-1","max-image-preview":"max-image-preview:large","max-video-preview":"max-video-preview:-1"},"canonical":"https:\/\/xocosave.com\/es\/producte\/selva-negra\/","og_locale":"es_ES","og_type":"article","og_title":"Selva Negra - Xocosave | Xocolaters Pastissers des de 1880","og_description":"Saborea la selva negra, una combinaci\u00f3n de nata, bizcocho de chocolate y gianduja. Una experiencia gastron\u00f3mica \u00fanica que te cautivar\u00e1 en cada mordisco.","og_url":"https:\/\/xocosave.com\/es\/producte\/selva-negra\/","og_site_name":"Xocosave | Xocolaters Pastissers des de 1880","article_publisher":"https:\/\/www.facebook.com\/Xocosave\/","article_modified_time":"2024-06-17T10:31:33+00:00","og_image":[{"width":1500,"height":1500,"url":"https:\/\/xocosave.com\/wp-content\/uploads\/2022\/06\/Mousse-6_2-1.jpg","type":"image\/jpeg"}],"twitter_card":"summary_large_image","twitter_misc":{"Tiempo de lectura":"2 minutos"},"schema":{"@context":"https:\/\/schema.org","@graph":[{"@type":"WebPage","@id":"https:\/\/xocosave.com\/es\/producte\/selva-negra\/","url":"https:\/\/xocosave.com\/es\/producte\/selva-negra\/","name":"Selva Negra - Xocosave | Xocolaters Pastissers des de 1880","isPartOf":{"@id":"https:\/\/xocosave.com\/#website"},"primaryImageOfPage":{"@id":"https:\/\/xocosave.com\/es\/producte\/selva-negra\/#primaryimage"},"image":{"@id":"https:\/\/xocosave.com\/es\/producte\/selva-negra\/#primaryimage"},"thumbnailUrl":"https:\/\/xocosave.com\/wp-content\/uploads\/2022\/06\/Mousse-6_2-1.jpg","datePublished":"2022-06-07T19:56:37+00:00","dateModified":"2024-06-17T10:31:33+00:00","description":"Saborea la selva negra, una combinaci\u00f3n de nata, bizcocho de chocolate y gianduja. Una experiencia gastron\u00f3mica \u00fanica que te cautivar\u00e1 en cada mordisco.","breadcrumb":{"@id":"https:\/\/xocosave.com\/es\/producte\/selva-negra\/#breadcrumb"},"inLanguage":"es","potentialAction":[{"@type":"ReadAction","target":["https:\/\/xocosave.com\/es\/producte\/selva-negra\/"]}]},{"@type":"ImageObject","inLanguage":"es","@id":"https:\/\/xocosave.com\/es\/producte\/selva-negra\/#primaryimage","url":"https:\/\/xocosave.com\/wp-content\/uploads\/2022\/06\/Mousse-6_2-1.jpg","contentUrl":"https:\/\/xocosave.com\/wp-content\/uploads\/2022\/06\/Mousse-6_2-1.jpg","width":1500,"height":1500,"caption":"selva negra"},{"@type":"BreadcrumbList","@id":"https:\/\/xocosave.com\/es\/producte\/selva-negra\/#breadcrumb","itemListElement":[{"@type":"ListItem","position":1,"name":"Productes","item":"https:\/\/xocosave.com\/shop\/"},{"@type":"ListItem","position":2,"name":"Selva Negra"}]},{"@type":"WebSite","@id":"https:\/\/xocosave.com\/#website","url":"https:\/\/xocosave.com\/","name":"Xocosave | Xocolaters Pastissers des de 1880","description":"Millor Panettone artesanal d&#039;Espanya 2020 | Escultors de xocolata | porta al teu paladar la m\u00e9s alta qualitat dol\u00e7os i salats.","publisher":{"@id":"https:\/\/xocosave.com\/#organization"},"alternateName":"Xocosave","potentialAction":[{"@type":"SearchAction","target":{"@type":"EntryPoint","urlTemplate":"https:\/\/xocosave.com\/?s={search_term_string}"},"query-input":{"@type":"PropertyValueSpecification","valueRequired":true,"valueName":"search_term_string"}}],"inLanguage":"es"},{"@type":"Organization","@id":"https:\/\/xocosave.com\/#organization","name":"Xocosave | Xocolaters Pastissers des de 1880","url":"https:\/\/xocosave.com\/","logo":{"@type":"ImageObject","inLanguage":"es","@id":"https:\/\/xocosave.com\/#\/schema\/logo\/image\/","url":"https:\/\/xocosave.com\/wp-content\/uploads\/2024\/05\/cropped-Recurso-5.png","contentUrl":"https:\/\/xocosave.com\/wp-content\/uploads\/2024\/05\/cropped-Recurso-5.png","width":512,"height":512,"caption":"Xocosave | Xocolaters Pastissers des de 1880"},"image":{"@id":"https:\/\/xocosave.com\/#\/schema\/logo\/image\/"},"sameAs":["https:\/\/www.facebook.com\/Xocosave\/","https:\/\/www.instagram.com\/xocosave"]}]}},"_links":{"self":[{"href":"https:\/\/xocosave.com\/es\/wp-json\/wp\/v2\/product\/4160","targetHints":{"allow":["GET"]}}],"collection":[{"href":"https:\/\/xocosave.com\/es\/wp-json\/wp\/v2\/product"}],"about":[{"href":"https:\/\/xocosave.com\/es\/wp-json\/wp\/v2\/types\/product"}],"wp:featuredmedia":[{"embeddable":true,"href":"https:\/\/xocosave.com\/es\/wp-json\/wp\/v2\/media\/2170"}],"wp:attachment":[{"href":"https:\/\/xocosave.com\/es\/wp-json\/wp\/v2\/media?parent=4160"}],"wp:term":[{"taxonomy":"product_brand","embeddable":true,"href":"https:\/\/xocosave.com\/es\/wp-json\/wp\/v2\/product_brand?post=4160"},{"taxonomy":"product_cat","embeddable":true,"href":"https:\/\/xocosave.com\/es\/wp-json\/wp\/v2\/product_cat?post=4160"},{"taxonomy":"product_tag","embeddable":true,"href":"https:\/\/xocosave.com\/es\/wp-json\/wp\/v2\/product_tag?post=4160"}],"curies":[{"name":"wp","href":"https:\/\/api.w.org\/{rel}","templated":true}]}}