{"id":4140,"date":"2022-04-22T18:37:45","date_gmt":"2022-04-22T16:37:45","guid":{"rendered":"https:\/\/xocosave.com\/producte\/llibre-sant-jordi-2\/"},"modified":"2024-06-13T15:46:25","modified_gmt":"2024-06-13T13:46:25","slug":"libro-sant-jordi-2","status":"publish","type":"product","link":"https:\/\/xocosave.com\/es\/producte\/libro-sant-jordi-2\/","title":{"rendered":"Libro Sant Jordi"},"content":{"rendered":"<span class=\"collapseomatic \" id=\"id69f2a18894eb0\"  tabindex=\"0\" title=\"\"    ><\/span><div id=\"target-id69f2a18894eb0\" class=\"collapseomatic_content \">\n<p><a href=\"https:\/\/xocosave.com\/es\/\"><\/a><br \/>\n<a href=\"https:\/\/www.instagram.com\/xocosave\/?hl=es\"><\/a><br \/>\nCelebra el D\u00eda de Sant Jordi con una dulce combinaci\u00f3n de tradici\u00f3n y deleite culinario con nuestro libro especial de postre. Esta emblem\u00e1tica fiesta de Catalu\u00f1a, que conmemora el amor y el coraje, ahora puede ser a\u00fan m\u00e1s memorable con nuestras recetas irresistibles.<\/p>\n<p>El libro de postre de Sant Jordi te invita a adentrarte en el mundo de la gastronom\u00eda con un toque tradicional y creativo. Encontrar\u00e1s una amplia selecci\u00f3n de recetas que capturan la esencia de la festividad, desde cl\u00e1sicos renovados hasta creaciones innovadoras inspiradas en la leyenda.<\/p>\n<p>Cada p\u00e1gina de este libro es una invitaci\u00f3n a explorar nuevas dimensiones de sabor ya crear momentos inolvidables en torno a la mesa. Las recetas, explicadas paso a paso con detalle y claridad, te guiar\u00e1n en el proceso de preparaci\u00f3n, desde la selecci\u00f3n de ingredientes hasta el toque final de presentaci\u00f3n.<\/p>\n<p>Ya sea para sorprender a tu pareja con un postre rom\u00e1ntico, para compartir una tarde de cocina en familia o para regalar a aquellos que m\u00e1s quieres, este libro es una oportunidad para vivir la fiesta de Sant Jordi de forma nueva y deliciosa.<\/p>\n<p>Con el libro de postres de Sant Jordi, cada receta es una expresi\u00f3n de ternura y dedicaci\u00f3n, una forma de compartir amor a trav\u00e9s del placer de la cocina. Disfruta de la fiesta con dulzura y emoci\u00f3n, regalando este libro a tus seres queridos y creando recuerdos que perdurar\u00e1n para siempre.<br \/>\n<\/div>\n","protected":false},"excerpt":{"rendered":"<div class=\"flex flex-grow flex-col max-w-full\">\n<div class=\"min-h-[20px] text-message flex flex-col items-start whitespace-pre-wrap break-words [.text-message+&amp;]:mt-5 juice:w-full juice:items-end overflow-x-auto gap-2\" dir=\"auto\" data-message-author-role=\"assistant\" data-message-id=\"c06aaab4-819c-4675-b841-bba394186aeb\">\n<div class=\"flex w-full flex-col gap-1 juice:empty:hidden juice:first:pt-[3px]\">\n<div class=\"markdown prose w-full break-words dark:prose-invert light\">\n<div class=\"flex flex-grow flex-col max-w-full\">\n<div class=\"min-h-[20px] text-message flex flex-col items-start whitespace-pre-wrap break-words [.text-message+&amp;]:mt-5 juice:w-full juice:items-end overflow-x-auto gap-2\" dir=\"auto\" data-message-author-role=\"assistant\" data-message-id=\"c5797cb1-eed4-48c1-9dc7-10fd3ce50781\">\n<div class=\"flex w-full flex-col gap-1 juice:empty:hidden juice:first:pt-[3px]\">\n<div class=\"markdown prose w-full break-words dark:prose-invert light\">\n<div class=\"flex flex-grow flex-col max-w-full\">\n<div class=\"min-h-[20px] text-message flex flex-col items-start whitespace-pre-wrap break-words [.text-message+&amp;]:mt-5 juice:w-full juice:items-end overflow-x-auto gap-2\" dir=\"auto\" data-message-author-role=\"assistant\" data-message-id=\"c5797cb1-eed4-48c1-9dc7-10fd3ce50781\">\n<div class=\"flex w-full flex-col gap-1 juice:empty:hidden juice:first:pt-[3px]\">\n<div class=\"markdown prose w-full break-words dark:prose-invert light\">\n<div id=\"tw-target-text-container\" class=\"tw-ta-container F0azHf tw-nfl\" tabindex=\"0\">\n<p id=\"tw-target-text\" class=\"tw-data-text tw-text-large tw-ta\" dir=\"ltr\" data-placeholder=\"Traducci\u00f3n\" aria-label=\"Texto traducido\" data-ved=\"2ahUKEwiF5fTK19iGAxVWUEEAHV3ZBB4Q3ewLegQIEBAU\"><span class=\"Y2IQFc\" lang=\"es\">Prueba y regala este libro de Sant Jordi para celebrar con dulzura y amor esta fiesta tan especial.<\/span><\/p>\n<\/div>\n<\/div>\n<\/div>\n<\/div>\n<\/div>\n<\/div>\n<\/div>\n<\/div>\n<\/div>\n<\/div>\n<\/div>\n<\/div>\n<\/div>\n","protected":false},"featured_media":2023,"template":"","meta":{"_et_pb_use_builder":"","_et_pb_old_content":"","_et_gb_content_width":""},"product_brand":[],"product_cat":[285],"product_tag":[290,291],"class_list":{"0":"post-4140","1":"product","2":"type-product","3":"status-publish","4":"has-post-thumbnail","6":"product_cat-sant-jordi-es","7":"product_tag-pa-de-pessic-amb-nata-es","8":"product_tag-trufa-i-yema-cremada-es","10":"first","11":"instock","12":"taxable","13":"shipping-taxable","14":"purchasable","15":"product-type-variable"},"yoast_head":"<!-- This site is optimized with the Yoast SEO plugin v25.9 - https:\/\/yoast.com\/wordpress\/plugins\/seo\/ -->\n<title>Libro Sant Jordi - Xocosave | Xocolaters Pastissers des de 1880<\/title>\n<meta name=\"description\" content=\"Descubre nuestro postre de el fant\u00e1stico libro Sant Jordi. Celebra y regala este Sant Jordi con amor y dulzura en todo momento.\" \/>\n<meta name=\"robots\" content=\"index, follow, max-snippet:-1, max-image-preview:large, max-video-preview:-1\" \/>\n<link rel=\"canonical\" href=\"https:\/\/xocosave.com\/es\/producte\/libro-sant-jordi-2\/\" \/>\n<meta property=\"og:locale\" content=\"es_ES\" \/>\n<meta property=\"og:type\" content=\"article\" \/>\n<meta property=\"og:title\" content=\"Libro Sant Jordi - Xocosave | Xocolaters Pastissers des de 1880\" \/>\n<meta property=\"og:description\" content=\"Descubre nuestro postre de el fant\u00e1stico libro Sant Jordi. Celebra y regala este Sant Jordi con amor y dulzura en todo momento.\" \/>\n<meta property=\"og:url\" content=\"https:\/\/xocosave.com\/es\/producte\/libro-sant-jordi-2\/\" \/>\n<meta property=\"og:site_name\" content=\"Xocosave | Xocolaters Pastissers des de 1880\" \/>\n<meta property=\"article:publisher\" content=\"https:\/\/www.facebook.com\/Xocosave\/\" \/>\n<meta property=\"article:modified_time\" content=\"2024-06-13T13:46:25+00:00\" \/>\n<meta property=\"og:image\" content=\"https:\/\/xocosave.com\/wp-content\/uploads\/2022\/04\/Llibre-tancat-trufaSANT-JORDI.jpg\" \/>\n\t<meta property=\"og:image:width\" content=\"1500\" \/>\n\t<meta property=\"og:image:height\" content=\"1500\" \/>\n\t<meta property=\"og:image:type\" content=\"image\/jpeg\" \/>\n<meta name=\"twitter:card\" content=\"summary_large_image\" \/>\n<meta name=\"twitter:label1\" content=\"Tiempo de lectura\" \/>\n\t<meta name=\"twitter:data1\" content=\"2 minutos\" \/>\n<script type=\"application\/ld+json\" class=\"yoast-schema-graph\">{\"@context\":\"https:\/\/schema.org\",\"@graph\":[{\"@type\":\"WebPage\",\"@id\":\"https:\/\/xocosave.com\/es\/producte\/libro-sant-jordi-2\/\",\"url\":\"https:\/\/xocosave.com\/es\/producte\/libro-sant-jordi-2\/\",\"name\":\"Libro Sant Jordi - Xocosave | Xocolaters Pastissers des de 1880\",\"isPartOf\":{\"@id\":\"https:\/\/xocosave.com\/#website\"},\"primaryImageOfPage\":{\"@id\":\"https:\/\/xocosave.com\/es\/producte\/libro-sant-jordi-2\/#primaryimage\"},\"image\":{\"@id\":\"https:\/\/xocosave.com\/es\/producte\/libro-sant-jordi-2\/#primaryimage\"},\"thumbnailUrl\":\"https:\/\/xocosave.com\/wp-content\/uploads\/2022\/04\/Llibre-tancat-trufaSANT-JORDI.jpg\",\"datePublished\":\"2022-04-22T16:37:45+00:00\",\"dateModified\":\"2024-06-13T13:46:25+00:00\",\"description\":\"Descubre nuestro postre de el fant\u00e1stico libro Sant Jordi. Celebra y regala este Sant Jordi con amor y dulzura en todo momento.\",\"breadcrumb\":{\"@id\":\"https:\/\/xocosave.com\/es\/producte\/libro-sant-jordi-2\/#breadcrumb\"},\"inLanguage\":\"es\",\"potentialAction\":[{\"@type\":\"ReadAction\",\"target\":[\"https:\/\/xocosave.com\/es\/producte\/libro-sant-jordi-2\/\"]}]},{\"@type\":\"ImageObject\",\"inLanguage\":\"es\",\"@id\":\"https:\/\/xocosave.com\/es\/producte\/libro-sant-jordi-2\/#primaryimage\",\"url\":\"https:\/\/xocosave.com\/wp-content\/uploads\/2022\/04\/Llibre-tancat-trufaSANT-JORDI.jpg\",\"contentUrl\":\"https:\/\/xocosave.com\/wp-content\/uploads\/2022\/04\/Llibre-tancat-trufaSANT-JORDI.jpg\",\"width\":1500,\"height\":1500},{\"@type\":\"BreadcrumbList\",\"@id\":\"https:\/\/xocosave.com\/es\/producte\/libro-sant-jordi-2\/#breadcrumb\",\"itemListElement\":[{\"@type\":\"ListItem\",\"position\":1,\"name\":\"Productes\",\"item\":\"https:\/\/xocosave.com\/shop\/\"},{\"@type\":\"ListItem\",\"position\":2,\"name\":\"Libro Sant Jordi\"}]},{\"@type\":\"WebSite\",\"@id\":\"https:\/\/xocosave.com\/#website\",\"url\":\"https:\/\/xocosave.com\/\",\"name\":\"Xocosave | Xocolaters Pastissers des de 1880\",\"description\":\"Millor Panettone artesanal d&#039;Espanya 2020 | Escultors de xocolata | porta al teu paladar la m\u00e9s alta qualitat dol\u00e7os i salats.\",\"publisher\":{\"@id\":\"https:\/\/xocosave.com\/#organization\"},\"alternateName\":\"Xocosave\",\"potentialAction\":[{\"@type\":\"SearchAction\",\"target\":{\"@type\":\"EntryPoint\",\"urlTemplate\":\"https:\/\/xocosave.com\/?s={search_term_string}\"},\"query-input\":{\"@type\":\"PropertyValueSpecification\",\"valueRequired\":true,\"valueName\":\"search_term_string\"}}],\"inLanguage\":\"es\"},{\"@type\":\"Organization\",\"@id\":\"https:\/\/xocosave.com\/#organization\",\"name\":\"Xocosave | Xocolaters Pastissers des de 1880\",\"url\":\"https:\/\/xocosave.com\/\",\"logo\":{\"@type\":\"ImageObject\",\"inLanguage\":\"es\",\"@id\":\"https:\/\/xocosave.com\/#\/schema\/logo\/image\/\",\"url\":\"https:\/\/xocosave.com\/wp-content\/uploads\/2024\/05\/cropped-Recurso-5.png\",\"contentUrl\":\"https:\/\/xocosave.com\/wp-content\/uploads\/2024\/05\/cropped-Recurso-5.png\",\"width\":512,\"height\":512,\"caption\":\"Xocosave | Xocolaters Pastissers des de 1880\"},\"image\":{\"@id\":\"https:\/\/xocosave.com\/#\/schema\/logo\/image\/\"},\"sameAs\":[\"https:\/\/www.facebook.com\/Xocosave\/\",\"https:\/\/www.instagram.com\/xocosave\"]}]}<\/script>\n<!-- \/ Yoast SEO plugin. -->","yoast_head_json":{"title":"Libro Sant Jordi - Xocosave | Xocolaters Pastissers des de 1880","description":"Descubre nuestro postre de el fant\u00e1stico libro Sant Jordi. Celebra y regala este Sant Jordi con amor y dulzura en todo momento.","robots":{"index":"index","follow":"follow","max-snippet":"max-snippet:-1","max-image-preview":"max-image-preview:large","max-video-preview":"max-video-preview:-1"},"canonical":"https:\/\/xocosave.com\/es\/producte\/libro-sant-jordi-2\/","og_locale":"es_ES","og_type":"article","og_title":"Libro Sant Jordi - Xocosave | Xocolaters Pastissers des de 1880","og_description":"Descubre nuestro postre de el fant\u00e1stico libro Sant Jordi. Celebra y regala este Sant Jordi con amor y dulzura en todo momento.","og_url":"https:\/\/xocosave.com\/es\/producte\/libro-sant-jordi-2\/","og_site_name":"Xocosave | Xocolaters Pastissers des de 1880","article_publisher":"https:\/\/www.facebook.com\/Xocosave\/","article_modified_time":"2024-06-13T13:46:25+00:00","og_image":[{"width":1500,"height":1500,"url":"https:\/\/xocosave.com\/wp-content\/uploads\/2022\/04\/Llibre-tancat-trufaSANT-JORDI.jpg","type":"image\/jpeg"}],"twitter_card":"summary_large_image","twitter_misc":{"Tiempo de lectura":"2 minutos"},"schema":{"@context":"https:\/\/schema.org","@graph":[{"@type":"WebPage","@id":"https:\/\/xocosave.com\/es\/producte\/libro-sant-jordi-2\/","url":"https:\/\/xocosave.com\/es\/producte\/libro-sant-jordi-2\/","name":"Libro Sant Jordi - Xocosave | Xocolaters Pastissers des de 1880","isPartOf":{"@id":"https:\/\/xocosave.com\/#website"},"primaryImageOfPage":{"@id":"https:\/\/xocosave.com\/es\/producte\/libro-sant-jordi-2\/#primaryimage"},"image":{"@id":"https:\/\/xocosave.com\/es\/producte\/libro-sant-jordi-2\/#primaryimage"},"thumbnailUrl":"https:\/\/xocosave.com\/wp-content\/uploads\/2022\/04\/Llibre-tancat-trufaSANT-JORDI.jpg","datePublished":"2022-04-22T16:37:45+00:00","dateModified":"2024-06-13T13:46:25+00:00","description":"Descubre nuestro postre de el fant\u00e1stico libro Sant Jordi. Celebra y regala este Sant Jordi con amor y dulzura en todo momento.","breadcrumb":{"@id":"https:\/\/xocosave.com\/es\/producte\/libro-sant-jordi-2\/#breadcrumb"},"inLanguage":"es","potentialAction":[{"@type":"ReadAction","target":["https:\/\/xocosave.com\/es\/producte\/libro-sant-jordi-2\/"]}]},{"@type":"ImageObject","inLanguage":"es","@id":"https:\/\/xocosave.com\/es\/producte\/libro-sant-jordi-2\/#primaryimage","url":"https:\/\/xocosave.com\/wp-content\/uploads\/2022\/04\/Llibre-tancat-trufaSANT-JORDI.jpg","contentUrl":"https:\/\/xocosave.com\/wp-content\/uploads\/2022\/04\/Llibre-tancat-trufaSANT-JORDI.jpg","width":1500,"height":1500},{"@type":"BreadcrumbList","@id":"https:\/\/xocosave.com\/es\/producte\/libro-sant-jordi-2\/#breadcrumb","itemListElement":[{"@type":"ListItem","position":1,"name":"Productes","item":"https:\/\/xocosave.com\/shop\/"},{"@type":"ListItem","position":2,"name":"Libro Sant Jordi"}]},{"@type":"WebSite","@id":"https:\/\/xocosave.com\/#website","url":"https:\/\/xocosave.com\/","name":"Xocosave | Xocolaters Pastissers des de 1880","description":"Millor Panettone artesanal d&#039;Espanya 2020 | Escultors de xocolata | porta al teu paladar la m\u00e9s alta qualitat dol\u00e7os i salats.","publisher":{"@id":"https:\/\/xocosave.com\/#organization"},"alternateName":"Xocosave","potentialAction":[{"@type":"SearchAction","target":{"@type":"EntryPoint","urlTemplate":"https:\/\/xocosave.com\/?s={search_term_string}"},"query-input":{"@type":"PropertyValueSpecification","valueRequired":true,"valueName":"search_term_string"}}],"inLanguage":"es"},{"@type":"Organization","@id":"https:\/\/xocosave.com\/#organization","name":"Xocosave | Xocolaters Pastissers des de 1880","url":"https:\/\/xocosave.com\/","logo":{"@type":"ImageObject","inLanguage":"es","@id":"https:\/\/xocosave.com\/#\/schema\/logo\/image\/","url":"https:\/\/xocosave.com\/wp-content\/uploads\/2024\/05\/cropped-Recurso-5.png","contentUrl":"https:\/\/xocosave.com\/wp-content\/uploads\/2024\/05\/cropped-Recurso-5.png","width":512,"height":512,"caption":"Xocosave | Xocolaters Pastissers des de 1880"},"image":{"@id":"https:\/\/xocosave.com\/#\/schema\/logo\/image\/"},"sameAs":["https:\/\/www.facebook.com\/Xocosave\/","https:\/\/www.instagram.com\/xocosave"]}]}},"_links":{"self":[{"href":"https:\/\/xocosave.com\/es\/wp-json\/wp\/v2\/product\/4140","targetHints":{"allow":["GET"]}}],"collection":[{"href":"https:\/\/xocosave.com\/es\/wp-json\/wp\/v2\/product"}],"about":[{"href":"https:\/\/xocosave.com\/es\/wp-json\/wp\/v2\/types\/product"}],"wp:featuredmedia":[{"embeddable":true,"href":"https:\/\/xocosave.com\/es\/wp-json\/wp\/v2\/media\/2023"}],"wp:attachment":[{"href":"https:\/\/xocosave.com\/es\/wp-json\/wp\/v2\/media?parent=4140"}],"wp:term":[{"taxonomy":"product_brand","embeddable":true,"href":"https:\/\/xocosave.com\/es\/wp-json\/wp\/v2\/product_brand?post=4140"},{"taxonomy":"product_cat","embeddable":true,"href":"https:\/\/xocosave.com\/es\/wp-json\/wp\/v2\/product_cat?post=4140"},{"taxonomy":"product_tag","embeddable":true,"href":"https:\/\/xocosave.com\/es\/wp-json\/wp\/v2\/product_tag?post=4140"}],"curies":[{"name":"wp","href":"https:\/\/api.w.org\/{rel}","templated":true}]}}