{"id":4111,"date":"2024-05-27T12:28:59","date_gmt":"2024-05-27T10:28:59","guid":{"rendered":"https:\/\/xocosave.com\/producte\/figura-de-xocolata-castell-gel-frozen-gran\/"},"modified":"2025-03-21T14:54:15","modified_gmt":"2025-03-21T12:54:15","slug":"castillo-frozen-grande","status":"publish","type":"product","link":"https:\/\/xocosave.com\/es\/producte\/castillo-frozen-grande\/","title":{"rendered":"Figura de chocolate Castillo Hielo Frozen grande"},"content":{"rendered":"<span class=\"collapseomatic \" id=\"id69f5bdd164987\"  tabindex=\"0\" title=\"\"    ><\/span><div id=\"target-id69f5bdd164987\" class=\"collapseomatic_content \">\n<p>castillo frozen grande<\/p>\n<p>La nostra mona de Pasqua Castell Frozen gran de xocolata \u00e9s un somni fet realitat per als fans de Frozen. Elaborada amb xocolata de primera qualitat, aquesta mona presenta els personatges estimats d&#8217;aquesta pel\u00b7l\u00edcula animada de Disney. L&#8217;opci\u00f3 perfecta per regalar les aventures d&#8217;Elsa, Anna i els seus amics.<\/p>\n<p>Aquesta mona de Pasqua no nom\u00e9s \u00e9s una dol\u00e7aina, sin\u00f3 una experi\u00e8ncia m\u00e0gica que porta a la vida els personatges de Frozen de manera deliciosa. Cada detall, des de les figures d&#8217;Elsa i Anna fins als seus amics m\u00e9s estimats, est\u00e0 meticulosament elaborat amb xocolata de primera qualitat, capturant l&#8217;ess\u00e8ncia de la pel\u00b7l\u00edcula en cada tros.<\/p>\n<p>La xocolata utilitzada en la nostra mona de Pasqua Frozen \u00e9s de primera qualitat, garantint una experi\u00e8ncia de tast exquisida en cada mos. Cada tros est\u00e0 carregat amb la riquesa i la suavitat de la xocolata, transportant els consumidors a l&#8217;univers m\u00e0gic de Frozen amb cada mossegada.<\/p>\n<p>Ja sigui que la regalis a un amic, a un \u00e9sser estimat o a tu mateix, la nostra mona de Pasqua Frozen de xocolata \u00e9s una opci\u00f3 perfecta per a les festes pasquals. \u00c9s una manera \u00fanica i memorable de celebrar l&#8217;esperit de Frozen i crear records duradors amb els teus personatges favorits de Disney.<\/p>\n<p>castillo frozen grande<\/p>\n<p>Aquesta mona de Pasqua no nom\u00e9s \u00e9s una dol\u00e7aina, sin\u00f3 una experi\u00e8ncia m\u00e0gica que porta a la vida els personatges de Frozen de manera deliciosa. Cada detall, des de les figures d&#8217;Elsa i Anna fins als seus amics m\u00e9s estimats, est\u00e0 meticulosament elaborat amb xocolata de primera qualitat, capturant l&#8217;ess\u00e8ncia de la pel\u00b7l\u00edcula en cada tros.<\/p>\n<p>La xocolata utilitzada en la nostra mona de Pasqua Frozen \u00e9s de primera qualitat, garantint una experi\u00e8ncia de tast exquisida en cada mos. Cada tros est\u00e0 carregat amb la riquesa i la suavitat de la xocolata, transportant els consumidors a l&#8217;univers m\u00e0gic de Frozen amb cada mossegada.<\/p>\n<p>Ja sigui que la regalis a un amic, a un \u00e9sser estimat o a tu mateix, la nostra mona de Pasqua Frozen de xocolata \u00e9s una opci\u00f3 perfecta per a les festes pasquals. \u00c9s una manera \u00fanica i memorable de celebrar l&#8217;esperit de Frozen i crear records duradors amb els teus personatges favorits de Disney.<\/p>\n<p>castillo frozen grande<\/p>\n<p>Deixa&#8217;t endur pel m\u00f3n m\u00e0gic de Castell Frozen Gran amb la nostra mona de Pasqua de xocolata, i gaudeix d&#8217;una experi\u00e8ncia deliciosa que captivar\u00e0 els cors i els paladars.<br \/>\n<\/div>\n","protected":false},"excerpt":{"rendered":"<p>Nuestra mona de Pascua Frozen de chocolate es un sue\u00f1o hecho realidad para los fans de Frozen. Elaborada con chocolate de primera calidad, esta mona presenta los personajes estimados de esta pel\u00edcula animada de Disney. La opci\u00f3n perfecta para regalar las aventuras de Elsa, Anna y sus amigos.<\/p>\n<p>Para realizar el pedido puede contactar al 626 613 100<\/p>\n","protected":false},"featured_media":1780,"template":"","meta":{"_et_pb_use_builder":"","_et_pb_old_content":"","_et_gb_content_width":""},"product_brand":[],"product_cat":[282,283],"product_tag":[],"class_list":{"0":"post-4111","1":"product","2":"type-product","3":"status-publish","4":"has-post-thumbnail","6":"product_cat-figures-de-xocolata-de-disney-es","7":"product_cat-pasqua-es","9":"first","10":"outofstock","11":"taxable","12":"shipping-taxable","13":"product-type-simple"},"yoast_head":"<!-- This site is optimized with the Yoast SEO plugin v25.9 - https:\/\/yoast.com\/wordpress\/plugins\/seo\/ -->\n<title>Figura de chocolate Castillo Hielo Frozen grande - Xocosave | Xocolaters Pastissers des de 1880<\/title>\n<meta name=\"description\" content=\"Mona de castillo Frozen Grande de chocolate. Es una aut\u00e9ntica experiencia de magia y dulzura. Cada detalle es \u00fanico. Descubre las aventuras de Elsa, Anna...\" \/>\n<meta name=\"robots\" content=\"index, follow, max-snippet:-1, max-image-preview:large, max-video-preview:-1\" \/>\n<link rel=\"canonical\" href=\"https:\/\/xocosave.com\/?post_type=product&p=3136\" \/>\n<meta property=\"og:locale\" content=\"es_ES\" \/>\n<meta property=\"og:type\" content=\"article\" \/>\n<meta property=\"og:title\" content=\"Figura de chocolate Castillo Hielo Frozen grande - Xocosave | Xocolaters Pastissers des de 1880\" \/>\n<meta property=\"og:description\" content=\"Mona de castillo Frozen Grande de chocolate. Es una aut\u00e9ntica experiencia de magia y dulzura. Cada detalle es \u00fanico. Descubre las aventuras de Elsa, Anna...\" \/>\n<meta property=\"og:url\" content=\"https:\/\/xocosave.com\/?post_type=product&amp;p=3136\" \/>\n<meta property=\"og:site_name\" content=\"Xocosave | Xocolaters Pastissers des de 1880\" \/>\n<meta property=\"article:publisher\" content=\"https:\/\/www.facebook.com\/Xocosave\/\" \/>\n<meta property=\"article:modified_time\" content=\"2025-03-21T12:54:15+00:00\" \/>\n<meta property=\"og:image\" content=\"https:\/\/xocosave.com\/wp-content\/uploads\/2022\/03\/castell-frozen-gran.jpg\" \/>\n\t<meta property=\"og:image:width\" content=\"1300\" \/>\n\t<meta property=\"og:image:height\" content=\"1300\" \/>\n\t<meta property=\"og:image:type\" content=\"image\/jpeg\" \/>\n<meta name=\"twitter:card\" content=\"summary_large_image\" \/>\n<meta name=\"twitter:label1\" content=\"Tiempo de lectura\" \/>\n\t<meta name=\"twitter:data1\" content=\"3 minutos\" \/>\n<script type=\"application\/ld+json\" class=\"yoast-schema-graph\">{\"@context\":\"https:\/\/schema.org\",\"@graph\":[{\"@type\":\"WebPage\",\"@id\":\"https:\/\/xocosave.com\/?post_type=product&p=3136\",\"url\":\"https:\/\/xocosave.com\/?post_type=product&p=3136\",\"name\":\"Figura de chocolate Castillo Hielo Frozen grande - Xocosave | Xocolaters Pastissers des de 1880\",\"isPartOf\":{\"@id\":\"https:\/\/xocosave.com\/#website\"},\"primaryImageOfPage\":{\"@id\":\"https:\/\/xocosave.com\/?post_type=product&p=3136#primaryimage\"},\"image\":{\"@id\":\"https:\/\/xocosave.com\/?post_type=product&p=3136#primaryimage\"},\"thumbnailUrl\":\"https:\/\/xocosave.com\/wp-content\/uploads\/2022\/03\/castell-frozen-gran.jpg\",\"datePublished\":\"2024-05-27T10:28:59+00:00\",\"dateModified\":\"2025-03-21T12:54:15+00:00\",\"description\":\"Mona de castillo Frozen Grande de chocolate. Es una aut\u00e9ntica experiencia de magia y dulzura. Cada detalle es \u00fanico. Descubre las aventuras de Elsa, Anna...\",\"breadcrumb\":{\"@id\":\"https:\/\/xocosave.com\/?post_type=product&p=3136#breadcrumb\"},\"inLanguage\":\"es\",\"potentialAction\":[{\"@type\":\"ReadAction\",\"target\":[\"https:\/\/xocosave.com\/?post_type=product&p=3136\"]}]},{\"@type\":\"ImageObject\",\"inLanguage\":\"es\",\"@id\":\"https:\/\/xocosave.com\/?post_type=product&p=3136#primaryimage\",\"url\":\"https:\/\/xocosave.com\/wp-content\/uploads\/2022\/03\/castell-frozen-gran.jpg\",\"contentUrl\":\"https:\/\/xocosave.com\/wp-content\/uploads\/2022\/03\/castell-frozen-gran.jpg\",\"width\":1300,\"height\":1300,\"caption\":\"castillo frozen grande\"},{\"@type\":\"BreadcrumbList\",\"@id\":\"https:\/\/xocosave.com\/?post_type=product&p=3136#breadcrumb\",\"itemListElement\":[{\"@type\":\"ListItem\",\"position\":1,\"name\":\"Productes\",\"item\":\"https:\/\/xocosave.com\/shop\/\"},{\"@type\":\"ListItem\",\"position\":2,\"name\":\"Figura de chocolate Castillo Hielo Frozen grande\"}]},{\"@type\":\"WebSite\",\"@id\":\"https:\/\/xocosave.com\/#website\",\"url\":\"https:\/\/xocosave.com\/\",\"name\":\"Xocosave | Xocolaters Pastissers des de 1880\",\"description\":\"Millor Panettone artesanal d&#039;Espanya 2020 | Escultors de xocolata | porta al teu paladar la m\u00e9s alta qualitat dol\u00e7os i salats.\",\"publisher\":{\"@id\":\"https:\/\/xocosave.com\/#organization\"},\"alternateName\":\"Xocosave\",\"potentialAction\":[{\"@type\":\"SearchAction\",\"target\":{\"@type\":\"EntryPoint\",\"urlTemplate\":\"https:\/\/xocosave.com\/?s={search_term_string}\"},\"query-input\":{\"@type\":\"PropertyValueSpecification\",\"valueRequired\":true,\"valueName\":\"search_term_string\"}}],\"inLanguage\":\"es\"},{\"@type\":\"Organization\",\"@id\":\"https:\/\/xocosave.com\/#organization\",\"name\":\"Xocosave | Xocolaters Pastissers des de 1880\",\"url\":\"https:\/\/xocosave.com\/\",\"logo\":{\"@type\":\"ImageObject\",\"inLanguage\":\"es\",\"@id\":\"https:\/\/xocosave.com\/#\/schema\/logo\/image\/\",\"url\":\"https:\/\/xocosave.com\/wp-content\/uploads\/2024\/05\/cropped-Recurso-5.png\",\"contentUrl\":\"https:\/\/xocosave.com\/wp-content\/uploads\/2024\/05\/cropped-Recurso-5.png\",\"width\":512,\"height\":512,\"caption\":\"Xocosave | Xocolaters Pastissers des de 1880\"},\"image\":{\"@id\":\"https:\/\/xocosave.com\/#\/schema\/logo\/image\/\"},\"sameAs\":[\"https:\/\/www.facebook.com\/Xocosave\/\",\"https:\/\/www.instagram.com\/xocosave\"]}]}<\/script>\n<!-- \/ Yoast SEO plugin. -->","yoast_head_json":{"title":"Figura de chocolate Castillo Hielo Frozen grande - Xocosave | Xocolaters Pastissers des de 1880","description":"Mona de castillo Frozen Grande de chocolate. Es una aut\u00e9ntica experiencia de magia y dulzura. Cada detalle es \u00fanico. Descubre las aventuras de Elsa, Anna...","robots":{"index":"index","follow":"follow","max-snippet":"max-snippet:-1","max-image-preview":"max-image-preview:large","max-video-preview":"max-video-preview:-1"},"canonical":"https:\/\/xocosave.com\/?post_type=product&p=3136","og_locale":"es_ES","og_type":"article","og_title":"Figura de chocolate Castillo Hielo Frozen grande - Xocosave | Xocolaters Pastissers des de 1880","og_description":"Mona de castillo Frozen Grande de chocolate. Es una aut\u00e9ntica experiencia de magia y dulzura. Cada detalle es \u00fanico. Descubre las aventuras de Elsa, Anna...","og_url":"https:\/\/xocosave.com\/?post_type=product&p=3136","og_site_name":"Xocosave | Xocolaters Pastissers des de 1880","article_publisher":"https:\/\/www.facebook.com\/Xocosave\/","article_modified_time":"2025-03-21T12:54:15+00:00","og_image":[{"width":1300,"height":1300,"url":"https:\/\/xocosave.com\/wp-content\/uploads\/2022\/03\/castell-frozen-gran.jpg","type":"image\/jpeg"}],"twitter_card":"summary_large_image","twitter_misc":{"Tiempo de lectura":"3 minutos"},"schema":{"@context":"https:\/\/schema.org","@graph":[{"@type":"WebPage","@id":"https:\/\/xocosave.com\/?post_type=product&p=3136","url":"https:\/\/xocosave.com\/?post_type=product&p=3136","name":"Figura de chocolate Castillo Hielo Frozen grande - Xocosave | Xocolaters Pastissers des de 1880","isPartOf":{"@id":"https:\/\/xocosave.com\/#website"},"primaryImageOfPage":{"@id":"https:\/\/xocosave.com\/?post_type=product&p=3136#primaryimage"},"image":{"@id":"https:\/\/xocosave.com\/?post_type=product&p=3136#primaryimage"},"thumbnailUrl":"https:\/\/xocosave.com\/wp-content\/uploads\/2022\/03\/castell-frozen-gran.jpg","datePublished":"2024-05-27T10:28:59+00:00","dateModified":"2025-03-21T12:54:15+00:00","description":"Mona de castillo Frozen Grande de chocolate. Es una aut\u00e9ntica experiencia de magia y dulzura. Cada detalle es \u00fanico. Descubre las aventuras de Elsa, Anna...","breadcrumb":{"@id":"https:\/\/xocosave.com\/?post_type=product&p=3136#breadcrumb"},"inLanguage":"es","potentialAction":[{"@type":"ReadAction","target":["https:\/\/xocosave.com\/?post_type=product&p=3136"]}]},{"@type":"ImageObject","inLanguage":"es","@id":"https:\/\/xocosave.com\/?post_type=product&p=3136#primaryimage","url":"https:\/\/xocosave.com\/wp-content\/uploads\/2022\/03\/castell-frozen-gran.jpg","contentUrl":"https:\/\/xocosave.com\/wp-content\/uploads\/2022\/03\/castell-frozen-gran.jpg","width":1300,"height":1300,"caption":"castillo frozen grande"},{"@type":"BreadcrumbList","@id":"https:\/\/xocosave.com\/?post_type=product&p=3136#breadcrumb","itemListElement":[{"@type":"ListItem","position":1,"name":"Productes","item":"https:\/\/xocosave.com\/shop\/"},{"@type":"ListItem","position":2,"name":"Figura de chocolate Castillo Hielo Frozen grande"}]},{"@type":"WebSite","@id":"https:\/\/xocosave.com\/#website","url":"https:\/\/xocosave.com\/","name":"Xocosave | Xocolaters Pastissers des de 1880","description":"Millor Panettone artesanal d&#039;Espanya 2020 | Escultors de xocolata | porta al teu paladar la m\u00e9s alta qualitat dol\u00e7os i salats.","publisher":{"@id":"https:\/\/xocosave.com\/#organization"},"alternateName":"Xocosave","potentialAction":[{"@type":"SearchAction","target":{"@type":"EntryPoint","urlTemplate":"https:\/\/xocosave.com\/?s={search_term_string}"},"query-input":{"@type":"PropertyValueSpecification","valueRequired":true,"valueName":"search_term_string"}}],"inLanguage":"es"},{"@type":"Organization","@id":"https:\/\/xocosave.com\/#organization","name":"Xocosave | Xocolaters Pastissers des de 1880","url":"https:\/\/xocosave.com\/","logo":{"@type":"ImageObject","inLanguage":"es","@id":"https:\/\/xocosave.com\/#\/schema\/logo\/image\/","url":"https:\/\/xocosave.com\/wp-content\/uploads\/2024\/05\/cropped-Recurso-5.png","contentUrl":"https:\/\/xocosave.com\/wp-content\/uploads\/2024\/05\/cropped-Recurso-5.png","width":512,"height":512,"caption":"Xocosave | Xocolaters Pastissers des de 1880"},"image":{"@id":"https:\/\/xocosave.com\/#\/schema\/logo\/image\/"},"sameAs":["https:\/\/www.facebook.com\/Xocosave\/","https:\/\/www.instagram.com\/xocosave"]}]}},"_links":{"self":[{"href":"https:\/\/xocosave.com\/es\/wp-json\/wp\/v2\/product\/4111","targetHints":{"allow":["GET"]}}],"collection":[{"href":"https:\/\/xocosave.com\/es\/wp-json\/wp\/v2\/product"}],"about":[{"href":"https:\/\/xocosave.com\/es\/wp-json\/wp\/v2\/types\/product"}],"wp:featuredmedia":[{"embeddable":true,"href":"https:\/\/xocosave.com\/es\/wp-json\/wp\/v2\/media\/1780"}],"wp:attachment":[{"href":"https:\/\/xocosave.com\/es\/wp-json\/wp\/v2\/media?parent=4111"}],"wp:term":[{"taxonomy":"product_brand","embeddable":true,"href":"https:\/\/xocosave.com\/es\/wp-json\/wp\/v2\/product_brand?post=4111"},{"taxonomy":"product_cat","embeddable":true,"href":"https:\/\/xocosave.com\/es\/wp-json\/wp\/v2\/product_cat?post=4111"},{"taxonomy":"product_tag","embeddable":true,"href":"https:\/\/xocosave.com\/es\/wp-json\/wp\/v2\/product_tag?post=4111"}],"curies":[{"name":"wp","href":"https:\/\/api.w.org\/{rel}","templated":true}]}}