{"id":4109,"date":"2024-05-27T12:29:42","date_gmt":"2024-05-27T10:29:42","guid":{"rendered":"https:\/\/xocosave.com\/producte\/figura-de-xocolata-calavera\/"},"modified":"2025-03-21T14:54:26","modified_gmt":"2025-03-21T12:54:26","slug":"figura-de-xocolata-calavera","status":"publish","type":"product","link":"https:\/\/xocosave.com\/es\/producte\/figura-de-xocolata-calavera\/","title":{"rendered":"Figura de chocolate Calavera"},"content":{"rendered":"<span class=\"collapseomatic \" id=\"id69e62f36566ea\"  tabindex=\"0\" title=\"\"    ><\/span><div id=\"target-id69e62f36566ea\" class=\"collapseomatic_content \">\n<p>La nostra mona de Pasqua en forma de calavera amb detalls de xocolata \u00e9s una creaci\u00f3 \u00fanica i sorprenent. Elaborada amb xocolata de primera qualitat. Cada mossegada et sorprendr\u00e0 amb la riquesa i la suavitat de la xocolata.<\/p>\n<p>Aquesta mona de Pasqua \u00e9s molt m\u00e9s que una dol\u00e7aina tradicional; \u00e9s una obra d&#8217;art culin\u00e0ria que captiva l&#8217;atenci\u00f3 i desperta la imaginaci\u00f3. La forma de calavera amb detalls de xocolata aporta un toc intrigant i misteri\u00f3s, perfecte per a les celebracions pasquals amb un gir inesperat.<\/p>\n<p>La xocolata utilitzada en la nostra mona de Pasqua \u00e9s de primera qualitat, garantint una experi\u00e8ncia de tast excepcional en cada mos. La riquesa i la suavitat de la xocolata es fonen delicadament a la boca, enviant ones de plaer a cada sentit.<\/p>\n<p>Ja sigui que la gaudeixis en solitari o la compartexis amb amics i fam\u00edlia, la nostra mona de Pasqua en forma de calavera \u00e9s un complement perfecte per a les festes pasquals. \u00c9s una manera \u00fanica i memorable de celebrar aquesta \u00e8poca de l&#8217;any, amb una creaci\u00f3 culin\u00e0ria que sorpr\u00e8n i deleita a tots els que la tasten.<\/p>\n<p>Deixa&#8217;t captivar per la fascinaci\u00f3 de la nostra mona de Pasqua en forma de calavera, i gaudeix d&#8217;una experi\u00e8ncia de tast que et deixar\u00e0 amb un somriure a la cara i un record durador de les festes pasquals.<\/p>\n<p>La xocolata utilitzada en la nostra mona de Pasqua \u00e9s de primera qualitat, garantint una experi\u00e8ncia de tast excepcional en cada mos. La riquesa i la suavitat de la xocolata es fonen delicadament a la boca, enviant ones de plaer a cada sentit.<\/p>\n<p>Ja sigui que la gaudeixis en solitari o la compartexis amb amics i fam\u00edlia, la nostra mona de Pasqua en forma de calavera \u00e9s un complement perfecte per a les festes pasquals. \u00c9s una manera \u00fanica i memorable de celebrar aquesta \u00e8poca de l&#8217;any, amb una creaci\u00f3 culin\u00e0ria que sorpr\u00e8n i deleita a tots els que la tasten.<\/p>\n<p>Deixa&#8217;t captivar per la fascinaci\u00f3 de la nostra mona de Pasqua en forma de calavera, i gaudeix d&#8217;una experi\u00e8ncia de tast que et deixar\u00e0 amb un somriure a la cara i un record durador de les festes pasquals.<\/p>\n<\/div>\n","protected":false},"excerpt":{"rendered":"<p>Nuestra mona de Pascua en forma de calavera con detalles de chocolate es una creaci\u00f3n \u00fanica y sorprendente. Elaborada con chocolate de primera calidad.\u00a0Cada mordisco te sorprender\u00e1 con la riqueza y la suavidad del chocolate.<\/p>\n<p>Para realizar el pedido puede contactar al 626 613 100<\/p>\n","protected":false},"featured_media":1791,"template":"","meta":{"_et_pb_use_builder":"","_et_pb_old_content":"","_et_gb_content_width":""},"product_brand":[],"product_cat":[282,283],"product_tag":[],"class_list":{"0":"post-4109","1":"product","2":"type-product","3":"status-publish","4":"has-post-thumbnail","6":"product_cat-figures-de-xocolata-de-disney-es","7":"product_cat-pasqua-es","9":"first","10":"outofstock","11":"taxable","12":"shipping-taxable","13":"product-type-simple"},"yoast_head":"<!-- This site is optimized with the Yoast SEO plugin v25.9 - https:\/\/yoast.com\/wordpress\/plugins\/seo\/ -->\n<title>Figura de chocolate Calavera - Xocosave | Xocolaters Pastissers des de 1880<\/title>\n<meta name=\"description\" content=\"Mona de Pascua en forma de calavera con detalles de chocolate de primera calidad. Original y deliciosa para las fiestas de pascua.\" \/>\n<meta name=\"robots\" content=\"index, follow, max-snippet:-1, max-image-preview:large, max-video-preview:-1\" \/>\n<link rel=\"canonical\" href=\"https:\/\/xocosave.com\/?post_type=product&p=3137\" \/>\n<meta property=\"og:locale\" content=\"es_ES\" \/>\n<meta property=\"og:type\" content=\"article\" \/>\n<meta property=\"og:title\" content=\"Figura de chocolate Calavera - Xocosave | Xocolaters Pastissers des de 1880\" \/>\n<meta property=\"og:description\" content=\"Mona de Pascua en forma de calavera con detalles de chocolate de primera calidad. Original y deliciosa para las fiestas de pascua.\" \/>\n<meta property=\"og:url\" content=\"https:\/\/xocosave.com\/?post_type=product&amp;p=3137\" \/>\n<meta property=\"og:site_name\" content=\"Xocosave | Xocolaters Pastissers des de 1880\" \/>\n<meta property=\"article:publisher\" content=\"https:\/\/www.facebook.com\/Xocosave\/\" \/>\n<meta property=\"article:modified_time\" content=\"2025-03-21T12:54:26+00:00\" \/>\n<meta property=\"og:image\" content=\"https:\/\/xocosave.com\/wp-content\/uploads\/2022\/03\/calavera.jpg\" \/>\n\t<meta property=\"og:image:width\" content=\"1300\" \/>\n\t<meta property=\"og:image:height\" content=\"1300\" \/>\n\t<meta property=\"og:image:type\" content=\"image\/jpeg\" \/>\n<meta name=\"twitter:card\" content=\"summary_large_image\" \/>\n<meta name=\"twitter:label1\" content=\"Tiempo de lectura\" \/>\n\t<meta name=\"twitter:data1\" content=\"2 minutos\" \/>\n<script type=\"application\/ld+json\" class=\"yoast-schema-graph\">{\"@context\":\"https:\/\/schema.org\",\"@graph\":[{\"@type\":\"WebPage\",\"@id\":\"https:\/\/xocosave.com\/?post_type=product&p=3137\",\"url\":\"https:\/\/xocosave.com\/?post_type=product&p=3137\",\"name\":\"Figura de chocolate Calavera - Xocosave | Xocolaters Pastissers des de 1880\",\"isPartOf\":{\"@id\":\"https:\/\/xocosave.com\/#website\"},\"primaryImageOfPage\":{\"@id\":\"https:\/\/xocosave.com\/?post_type=product&p=3137#primaryimage\"},\"image\":{\"@id\":\"https:\/\/xocosave.com\/?post_type=product&p=3137#primaryimage\"},\"thumbnailUrl\":\"https:\/\/xocosave.com\/wp-content\/uploads\/2022\/03\/calavera.jpg\",\"datePublished\":\"2024-05-27T10:29:42+00:00\",\"dateModified\":\"2025-03-21T12:54:26+00:00\",\"description\":\"Mona de Pascua en forma de calavera con detalles de chocolate de primera calidad. Original y deliciosa para las fiestas de pascua.\",\"breadcrumb\":{\"@id\":\"https:\/\/xocosave.com\/?post_type=product&p=3137#breadcrumb\"},\"inLanguage\":\"es\",\"potentialAction\":[{\"@type\":\"ReadAction\",\"target\":[\"https:\/\/xocosave.com\/?post_type=product&p=3137\"]}]},{\"@type\":\"ImageObject\",\"inLanguage\":\"es\",\"@id\":\"https:\/\/xocosave.com\/?post_type=product&p=3137#primaryimage\",\"url\":\"https:\/\/xocosave.com\/wp-content\/uploads\/2022\/03\/calavera.jpg\",\"contentUrl\":\"https:\/\/xocosave.com\/wp-content\/uploads\/2022\/03\/calavera.jpg\",\"width\":1300,\"height\":1300,\"caption\":\"calavera\"},{\"@type\":\"BreadcrumbList\",\"@id\":\"https:\/\/xocosave.com\/?post_type=product&p=3137#breadcrumb\",\"itemListElement\":[{\"@type\":\"ListItem\",\"position\":1,\"name\":\"Productes\",\"item\":\"https:\/\/xocosave.com\/shop\/\"},{\"@type\":\"ListItem\",\"position\":2,\"name\":\"Figura de chocolate Calavera\"}]},{\"@type\":\"WebSite\",\"@id\":\"https:\/\/xocosave.com\/#website\",\"url\":\"https:\/\/xocosave.com\/\",\"name\":\"Xocosave | Xocolaters Pastissers des de 1880\",\"description\":\"Millor Panettone artesanal d&#039;Espanya 2020 | Escultors de xocolata | porta al teu paladar la m\u00e9s alta qualitat dol\u00e7os i salats.\",\"publisher\":{\"@id\":\"https:\/\/xocosave.com\/#organization\"},\"alternateName\":\"Xocosave\",\"potentialAction\":[{\"@type\":\"SearchAction\",\"target\":{\"@type\":\"EntryPoint\",\"urlTemplate\":\"https:\/\/xocosave.com\/?s={search_term_string}\"},\"query-input\":{\"@type\":\"PropertyValueSpecification\",\"valueRequired\":true,\"valueName\":\"search_term_string\"}}],\"inLanguage\":\"es\"},{\"@type\":\"Organization\",\"@id\":\"https:\/\/xocosave.com\/#organization\",\"name\":\"Xocosave | Xocolaters Pastissers des de 1880\",\"url\":\"https:\/\/xocosave.com\/\",\"logo\":{\"@type\":\"ImageObject\",\"inLanguage\":\"es\",\"@id\":\"https:\/\/xocosave.com\/#\/schema\/logo\/image\/\",\"url\":\"https:\/\/xocosave.com\/wp-content\/uploads\/2024\/05\/cropped-Recurso-5.png\",\"contentUrl\":\"https:\/\/xocosave.com\/wp-content\/uploads\/2024\/05\/cropped-Recurso-5.png\",\"width\":512,\"height\":512,\"caption\":\"Xocosave | Xocolaters Pastissers des de 1880\"},\"image\":{\"@id\":\"https:\/\/xocosave.com\/#\/schema\/logo\/image\/\"},\"sameAs\":[\"https:\/\/www.facebook.com\/Xocosave\/\",\"https:\/\/www.instagram.com\/xocosave\"]}]}<\/script>\n<!-- \/ Yoast SEO plugin. -->","yoast_head_json":{"title":"Figura de chocolate Calavera - Xocosave | Xocolaters Pastissers des de 1880","description":"Mona de Pascua en forma de calavera con detalles de chocolate de primera calidad. Original y deliciosa para las fiestas de pascua.","robots":{"index":"index","follow":"follow","max-snippet":"max-snippet:-1","max-image-preview":"max-image-preview:large","max-video-preview":"max-video-preview:-1"},"canonical":"https:\/\/xocosave.com\/?post_type=product&p=3137","og_locale":"es_ES","og_type":"article","og_title":"Figura de chocolate Calavera - Xocosave | Xocolaters Pastissers des de 1880","og_description":"Mona de Pascua en forma de calavera con detalles de chocolate de primera calidad. Original y deliciosa para las fiestas de pascua.","og_url":"https:\/\/xocosave.com\/?post_type=product&p=3137","og_site_name":"Xocosave | Xocolaters Pastissers des de 1880","article_publisher":"https:\/\/www.facebook.com\/Xocosave\/","article_modified_time":"2025-03-21T12:54:26+00:00","og_image":[{"width":1300,"height":1300,"url":"https:\/\/xocosave.com\/wp-content\/uploads\/2022\/03\/calavera.jpg","type":"image\/jpeg"}],"twitter_card":"summary_large_image","twitter_misc":{"Tiempo de lectura":"2 minutos"},"schema":{"@context":"https:\/\/schema.org","@graph":[{"@type":"WebPage","@id":"https:\/\/xocosave.com\/?post_type=product&p=3137","url":"https:\/\/xocosave.com\/?post_type=product&p=3137","name":"Figura de chocolate Calavera - Xocosave | Xocolaters Pastissers des de 1880","isPartOf":{"@id":"https:\/\/xocosave.com\/#website"},"primaryImageOfPage":{"@id":"https:\/\/xocosave.com\/?post_type=product&p=3137#primaryimage"},"image":{"@id":"https:\/\/xocosave.com\/?post_type=product&p=3137#primaryimage"},"thumbnailUrl":"https:\/\/xocosave.com\/wp-content\/uploads\/2022\/03\/calavera.jpg","datePublished":"2024-05-27T10:29:42+00:00","dateModified":"2025-03-21T12:54:26+00:00","description":"Mona de Pascua en forma de calavera con detalles de chocolate de primera calidad. Original y deliciosa para las fiestas de pascua.","breadcrumb":{"@id":"https:\/\/xocosave.com\/?post_type=product&p=3137#breadcrumb"},"inLanguage":"es","potentialAction":[{"@type":"ReadAction","target":["https:\/\/xocosave.com\/?post_type=product&p=3137"]}]},{"@type":"ImageObject","inLanguage":"es","@id":"https:\/\/xocosave.com\/?post_type=product&p=3137#primaryimage","url":"https:\/\/xocosave.com\/wp-content\/uploads\/2022\/03\/calavera.jpg","contentUrl":"https:\/\/xocosave.com\/wp-content\/uploads\/2022\/03\/calavera.jpg","width":1300,"height":1300,"caption":"calavera"},{"@type":"BreadcrumbList","@id":"https:\/\/xocosave.com\/?post_type=product&p=3137#breadcrumb","itemListElement":[{"@type":"ListItem","position":1,"name":"Productes","item":"https:\/\/xocosave.com\/shop\/"},{"@type":"ListItem","position":2,"name":"Figura de chocolate Calavera"}]},{"@type":"WebSite","@id":"https:\/\/xocosave.com\/#website","url":"https:\/\/xocosave.com\/","name":"Xocosave | Xocolaters Pastissers des de 1880","description":"Millor Panettone artesanal d&#039;Espanya 2020 | Escultors de xocolata | porta al teu paladar la m\u00e9s alta qualitat dol\u00e7os i salats.","publisher":{"@id":"https:\/\/xocosave.com\/#organization"},"alternateName":"Xocosave","potentialAction":[{"@type":"SearchAction","target":{"@type":"EntryPoint","urlTemplate":"https:\/\/xocosave.com\/?s={search_term_string}"},"query-input":{"@type":"PropertyValueSpecification","valueRequired":true,"valueName":"search_term_string"}}],"inLanguage":"es"},{"@type":"Organization","@id":"https:\/\/xocosave.com\/#organization","name":"Xocosave | Xocolaters Pastissers des de 1880","url":"https:\/\/xocosave.com\/","logo":{"@type":"ImageObject","inLanguage":"es","@id":"https:\/\/xocosave.com\/#\/schema\/logo\/image\/","url":"https:\/\/xocosave.com\/wp-content\/uploads\/2024\/05\/cropped-Recurso-5.png","contentUrl":"https:\/\/xocosave.com\/wp-content\/uploads\/2024\/05\/cropped-Recurso-5.png","width":512,"height":512,"caption":"Xocosave | Xocolaters Pastissers des de 1880"},"image":{"@id":"https:\/\/xocosave.com\/#\/schema\/logo\/image\/"},"sameAs":["https:\/\/www.facebook.com\/Xocosave\/","https:\/\/www.instagram.com\/xocosave"]}]}},"_links":{"self":[{"href":"https:\/\/xocosave.com\/es\/wp-json\/wp\/v2\/product\/4109","targetHints":{"allow":["GET"]}}],"collection":[{"href":"https:\/\/xocosave.com\/es\/wp-json\/wp\/v2\/product"}],"about":[{"href":"https:\/\/xocosave.com\/es\/wp-json\/wp\/v2\/types\/product"}],"wp:featuredmedia":[{"embeddable":true,"href":"https:\/\/xocosave.com\/es\/wp-json\/wp\/v2\/media\/1791"}],"wp:attachment":[{"href":"https:\/\/xocosave.com\/es\/wp-json\/wp\/v2\/media?parent=4109"}],"wp:term":[{"taxonomy":"product_brand","embeddable":true,"href":"https:\/\/xocosave.com\/es\/wp-json\/wp\/v2\/product_brand?post=4109"},{"taxonomy":"product_cat","embeddable":true,"href":"https:\/\/xocosave.com\/es\/wp-json\/wp\/v2\/product_cat?post=4109"},{"taxonomy":"product_tag","embeddable":true,"href":"https:\/\/xocosave.com\/es\/wp-json\/wp\/v2\/product_tag?post=4109"}],"curies":[{"name":"wp","href":"https:\/\/api.w.org\/{rel}","templated":true}]}}