{"id":4103,"date":"2024-05-27T13:00:17","date_gmt":"2024-05-27T11:00:17","guid":{"rendered":"https:\/\/xocosave.com\/producte\/panettone-gerds\/"},"modified":"2025-03-04T12:25:14","modified_gmt":"2025-03-04T10:25:14","slug":"panettone-frambuesas","status":"publish","type":"product","link":"https:\/\/xocosave.com\/es\/producte\/panettone-frambuesas\/","title":{"rendered":"Panettone Frambuesas"},"content":{"rendered":"[et_pb_section fb_built=\u00bb1&#8243; _builder_version=\u00bb4.16&#8243; custom_padding=\u00bb0px||||false|false\u00bb global_colors_info=\u00bb{}\u00bb][et_pb_row _builder_version=\u00bb4.16&#8243; background_size=\u00bbinitial\u00bb background_position=\u00bbtop_left\u00bb background_repeat=\u00bbrepeat\u00bb width=\u00bb100%\u00bb custom_padding=\u00bb0px||0px||false|false\u00bb global_colors_info=\u00bb{}\u00bb][et_pb_column type=\u00bb4_4&#8243; _builder_version=\u00bb4.16&#8243; custom_padding=\u00bb|||\u00bb global_colors_info=\u00bb{}\u00bb custom_padding__hover=\u00bb|||\u00bb][et_pb_wc_breadcrumb _builder_version=\u00bb4.16&#8243; global_colors_info=\u00bb{}\u00bb][\/et_pb_wc_breadcrumb][et_pb_wc_cart_notice _builder_version=\u00bb4.16&#8243; global_colors_info=\u00bb{}\u00bb][\/et_pb_wc_cart_notice][\/et_pb_column][\/et_pb_row][et_pb_row column_structure=\u00bb1_2,1_2&#8243; _builder_version=\u00bb4.16&#8243; background_size=\u00bbinitial\u00bb background_position=\u00bbtop_left\u00bb background_repeat=\u00bbrepeat\u00bb width=\u00bb100%\u00bb custom_padding=\u00bb0px||||false|false\u00bb global_colors_info=\u00bb{}\u00bb][et_pb_column type=\u00bb1_2&#8243; _builder_version=\u00bb4.16&#8243; custom_padding=\u00bb|||\u00bb global_colors_info=\u00bb{}\u00bb custom_padding__hover=\u00bb|||\u00bb][et_pb_wc_images _builder_version=\u00bb4.16&#8243; global_colors_info=\u00bb{}\u00bb][\/et_pb_wc_images][\/et_pb_column][et_pb_column type=\u00bb1_2&#8243; _builder_version=\u00bb4.16&#8243; custom_padding=\u00bb|||\u00bb global_colors_info=\u00bb{}\u00bb custom_padding__hover=\u00bb|||\u00bb][et_pb_wc_title _builder_version=\u00bb4.16&#8243; global_colors_info=\u00bb{}\u00bb][\/et_pb_wc_title][et_pb_wc_rating _builder_version=\u00bb4.16&#8243; global_colors_info=\u00bb{}\u00bb][\/et_pb_wc_rating][et_pb_wc_price _builder_version=\u00bb4.16&#8243; global_colors_info=\u00bb{}\u00bb][\/et_pb_wc_price][et_pb_wc_description _builder_version=\u00bb4.16&#8243; global_colors_info=\u00bb{}\u00bb][\/et_pb_wc_description][et_pb_wc_add_to_cart _builder_version=\u00bb4.16&#8243; global_colors_info=\u00bb{}\u00bb][\/et_pb_wc_add_to_cart][et_pb_wc_meta _builder_version=\u00bb4.16&#8243; global_colors_info=\u00bb{}\u00bb][\/et_pb_wc_meta][\/et_pb_column][\/et_pb_row][et_pb_row _builder_version=\u00bb4.16&#8243; background_size=\u00bbinitial\u00bb background_position=\u00bbtop_left\u00bb background_repeat=\u00bbrepeat\u00bb width=\u00bb100%\u00bb global_colors_info=\u00bb{}\u00bb][et_pb_column type=\u00bb4_4&#8243; _builder_version=\u00bb4.16&#8243; custom_padding=\u00bb|||\u00bb global_colors_info=\u00bb{}\u00bb custom_padding__hover=\u00bb|||\u00bb][et_pb_wc_tabs _builder_version=\u00bb4.16&#8243; global_colors_info=\u00bb{}\u00bb]\t\t\t\t\t[\/et_pb_wc_tabs][et_pb_wc_upsells _builder_version=\u00bb4.16&#8243; global_colors_info=\u00bb{}\u00bb][\/et_pb_wc_upsells][et_pb_wc_related_products _builder_version=\u00bb4.16&#8243; global_colors_info=\u00bb{}\u00bb][\/et_pb_wc_related_products][\/et_pb_column][\/et_pb_row][et_pb_row _builder_version=\u00bb4.25.1&#8243; _module_preset=\u00bbdefault\u00bb global_colors_info=\u00bb{}\u00bb][et_pb_column type=\u00bb4_4&#8243; _builder_version=\u00bb4.25.1&#8243; _module_preset=\u00bbdefault\u00bb global_colors_info=\u00bb{}\u00bb][et_pb_code _builder_version=\u00bb4.25.1&#8243; _module_preset=\u00bbdefault\u00bb global_colors_info=\u00bb{}\u00bb]<span class=\"collapseomatic \" id=\"id69e5f6ce8bd77\"  tabindex=\"0\" title=\"\"    ><\/span><div id=\"target-id69e5f6ce8bd77\" class=\"collapseomatic_content \"><!-- [et_pb_line_break_holder] --><a href=\"https:\/\/www.instagram.com\/xocosave\/?hl=es\"><\/a><!-- [et_pb_line_break_holder] --><a href=\"https:\/\/xocosave.com\/es\/\"><\/a><!-- [et_pb_line_break_holder] -->El nostre panettone especial de gerds \u00e9s una del\u00edcia que captura la seva combinaci\u00f3 \u00fanica de sabors. La massa suau i esponjosa est\u00e0 enriquida amb gerds, oferint una explosi\u00f3 de frescor i dol\u00e7or en cada mossegada. L&#8217;opci\u00f3 ideal per als amants de la fruita.<!-- [et_pb_line_break_holder] --><!-- [et_pb_line_break_holder] -->Aquest panettone \u00e9s molt m\u00e9s que una simple dol\u00e7aina; \u00e9s una experi\u00e8ncia gastron\u00f2mica que et transportar\u00e0 a un m\u00f3n de sabors intensos i exquisits. La massa, amb la seva textura lleugera i esponjosa, \u00e9s el tel\u00f3 de fons perfecte per a la brillantor i la frescor dels gerds.<!-- [et_pb_line_break_holder] --><!-- [et_pb_line_break_holder] -->Els gerds, amb el seu sabor agredol\u00e7 i el seu to refrescant, complementen a la perfecci\u00f3 la dol\u00e7or de la massa. Cada mossegada \u00e9s una simfonia de sabors, amb els gerds que esclaten en la boca i et deixen amb una sensaci\u00f3 de plaer i satisfacci\u00f3.<!-- [et_pb_line_break_holder] --><!-- [et_pb_line_break_holder] -->Ja sigui per a un esmorzar tranquil, una tarda de xerrada amb amics o un postre despr\u00e9s del sopar, el nostre panettone de gerds \u00e9s l&#8217;opci\u00f3 perfecta per als amants de la fruita. Amb cada mos, et perdur\u00e0s en una experi\u00e8ncia sensorial \u00fanica i inoblidable que et far\u00e0 tornar per m\u00e9s.<!-- [et_pb_line_break_holder] --><!-- [et_pb_line_break_holder] -->Deixa&#8217;t seduir per la irresistible combinaci\u00f3 de sabors del nostre panettone especial de gerds i gaudeix d&#8217;una experi\u00e8ncia gastron\u00f2mica que recordar\u00e0s per sempre. Vine i descobreix la m\u00e0gia dels gerds en cada mossegada d&#8217;aquest delici\u00f3s panettone, i deixa&#8217;t endur per un viatge al m\u00f3n dels sabors m\u00e9s exquisits i refrescants.<!-- [et_pb_line_break_holder] --><\/div><!-- [et_pb_line_break_holder] -->[\/et_pb_code][\/et_pb_column][\/et_pb_row][\/et_pb_section]\n","protected":false},"excerpt":{"rendered":"<p>Nuestro\u00a0panettone\u00a0especial de frambuesas es una delicia que captura su combinaci\u00f3n \u00fanica de sabores. La masa suave y esponjosa est\u00e1 enriquecida con frambuesas, ofreciendo una explosi\u00f3n de frescura y dulzura en cada mordisco. La opci\u00f3n ideal para los amantes de la fruta.<\/p>\n<p>El tiempo de espera se tiene que calcular a partir del d\u00eda de salida del\u00a0panettone\u00a0desde el obrador. A partir de este d\u00eda, lo\u00a0panettone\u00a0llegar\u00e1 al domicilio en cuesti\u00f3n de\u00a024h\/*48h\u00a0despu\u00e9s.<\/p>\n<p>Ponemos a tu disposici\u00f3n los nuestros\u00a0panettones\u00a0en dos formatos, para que elijas el que m\u00e1s se adapta a t\u00fa: formato peque\u00f1o de 500 gramos y el grande de 1 kg.<\/p>\n<p>&nbsp;<\/p>\n<div class='et-box et-warning'>\n\t\t\t\t\t<div class='et-box-content'>Actualmente para hacer un pedido de panettone, ten\u00e9is que rellenar el siguiente formulario<\/div><\/div>\n<p>&nbsp;<\/p>\n<p class=\"wpcf7-contact-form-not-found\"><strong>Error:<\/strong> Formulario de contacto no encontrado.<\/p>\n","protected":false},"featured_media":1592,"template":"","meta":{"_et_pb_use_builder":"on","_et_pb_old_content":"","_et_gb_content_width":""},"product_brand":[],"product_cat":[280,281],"product_tag":[],"class_list":{"0":"post-4103","1":"product","2":"type-product","3":"status-publish","4":"has-post-thumbnail","6":"product_cat-panettone-es","7":"product_cat-panettones-especials-es","9":"first","10":"outofstock","11":"taxable","12":"shipping-taxable","13":"purchasable","14":"product-type-variable"},"yoast_head":"<!-- This site is optimized with the Yoast SEO plugin v25.9 - https:\/\/yoast.com\/wordpress\/plugins\/seo\/ -->\n<title>Panettone Frambuesas - Xocosave | Xocolaters Pastissers des de 1880<\/title>\n<meta name=\"description\" content=\"Disfruta con nuestro panettone especial de frambuesas, una explosi\u00f3n de frescura y dulzura en cada mordisco. Perfecto para los amantes de la fruta.\" \/>\n<meta name=\"robots\" content=\"index, follow, max-snippet:-1, max-image-preview:large, max-video-preview:-1\" \/>\n<link rel=\"canonical\" href=\"https:\/\/xocosave.com\/es\/producte\/panettone-frambuesas\/\" \/>\n<meta property=\"og:locale\" content=\"es_ES\" \/>\n<meta property=\"og:type\" content=\"article\" \/>\n<meta property=\"og:title\" content=\"Panettone Frambuesas - Xocosave | Xocolaters Pastissers des de 1880\" \/>\n<meta property=\"og:description\" content=\"Disfruta con nuestro panettone especial de frambuesas, una explosi\u00f3n de frescura y dulzura en cada mordisco. Perfecto para los amantes de la fruta.\" \/>\n<meta property=\"og:url\" content=\"https:\/\/xocosave.com\/es\/producte\/panettone-frambuesas\/\" \/>\n<meta property=\"og:site_name\" content=\"Xocosave | Xocolaters Pastissers des de 1880\" \/>\n<meta property=\"article:publisher\" content=\"https:\/\/www.facebook.com\/Xocosave\/\" \/>\n<meta property=\"article:modified_time\" content=\"2025-03-04T10:25:14+00:00\" \/>\n<meta property=\"og:image\" content=\"https:\/\/xocosave.com\/wp-content\/uploads\/2021\/11\/Panettones_G_gerds_srgb.jpg\" \/>\n\t<meta property=\"og:image:width\" content=\"1500\" \/>\n\t<meta property=\"og:image:height\" content=\"1500\" \/>\n\t<meta property=\"og:image:type\" content=\"image\/jpeg\" \/>\n<meta name=\"twitter:card\" content=\"summary_large_image\" \/>\n<meta name=\"twitter:label1\" content=\"Tiempo de lectura\" \/>\n\t<meta name=\"twitter:data1\" content=\"3 minutos\" \/>\n<script type=\"application\/ld+json\" class=\"yoast-schema-graph\">{\"@context\":\"https:\/\/schema.org\",\"@graph\":[{\"@type\":\"WebPage\",\"@id\":\"https:\/\/xocosave.com\/es\/producte\/panettone-frambuesas\/\",\"url\":\"https:\/\/xocosave.com\/es\/producte\/panettone-frambuesas\/\",\"name\":\"Panettone Frambuesas - Xocosave | Xocolaters Pastissers des de 1880\",\"isPartOf\":{\"@id\":\"https:\/\/xocosave.com\/#website\"},\"primaryImageOfPage\":{\"@id\":\"https:\/\/xocosave.com\/es\/producte\/panettone-frambuesas\/#primaryimage\"},\"image\":{\"@id\":\"https:\/\/xocosave.com\/es\/producte\/panettone-frambuesas\/#primaryimage\"},\"thumbnailUrl\":\"https:\/\/xocosave.com\/wp-content\/uploads\/2021\/11\/Panettones_G_gerds_srgb.jpg\",\"datePublished\":\"2024-05-27T11:00:17+00:00\",\"dateModified\":\"2025-03-04T10:25:14+00:00\",\"description\":\"Disfruta con nuestro panettone especial de frambuesas, una explosi\u00f3n de frescura y dulzura en cada mordisco. Perfecto para los amantes de la fruta.\",\"breadcrumb\":{\"@id\":\"https:\/\/xocosave.com\/es\/producte\/panettone-frambuesas\/#breadcrumb\"},\"inLanguage\":\"es\",\"potentialAction\":[{\"@type\":\"ReadAction\",\"target\":[\"https:\/\/xocosave.com\/es\/producte\/panettone-frambuesas\/\"]}]},{\"@type\":\"ImageObject\",\"inLanguage\":\"es\",\"@id\":\"https:\/\/xocosave.com\/es\/producte\/panettone-frambuesas\/#primaryimage\",\"url\":\"https:\/\/xocosave.com\/wp-content\/uploads\/2021\/11\/Panettones_G_gerds_srgb.jpg\",\"contentUrl\":\"https:\/\/xocosave.com\/wp-content\/uploads\/2021\/11\/Panettones_G_gerds_srgb.jpg\",\"width\":1500,\"height\":1500},{\"@type\":\"BreadcrumbList\",\"@id\":\"https:\/\/xocosave.com\/es\/producte\/panettone-frambuesas\/#breadcrumb\",\"itemListElement\":[{\"@type\":\"ListItem\",\"position\":1,\"name\":\"Productes\",\"item\":\"https:\/\/xocosave.com\/shop\/\"},{\"@type\":\"ListItem\",\"position\":2,\"name\":\"Panettone Frambuesas\"}]},{\"@type\":\"WebSite\",\"@id\":\"https:\/\/xocosave.com\/#website\",\"url\":\"https:\/\/xocosave.com\/\",\"name\":\"Xocosave | Xocolaters Pastissers des de 1880\",\"description\":\"Millor Panettone artesanal d&#039;Espanya 2020 | Escultors de xocolata | porta al teu paladar la m\u00e9s alta qualitat dol\u00e7os i salats.\",\"publisher\":{\"@id\":\"https:\/\/xocosave.com\/#organization\"},\"alternateName\":\"Xocosave\",\"potentialAction\":[{\"@type\":\"SearchAction\",\"target\":{\"@type\":\"EntryPoint\",\"urlTemplate\":\"https:\/\/xocosave.com\/?s={search_term_string}\"},\"query-input\":{\"@type\":\"PropertyValueSpecification\",\"valueRequired\":true,\"valueName\":\"search_term_string\"}}],\"inLanguage\":\"es\"},{\"@type\":\"Organization\",\"@id\":\"https:\/\/xocosave.com\/#organization\",\"name\":\"Xocosave | Xocolaters Pastissers des de 1880\",\"url\":\"https:\/\/xocosave.com\/\",\"logo\":{\"@type\":\"ImageObject\",\"inLanguage\":\"es\",\"@id\":\"https:\/\/xocosave.com\/#\/schema\/logo\/image\/\",\"url\":\"https:\/\/xocosave.com\/wp-content\/uploads\/2024\/05\/cropped-Recurso-5.png\",\"contentUrl\":\"https:\/\/xocosave.com\/wp-content\/uploads\/2024\/05\/cropped-Recurso-5.png\",\"width\":512,\"height\":512,\"caption\":\"Xocosave | Xocolaters Pastissers des de 1880\"},\"image\":{\"@id\":\"https:\/\/xocosave.com\/#\/schema\/logo\/image\/\"},\"sameAs\":[\"https:\/\/www.facebook.com\/Xocosave\/\",\"https:\/\/www.instagram.com\/xocosave\"]}]}<\/script>\n<!-- \/ Yoast SEO plugin. -->","yoast_head_json":{"title":"Panettone Frambuesas - Xocosave | Xocolaters Pastissers des de 1880","description":"Disfruta con nuestro panettone especial de frambuesas, una explosi\u00f3n de frescura y dulzura en cada mordisco. Perfecto para los amantes de la fruta.","robots":{"index":"index","follow":"follow","max-snippet":"max-snippet:-1","max-image-preview":"max-image-preview:large","max-video-preview":"max-video-preview:-1"},"canonical":"https:\/\/xocosave.com\/es\/producte\/panettone-frambuesas\/","og_locale":"es_ES","og_type":"article","og_title":"Panettone Frambuesas - Xocosave | Xocolaters Pastissers des de 1880","og_description":"Disfruta con nuestro panettone especial de frambuesas, una explosi\u00f3n de frescura y dulzura en cada mordisco. Perfecto para los amantes de la fruta.","og_url":"https:\/\/xocosave.com\/es\/producte\/panettone-frambuesas\/","og_site_name":"Xocosave | Xocolaters Pastissers des de 1880","article_publisher":"https:\/\/www.facebook.com\/Xocosave\/","article_modified_time":"2025-03-04T10:25:14+00:00","og_image":[{"width":1500,"height":1500,"url":"https:\/\/xocosave.com\/wp-content\/uploads\/2021\/11\/Panettones_G_gerds_srgb.jpg","type":"image\/jpeg"}],"twitter_card":"summary_large_image","twitter_misc":{"Tiempo de lectura":"3 minutos"},"schema":{"@context":"https:\/\/schema.org","@graph":[{"@type":"WebPage","@id":"https:\/\/xocosave.com\/es\/producte\/panettone-frambuesas\/","url":"https:\/\/xocosave.com\/es\/producte\/panettone-frambuesas\/","name":"Panettone Frambuesas - Xocosave | Xocolaters Pastissers des de 1880","isPartOf":{"@id":"https:\/\/xocosave.com\/#website"},"primaryImageOfPage":{"@id":"https:\/\/xocosave.com\/es\/producte\/panettone-frambuesas\/#primaryimage"},"image":{"@id":"https:\/\/xocosave.com\/es\/producte\/panettone-frambuesas\/#primaryimage"},"thumbnailUrl":"https:\/\/xocosave.com\/wp-content\/uploads\/2021\/11\/Panettones_G_gerds_srgb.jpg","datePublished":"2024-05-27T11:00:17+00:00","dateModified":"2025-03-04T10:25:14+00:00","description":"Disfruta con nuestro panettone especial de frambuesas, una explosi\u00f3n de frescura y dulzura en cada mordisco. Perfecto para los amantes de la fruta.","breadcrumb":{"@id":"https:\/\/xocosave.com\/es\/producte\/panettone-frambuesas\/#breadcrumb"},"inLanguage":"es","potentialAction":[{"@type":"ReadAction","target":["https:\/\/xocosave.com\/es\/producte\/panettone-frambuesas\/"]}]},{"@type":"ImageObject","inLanguage":"es","@id":"https:\/\/xocosave.com\/es\/producte\/panettone-frambuesas\/#primaryimage","url":"https:\/\/xocosave.com\/wp-content\/uploads\/2021\/11\/Panettones_G_gerds_srgb.jpg","contentUrl":"https:\/\/xocosave.com\/wp-content\/uploads\/2021\/11\/Panettones_G_gerds_srgb.jpg","width":1500,"height":1500},{"@type":"BreadcrumbList","@id":"https:\/\/xocosave.com\/es\/producte\/panettone-frambuesas\/#breadcrumb","itemListElement":[{"@type":"ListItem","position":1,"name":"Productes","item":"https:\/\/xocosave.com\/shop\/"},{"@type":"ListItem","position":2,"name":"Panettone Frambuesas"}]},{"@type":"WebSite","@id":"https:\/\/xocosave.com\/#website","url":"https:\/\/xocosave.com\/","name":"Xocosave | Xocolaters Pastissers des de 1880","description":"Millor Panettone artesanal d&#039;Espanya 2020 | Escultors de xocolata | porta al teu paladar la m\u00e9s alta qualitat dol\u00e7os i salats.","publisher":{"@id":"https:\/\/xocosave.com\/#organization"},"alternateName":"Xocosave","potentialAction":[{"@type":"SearchAction","target":{"@type":"EntryPoint","urlTemplate":"https:\/\/xocosave.com\/?s={search_term_string}"},"query-input":{"@type":"PropertyValueSpecification","valueRequired":true,"valueName":"search_term_string"}}],"inLanguage":"es"},{"@type":"Organization","@id":"https:\/\/xocosave.com\/#organization","name":"Xocosave | Xocolaters Pastissers des de 1880","url":"https:\/\/xocosave.com\/","logo":{"@type":"ImageObject","inLanguage":"es","@id":"https:\/\/xocosave.com\/#\/schema\/logo\/image\/","url":"https:\/\/xocosave.com\/wp-content\/uploads\/2024\/05\/cropped-Recurso-5.png","contentUrl":"https:\/\/xocosave.com\/wp-content\/uploads\/2024\/05\/cropped-Recurso-5.png","width":512,"height":512,"caption":"Xocosave | Xocolaters Pastissers des de 1880"},"image":{"@id":"https:\/\/xocosave.com\/#\/schema\/logo\/image\/"},"sameAs":["https:\/\/www.facebook.com\/Xocosave\/","https:\/\/www.instagram.com\/xocosave"]}]}},"_links":{"self":[{"href":"https:\/\/xocosave.com\/es\/wp-json\/wp\/v2\/product\/4103","targetHints":{"allow":["GET"]}}],"collection":[{"href":"https:\/\/xocosave.com\/es\/wp-json\/wp\/v2\/product"}],"about":[{"href":"https:\/\/xocosave.com\/es\/wp-json\/wp\/v2\/types\/product"}],"wp:featuredmedia":[{"embeddable":true,"href":"https:\/\/xocosave.com\/es\/wp-json\/wp\/v2\/media\/1592"}],"wp:attachment":[{"href":"https:\/\/xocosave.com\/es\/wp-json\/wp\/v2\/media?parent=4103"}],"wp:term":[{"taxonomy":"product_brand","embeddable":true,"href":"https:\/\/xocosave.com\/es\/wp-json\/wp\/v2\/product_brand?post=4103"},{"taxonomy":"product_cat","embeddable":true,"href":"https:\/\/xocosave.com\/es\/wp-json\/wp\/v2\/product_cat?post=4103"},{"taxonomy":"product_tag","embeddable":true,"href":"https:\/\/xocosave.com\/es\/wp-json\/wp\/v2\/product_tag?post=4103"}],"curies":[{"name":"wp","href":"https:\/\/api.w.org\/{rel}","templated":true}]}}