{"id":4068,"date":"2024-05-29T12:10:09","date_gmt":"2024-05-29T10:10:09","guid":{"rendered":"https:\/\/xocosave.com\/xocroissants-botiga\/"},"modified":"2024-06-19T10:22:00","modified_gmt":"2024-06-19T08:22:00","slug":"xocroissants-tienda","status":"publish","type":"page","link":"https:\/\/xocosave.com\/es\/xocroissants-tienda\/","title":{"rendered":"XOCROISSANTS"},"content":{"rendered":"[et_pb_section fb_built=\u00bb1&#8243; fullwidth=\u00bbon\u00bb _builder_version=\u00bb4.25.1&#8243; _module_preset=\u00bbdefault\u00bb background_enable_image=\u00bboff\u00bb bottom_divider_style=\u00bbwave2&#8243; bottom_divider_color=\u00bb#FFFFFF\u00bb global_colors_info=\u00bb{}\u00bb][et_pb_fullwidth_slider arrows_custom_color=\u00bb#EFDBA3&#8243; dot_nav_custom_color=\u00bb#EFDBA3&#8243; _builder_version=\u00bb4.25.1&#8243; _module_preset=\u00bbdefault\u00bb header_font=\u00bbCinzel||||||||\u00bb header_text_color=\u00bb#EFDBA3&#8243; background_image=\u00bbhttps:\/\/xocosave.com\/wp-content\/uploads\/2024\/05\/croissant-31.png\u00bb background_blend=\u00bbmultiply\u00bb custom_margin_tablet=\u00bb\u00bb custom_margin_phone=\u00bb-113px||0px||false|false\u00bb custom_margin_last_edited=\u00bbon|phone\u00bb custom_padding=\u00bb187px||187px||true|false\u00bb custom_padding_tablet=\u00bb350px||350px||true|false\u00bb custom_padding_phone=\u00bb272px||272px||true|false\u00bb custom_padding_last_edited=\u00bbon|phone\u00bb global_colors_info=\u00bb{}\u00bb][et_pb_slide heading=\u00bbLos Xocroissants\u00bb _builder_version=\u00bb4.25.1&#8243; _module_preset=\u00bbdefault\u00bb header_font_size=\u00bb50px\u00bb body_text_color=\u00bb#EFDBA3&#8243; body_font_size=\u00bb17px\u00bb background_color=\u00bbrgba(66,38,25,0.91)\u00bb background_enable_color=\u00bbon\u00bb custom_button=\u00bbon\u00bb button_text_size=\u00bb20px\u00bb button_text_color=\u00bb#EFDBA3&#8243; button_border_width=\u00bb1px\u00bb button_border_color=\u00bb#EFDBA3&#8243; button_border_radius=\u00bb50px\u00bb button_letter_spacing=\u00bb0px\u00bb button_font=\u00bbMontserrat|200|||||||\u00bb button_use_icon=\u00bbon\u00bb button_icon=\u00bb&#xe015;||divi||400&#8243; button_icon_color=\u00bb#EFDBA3&#8243; button_icon_placement=\u00bbleft\u00bb button_on_hover=\u00bbon\u00bb header_font_size_tablet=\u00bb50px\u00bb header_font_size_phone=\u00bb35px\u00bb header_font_size_last_edited=\u00bbon|phone\u00bb global_colors_info=\u00bb{}\u00bb sticky_transition=\u00bbon\u00bb][\/et_pb_slide][\/et_pb_fullwidth_slider][\/et_pb_section][et_pb_section fb_built=\u00bb1&#8243; _builder_version=\u00bb4.25.1&#8243; _module_preset=\u00bbdefault\u00bb custom_padding=\u00bb23px|||||\u00bb global_colors_info=\u00bb{}\u00bb][et_pb_row _builder_version=\u00bb4.25.1&#8243; _module_preset=\u00bbdefault\u00bb custom_padding=\u00bb||1px|||\u00bb global_colors_info=\u00bb{}\u00bb][et_pb_column type=\u00bb4_4&#8243; _builder_version=\u00bb4.25.1&#8243; _module_preset=\u00bbdefault\u00bb global_colors_info=\u00bb{}\u00bb][et_pb_text _builder_version=\u00bb4.25.1&#8243; _module_preset=\u00bbdefault\u00bb text_font_size=\u00bb21px\u00bb header_text_color=\u00bb#422619&#8243; header_font_size=\u00bb26px\u00bb custom_margin=\u00bb||||false|false\u00bb global_colors_info=\u00bb{}\u00bb]\n<h1 style=\"text-align: left;\">Xocroissants Cl\u00e1sicos<\/h1>\n<p style=\"text-align: left;\">[\/et_pb_text][et_pb_shop type=\u00bbproduct_category\u00bb posts_number=\u00bb999&#8243; include_categories=\u00bb351&#8243; columns_number=\u00bb5&#8243; orderby=\u00bbpopularity\u00bb icon_hover_color=\u00bb#422619&#8243; hover_overlay_color=\u00bbrgba(239,219,163,0.25)\u00bb show_rating=\u00bboff\u00bb _builder_version=\u00bb4.25.1&#8243; _module_preset=\u00bbdefault\u00bb title_font=\u00bb&#8211;et_global_body_font||||||||\u00bb price_font=\u00bb|700|||||||\u00bb custom_margin=\u00bb||2px||false|false\u00bb custom_padding=\u00bb||||false|false\u00bb global_colors_info=\u00bb{}\u00bb][\/et_pb_shop][\/et_pb_column][\/et_pb_row][et_pb_row _builder_version=\u00bb4.25.1&#8243; _module_preset=\u00bbdefault\u00bb custom_padding=\u00bb||1px|||\u00bb global_colors_info=\u00bb{}\u00bb][et_pb_column type=\u00bb4_4&#8243; _builder_version=\u00bb4.25.1&#8243; _module_preset=\u00bbdefault\u00bb global_colors_info=\u00bb{}\u00bb][et_pb_text _builder_version=\u00bb4.25.1&#8243; _module_preset=\u00bbdefault\u00bb text_font_size=\u00bb21px\u00bb header_text_color=\u00bb#422619&#8243; header_font_size=\u00bb26px\u00bb custom_margin=\u00bb||||false|false\u00bb global_colors_info=\u00bb{}\u00bb]\n<h1 style=\"text-align: left;\">Xocroissants Bicolor<\/h1>\n<p style=\"text-align: left;\">\n[\/et_pb_text][et_pb_shop type=\u00bbproduct_category\u00bb posts_number=\u00bb999&#8243; include_categories=\u00bb352&#8243; columns_number=\u00bb5&#8243; orderby=\u00bbpopularity\u00bb icon_hover_color=\u00bb#422619&#8243; hover_overlay_color=\u00bbrgba(239,219,163,0.25)\u00bb show_rating=\u00bboff\u00bb _builder_version=\u00bb4.25.1&#8243; _module_preset=\u00bbdefault\u00bb title_font=\u00bb&#8211;et_global_body_font||||||||\u00bb price_font=\u00bb|700|||||||\u00bb custom_margin=\u00bb||2px||false|false\u00bb custom_padding=\u00bb||||false|false\u00bb global_colors_info=\u00bb{}\u00bb][\/et_pb_shop][\/et_pb_column][\/et_pb_row][et_pb_row _builder_version=\u00bb4.25.1&#8243; _module_preset=\u00bbdefault\u00bb custom_padding=\u00bb||1px|||\u00bb global_colors_info=\u00bb{}\u00bb][et_pb_column type=\u00bb4_4&#8243; _builder_version=\u00bb4.25.1&#8243; _module_preset=\u00bbdefault\u00bb global_colors_info=\u00bb{}\u00bb][et_pb_text _builder_version=\u00bb4.25.1&#8243; _module_preset=\u00bbdefault\u00bb text_font_size=\u00bb21px\u00bb header_text_color=\u00bb#422619&#8243; header_font_size=\u00bb26px\u00bb custom_margin=\u00bb||||false|false\u00bb global_colors_info=\u00bb{}\u00bb]\n<h1 style=\"text-align: left;\">Xocroissants Cremosos<\/h1>\n<p style=\"text-align: left;\">[\/et_pb_text][et_pb_shop type=\u00bbproduct_category\u00bb posts_number=\u00bb999&#8243; include_categories=\u00bb347&#8243; columns_number=\u00bb5&#8243; orderby=\u00bbpopularity\u00bb icon_hover_color=\u00bb#422619&#8243; hover_overlay_color=\u00bbrgba(239,219,163,0.25)\u00bb show_rating=\u00bboff\u00bb _builder_version=\u00bb4.25.1&#8243; _module_preset=\u00bbdefault\u00bb title_font=\u00bb&#8211;et_global_body_font||||||||\u00bb price_font=\u00bb|700|||||||\u00bb custom_margin=\u00bb||2px||false|false\u00bb custom_padding=\u00bb||||false|false\u00bb global_colors_info=\u00bb{}\u00bb][\/et_pb_shop][\/et_pb_column][\/et_pb_row][et_pb_row _builder_version=\u00bb4.25.1&#8243; _module_preset=\u00bbdefault\u00bb custom_padding=\u00bb||1px|||\u00bb global_colors_info=\u00bb{}\u00bb][et_pb_column type=\u00bb4_4&#8243; _builder_version=\u00bb4.25.1&#8243; _module_preset=\u00bbdefault\u00bb global_colors_info=\u00bb{}\u00bb][et_pb_text _builder_version=\u00bb4.25.1&#8243; _module_preset=\u00bbdefault\u00bb text_font_size=\u00bb21px\u00bb header_text_color=\u00bb#422619&#8243; header_font_size=\u00bb26px\u00bb custom_margin=\u00bb||||false|false\u00bb global_colors_info=\u00bb{}\u00bb]\n<h1 style=\"text-align: left;\">Xocroissants Especiales<\/h1>\n<p style=\"text-align: left;\">[\/et_pb_text][et_pb_shop type=\u00bbproduct_category\u00bb posts_number=\u00bb999&#8243; include_categories=\u00bb345&#8243; columns_number=\u00bb5&#8243; orderby=\u00bbpopularity\u00bb icon_hover_color=\u00bb#422619&#8243; hover_overlay_color=\u00bbrgba(239,219,163,0.25)\u00bb show_rating=\u00bboff\u00bb _builder_version=\u00bb4.25.1&#8243; _module_preset=\u00bbdefault\u00bb title_font=\u00bb&#8211;et_global_body_font||||||||\u00bb price_font=\u00bb|700|||||||\u00bb custom_margin=\u00bb||2px||false|false\u00bb custom_padding=\u00bb||||false|false\u00bb global_colors_info=\u00bb{}\u00bb][\/et_pb_shop][\/et_pb_column][\/et_pb_row][et_pb_row _builder_version=\u00bb4.25.1&#8243; _module_preset=\u00bbdefault\u00bb custom_padding=\u00bb||1px|||\u00bb global_colors_info=\u00bb{}\u00bb][et_pb_column type=\u00bb4_4&#8243; _builder_version=\u00bb4.25.1&#8243; _module_preset=\u00bbdefault\u00bb global_colors_info=\u00bb{}\u00bb][et_pb_text _builder_version=\u00bb4.25.1&#8243; _module_preset=\u00bbdefault\u00bb text_font_size=\u00bb21px\u00bb header_text_color=\u00bb#422619&#8243; header_font_size=\u00bb26px\u00bb custom_margin=\u00bb||||false|false\u00bb global_colors_info=\u00bb{}\u00bb]\n<h1 style=\"text-align: left;\">Xocroissants Fruta<\/h1>\n<p style=\"text-align: left;\">[\/et_pb_text][et_pb_shop type=\u00bbproduct_category\u00bb posts_number=\u00bb999&#8243; include_categories=\u00bb350&#8243; columns_number=\u00bb5&#8243; orderby=\u00bbpopularity\u00bb icon_hover_color=\u00bb#422619&#8243; hover_overlay_color=\u00bbrgba(239,219,163,0.25)\u00bb show_rating=\u00bboff\u00bb _builder_version=\u00bb4.25.1&#8243; _module_preset=\u00bbdefault\u00bb title_font=\u00bb&#8211;et_global_body_font||||||||\u00bb price_font=\u00bb|700|||||||\u00bb custom_margin=\u00bb||2px||false|false\u00bb custom_padding=\u00bb||||false|false\u00bb global_colors_info=\u00bb{}\u00bb][\/et_pb_shop][\/et_pb_column][\/et_pb_row][et_pb_row _builder_version=\u00bb4.25.1&#8243; _module_preset=\u00bbdefault\u00bb custom_padding=\u00bb||1px|||\u00bb global_colors_info=\u00bb{}\u00bb][et_pb_column type=\u00bb4_4&#8243; _builder_version=\u00bb4.25.1&#8243; _module_preset=\u00bbdefault\u00bb global_colors_info=\u00bb{}\u00bb][et_pb_text _builder_version=\u00bb4.25.1&#8243; _module_preset=\u00bbdefault\u00bb text_font_size=\u00bb21px\u00bb header_text_color=\u00bb#422619&#8243; header_font_size=\u00bb26px\u00bb custom_margin=\u00bb||||false|false\u00bb global_colors_info=\u00bb{}\u00bb]\n<h1 style=\"text-align: left;\">Xocroissants Salados<\/h1>\n<p style=\"text-align: left;\">[\/et_pb_text][et_pb_shop type=\u00bbproduct_category\u00bb posts_number=\u00bb999&#8243; include_categories=\u00bb353&#8243; columns_number=\u00bb5&#8243; orderby=\u00bbpopularity\u00bb icon_hover_color=\u00bb#422619&#8243; hover_overlay_color=\u00bbrgba(239,219,163,0.25)\u00bb show_rating=\u00bboff\u00bb _builder_version=\u00bb4.25.1&#8243; _module_preset=\u00bbdefault\u00bb title_font=\u00bb&#8211;et_global_body_font||||||||\u00bb price_font=\u00bb|700|||||||\u00bb custom_margin=\u00bb||2px||false|false\u00bb custom_padding=\u00bb||||false|false\u00bb global_colors_info=\u00bb{}\u00bb][\/et_pb_shop][\/et_pb_column][\/et_pb_row][et_pb_row _builder_version=\u00bb4.25.1&#8243; _module_preset=\u00bbdefault\u00bb global_colors_info=\u00bb{}\u00bb][et_pb_column type=\u00bb4_4&#8243; _builder_version=\u00bb4.25.1&#8243; _module_preset=\u00bbdefault\u00bb global_colors_info=\u00bb{}\u00bb][et_pb_code _builder_version=\u00bb4.25.2&#8243; _module_preset=\u00bbdefault\u00bb hover_enabled=\u00bb0&#8243; global_colors_info=\u00bb{}\u00bb sticky_enabled=\u00bb0&#8243;]<span class=\"collapseomatic \" id=\"id69e7120daf2fe\"  tabindex=\"0\" title=\"\"    ><\/span><div id=\"target-id69e7120daf2fe\" class=\"collapseomatic_content \"><!-- [et_pb_line_break_holder] --><a href=\"https:\/\/www.diarimes.com\/es\/reus\/240327\/pasteleria-reus-da-monas-ninos-estan-hospitalizados_142510.html\"><\/a><!-- [et_pb_line_break_holder] --><img alt=\"xocroissants\"><!-- [et_pb_line_break_holder] --><img alt=\"xocroissants\"><!-- [et_pb_line_break_holder] --><img alt=\"xocroissants\"><img alt=\"xocroissants\"><img alt=\"xocroissants\"><img alt=\"xocroissants\"><img alt=\"xocroissants\"><!-- [et_pb_line_break_holder] --><!-- [et_pb_line_break_holder] -->Deleite con los xocroissants \u00fanicos de Xocosave, una experiencia gastron\u00f3mica que combina la cl\u00e1sica croissant con el irresistible sabor del chocolate artesanal. En nuestra tienda en Riudoms y Reus, te invitamos a descubrir esta delicia que enamora a los paladares m\u00e1s exigentes.<!-- [et_pb_line_break_holder] --><!-- [et_pb_line_break_holder] -->Nuestros xocroissants son una obra de arte culinaria, elaborados con una masa ligera y esponjosa, enriquecida con aut\u00e9ntica mantequilla y rellena con generosas capas de chocolate artesanal de primera calidad. Con cada bocado, te sorprender\u00e1n con su textura crujiente y su interior meloso, fusion\u00e1ndose en una explosi\u00f3n de sabor y aromas que te transportar\u00e1 al cielo de los placeres culinarios.<!-- [et_pb_line_break_holder] --><!-- [et_pb_line_break_holder] -->Ya sea para un desayuno indulgente, una pausa por la ma\u00f1ana o una deliciosa merenda, nuestros chocroissants son el complemento perfecto para cualquier momento del d\u00eda. Su irresistible combinaci\u00f3n de dulce y salado te har\u00e1 desear m\u00e1s en cada bocado.<!-- [et_pb_line_break_holder] --><!-- [et_pb_line_break_holder] -->Presentados con elegancia en nuestra tienda, los chocroissantes de Xocosave son tambi\u00e9n una excelente opci\u00f3n para regalar o compartir con familia y amigos. Sorprende a tus ser queridos con esta exquisita delicadeza y crea momentos inolvidables alrededor de la mesa.<!-- [et_pb_line_break_holder] --><!-- [et_pb_line_break_holder] -->Ven y descubre el placer indescriptible de nuestros chocroissantes, una experiencia que despertar\u00e1 todos tus sentidos y te dejar\u00e1 con una sonrisa en tu cara. Endulza tu vida con los chocroissants de Xocosave y disfruta de una experiencia de cata que te har\u00e1 volver por m\u00e1s.<!-- [et_pb_line_break_holder] --><\/div>[\/et_pb_code][\/et_pb_column][\/et_pb_row][\/et_pb_section]\n","protected":false},"excerpt":{"rendered":"<p>Xocroissants Cl\u00e1sicos Xocroissants Bicolor Xocroissants Cremosos Xocroissants Especiales Xocroissants Fruta Xocroissants Salados <span class=\"collapseomatic \" id=\"id69e7120e318c2\"  tabindex=\"0\" title=\"\"    ><\/span>Deleite con los xocroissants \u00fanicos de Xocosave, una experiencia gastron\u00f3mica que combina la cl\u00e1sica croissant con el irresistible sabor del chocolate artesanal. En nuestra tienda en Riudoms y Reus, te invitamos a descubrir esta delicia que enamora a los paladares m\u00e1s exigentes.Nuestros [&hellip;]<\/p>\n","protected":false},"author":1,"featured_media":0,"parent":0,"menu_order":0,"comment_status":"closed","ping_status":"closed","template":"","meta":{"_et_pb_use_builder":"on","_et_pb_old_content":"","_et_gb_content_width":"","footnotes":""},"class_list":["post-4068","page","type-page","status-publish","hentry"],"yoast_head":"<!-- This site is optimized with the Yoast SEO plugin v25.9 - https:\/\/yoast.com\/wordpress\/plugins\/seo\/ -->\n<title>XOCROISSANTS - Xocosave | Xocolaters Pastissers des de 1880<\/title>\n<meta name=\"description\" content=\"Descubre los irresistibles xocroissants de Xocosave, una fusi\u00f3n perfecta entre el tradicional croissant y el sabor del chocolate artesanal.\" \/>\n<meta name=\"robots\" content=\"index, follow, max-snippet:-1, max-image-preview:large, max-video-preview:-1\" \/>\n<link rel=\"canonical\" href=\"https:\/\/xocosave.com\/es\/xocroissants-tienda\/\" \/>\n<meta property=\"og:locale\" content=\"es_ES\" \/>\n<meta property=\"og:type\" content=\"article\" \/>\n<meta property=\"og:title\" content=\"XOCROISSANTS - Xocosave | Xocolaters Pastissers des de 1880\" \/>\n<meta property=\"og:description\" content=\"Descubre los irresistibles xocroissants de Xocosave, una fusi\u00f3n perfecta entre el tradicional croissant y el sabor del chocolate artesanal.\" \/>\n<meta property=\"og:url\" content=\"https:\/\/xocosave.com\/es\/xocroissants-tienda\/\" \/>\n<meta property=\"og:site_name\" content=\"Xocosave | Xocolaters Pastissers des de 1880\" \/>\n<meta property=\"article:publisher\" content=\"https:\/\/www.facebook.com\/Xocosave\/\" \/>\n<meta property=\"article:modified_time\" content=\"2024-06-19T08:22:00+00:00\" \/>\n<meta property=\"og:image\" content=\"https:\/\/xocosave.com\/wp-content\/uploads\/2024\/05\/IMG_0165-1024x683.png\" \/>\n\t<meta property=\"og:image:width\" content=\"1024\" \/>\n\t<meta property=\"og:image:height\" content=\"683\" \/>\n\t<meta property=\"og:image:type\" content=\"image\/png\" \/>\n<meta name=\"twitter:card\" content=\"summary_large_image\" \/>\n<meta name=\"twitter:label1\" content=\"Tiempo de lectura\" \/>\n\t<meta name=\"twitter:data1\" content=\"7 minutos\" \/>\n<script type=\"application\/ld+json\" class=\"yoast-schema-graph\">{\"@context\":\"https:\/\/schema.org\",\"@graph\":[{\"@type\":\"WebPage\",\"@id\":\"https:\/\/xocosave.com\/es\/xocroissants-tienda\/\",\"url\":\"https:\/\/xocosave.com\/es\/xocroissants-tienda\/\",\"name\":\"XOCROISSANTS - Xocosave | Xocolaters Pastissers des de 1880\",\"isPartOf\":{\"@id\":\"https:\/\/xocosave.com\/#website\"},\"datePublished\":\"2024-05-29T10:10:09+00:00\",\"dateModified\":\"2024-06-19T08:22:00+00:00\",\"description\":\"Descubre los irresistibles xocroissants de Xocosave, una fusi\u00f3n perfecta entre el tradicional croissant y el sabor del chocolate artesanal.\",\"inLanguage\":\"es\",\"potentialAction\":[{\"@type\":\"ReadAction\",\"target\":[\"https:\/\/xocosave.com\/es\/xocroissants-tienda\/\"]}]},{\"@type\":\"WebSite\",\"@id\":\"https:\/\/xocosave.com\/#website\",\"url\":\"https:\/\/xocosave.com\/\",\"name\":\"Xocosave | Xocolaters Pastissers des de 1880\",\"description\":\"Millor Panettone artesanal d&#039;Espanya 2020 | Escultors de xocolata | porta al teu paladar la m\u00e9s alta qualitat dol\u00e7os i salats.\",\"publisher\":{\"@id\":\"https:\/\/xocosave.com\/#organization\"},\"alternateName\":\"Xocosave\",\"potentialAction\":[{\"@type\":\"SearchAction\",\"target\":{\"@type\":\"EntryPoint\",\"urlTemplate\":\"https:\/\/xocosave.com\/?s={search_term_string}\"},\"query-input\":{\"@type\":\"PropertyValueSpecification\",\"valueRequired\":true,\"valueName\":\"search_term_string\"}}],\"inLanguage\":\"es\"},{\"@type\":\"Organization\",\"@id\":\"https:\/\/xocosave.com\/#organization\",\"name\":\"Xocosave | Xocolaters Pastissers des de 1880\",\"url\":\"https:\/\/xocosave.com\/\",\"logo\":{\"@type\":\"ImageObject\",\"inLanguage\":\"es\",\"@id\":\"https:\/\/xocosave.com\/#\/schema\/logo\/image\/\",\"url\":\"https:\/\/xocosave.com\/wp-content\/uploads\/2024\/05\/cropped-Recurso-5.png\",\"contentUrl\":\"https:\/\/xocosave.com\/wp-content\/uploads\/2024\/05\/cropped-Recurso-5.png\",\"width\":512,\"height\":512,\"caption\":\"Xocosave | Xocolaters Pastissers des de 1880\"},\"image\":{\"@id\":\"https:\/\/xocosave.com\/#\/schema\/logo\/image\/\"},\"sameAs\":[\"https:\/\/www.facebook.com\/Xocosave\/\",\"https:\/\/www.instagram.com\/xocosave\"]}]}<\/script>\n<!-- \/ Yoast SEO plugin. -->","yoast_head_json":{"title":"XOCROISSANTS - Xocosave | Xocolaters Pastissers des de 1880","description":"Descubre los irresistibles xocroissants de Xocosave, una fusi\u00f3n perfecta entre el tradicional croissant y el sabor del chocolate artesanal.","robots":{"index":"index","follow":"follow","max-snippet":"max-snippet:-1","max-image-preview":"max-image-preview:large","max-video-preview":"max-video-preview:-1"},"canonical":"https:\/\/xocosave.com\/es\/xocroissants-tienda\/","og_locale":"es_ES","og_type":"article","og_title":"XOCROISSANTS - Xocosave | Xocolaters Pastissers des de 1880","og_description":"Descubre los irresistibles xocroissants de Xocosave, una fusi\u00f3n perfecta entre el tradicional croissant y el sabor del chocolate artesanal.","og_url":"https:\/\/xocosave.com\/es\/xocroissants-tienda\/","og_site_name":"Xocosave | Xocolaters Pastissers des de 1880","article_publisher":"https:\/\/www.facebook.com\/Xocosave\/","article_modified_time":"2024-06-19T08:22:00+00:00","og_image":[{"width":1024,"height":683,"url":"https:\/\/xocosave.com\/wp-content\/uploads\/2024\/05\/IMG_0165-1024x683.png","type":"image\/png"}],"twitter_card":"summary_large_image","twitter_misc":{"Tiempo de lectura":"7 minutos"},"schema":{"@context":"https:\/\/schema.org","@graph":[{"@type":"WebPage","@id":"https:\/\/xocosave.com\/es\/xocroissants-tienda\/","url":"https:\/\/xocosave.com\/es\/xocroissants-tienda\/","name":"XOCROISSANTS - Xocosave | Xocolaters Pastissers des de 1880","isPartOf":{"@id":"https:\/\/xocosave.com\/#website"},"datePublished":"2024-05-29T10:10:09+00:00","dateModified":"2024-06-19T08:22:00+00:00","description":"Descubre los irresistibles xocroissants de Xocosave, una fusi\u00f3n perfecta entre el tradicional croissant y el sabor del chocolate artesanal.","inLanguage":"es","potentialAction":[{"@type":"ReadAction","target":["https:\/\/xocosave.com\/es\/xocroissants-tienda\/"]}]},{"@type":"WebSite","@id":"https:\/\/xocosave.com\/#website","url":"https:\/\/xocosave.com\/","name":"Xocosave | Xocolaters Pastissers des de 1880","description":"Millor Panettone artesanal d&#039;Espanya 2020 | Escultors de xocolata | porta al teu paladar la m\u00e9s alta qualitat dol\u00e7os i salats.","publisher":{"@id":"https:\/\/xocosave.com\/#organization"},"alternateName":"Xocosave","potentialAction":[{"@type":"SearchAction","target":{"@type":"EntryPoint","urlTemplate":"https:\/\/xocosave.com\/?s={search_term_string}"},"query-input":{"@type":"PropertyValueSpecification","valueRequired":true,"valueName":"search_term_string"}}],"inLanguage":"es"},{"@type":"Organization","@id":"https:\/\/xocosave.com\/#organization","name":"Xocosave | Xocolaters Pastissers des de 1880","url":"https:\/\/xocosave.com\/","logo":{"@type":"ImageObject","inLanguage":"es","@id":"https:\/\/xocosave.com\/#\/schema\/logo\/image\/","url":"https:\/\/xocosave.com\/wp-content\/uploads\/2024\/05\/cropped-Recurso-5.png","contentUrl":"https:\/\/xocosave.com\/wp-content\/uploads\/2024\/05\/cropped-Recurso-5.png","width":512,"height":512,"caption":"Xocosave | Xocolaters Pastissers des de 1880"},"image":{"@id":"https:\/\/xocosave.com\/#\/schema\/logo\/image\/"},"sameAs":["https:\/\/www.facebook.com\/Xocosave\/","https:\/\/www.instagram.com\/xocosave"]}]}},"_links":{"self":[{"href":"https:\/\/xocosave.com\/es\/wp-json\/wp\/v2\/pages\/4068","targetHints":{"allow":["GET"]}}],"collection":[{"href":"https:\/\/xocosave.com\/es\/wp-json\/wp\/v2\/pages"}],"about":[{"href":"https:\/\/xocosave.com\/es\/wp-json\/wp\/v2\/types\/page"}],"author":[{"embeddable":true,"href":"https:\/\/xocosave.com\/es\/wp-json\/wp\/v2\/users\/1"}],"replies":[{"embeddable":true,"href":"https:\/\/xocosave.com\/es\/wp-json\/wp\/v2\/comments?post=4068"}],"version-history":[{"count":4,"href":"https:\/\/xocosave.com\/es\/wp-json\/wp\/v2\/pages\/4068\/revisions"}],"predecessor-version":[{"id":4471,"href":"https:\/\/xocosave.com\/es\/wp-json\/wp\/v2\/pages\/4068\/revisions\/4471"}],"wp:attachment":[{"href":"https:\/\/xocosave.com\/es\/wp-json\/wp\/v2\/media?parent=4068"}],"curies":[{"name":"wp","href":"https:\/\/api.w.org\/{rel}","templated":true}]}}