{"id":4022,"date":"2024-05-30T11:17:52","date_gmt":"2024-05-30T09:17:52","guid":{"rendered":"https:\/\/xocosave.com\/uneix-te-amb-nosaltres\/"},"modified":"2024-06-19T10:11:54","modified_gmt":"2024-06-19T08:11:54","slug":"trabaja-con-nosotros","status":"publish","type":"page","link":"https:\/\/xocosave.com\/es\/trabaja-con-nosotros\/","title":{"rendered":"TRABAJA CON NOSOTROS"},"content":{"rendered":"[et_pb_section fb_built=\u00bb1&#8243; next_background_color=\u00bb#ffffff\u00bb _builder_version=\u00bb4.25.1&#8243; _module_preset=\u00bbdefault\u00bb background_color=\u00bb#422619&#8243; background_image=\u00bbhttps:\/\/xocosave.com\/wp-content\/uploads\/2024\/05\/fons.png\u00bb parallax=\u00bbon\u00bb custom_margin=\u00bb||||false|false\u00bb custom_padding=\u00bb137px||137px||true|false\u00bb bottom_divider_style=\u00bbwave2&#8243; global_colors_info=\u00bb{}\u00bb][et_pb_row _builder_version=\u00bb4.25.1&#8243; _module_preset=\u00bbdefault\u00bb custom_padding=\u00bb14px|||||\u00bb global_colors_info=\u00bb{}\u00bb][et_pb_column type=\u00bb4_4&#8243; _builder_version=\u00bb4.25.1&#8243; _module_preset=\u00bbdefault\u00bb global_colors_info=\u00bb{}\u00bb][et_pb_text _builder_version=\u00bb4.25.1&#8243; _module_preset=\u00bbdefault\u00bb text_font_size=\u00bb21px\u00bb header_text_color=\u00bb#EFDBA3&#8243; header_font_size=\u00bb36px\u00bb custom_margin=\u00bb29px|||||\u00bb animation_style=\u00bbslide\u00bb animation_direction=\u00bbtop\u00bb global_colors_info=\u00bb{}\u00bb]\n<h1 style=\"text-align: center;\">Trabaja con Nosotros<\/h1>\n[\/et_pb_text][\/et_pb_column][\/et_pb_row][\/et_pb_section][et_pb_section fb_built=\u00bb1&#8243; _builder_version=\u00bb4.25.1&#8243; _module_preset=\u00bbdefault\u00bb global_colors_info=\u00bb{}\u00bb][et_pb_row column_structure=\u00bb2_3,1_3&#8243; _builder_version=\u00bb4.25.1&#8243; _module_preset=\u00bbdefault\u00bb global_colors_info=\u00bb{}\u00bb][et_pb_column type=\u00bb2_3&#8243; _builder_version=\u00bb4.25.1&#8243; _module_preset=\u00bbdefault\u00bb global_colors_info=\u00bb{}\u00bb][et_pb_text _builder_version=\u00bb4.25.1&#8243; _module_preset=\u00bbdefault\u00bb text_font_size=\u00bb21px\u00bb header_text_color=\u00bb#422619&#8243; header_font_size=\u00bb26px\u00bb custom_margin=\u00bb||||false|false\u00bb animation_style=\u00bbslide\u00bb locked=\u00bboff\u00bb global_colors_info=\u00bb{}\u00bb]\n<h1 style=\"text-align: left;\">Forma parte de nuestro equipo<\/h1>\n<p style=\"text-align: left;\">[\/et_pb_text][et_pb_divider color=\u00bb#EFDBA3&#8243; _builder_version=\u00bb4.25.1&#8243; _module_preset=\u00bbdefault\u00bb custom_margin=\u00bb||-3px|||\u00bb custom_margin_tablet=\u00bb\u00bb custom_margin_phone=\u00bb-19px||||false|false\u00bb custom_margin_last_edited=\u00bbon|phone\u00bb locked=\u00bboff\u00bb global_colors_info=\u00bb{}\u00bb][\/et_pb_divider][et_pb_text content_tablet=\u00bb<\/p>\n<p style=%22text-align: justify;%22>A Xocosave, sempre busquem persones apassionades i dedicades a l\u2019art de la pastisseria. Si t&#8217;agrada treballar en un entorn creatiu, amb un equip comprom\u00e8s amb la qualitat i l\u2019excel\u00b7l\u00e8ncia, volem con\u00e8ixer-te!<\/p>\n<p style=%22text-align: justify;%22>Uneix-te a nosaltres i ajuda\u2019ns a portar la dol\u00e7or de Xocosave a tots els nostres clients. Envia\u2019ns el teu curr\u00edculum i una breu presentaci\u00f3.<\/p>\n<p>\u00bb content_phone=\u00bb<\/p>\n<p style=%22text-align: justify;%22>A Xocosave, sempre busquem persones apassionades i dedicades a l\u2019art de la pastisseria. Si t&#8217;agrada treballar en un entorn creatiu, amb un equip comprom\u00e8s amb la qualitat i l\u2019excel\u00b7l\u00e8ncia, volem con\u00e8ixer-te!<\/p>\n<p style=%22text-align: justify;%22>Uneix-te a nosaltres i ajuda\u2019ns a portar la dol\u00e7or de Xocosave a tots els nostres clients. Envia\u2019ns el teu curr\u00edculum i una breu presentaci\u00f3.<\/p>\n<p>\u00bb content_last_edited=\u00bbon|desktop\u00bb _builder_version=\u00bb4.25.1&#8243; _module_preset=\u00bbdefault\u00bb custom_margin=\u00bb||50px|||\u00bb global_colors_info=\u00bb{}\u00bb]\n<p style=\"text-align: justify;\"><span>A\u00a0<\/span><span>Xocosave<\/span><span>, siempre buscamos personas apasionadas y dedicadas al arte de la pasteler\u00eda. Si te gusta trabajar en un entorno creativo, con un equipo comprometido con la calidad y la excelencia, \u00a1queremos conocerte!<\/span><\/p>\n<p><span>\u00danete a nosotros y ay\u00fadanos a llevar la dulzura de\u00a0<\/span><span>Xocosave<\/span><span>\u00a0a todos nuestros clientes. Env\u00edanos tu curr\u00edculum y una breve presentaci\u00f3n.<\/span><\/p>\n[\/et_pb_text][et_pb_code _builder_version=\u00bb4.25.2&#8243; _module_preset=\u00bbdefault\u00bb global_colors_info=\u00bb{}\u00bb]<p class=\"wpcf7-contact-form-not-found\"><strong>Error:<\/strong> Formulario de contacto no encontrado.<\/p>[\/et_pb_code][\/et_pb_column][et_pb_column type=\u00bb1_3&#8243; _builder_version=\u00bb4.25.1&#8243; _module_preset=\u00bbdefault\u00bb global_colors_info=\u00bb{}\u00bb][et_pb_image src=\u00bbhttps:\/\/xocosave.com\/wp-content\/uploads\/2022\/03\/1.png\u00bb title_text=\u00bbcropped-Recurso-5.png\u00bb align_tablet=\u00bbcenter\u00bb align_phone=\u00bbcenter\u00bb align_last_edited=\u00bbon|phone\u00bb disabled_on=\u00bboff|on|off\u00bb _builder_version=\u00bb4.25.1&#8243; _module_preset=\u00bbdefault\u00bb width=\u00bb53%\u00bb global_colors_info=\u00bb{}\u00bb][\/et_pb_image][et_pb_blurb title=\u00bb977 85 12 30&#8243; use_icon=\u00bbon\u00bb font_icon=\u00bb&#xf3cd;||fa||900&#8243; icon_color=\u00bb#422619&#8243; icon_placement=\u00bbleft\u00bb image_icon_width=\u00bb22px\u00bb icon_placement_tablet=\u00bbleft\u00bb icon_placement_phone=\u00bbleft\u00bb icon_placement_last_edited=\u00bbon|tablet\u00bb _builder_version=\u00bb4.25.1&#8243; _module_preset=\u00bbdefault\u00bb header_font=\u00bb&#8211;et_global_body_font||||||||\u00bb custom_margin=\u00bb||||false|false\u00bb custom_padding=\u00bb||||false|false\u00bb animation_style=\u00bbfade\u00bb text_orientation_tablet=\u00bbleft\u00bb text_orientation_phone=\u00bbleft\u00bb text_orientation_last_edited=\u00bbon|tablet\u00bb locked=\u00bboff\u00bb global_colors_info=\u00bb{}\u00bb][\/et_pb_blurb][et_pb_blurb title=\u00bbC\/ Major 33, Riudoms\u00bb use_icon=\u00bbon\u00bb font_icon=\u00bb&#xf3c5;||fa||900&#8243; icon_color=\u00bb#422619&#8243; icon_placement=\u00bbleft\u00bb image_icon_width=\u00bb22px\u00bb icon_placement_tablet=\u00bbleft\u00bb icon_placement_phone=\u00bbleft\u00bb icon_placement_last_edited=\u00bbon|tablet\u00bb _builder_version=\u00bb4.25.1&#8243; _module_preset=\u00bbdefault\u00bb header_font=\u00bb&#8211;et_global_body_font||||||||\u00bb custom_margin=\u00bb||||false|false\u00bb custom_padding=\u00bb||||false|false\u00bb animation_style=\u00bbfade\u00bb locked=\u00bboff\u00bb global_colors_info=\u00bb{}\u00bb][\/et_pb_blurb][et_pb_blurb title=\u00bb pastisseria@xocosave.com\u00bb use_icon=\u00bbon\u00bb font_icon=\u00bb&#xf1d8;||fa||900&#8243; icon_color=\u00bb#422619&#8243; icon_placement=\u00bbleft\u00bb image_icon_width=\u00bb22px\u00bb _builder_version=\u00bb4.25.1&#8243; _module_preset=\u00bbdefault\u00bb header_font=\u00bb&#8211;et_global_body_font||||||||\u00bb custom_margin=\u00bb||||false|false\u00bb custom_padding=\u00bb||||false|false\u00bb animation_style=\u00bbfade\u00bb locked=\u00bboff\u00bb global_colors_info=\u00bb{}\u00bb][\/et_pb_blurb][et_pb_image src=\u00bbhttps:\/\/xocosave.com\/wp-content\/uploads\/2022\/03\/1.png\u00bb title_text=\u00bbcropped-Recurso-5.png\u00bb align_tablet=\u00bbcenter\u00bb align_phone=\u00bbcenter\u00bb align_last_edited=\u00bbon|phone\u00bb disabled_on=\u00bbon|off|on\u00bb _builder_version=\u00bb4.25.1&#8243; _module_preset=\u00bbdefault\u00bb width=\u00bb53%\u00bb global_colors_info=\u00bb{}\u00bb][\/et_pb_image][et_pb_social_media_follow icon_color=\u00bb#422619&#8243; _builder_version=\u00bb4.25.1&#8243; _module_preset=\u00bbdefault\u00bb text_orientation=\u00bbleft\u00bb custom_padding=\u00bb|||24px||\u00bb locked=\u00bboff\u00bb global_colors_info=\u00bb{}\u00bb][et_pb_social_media_follow_network social_network=\u00bbfacebook\u00bb url=\u00bbhttps:\/\/www.facebook.com\/Xocosave\/\u00bb _builder_version=\u00bb4.25.1&#8243; _module_preset=\u00bbdefault\u00bb background_color=\u00bbRGBA(255,255,255,0)\u00bb background_enable_color=\u00bbon\u00bb global_colors_info=\u00bb{}\u00bb follow_button=\u00bboff\u00bb url_new_window=\u00bbon\u00bb]facebook[\/et_pb_social_media_follow_network][et_pb_social_media_follow_network social_network=\u00bbinstagram\u00bb url=\u00bbhttps:\/\/www.instagram.com\/xocosave\u00bb icon_color=\u00bb#422619&#8243; _builder_version=\u00bb4.25.1&#8243; _module_preset=\u00bbdefault\u00bb background_enable_color=\u00bboff\u00bb global_colors_info=\u00bb{}\u00bb follow_button=\u00bboff\u00bb url_new_window=\u00bbon\u00bb]instagram[\/et_pb_social_media_follow_network][\/et_pb_social_media_follow][dsm_lottie _builder_version=\u00bb4.25.1&#8243; _module_preset=\u00bbdefault\u00bb global_colors_info=\u00bb{}\u00bb][\/dsm_lottie][\/et_pb_column][\/et_pb_row][et_pb_row _builder_version=\u00bb4.25.1&#8243; _module_preset=\u00bbdefault\u00bb global_colors_info=\u00bb{}\u00bb][et_pb_column type=\u00bb4_4&#8243; _builder_version=\u00bb4.25.1&#8243; _module_preset=\u00bbdefault\u00bb global_colors_info=\u00bb{}\u00bb][et_pb_code _builder_version=\u00bb4.25.1&#8243; _module_preset=\u00bbdefault\u00bb global_colors_info=\u00bb{}\u00bb]<span class=\"collapseomatic \" id=\"id69e6bf4c8565f\"  tabindex=\"0\" title=\"\"    ><\/span><div id=\"target-id69e6bf4c8565f\" class=\"collapseomatic_content \"><!-- [et_pb_line_break_holder] --><a href=\"https:\/\/xocosave.com\/es\/\"><\/a><!-- [et_pb_line_break_holder] --><img alt=\"uneix-te\"><!-- [et_pb_line_break_holder] -->Des de Xocosave, estem constantment buscant persones apassionades i talentoses per unir-se al nostre equip a Riudoms i Reus. Com a l\u00edder en el m\u00f3n de la pastisseria artesanal amb una hist\u00f2ria que abra\u00e7a m\u00e9s de 140 anys, oferim oportunitats professionals emocionants per a aquells que comparteixen la nostra passi\u00f3 per la qualitat i el servei al client.<!-- [et_pb_line_break_holder] --><!-- [et_pb_line_break_holder] -->Valoritzem la creativitat, la dedicaci\u00f3 i la excel\u00b7l\u00e8ncia en tot all\u00f2 que fem. Si t&#8217;apassiona el m\u00f3n de la gastronomia i vols formar part d&#8217;un equip comprom\u00e8s a crear experi\u00e8ncies gastron\u00f2miques inoblidables, Xocosave \u00e9s el lloc ideal per a tu.<!-- [et_pb_line_break_holder] --><!-- [et_pb_line_break_holder] -->Ja sigui en el nostre departament de pastisseria, atenci\u00f3 al client, o gesti\u00f3 de negocis, tenim l&#8217;oportunitat perfecta per a tu. Oferim un entorn de treball enriquidor, formaci\u00f3 continuada i la possibilitat de cr\u00e9ixer professionalment en un entorn din\u00e0mic i estimulant.<!-- [et_pb_line_break_holder] --><!-- [et_pb_line_break_holder] -->Explora les nostres vacants disponibles avui mateix i inicia la teva carrera amb nosaltres. Junts, crearem moments \u00fanics i deliciosos per als nostres estimats clients, deixant una empremta en el m\u00f3n de la pastisseria artesanal. Aplica ara i forma part de la fam\u00edlia Xocosave.<!-- [et_pb_line_break_holder] --><\/div><!-- [et_pb_line_break_holder] -->[\/et_pb_code][\/et_pb_column][\/et_pb_row][\/et_pb_section]\n","protected":false},"excerpt":{"rendered":"<p>Trabaja con NosotrosForma parte de nuestro equipo A\u00a0Xocosave, siempre buscamos personas apasionadas y dedicadas al arte de la pasteler\u00eda. Si te gusta trabajar en un entorno creativo, con un equipo comprometido con la calidad y la excelencia, \u00a1queremos conocerte! \u00danete a nosotros y ay\u00fadanos a llevar la dulzura de\u00a0Xocosave\u00a0a todos nuestros clientes. Env\u00edanos tu curr\u00edculum [&hellip;]<\/p>\n","protected":false},"author":1,"featured_media":0,"parent":0,"menu_order":0,"comment_status":"closed","ping_status":"closed","template":"","meta":{"_et_pb_use_builder":"on","_et_pb_old_content":"","_et_gb_content_width":"","footnotes":""},"class_list":["post-4022","page","type-page","status-publish","hentry"],"yoast_head":"<!-- This site is optimized with the Yoast SEO plugin v25.9 - https:\/\/yoast.com\/wordpress\/plugins\/seo\/ -->\n<title>Trabaja con nosotros -<\/title>\n<meta name=\"description\" content=\"&quot;\u00danete al equipo de Xocosave y forma parte de nuestra historia. Descubre las oportunidades profesionales que ofrece nuestra tienda.\" \/>\n<meta name=\"robots\" content=\"index, follow, max-snippet:-1, max-image-preview:large, max-video-preview:-1\" \/>\n<link rel=\"canonical\" href=\"https:\/\/xocosave.com\/es\/trabaja-con-nosotros\/\" \/>\n<meta property=\"og:locale\" content=\"es_ES\" \/>\n<meta property=\"og:type\" content=\"article\" \/>\n<meta property=\"og:title\" content=\"Trabaja con nosotros -\" \/>\n<meta property=\"og:description\" content=\"&quot;\u00danete al equipo de Xocosave y forma parte de nuestra historia. Descubre las oportunidades profesionales que ofrece nuestra tienda.\" \/>\n<meta property=\"og:url\" content=\"https:\/\/xocosave.com\/es\/trabaja-con-nosotros\/\" \/>\n<meta property=\"og:site_name\" content=\"Xocosave | Xocolaters Pastissers des de 1880\" \/>\n<meta property=\"article:publisher\" content=\"https:\/\/www.facebook.com\/Xocosave\/\" \/>\n<meta property=\"article:modified_time\" content=\"2024-06-19T08:11:54+00:00\" \/>\n<meta property=\"og:image\" content=\"https:\/\/xocosave.com\/wp-content\/uploads\/2024\/05\/IMG_0165-1024x683.png\" \/>\n\t<meta property=\"og:image:width\" content=\"1024\" \/>\n\t<meta property=\"og:image:height\" content=\"683\" \/>\n\t<meta property=\"og:image:type\" content=\"image\/png\" \/>\n<meta name=\"twitter:card\" content=\"summary_large_image\" \/>\n<meta name=\"twitter:label1\" content=\"Tiempo de lectura\" \/>\n\t<meta name=\"twitter:data1\" content=\"3 minutos\" \/>\n<script type=\"application\/ld+json\" class=\"yoast-schema-graph\">{\"@context\":\"https:\/\/schema.org\",\"@graph\":[{\"@type\":\"WebPage\",\"@id\":\"https:\/\/xocosave.com\/es\/trabaja-con-nosotros\/\",\"url\":\"https:\/\/xocosave.com\/es\/trabaja-con-nosotros\/\",\"name\":\"Trabaja con nosotros -\",\"isPartOf\":{\"@id\":\"https:\/\/xocosave.com\/#website\"},\"datePublished\":\"2024-05-30T09:17:52+00:00\",\"dateModified\":\"2024-06-19T08:11:54+00:00\",\"description\":\"\\\"\u00danete al equipo de Xocosave y forma parte de nuestra historia. Descubre las oportunidades profesionales que ofrece nuestra tienda.\",\"inLanguage\":\"es\",\"potentialAction\":[{\"@type\":\"ReadAction\",\"target\":[\"https:\/\/xocosave.com\/es\/trabaja-con-nosotros\/\"]}]},{\"@type\":\"WebSite\",\"@id\":\"https:\/\/xocosave.com\/#website\",\"url\":\"https:\/\/xocosave.com\/\",\"name\":\"Xocosave | Xocolaters Pastissers des de 1880\",\"description\":\"Millor Panettone artesanal d&#039;Espanya 2020 | Escultors de xocolata | porta al teu paladar la m\u00e9s alta qualitat dol\u00e7os i salats.\",\"publisher\":{\"@id\":\"https:\/\/xocosave.com\/#organization\"},\"alternateName\":\"Xocosave\",\"potentialAction\":[{\"@type\":\"SearchAction\",\"target\":{\"@type\":\"EntryPoint\",\"urlTemplate\":\"https:\/\/xocosave.com\/?s={search_term_string}\"},\"query-input\":{\"@type\":\"PropertyValueSpecification\",\"valueRequired\":true,\"valueName\":\"search_term_string\"}}],\"inLanguage\":\"es\"},{\"@type\":\"Organization\",\"@id\":\"https:\/\/xocosave.com\/#organization\",\"name\":\"Xocosave | Xocolaters Pastissers des de 1880\",\"url\":\"https:\/\/xocosave.com\/\",\"logo\":{\"@type\":\"ImageObject\",\"inLanguage\":\"es\",\"@id\":\"https:\/\/xocosave.com\/#\/schema\/logo\/image\/\",\"url\":\"https:\/\/xocosave.com\/wp-content\/uploads\/2024\/05\/cropped-Recurso-5.png\",\"contentUrl\":\"https:\/\/xocosave.com\/wp-content\/uploads\/2024\/05\/cropped-Recurso-5.png\",\"width\":512,\"height\":512,\"caption\":\"Xocosave | Xocolaters Pastissers des de 1880\"},\"image\":{\"@id\":\"https:\/\/xocosave.com\/#\/schema\/logo\/image\/\"},\"sameAs\":[\"https:\/\/www.facebook.com\/Xocosave\/\",\"https:\/\/www.instagram.com\/xocosave\"]}]}<\/script>\n<!-- \/ Yoast SEO plugin. -->","yoast_head_json":{"title":"Trabaja con nosotros -","description":"\"\u00danete al equipo de Xocosave y forma parte de nuestra historia. Descubre las oportunidades profesionales que ofrece nuestra tienda.","robots":{"index":"index","follow":"follow","max-snippet":"max-snippet:-1","max-image-preview":"max-image-preview:large","max-video-preview":"max-video-preview:-1"},"canonical":"https:\/\/xocosave.com\/es\/trabaja-con-nosotros\/","og_locale":"es_ES","og_type":"article","og_title":"Trabaja con nosotros -","og_description":"\"\u00danete al equipo de Xocosave y forma parte de nuestra historia. Descubre las oportunidades profesionales que ofrece nuestra tienda.","og_url":"https:\/\/xocosave.com\/es\/trabaja-con-nosotros\/","og_site_name":"Xocosave | Xocolaters Pastissers des de 1880","article_publisher":"https:\/\/www.facebook.com\/Xocosave\/","article_modified_time":"2024-06-19T08:11:54+00:00","og_image":[{"width":1024,"height":683,"url":"https:\/\/xocosave.com\/wp-content\/uploads\/2024\/05\/IMG_0165-1024x683.png","type":"image\/png"}],"twitter_card":"summary_large_image","twitter_misc":{"Tiempo de lectura":"3 minutos"},"schema":{"@context":"https:\/\/schema.org","@graph":[{"@type":"WebPage","@id":"https:\/\/xocosave.com\/es\/trabaja-con-nosotros\/","url":"https:\/\/xocosave.com\/es\/trabaja-con-nosotros\/","name":"Trabaja con nosotros -","isPartOf":{"@id":"https:\/\/xocosave.com\/#website"},"datePublished":"2024-05-30T09:17:52+00:00","dateModified":"2024-06-19T08:11:54+00:00","description":"\"\u00danete al equipo de Xocosave y forma parte de nuestra historia. Descubre las oportunidades profesionales que ofrece nuestra tienda.","inLanguage":"es","potentialAction":[{"@type":"ReadAction","target":["https:\/\/xocosave.com\/es\/trabaja-con-nosotros\/"]}]},{"@type":"WebSite","@id":"https:\/\/xocosave.com\/#website","url":"https:\/\/xocosave.com\/","name":"Xocosave | Xocolaters Pastissers des de 1880","description":"Millor Panettone artesanal d&#039;Espanya 2020 | Escultors de xocolata | porta al teu paladar la m\u00e9s alta qualitat dol\u00e7os i salats.","publisher":{"@id":"https:\/\/xocosave.com\/#organization"},"alternateName":"Xocosave","potentialAction":[{"@type":"SearchAction","target":{"@type":"EntryPoint","urlTemplate":"https:\/\/xocosave.com\/?s={search_term_string}"},"query-input":{"@type":"PropertyValueSpecification","valueRequired":true,"valueName":"search_term_string"}}],"inLanguage":"es"},{"@type":"Organization","@id":"https:\/\/xocosave.com\/#organization","name":"Xocosave | Xocolaters Pastissers des de 1880","url":"https:\/\/xocosave.com\/","logo":{"@type":"ImageObject","inLanguage":"es","@id":"https:\/\/xocosave.com\/#\/schema\/logo\/image\/","url":"https:\/\/xocosave.com\/wp-content\/uploads\/2024\/05\/cropped-Recurso-5.png","contentUrl":"https:\/\/xocosave.com\/wp-content\/uploads\/2024\/05\/cropped-Recurso-5.png","width":512,"height":512,"caption":"Xocosave | Xocolaters Pastissers des de 1880"},"image":{"@id":"https:\/\/xocosave.com\/#\/schema\/logo\/image\/"},"sameAs":["https:\/\/www.facebook.com\/Xocosave\/","https:\/\/www.instagram.com\/xocosave"]}]}},"_links":{"self":[{"href":"https:\/\/xocosave.com\/es\/wp-json\/wp\/v2\/pages\/4022","targetHints":{"allow":["GET"]}}],"collection":[{"href":"https:\/\/xocosave.com\/es\/wp-json\/wp\/v2\/pages"}],"about":[{"href":"https:\/\/xocosave.com\/es\/wp-json\/wp\/v2\/types\/page"}],"author":[{"embeddable":true,"href":"https:\/\/xocosave.com\/es\/wp-json\/wp\/v2\/users\/1"}],"replies":[{"embeddable":true,"href":"https:\/\/xocosave.com\/es\/wp-json\/wp\/v2\/comments?post=4022"}],"version-history":[{"count":9,"href":"https:\/\/xocosave.com\/es\/wp-json\/wp\/v2\/pages\/4022\/revisions"}],"predecessor-version":[{"id":4469,"href":"https:\/\/xocosave.com\/es\/wp-json\/wp\/v2\/pages\/4022\/revisions\/4469"}],"wp:attachment":[{"href":"https:\/\/xocosave.com\/es\/wp-json\/wp\/v2\/media?parent=4022"}],"curies":[{"name":"wp","href":"https:\/\/api.w.org\/{rel}","templated":true}]}}