{"id":3862,"date":"2024-05-29T19:37:41","date_gmt":"2024-05-29T17:37:41","guid":{"rendered":"https:\/\/xocosave.com\/novetats\/"},"modified":"2024-06-18T09:10:53","modified_gmt":"2024-06-18T07:10:53","slug":"novedades","status":"publish","type":"page","link":"https:\/\/xocosave.com\/es\/novedades\/","title":{"rendered":"NOVEDADES"},"content":{"rendered":"[et_pb_section fb_built=\u00bb1&#8243; fullwidth=\u00bbon\u00bb _builder_version=\u00bb4.25.1&#8243; _module_preset=\u00bbdefault\u00bb bottom_divider_style=\u00bbwave2&#8243; bottom_divider_color=\u00bb#FFFFFF\u00bb global_colors_info=\u00bb{}\u00bb][et_pb_fullwidth_slider arrows_custom_color=\u00bb#EFDBA3&#8243; dot_nav_custom_color=\u00bb#EFDBA3&#8243; _builder_version=\u00bb4.25.1&#8243; _module_preset=\u00bbdefault\u00bb header_font=\u00bbCinzel||||||||\u00bb header_text_color=\u00bb#EFDBA3&#8243; background_image=\u00bbhttps:\/\/xocosave.com\/wp-content\/uploads\/2024\/05\/IMG_2006.jpg\u00bb background_blend=\u00bbmultiply\u00bb custom_margin_tablet=\u00bb\u00bb custom_margin_phone=\u00bb-113px||0px||false|false\u00bb custom_margin_last_edited=\u00bbon|phone\u00bb custom_padding=\u00bb230px||230px||true|false\u00bb custom_padding_tablet=\u00bb350px||350px||true|false\u00bb custom_padding_phone=\u00bb272px||272px||true|false\u00bb custom_padding_last_edited=\u00bboff|desktop\u00bb global_colors_info=\u00bb{}\u00bb][et_pb_slide heading=\u00bbNovedades\u00bb _builder_version=\u00bb4.25.1&#8243; _module_preset=\u00bbdefault\u00bb header_font_size=\u00bb50px\u00bb body_text_color=\u00bb#EFDBA3&#8243; body_font_size=\u00bb17px\u00bb background_color=\u00bbrgba(66,38,25,0.91)\u00bb background_enable_color=\u00bbon\u00bb custom_button=\u00bbon\u00bb button_text_size=\u00bb20px\u00bb button_text_color=\u00bb#EFDBA3&#8243; button_border_width=\u00bb1px\u00bb button_border_color=\u00bb#EFDBA3&#8243; button_border_radius=\u00bb50px\u00bb button_letter_spacing=\u00bb0px\u00bb button_font=\u00bbMontserrat|200|||||||\u00bb button_use_icon=\u00bbon\u00bb button_icon=\u00bb&#xe015;||divi||400&#8243; button_icon_color=\u00bb#EFDBA3&#8243; button_icon_placement=\u00bbleft\u00bb button_on_hover=\u00bbon\u00bb header_font_size_tablet=\u00bb50px\u00bb header_font_size_phone=\u00bb40px\u00bb header_font_size_last_edited=\u00bbon|phone\u00bb global_colors_info=\u00bb{}\u00bb sticky_transition=\u00bbon\u00bb]\n<p>Aqu\u00ed encontrar\u00e1s un mundo de dulzura y creatividad, donde compartimos nuestras recetas, consejos y secretos de pasteler\u00eda.<\/p>\n[\/et_pb_slide][\/et_pb_fullwidth_slider][\/et_pb_section][et_pb_section fb_built=\u00bb1&#8243; _builder_version=\u00bb4.25.1&#8243; _module_preset=\u00bbdefault\u00bb custom_padding=\u00bb23px|||||\u00bb global_colors_info=\u00bb{}\u00bb][et_pb_row _builder_version=\u00bb4.25.1&#8243; _module_preset=\u00bbdefault\u00bb global_colors_info=\u00bb{}\u00bb][et_pb_column type=\u00bb4_4&#8243; _builder_version=\u00bb4.25.1&#8243; _module_preset=\u00bbdefault\u00bb global_colors_info=\u00bb{}\u00bb][et_pb_blog_extras use_category_filterable_blog=\u00bbon\u00bb posts_number=\u00bb90&#8243; filterable_category_background_color=\u00bb#EFDBA3&#8243; filterable_active_category_background_color=\u00bb#422619&#8243; include_categories=\u00bb239,269&#8243; use_read_more_button=\u00bbon\u00bb read_more_text=\u00bbLeer art\u00edculo\u00bb show_author=\u00bboff\u00bb category_color=\u00bb#EFDBA3&#8243; category_background_color=\u00bb#422619&#8243; show_comments=\u00bboff\u00bb _builder_version=\u00bb4.25.2&#8243; _module_preset=\u00bbdefault\u00bb filterable_category_font=\u00bb&#8211;et_global_heading_font||||||||\u00bb filterable_category_text_color=\u00bb#422619&#8243; meta_font=\u00bb||on||||||\u00bb meta_text_color=\u00bb#422619&#8243; custom_read_more=\u00bbon\u00bb read_more_text_size=\u00bb16px\u00bb read_more_text_color=\u00bb#EFDBA3&#8243; read_more_bg_color=\u00bb#422619&#8243; read_more_border_width=\u00bb1px\u00bb read_more_border_radius=\u00bb20px\u00bb hover_enabled=\u00bb0&#8243; global_colors_info=\u00bb{}\u00bb sticky_enabled=\u00bb0&#8243;][\/et_pb_blog_extras][\/et_pb_column][\/et_pb_row][et_pb_row _builder_version=\u00bb4.25.1&#8243; _module_preset=\u00bbdefault\u00bb global_colors_info=\u00bb{}\u00bb][et_pb_column type=\u00bb4_4&#8243; _builder_version=\u00bb4.25.1&#8243; _module_preset=\u00bbdefault\u00bb global_colors_info=\u00bb{}\u00bb][et_pb_code _builder_version=\u00bb4.25.1&#8243; _module_preset=\u00bbdefault\u00bb global_colors_info=\u00bb{}\u00bb]<span class=\"collapseomatic \" id=\"id69e5c9bfe70a8\"  tabindex=\"0\" title=\"\"    ><\/span><div id=\"target-id69e5c9bfe70a8\" class=\"collapseomatic_content \"><!-- [et_pb_line_break_holder] --><a href=\"https:\/\/www.diarimes.com\/es\/reus\/240327\/pasteleria-reus-da-monas-ninos-estan-hospitalizados_142510.html\"><\/a><!-- [et_pb_line_break_holder] --><!-- [et_pb_line_break_holder] --><img alt=\"novetats\"><!-- [et_pb_line_break_holder] --><!-- [et_pb_line_break_holder] --><\/div><!-- [et_pb_line_break_holder] -->[\/et_pb_code][\/et_pb_column][\/et_pb_row][\/et_pb_section]\n","protected":false},"excerpt":{"rendered":"<p>Aqu\u00ed encontrar\u00e1s un mundo de dulzura y creatividad, donde compartimos nuestras recetas, consejos y secretos de pasteler\u00eda.<span class=\"collapseomatic \" id=\"id69e5c9c03f90a\"  tabindex=\"0\" title=\"\"    ><\/span><\/p>\n","protected":false},"author":1,"featured_media":0,"parent":0,"menu_order":0,"comment_status":"closed","ping_status":"closed","template":"","meta":{"_et_pb_use_builder":"on","_et_pb_old_content":"","_et_gb_content_width":"","footnotes":""},"class_list":["post-3862","page","type-page","status-publish","hentry"],"yoast_head":"<!-- This site is optimized with the Yoast SEO plugin v25.9 - https:\/\/yoast.com\/wordpress\/plugins\/seo\/ -->\n<title>NOVEDADES - Xocosave | Xocolaters Pastissers des de 1880<\/title>\n<meta name=\"description\" content=\"Explora las \u00faltimas novedades de XocoSave: descubre los nuevos productos, ofertas especiales y actualizaciones.\" \/>\n<meta name=\"robots\" content=\"index, follow, max-snippet:-1, max-image-preview:large, max-video-preview:-1\" \/>\n<link rel=\"canonical\" href=\"https:\/\/xocosave.com\/novetats\/\" \/>\n<meta property=\"og:locale\" content=\"es_ES\" \/>\n<meta property=\"og:type\" content=\"article\" \/>\n<meta property=\"og:title\" content=\"NOVEDADES - Xocosave | Xocolaters Pastissers des de 1880\" \/>\n<meta property=\"og:description\" content=\"Explora las \u00faltimas novedades de XocoSave: descubre los nuevos productos, ofertas especiales y actualizaciones.\" \/>\n<meta property=\"og:url\" content=\"https:\/\/xocosave.com\/novetats\/\" \/>\n<meta property=\"og:site_name\" content=\"Xocosave | Xocolaters Pastissers des de 1880\" \/>\n<meta property=\"article:publisher\" content=\"https:\/\/www.facebook.com\/Xocosave\/\" \/>\n<meta property=\"article:modified_time\" content=\"2024-06-18T07:10:53+00:00\" \/>\n<meta property=\"og:image\" content=\"https:\/\/xocosave.com\/wp-content\/uploads\/2024\/05\/IMG_0165-1024x683.png\" \/>\n\t<meta property=\"og:image:width\" content=\"1024\" \/>\n\t<meta property=\"og:image:height\" content=\"683\" \/>\n\t<meta property=\"og:image:type\" content=\"image\/png\" \/>\n<meta name=\"twitter:card\" content=\"summary_large_image\" \/>\n<meta name=\"twitter:label1\" content=\"Tiempo de lectura\" \/>\n\t<meta name=\"twitter:data1\" content=\"1 minuto\" \/>\n<script type=\"application\/ld+json\" class=\"yoast-schema-graph\">{\"@context\":\"https:\/\/schema.org\",\"@graph\":[{\"@type\":\"WebPage\",\"@id\":\"https:\/\/xocosave.com\/novetats\/\",\"url\":\"https:\/\/xocosave.com\/novetats\/\",\"name\":\"NOVEDADES - Xocosave | Xocolaters Pastissers des de 1880\",\"isPartOf\":{\"@id\":\"https:\/\/xocosave.com\/#website\"},\"datePublished\":\"2024-05-29T17:37:41+00:00\",\"dateModified\":\"2024-06-18T07:10:53+00:00\",\"description\":\"Explora las \u00faltimas novedades de XocoSave: descubre los nuevos productos, ofertas especiales y actualizaciones.\",\"inLanguage\":\"es\",\"potentialAction\":[{\"@type\":\"ReadAction\",\"target\":[\"https:\/\/xocosave.com\/novetats\/\"]}]},{\"@type\":\"WebSite\",\"@id\":\"https:\/\/xocosave.com\/#website\",\"url\":\"https:\/\/xocosave.com\/\",\"name\":\"Xocosave | Xocolaters Pastissers des de 1880\",\"description\":\"Millor Panettone artesanal d&#039;Espanya 2020 | Escultors de xocolata | porta al teu paladar la m\u00e9s alta qualitat dol\u00e7os i salats.\",\"publisher\":{\"@id\":\"https:\/\/xocosave.com\/#organization\"},\"alternateName\":\"Xocosave\",\"potentialAction\":[{\"@type\":\"SearchAction\",\"target\":{\"@type\":\"EntryPoint\",\"urlTemplate\":\"https:\/\/xocosave.com\/?s={search_term_string}\"},\"query-input\":{\"@type\":\"PropertyValueSpecification\",\"valueRequired\":true,\"valueName\":\"search_term_string\"}}],\"inLanguage\":\"es\"},{\"@type\":\"Organization\",\"@id\":\"https:\/\/xocosave.com\/#organization\",\"name\":\"Xocosave | Xocolaters Pastissers des de 1880\",\"url\":\"https:\/\/xocosave.com\/\",\"logo\":{\"@type\":\"ImageObject\",\"inLanguage\":\"es\",\"@id\":\"https:\/\/xocosave.com\/#\/schema\/logo\/image\/\",\"url\":\"https:\/\/xocosave.com\/wp-content\/uploads\/2024\/05\/cropped-Recurso-5.png\",\"contentUrl\":\"https:\/\/xocosave.com\/wp-content\/uploads\/2024\/05\/cropped-Recurso-5.png\",\"width\":512,\"height\":512,\"caption\":\"Xocosave | Xocolaters Pastissers des de 1880\"},\"image\":{\"@id\":\"https:\/\/xocosave.com\/#\/schema\/logo\/image\/\"},\"sameAs\":[\"https:\/\/www.facebook.com\/Xocosave\/\",\"https:\/\/www.instagram.com\/xocosave\"]}]}<\/script>\n<!-- \/ Yoast SEO plugin. -->","yoast_head_json":{"title":"NOVEDADES - Xocosave | Xocolaters Pastissers des de 1880","description":"Explora las \u00faltimas novedades de XocoSave: descubre los nuevos productos, ofertas especiales y actualizaciones.","robots":{"index":"index","follow":"follow","max-snippet":"max-snippet:-1","max-image-preview":"max-image-preview:large","max-video-preview":"max-video-preview:-1"},"canonical":"https:\/\/xocosave.com\/novetats\/","og_locale":"es_ES","og_type":"article","og_title":"NOVEDADES - Xocosave | Xocolaters Pastissers des de 1880","og_description":"Explora las \u00faltimas novedades de XocoSave: descubre los nuevos productos, ofertas especiales y actualizaciones.","og_url":"https:\/\/xocosave.com\/novetats\/","og_site_name":"Xocosave | Xocolaters Pastissers des de 1880","article_publisher":"https:\/\/www.facebook.com\/Xocosave\/","article_modified_time":"2024-06-18T07:10:53+00:00","og_image":[{"width":1024,"height":683,"url":"https:\/\/xocosave.com\/wp-content\/uploads\/2024\/05\/IMG_0165-1024x683.png","type":"image\/png"}],"twitter_card":"summary_large_image","twitter_misc":{"Tiempo de lectura":"1 minuto"},"schema":{"@context":"https:\/\/schema.org","@graph":[{"@type":"WebPage","@id":"https:\/\/xocosave.com\/novetats\/","url":"https:\/\/xocosave.com\/novetats\/","name":"NOVEDADES - Xocosave | Xocolaters Pastissers des de 1880","isPartOf":{"@id":"https:\/\/xocosave.com\/#website"},"datePublished":"2024-05-29T17:37:41+00:00","dateModified":"2024-06-18T07:10:53+00:00","description":"Explora las \u00faltimas novedades de XocoSave: descubre los nuevos productos, ofertas especiales y actualizaciones.","inLanguage":"es","potentialAction":[{"@type":"ReadAction","target":["https:\/\/xocosave.com\/novetats\/"]}]},{"@type":"WebSite","@id":"https:\/\/xocosave.com\/#website","url":"https:\/\/xocosave.com\/","name":"Xocosave | Xocolaters Pastissers des de 1880","description":"Millor Panettone artesanal d&#039;Espanya 2020 | Escultors de xocolata | porta al teu paladar la m\u00e9s alta qualitat dol\u00e7os i salats.","publisher":{"@id":"https:\/\/xocosave.com\/#organization"},"alternateName":"Xocosave","potentialAction":[{"@type":"SearchAction","target":{"@type":"EntryPoint","urlTemplate":"https:\/\/xocosave.com\/?s={search_term_string}"},"query-input":{"@type":"PropertyValueSpecification","valueRequired":true,"valueName":"search_term_string"}}],"inLanguage":"es"},{"@type":"Organization","@id":"https:\/\/xocosave.com\/#organization","name":"Xocosave | Xocolaters Pastissers des de 1880","url":"https:\/\/xocosave.com\/","logo":{"@type":"ImageObject","inLanguage":"es","@id":"https:\/\/xocosave.com\/#\/schema\/logo\/image\/","url":"https:\/\/xocosave.com\/wp-content\/uploads\/2024\/05\/cropped-Recurso-5.png","contentUrl":"https:\/\/xocosave.com\/wp-content\/uploads\/2024\/05\/cropped-Recurso-5.png","width":512,"height":512,"caption":"Xocosave | Xocolaters Pastissers des de 1880"},"image":{"@id":"https:\/\/xocosave.com\/#\/schema\/logo\/image\/"},"sameAs":["https:\/\/www.facebook.com\/Xocosave\/","https:\/\/www.instagram.com\/xocosave"]}]}},"_links":{"self":[{"href":"https:\/\/xocosave.com\/es\/wp-json\/wp\/v2\/pages\/3862","targetHints":{"allow":["GET"]}}],"collection":[{"href":"https:\/\/xocosave.com\/es\/wp-json\/wp\/v2\/pages"}],"about":[{"href":"https:\/\/xocosave.com\/es\/wp-json\/wp\/v2\/types\/page"}],"author":[{"embeddable":true,"href":"https:\/\/xocosave.com\/es\/wp-json\/wp\/v2\/users\/1"}],"replies":[{"embeddable":true,"href":"https:\/\/xocosave.com\/es\/wp-json\/wp\/v2\/comments?post=3862"}],"version-history":[{"count":4,"href":"https:\/\/xocosave.com\/es\/wp-json\/wp\/v2\/pages\/3862\/revisions"}],"predecessor-version":[{"id":4446,"href":"https:\/\/xocosave.com\/es\/wp-json\/wp\/v2\/pages\/3862\/revisions\/4446"}],"wp:attachment":[{"href":"https:\/\/xocosave.com\/es\/wp-json\/wp\/v2\/media?parent=3862"}],"curies":[{"name":"wp","href":"https:\/\/api.w.org\/{rel}","templated":true}]}}