{"id":3858,"date":"2024-05-29T12:16:18","date_gmt":"2024-05-29T10:16:18","guid":{"rendered":"https:\/\/xocosave.com\/mousses-botiga\/"},"modified":"2024-06-10T15:13:57","modified_gmt":"2024-06-10T13:13:57","slug":"mousses-tienda","status":"publish","type":"page","link":"https:\/\/xocosave.com\/es\/mousses-tienda\/","title":{"rendered":"MOUSSES"},"content":{"rendered":"[et_pb_section fb_built=\u00bb1&#8243; fullwidth=\u00bbon\u00bb _builder_version=\u00bb4.25.1&#8243; _module_preset=\u00bbdefault\u00bb background_enable_image=\u00bboff\u00bb bottom_divider_style=\u00bbwave2&#8243; bottom_divider_color=\u00bb#FFFFFF\u00bb global_colors_info=\u00bb{}\u00bb][et_pb_fullwidth_slider arrows_custom_color=\u00bb#EFDBA3&#8243; dot_nav_custom_color=\u00bb#EFDBA3&#8243; _builder_version=\u00bb4.25.1&#8243; _module_preset=\u00bbdefault\u00bb header_font=\u00bbCinzel||||||||\u00bb header_text_color=\u00bb#EFDBA3&#8243; background_image=\u00bbhttps:\/\/xocosave.com\/wp-content\/uploads\/2024\/05\/mouse_portadsa1.png\u00bb background_blend=\u00bbmultiply\u00bb custom_margin_tablet=\u00bb\u00bb custom_margin_phone=\u00bb-113px||0px||false|false\u00bb custom_margin_last_edited=\u00bbon|phone\u00bb custom_padding=\u00bb187px||187px||true|false\u00bb custom_padding_tablet=\u00bb350px||350px||true|false\u00bb custom_padding_phone=\u00bb272px||272px||true|false\u00bb custom_padding_last_edited=\u00bbon|phone\u00bb hover_enabled=\u00bb0&#8243; global_colors_info=\u00bb{}\u00bb sticky_enabled=\u00bb0&#8243;][et_pb_slide heading=\u00bbLas Mousses\u00bb _builder_version=\u00bb4.25.1&#8243; _module_preset=\u00bbdefault\u00bb header_font_size=\u00bb50px\u00bb body_text_color=\u00bb#EFDBA3&#8243; body_font_size=\u00bb17px\u00bb background_color=\u00bbrgba(66,38,25,0.91)\u00bb background_enable_color=\u00bbon\u00bb custom_button=\u00bbon\u00bb button_text_size=\u00bb20px\u00bb button_text_color=\u00bb#EFDBA3&#8243; button_border_width=\u00bb1px\u00bb button_border_color=\u00bb#EFDBA3&#8243; button_border_radius=\u00bb50px\u00bb button_letter_spacing=\u00bb0px\u00bb button_font=\u00bbMontserrat|200|||||||\u00bb button_use_icon=\u00bbon\u00bb button_icon=\u00bb&#xe015;||divi||400&#8243; button_icon_color=\u00bb#EFDBA3&#8243; button_icon_placement=\u00bbleft\u00bb button_on_hover=\u00bbon\u00bb hover_enabled=\u00bb0&#8243; header_font_size_tablet=\u00bb50px\u00bb header_font_size_phone=\u00bb40px\u00bb header_font_size_last_edited=\u00bbon|phone\u00bb global_colors_info=\u00bb{}\u00bb sticky_transition=\u00bbon\u00bb sticky_enabled=\u00bb0&#8243;][\/et_pb_slide][\/et_pb_fullwidth_slider][\/et_pb_section][et_pb_section fb_built=\u00bb1&#8243; _builder_version=\u00bb4.25.1&#8243; _module_preset=\u00bbdefault\u00bb custom_padding=\u00bb23px|||||\u00bb global_colors_info=\u00bb{}\u00bb][et_pb_row _builder_version=\u00bb4.25.1&#8243; _module_preset=\u00bbdefault\u00bb custom_padding=\u00bb||1px|||\u00bb global_colors_info=\u00bb{}\u00bb][et_pb_column type=\u00bb4_4&#8243; _builder_version=\u00bb4.25.1&#8243; _module_preset=\u00bbdefault\u00bb global_colors_info=\u00bb{}\u00bb][et_pb_text _builder_version=\u00bb4.25.1&#8243; _module_preset=\u00bbdefault\u00bb text_font_size=\u00bb21px\u00bb header_text_color=\u00bb#422619&#8243; header_font_size=\u00bb26px\u00bb custom_margin=\u00bb||||false|false\u00bb global_colors_info=\u00bb{}\u00bb]\n<h1 style=\"text-align: left;\">Mousses<\/h1>\n<p style=\"text-align: left;\">\n[\/et_pb_text][et_pb_shop type=\u00bbproduct_category\u00bb posts_number=\u00bb999&#8243; include_categories=\u00bb95&#8243; columns_number=\u00bb5&#8243; orderby=\u00bbpopularity\u00bb icon_hover_color=\u00bb#422619&#8243; hover_overlay_color=\u00bbrgba(239,219,163,0.25)\u00bb show_rating=\u00bboff\u00bb _builder_version=\u00bb4.25.1&#8243; _module_preset=\u00bbdefault\u00bb title_font=\u00bb&#8211;et_global_body_font||||||||\u00bb price_font=\u00bb|700|||||||\u00bb custom_margin=\u00bb||2px||false|false\u00bb custom_padding=\u00bb||||false|false\u00bb global_colors_info=\u00bb{}\u00bb][\/et_pb_shop][\/et_pb_column][\/et_pb_row][et_pb_row _builder_version=\u00bb4.25.1&#8243; _module_preset=\u00bbdefault\u00bb global_colors_info=\u00bb{}\u00bb][et_pb_column type=\u00bb4_4&#8243; _builder_version=\u00bb4.25.1&#8243; _module_preset=\u00bbdefault\u00bb global_colors_info=\u00bb{}\u00bb][et_pb_code _builder_version=\u00bb4.25.1&#8243; _module_preset=\u00bbdefault\u00bb global_colors_info=\u00bb{}\u00bb]<span class=\"collapseomatic \" id=\"id69e60eb946231\"  tabindex=\"0\" title=\"\"    ><\/span><div id=\"target-id69e60eb946231\" class=\"collapseomatic_content \"><!-- [et_pb_line_break_holder] --><a href=https:\/\/www.diarimes.com\/es\/reus\/240327\/pasteleria-reus-da-monas-ninos-estan-hospitalizados_142510.html><\/a><!-- [et_pb_line_break_holder] --><!-- [et_pb_line_break_holder] --><img alt=\"mousses\"><!-- [et_pb_line_break_holder] --><!-- [et_pb_line_break_holder] -->Les mousses de XocoSave s\u00f3n una fusi\u00f3 exquisida de textura suau i sabor intens, una experi\u00e8ncia culin\u00e0ria que et transportar\u00e0 a un m\u00f3n de plaer gastron\u00f2mic. Amb una varietat de sabors que satisfaran els paladars m\u00e9s exigents, cada mossegada \u00e9s una explosi\u00f3 de delit.<!-- [et_pb_line_break_holder] --><!-- [et_pb_line_break_holder] -->Des de les tradicionals mousses de xocolata, cremoses i irresistibles, fins a les inesperades combinacions de fruites fresques, cada mousse \u00e9s una obra d&#8217;art culin\u00e0ria. Els mestres pastissers de XocoSave, amb la seva dedicaci\u00f3 i experi\u00e8ncia, han creat un assortiment excepcional que deleitar\u00e0 els amants de la dol\u00e7or.<!-- [et_pb_line_break_holder] --><!-- [et_pb_line_break_holder] -->La qualitat \u00e9s la paraula d&#8217;ordre a XocoSave. Utilitzant ingredients de primera qualitat i t\u00e8cniques artesanals, cada mousse est\u00e0 cuidadosament elaborada per garantir una experi\u00e8ncia de sabor incomparable. Des de la selecci\u00f3 dels ingredients fins a la presentaci\u00f3 final, cada detall est\u00e0 pensat per oferir el millor possible als nostres clients.<!-- [et_pb_line_break_holder] --><!-- [et_pb_line_break_holder] -->Fer una comanda de mousses de XocoSave \u00e9s f\u00e0cil i convenient. Amb nom\u00e9s uns pocs clics, pots triar les teves varietats preferides i fer que arribin directament a la teva porta. Ja sigui per a una celebraci\u00f3 especial o simplement per a un capritx, les nostres mousses s\u00f3n la manera perfecta de tancar una \u00e0pat amb un toc de dol\u00e7or i eleg\u00e0ncia.<!-- [et_pb_line_break_holder] --><!-- [et_pb_line_break_holder] -->Endulceix el teu dia amb les delicioses mousses de XocoSave. Fes la teva comanda en l\u00ednia avui mateix i descobreix el plaer de la nostra pastisseria artesanal.<!-- [et_pb_line_break_holder] --><!-- [et_pb_line_break_holder] --><\/div><!-- [et_pb_line_break_holder] -->[\/et_pb_code][\/et_pb_column][\/et_pb_row][\/et_pb_section]\n","protected":false},"excerpt":{"rendered":"<p>Mousses <span class=\"collapseomatic \" id=\"id69e60eb9b2036\"  tabindex=\"0\" title=\"\"    ><\/span>Les mousses de XocoSave s\u00f3n una fusi\u00f3 exquisida de textura suau i sabor intens, una experi\u00e8ncia culin\u00e0ria que et transportar\u00e0 a un m\u00f3n de plaer gastron\u00f2mic. Amb una varietat de sabors que satisfaran els paladars m\u00e9s exigents, cada mossegada \u00e9s una explosi\u00f3 de delit.Des de les tradicionals mousses de xocolata, cremoses i irresistibles, [&hellip;]<\/p>\n","protected":false},"author":1,"featured_media":0,"parent":0,"menu_order":0,"comment_status":"closed","ping_status":"closed","template":"","meta":{"_et_pb_use_builder":"on","_et_pb_old_content":"","_et_gb_content_width":"","footnotes":""},"class_list":["post-3858","page","type-page","status-publish","hentry"],"yoast_head":"<!-- This site is optimized with the Yoast SEO plugin v25.9 - https:\/\/yoast.com\/wordpress\/plugins\/seo\/ -->\n<title>MOUSSES - Xocosave | Xocolaters Pastissers des de 1880<\/title>\n<meta name=\"description\" content=\"Descubre las mousses de XocoSave, una explosi\u00f3n de sabor en cada mordisco. Desde las cl\u00e1sicas de chocolate hasta las m\u00e1s innovadoras.\" \/>\n<meta name=\"robots\" content=\"index, follow, max-snippet:-1, max-image-preview:large, max-video-preview:-1\" \/>\n<link rel=\"canonical\" href=\"https:\/\/xocosave.com\/es\/mousses-tienda\/\" \/>\n<meta property=\"og:locale\" content=\"es_ES\" \/>\n<meta property=\"og:type\" content=\"article\" \/>\n<meta property=\"og:title\" content=\"MOUSSES - Xocosave | Xocolaters Pastissers des de 1880\" \/>\n<meta property=\"og:description\" content=\"Descubre las mousses de XocoSave, una explosi\u00f3n de sabor en cada mordisco. Desde las cl\u00e1sicas de chocolate hasta las m\u00e1s innovadoras.\" \/>\n<meta property=\"og:url\" content=\"https:\/\/xocosave.com\/es\/mousses-tienda\/\" \/>\n<meta property=\"og:site_name\" content=\"Xocosave | Xocolaters Pastissers des de 1880\" \/>\n<meta property=\"article:publisher\" content=\"https:\/\/www.facebook.com\/Xocosave\/\" \/>\n<meta property=\"article:modified_time\" content=\"2024-06-10T13:13:57+00:00\" \/>\n<meta property=\"og:image\" content=\"https:\/\/xocosave.com\/wp-content\/uploads\/2024\/05\/IMG_0165-1024x683.png\" \/>\n\t<meta property=\"og:image:width\" content=\"1024\" \/>\n\t<meta property=\"og:image:height\" content=\"683\" \/>\n\t<meta property=\"og:image:type\" content=\"image\/png\" \/>\n<meta name=\"twitter:card\" content=\"summary_large_image\" \/>\n<meta name=\"twitter:label1\" content=\"Tiempo de lectura\" \/>\n\t<meta name=\"twitter:data1\" content=\"7 minutos\" \/>\n<script type=\"application\/ld+json\" class=\"yoast-schema-graph\">{\"@context\":\"https:\/\/schema.org\",\"@graph\":[{\"@type\":\"WebPage\",\"@id\":\"https:\/\/xocosave.com\/es\/mousses-tienda\/\",\"url\":\"https:\/\/xocosave.com\/es\/mousses-tienda\/\",\"name\":\"MOUSSES - Xocosave | Xocolaters Pastissers des de 1880\",\"isPartOf\":{\"@id\":\"https:\/\/xocosave.com\/#website\"},\"datePublished\":\"2024-05-29T10:16:18+00:00\",\"dateModified\":\"2024-06-10T13:13:57+00:00\",\"description\":\"Descubre las mousses de XocoSave, una explosi\u00f3n de sabor en cada mordisco. Desde las cl\u00e1sicas de chocolate hasta las m\u00e1s innovadoras.\",\"inLanguage\":\"es\",\"potentialAction\":[{\"@type\":\"ReadAction\",\"target\":[\"https:\/\/xocosave.com\/es\/mousses-tienda\/\"]}]},{\"@type\":\"WebSite\",\"@id\":\"https:\/\/xocosave.com\/#website\",\"url\":\"https:\/\/xocosave.com\/\",\"name\":\"Xocosave | Xocolaters Pastissers des de 1880\",\"description\":\"Millor Panettone artesanal d&#039;Espanya 2020 | Escultors de xocolata | porta al teu paladar la m\u00e9s alta qualitat dol\u00e7os i salats.\",\"publisher\":{\"@id\":\"https:\/\/xocosave.com\/#organization\"},\"alternateName\":\"Xocosave\",\"potentialAction\":[{\"@type\":\"SearchAction\",\"target\":{\"@type\":\"EntryPoint\",\"urlTemplate\":\"https:\/\/xocosave.com\/?s={search_term_string}\"},\"query-input\":{\"@type\":\"PropertyValueSpecification\",\"valueRequired\":true,\"valueName\":\"search_term_string\"}}],\"inLanguage\":\"es\"},{\"@type\":\"Organization\",\"@id\":\"https:\/\/xocosave.com\/#organization\",\"name\":\"Xocosave | Xocolaters Pastissers des de 1880\",\"url\":\"https:\/\/xocosave.com\/\",\"logo\":{\"@type\":\"ImageObject\",\"inLanguage\":\"es\",\"@id\":\"https:\/\/xocosave.com\/#\/schema\/logo\/image\/\",\"url\":\"https:\/\/xocosave.com\/wp-content\/uploads\/2024\/05\/cropped-Recurso-5.png\",\"contentUrl\":\"https:\/\/xocosave.com\/wp-content\/uploads\/2024\/05\/cropped-Recurso-5.png\",\"width\":512,\"height\":512,\"caption\":\"Xocosave | Xocolaters Pastissers des de 1880\"},\"image\":{\"@id\":\"https:\/\/xocosave.com\/#\/schema\/logo\/image\/\"},\"sameAs\":[\"https:\/\/www.facebook.com\/Xocosave\/\",\"https:\/\/www.instagram.com\/xocosave\"]}]}<\/script>\n<!-- \/ Yoast SEO plugin. -->","yoast_head_json":{"title":"MOUSSES - Xocosave | Xocolaters Pastissers des de 1880","description":"Descubre las mousses de XocoSave, una explosi\u00f3n de sabor en cada mordisco. Desde las cl\u00e1sicas de chocolate hasta las m\u00e1s innovadoras.","robots":{"index":"index","follow":"follow","max-snippet":"max-snippet:-1","max-image-preview":"max-image-preview:large","max-video-preview":"max-video-preview:-1"},"canonical":"https:\/\/xocosave.com\/es\/mousses-tienda\/","og_locale":"es_ES","og_type":"article","og_title":"MOUSSES - Xocosave | Xocolaters Pastissers des de 1880","og_description":"Descubre las mousses de XocoSave, una explosi\u00f3n de sabor en cada mordisco. Desde las cl\u00e1sicas de chocolate hasta las m\u00e1s innovadoras.","og_url":"https:\/\/xocosave.com\/es\/mousses-tienda\/","og_site_name":"Xocosave | Xocolaters Pastissers des de 1880","article_publisher":"https:\/\/www.facebook.com\/Xocosave\/","article_modified_time":"2024-06-10T13:13:57+00:00","og_image":[{"width":1024,"height":683,"url":"https:\/\/xocosave.com\/wp-content\/uploads\/2024\/05\/IMG_0165-1024x683.png","type":"image\/png"}],"twitter_card":"summary_large_image","twitter_misc":{"Tiempo de lectura":"7 minutos"},"schema":{"@context":"https:\/\/schema.org","@graph":[{"@type":"WebPage","@id":"https:\/\/xocosave.com\/es\/mousses-tienda\/","url":"https:\/\/xocosave.com\/es\/mousses-tienda\/","name":"MOUSSES - Xocosave | Xocolaters Pastissers des de 1880","isPartOf":{"@id":"https:\/\/xocosave.com\/#website"},"datePublished":"2024-05-29T10:16:18+00:00","dateModified":"2024-06-10T13:13:57+00:00","description":"Descubre las mousses de XocoSave, una explosi\u00f3n de sabor en cada mordisco. Desde las cl\u00e1sicas de chocolate hasta las m\u00e1s innovadoras.","inLanguage":"es","potentialAction":[{"@type":"ReadAction","target":["https:\/\/xocosave.com\/es\/mousses-tienda\/"]}]},{"@type":"WebSite","@id":"https:\/\/xocosave.com\/#website","url":"https:\/\/xocosave.com\/","name":"Xocosave | Xocolaters Pastissers des de 1880","description":"Millor Panettone artesanal d&#039;Espanya 2020 | Escultors de xocolata | porta al teu paladar la m\u00e9s alta qualitat dol\u00e7os i salats.","publisher":{"@id":"https:\/\/xocosave.com\/#organization"},"alternateName":"Xocosave","potentialAction":[{"@type":"SearchAction","target":{"@type":"EntryPoint","urlTemplate":"https:\/\/xocosave.com\/?s={search_term_string}"},"query-input":{"@type":"PropertyValueSpecification","valueRequired":true,"valueName":"search_term_string"}}],"inLanguage":"es"},{"@type":"Organization","@id":"https:\/\/xocosave.com\/#organization","name":"Xocosave | Xocolaters Pastissers des de 1880","url":"https:\/\/xocosave.com\/","logo":{"@type":"ImageObject","inLanguage":"es","@id":"https:\/\/xocosave.com\/#\/schema\/logo\/image\/","url":"https:\/\/xocosave.com\/wp-content\/uploads\/2024\/05\/cropped-Recurso-5.png","contentUrl":"https:\/\/xocosave.com\/wp-content\/uploads\/2024\/05\/cropped-Recurso-5.png","width":512,"height":512,"caption":"Xocosave | Xocolaters Pastissers des de 1880"},"image":{"@id":"https:\/\/xocosave.com\/#\/schema\/logo\/image\/"},"sameAs":["https:\/\/www.facebook.com\/Xocosave\/","https:\/\/www.instagram.com\/xocosave"]}]}},"_links":{"self":[{"href":"https:\/\/xocosave.com\/es\/wp-json\/wp\/v2\/pages\/3858","targetHints":{"allow":["GET"]}}],"collection":[{"href":"https:\/\/xocosave.com\/es\/wp-json\/wp\/v2\/pages"}],"about":[{"href":"https:\/\/xocosave.com\/es\/wp-json\/wp\/v2\/types\/page"}],"author":[{"embeddable":true,"href":"https:\/\/xocosave.com\/es\/wp-json\/wp\/v2\/users\/1"}],"replies":[{"embeddable":true,"href":"https:\/\/xocosave.com\/es\/wp-json\/wp\/v2\/comments?post=3858"}],"version-history":[{"count":2,"href":"https:\/\/xocosave.com\/es\/wp-json\/wp\/v2\/pages\/3858\/revisions"}],"predecessor-version":[{"id":3861,"href":"https:\/\/xocosave.com\/es\/wp-json\/wp\/v2\/pages\/3858\/revisions\/3861"}],"wp:attachment":[{"href":"https:\/\/xocosave.com\/es\/wp-json\/wp\/v2\/media?parent=3858"}],"curies":[{"name":"wp","href":"https:\/\/api.w.org\/{rel}","templated":true}]}}